{"id":7737,"date":"2021-03-17T11:37:12","date_gmt":"2021-03-17T10:37:12","guid":{"rendered":"https:\/\/dienerprecisionpumps.com\/?page_id=7737"},"modified":"2024-10-18T16:04:32","modified_gmt":"2024-10-18T14:04:32","slug":"nota-legale","status":"publish","type":"page","link":"https:\/\/dienerprecisionpumps.com\/it\/nota-legale\/","title":{"rendered":"Nota Legale"},"content":{"rendered":"<table>\n<tbody>\n<tr>\n<td><strong>Diener Precision Pumps AG<\/strong><br \/>\nStationsstrasse 66<br \/>\n8424 Embrach<br \/>\nSvizzera<br \/>\nTelefono: +41 44 866 72 72<br \/>\n<a href=\"mailto:switzerland@dpp.swiss\">switzerland@dpp.swiss<\/a><\/td>\n<td><strong>Diener Precision Pumps Inc.<\/strong><br \/>\n935 E. Turner Road<br \/>\nLodi, CA 95240<br \/>\nUSA<br \/>\nTelefono: +1 209 365 0405<br \/>\n<a href=\"mailto:info@dpp.us\">info@dpp.us<\/a><\/td>\n<\/tr>\n<\/tbody>\n<\/table>\n<h4>CEO e Direttore responsabile: Douglas Robinson<\/h4>\n<p>Tutti i diritti d\u2019autore e gli altri diritti di propriet\u00e0 intellettuale relativi a tutti i testi, a tutte le immagini e tutti agli altri materiali su questo sito web sono di propriet\u00e0 di Diener Precision Pumps o sono inclusi con il permesso del rispettivo titolare.<\/p>\n<h3>Dichiarazione di esclusione di responsabilit\u00e0<\/h3>\n<p>Nessuna delle informazioni fornite da Diener Precision Pumps costituisce una garanzia in merito alle prestazioni del prodotto o all\u2019uso. Qualsiasi informazione relativa alle prestazioni o all\u2019uso \u00e8 offerta solo a titolo di suggerimento sulla base dell\u2019esperienza di Diener Precision Pumps o di altri clienti e deve essere approfondita prima dell\u2019uso. DPP non fornisce nessuna garanzia, esplicita o implicita, in merito all\u2019adeguatezza o all\u2019idoneit\u00e0 di qualsivoglia suo prodotto per un determinato uso. \u00c8 responsabilit\u00e0 del cliente determinare se il prodotto \u00e8 sicuro, legale e tecnicamente adatto all\u2019uso previsto. La divulgazione di informazioni in questa sede non rappresenta una licenza a operare su brevetto o un invito a violare un brevetto.<\/p>\n<h3>Garanzia limitata<\/h3>\n<p>I prodotti realizzati da Diener Precision Pumps sono garantiti come privi di difetti in fatto di lavorazione e materiali al momento della spedizione dal luogo di produzione. Diener Precision Pumps, a sua discrezione, riparer\u00e0 o sostituir\u00e0 qualsiasi parte del prodotto non conforme a questa garanzia per un periodo di diciotto mesi dalla data di produzione per la pompa. L\u2019obbligo di DIENER PRECISION PUMPS ai sensi di questa garanzia \u00e8 limitato alla riparazione o alla sostituzione dell\u2019attrezzatura difettosa, restituitaci con modalit\u00e0 FOB Destinazione, a patto che il nostro esame confermi che il pezzo o i pezzi fosse\/fossero difettoso\/i al momento della spedizione. La riparazione o la sostituzione dei pezzi difettosi effettuata ai sensi di questa garanzia non estender\u00e0 il periodo di garanzia originale.<\/p>\n<p>La garanzia descritta sopra \u00e8 la garanzia esclusiva di Diener Precision Pumps e rimpiazza qualsiasi altra garanzia, esplicita o implicita, compresa qualsiasi garanzia di commerciabilit\u00e0, idoneit\u00e0 a uno scopo preciso o qualsiasi garanzia precedentemente concessa. Diener Precision Pumps non si assume n\u00e9 autorizza nessun\u2019altra persona ad assumere per suo conto qualsiasi altra responsabilit\u00e0 in relazione alla vendita e\/o all\u2019uso dei suoi prodotti.<\/p>\n<p>Nessuna garanzia di qualsivoglia tipo \u00e8 fornita o sar\u00e0 imposta con riferimento a qualsivoglia pompa o parte (1) installata e testata erroneamente in funzione, (2) soggetta a uso improprio, negligenza, forza maggiore o eventi naturali o altre forme di causalit\u00e0 o (3) riparata o modificata al di fuori della struttura Diener Precision Pumps in modo tale da alterare le sue prestazioni o la sua affidabilit\u00e0 a nostro giudizio.<\/p>\n<p>Le parti concordano che il solo ed esclusivo rimedio per gli acquirenti nei confronti di Diener Precision Pumps sar\u00e0 costituito dalla riparazione o dalla sostituzione dei pezzi difettosi alle condizioni indicate sopra. Gli acquirenti concordano che non sar\u00e0 a loro disposizione nessun altro rimedio, in particolare per i danni incidentali o conseguenti per perdita di profitti, perdita di vendite, perdita d\u2019uso, lesioni a persone o propriet\u00e0 o qualsivoglia altra perdita incidentale o conseguente.<\/p>\n<p>Questa garanzia non varr\u00e0 per i prototipi o per le pompe sperimentali o per i motori elettrici acquistati. La nostra garanzia sulle unit\u00e0 suddette \u00e8 disponibile a richiesta.<\/p>\n","protected":false},"excerpt":{"rendered":"<p>Diener Precision Pumps AG Stationsstrasse 66 8424 Embrach Svizzera Telefono: +41 44 866 72 72 switzerland@dpp.swiss Diener Precision Pumps Inc. 935 E. Turner Road Lodi, CA 95240 USA Telefono: +1 209 365 0405 info@dpp.us CEO e Direttore responsabile: Douglas Robinson Tutti i diritti d\u2019autore e gli altri diritti di propriet\u00e0 intellettuale relativi a tutti i [&hellip;]<\/p>\n","protected":false},"author":27,"featured_media":0,"parent":0,"menu_order":0,"comment_status":"closed","ping_status":"closed","template":"","meta":{"_acf_changed":false,"inline_featured_image":false,"footnotes":""},"class_list":["post-7737","page","type-page","status-publish","hentry"],"acf":[],"yoast_head":"<!-- This site is optimized with the Yoast SEO plugin v27.4 - https:\/\/yoast.com\/product\/yoast-seo-wordpress\/ -->\n<title>Nota Legale - Diener Precision Pumps<\/title>\n<meta name=\"description\" content=\"Tutti i diritti d&#039;autore e altri diritti di propriet\u00e0 intellettuale in tutti i testi, immagini e altri materiali su questo sito Web sono di propriet\u00e0 di DPP.\" \/>\n<meta name=\"robots\" content=\"index, follow, max-snippet:-1, max-image-preview:large, max-video-preview:-1\" \/>\n<link rel=\"canonical\" href=\"https:\/\/dienerprecisionpumps.com\/it\/nota-legale\/\" \/>\n<meta property=\"og:locale\" content=\"it_IT\" \/>\n<meta property=\"og:type\" content=\"article\" \/>\n<meta property=\"og:title\" content=\"Nota Legale - Diener Precision Pumps\" \/>\n<meta property=\"og:description\" content=\"Tutti i diritti d&#039;autore e altri diritti di propriet\u00e0 intellettuale in tutti i testi, immagini e altri materiali su questo sito Web sono di propriet\u00e0 di DPP.\" \/>\n<meta property=\"og:url\" content=\"https:\/\/dienerprecisionpumps.com\/it\/nota-legale\/\" \/>\n<meta property=\"og:site_name\" content=\"Diener Precision Pumps\" \/>\n<meta property=\"article:modified_time\" content=\"2024-10-18T14:04:32+00:00\" \/>\n<meta property=\"og:image\" content=\"https:\/\/dienerprecisionpumps.com\/wp-content\/uploads\/2025\/07\/social-dpp-pump-mfg.jpg\" \/>\n\t<meta property=\"og:image:width\" content=\"1200\" \/>\n\t<meta property=\"og:image:height\" content=\"675\" \/>\n\t<meta property=\"og:image:type\" content=\"image\/jpeg\" \/>\n<meta name=\"twitter:card\" content=\"summary_large_image\" \/>\n<meta name=\"twitter:label1\" content=\"Tempo di lettura stimato\" \/>\n\t<meta name=\"twitter:data1\" content=\"3 minuti\" \/>\n<!-- \/ Yoast SEO plugin. -->","yoast_head_json":{"title":"Nota Legale - Diener Precision Pumps","description":"Tutti i diritti d'autore e altri diritti di propriet\u00e0 intellettuale in tutti i testi, immagini e altri materiali su questo sito Web sono di propriet\u00e0 di DPP.","robots":{"index":"index","follow":"follow","max-snippet":"max-snippet:-1","max-image-preview":"max-image-preview:large","max-video-preview":"max-video-preview:-1"},"canonical":"https:\/\/dienerprecisionpumps.com\/it\/nota-legale\/","og_locale":"it_IT","og_type":"article","og_title":"Nota Legale - Diener Precision Pumps","og_description":"Tutti i diritti d'autore e altri diritti di propriet\u00e0 intellettuale in tutti i testi, immagini e altri materiali su questo sito Web sono di propriet\u00e0 di DPP.","og_url":"https:\/\/dienerprecisionpumps.com\/it\/nota-legale\/","og_site_name":"Diener Precision Pumps","article_modified_time":"2024-10-18T14:04:32+00:00","og_image":[{"width":1200,"height":675,"url":"https:\/\/dienerprecisionpumps.com\/wp-content\/uploads\/2025\/07\/social-dpp-pump-mfg.jpg","type":"image\/jpeg"}],"twitter_card":"summary_large_image","twitter_misc":{"Tempo di lettura stimato":"3 minuti"},"schema":{"@context":"https:\/\/schema.org","@graph":[{"@type":"WebPage","@id":"https:\/\/dienerprecisionpumps.com\/it\/nota-legale\/","url":"https:\/\/dienerprecisionpumps.com\/it\/nota-legale\/","name":"Nota Legale - Diener Precision Pumps","isPartOf":{"@id":"https:\/\/dienerprecisionpumps.com\/it\/#website"},"datePublished":"2021-03-17T10:37:12+00:00","dateModified":"2024-10-18T14:04:32+00:00","description":"Tutti i diritti d'autore e altri diritti di propriet\u00e0 intellettuale in tutti i testi, immagini e altri materiali su questo sito Web sono di propriet\u00e0 di DPP.","breadcrumb":{"@id":"https:\/\/dienerprecisionpumps.com\/it\/nota-legale\/#breadcrumb"},"inLanguage":"it-IT","potentialAction":[{"@type":"ReadAction","target":["https:\/\/dienerprecisionpumps.com\/it\/nota-legale\/"]}]},{"@type":"BreadcrumbList","@id":"https:\/\/dienerprecisionpumps.com\/it\/nota-legale\/#breadcrumb","itemListElement":[{"@type":"ListItem","position":1,"name":"Home","item":"https:\/\/dienerprecisionpumps.com\/it\/"},{"@type":"ListItem","position":2,"name":"Nota Legale"}]},{"@type":"WebSite","@id":"https:\/\/dienerprecisionpumps.com\/it\/#website","url":"https:\/\/dienerprecisionpumps.com\/it\/","name":"Diener Precision Pumps","description":"Engineering your flow","publisher":{"@id":"https:\/\/dienerprecisionpumps.com\/it\/#organization"},"potentialAction":[{"@type":"SearchAction","target":{"@type":"EntryPoint","urlTemplate":"https:\/\/dienerprecisionpumps.com\/it\/?s={search_term_string}"},"query-input":{"@type":"PropertyValueSpecification","valueRequired":true,"valueName":"search_term_string"}}],"inLanguage":"it-IT"},{"@type":"Organization","@id":"https:\/\/dienerprecisionpumps.com\/it\/#organization","name":"Diener Precision Pumps","alternateName":"DPP","url":"https:\/\/dienerprecisionpumps.com\/it\/","logo":{"@type":"ImageObject","inLanguage":"it-IT","@id":"https:\/\/dienerprecisionpumps.com\/it\/#\/schema\/logo\/image\/","url":"https:\/\/dienerprecisionpumps.com\/wp-content\/uploads\/2025\/07\/Diener-Precision-Pumps.svg","contentUrl":"https:\/\/dienerprecisionpumps.com\/wp-content\/uploads\/2025\/07\/Diener-Precision-Pumps.svg","width":179,"height":44,"caption":"Diener Precision Pumps"},"image":{"@id":"https:\/\/dienerprecisionpumps.com\/it\/#\/schema\/logo\/image\/"},"sameAs":["https:\/\/www.linkedin.com\/company\/diener-precision-pumps\/","https:\/\/www.youtube.com\/@DienerPrecisionPumpsOfficial"]}]}},"_links":{"self":[{"href":"https:\/\/dienerprecisionpumps.com\/it\/wp-json\/wp\/v2\/pages\/7737","targetHints":{"allow":["GET"]}}],"collection":[{"href":"https:\/\/dienerprecisionpumps.com\/it\/wp-json\/wp\/v2\/pages"}],"about":[{"href":"https:\/\/dienerprecisionpumps.com\/it\/wp-json\/wp\/v2\/types\/page"}],"author":[{"embeddable":true,"href":"https:\/\/dienerprecisionpumps.com\/it\/wp-json\/wp\/v2\/users\/27"}],"replies":[{"embeddable":true,"href":"https:\/\/dienerprecisionpumps.com\/it\/wp-json\/wp\/v2\/comments?post=7737"}],"version-history":[{"count":0,"href":"https:\/\/dienerprecisionpumps.com\/it\/wp-json\/wp\/v2\/pages\/7737\/revisions"}],"wp:attachment":[{"href":"https:\/\/dienerprecisionpumps.com\/it\/wp-json\/wp\/v2\/media?parent=7737"}],"curies":[{"name":"wp","href":"https:\/\/api.w.org\/{rel}","templated":true}]}}