{"id":6581,"date":"2020-11-23T16:09:31","date_gmt":"2020-11-23T15:09:31","guid":{"rendered":"https:\/\/dienerprecisionpumps.com\/company\/"},"modified":"2023-12-15T10:04:35","modified_gmt":"2023-12-15T09:04:35","slug":"azienda","status":"publish","type":"page","link":"https:\/\/dienerprecisionpumps.com\/it\/azienda\/","title":{"rendered":"Azienda Diener Precision Pumps"},"content":{"rendered":"\n<h4 class=\"wp-block-heading\">L&#8217;ingegneria high-tech californiana incontra la lavorazione di precisione svizzera<\/h4>\n\n\n\n<p>La Diener Precision Pumps (DPP) produce <a href=\"https:\/\/dienerprecisionpumps.com\/it\/pompe-microdosatrici-e-dosatrici\/\">pompe dosatrici<\/a> e a <a href=\"https:\/\/dienerprecisionpumps.com\/it\/pompe-ad-ingranaggi-di-precisione\/\">ingranaggi<\/a> da pi\u00f9 di 25 anni. Ci\u00f2 che rende i nostri prodotti cos\u00ec unici pu\u00f2 essere riassunto con una parola: qualit\u00e0.<\/p>\n\n\n\n<p>Alla DPP, la competenza ingegneristica avanzata dal centro high-tech della California incontra la produzione di precisione di fama mondiale dalla Svizzera. <br>Nella nostra azienda, gli esperti lavorano per gli esperti e gli ingegneri lavorano per gli ingegneri. Va da s\u00e9 che la nostra qualit\u00e0 unica \u00e8 sostenuta da una politica di servizio a 360 gradi. Ogni singolo prodotto viene sviluppato esattamente secondo le specifiche del cliente e supportato dai nostri dipendenti dalla fase di prototipo fino al completamento.<\/p>\n\n\n\n<p>I nostri clienti ci ricompensano per questo approccio con una fedelt\u00e0 eccezionale e rapporti duraturi.<\/p>\n\n\n\n<figure class=\"wp-block-embed is-type-video is-provider-vimeo wp-block-embed-vimeo wp-embed-aspect-16-9 wp-has-aspect-ratio\"><div class=\"wp-block-embed__wrapper\">\n<iframe loading=\"lazy\" title=\"DPP IVD (it subtitles)\" src=\"https:\/\/player.vimeo.com\/video\/734329824?dnt=1&amp;app_id=122963\" width=\"800\" height=\"450\" frameborder=\"0\" allow=\"autoplay; fullscreen; picture-in-picture\"><\/iframe>\n<\/div><\/figure>\n\n\n\n<h2 class=\"wp-block-heading\">Comprovata soddisfazione del cliente<\/h2>\n\n\n\n<ul class=\"wp-block-list\">\n<li>Pi\u00f9 di 2,5 milioni di pompe vendute dalla fondazione dell&#8217;azienda<\/li>\n\n\n\n<li>Rapporto di ritorno: molto al di sotto dello 0,1 per cento<\/li>\n\n\n\n<li>Elevata fedelt\u00e0 dei clienti: Il 90% dei nostri clienti acquista con noi da pi\u00f9 di 15 anni<\/li>\n<\/ul>\n\n\n\n<p>I requisiti richiesti dalle pompe di precisione sono estremamente elevati. Proprio come il cuore fa per l&#8217;uomo, esse assicurano il funzionamento impeccabile di macchine complesse. Ecco perch\u00e9 siamo sempre alla ricerca della soluzione perfetta per voi. Per raggiungere questo obiettivo, alcuni servizi devono andare di pari passo.<\/p>\n\n\n\n<p>Il primo passo: conosciamo le industrie dei nostri clienti e le ascoltiamo. Questo ci permette di lavorare insieme a voi per sviluppare soluzioni precise per i vostri problemi speciali.<\/p>\n\n\n\n<p>La competenza ingegneristica \u00e8 necessaria per realizzare questo: il nostro personale esperto nel centro high-tech della California sa esattamente come adattare le nostre soluzioni di pompaggio alle vostre aspettative.<\/p>\n\n\n\n<p>Per garantire che le pompe funzionino in modo impeccabile nel funzionamento quotidiano, il nostro stabilimento in Svizzera assicura (con la precisione per cui il paese \u00e8 noto) che le specifiche siano implementate alla perfezione. Per esempio, il prototipo che avete testato viene prodotto in serie senza alcuna deviazione dal campione iniziale, anche se le quantit\u00e0 di produzione sono estremamente elevate.<\/p>\n\n\n\n<p>Per noi precisione significa: prestazioni costanti, esattamente secondo le specifiche del cliente, di volta in volta.<\/p>\n\n\n\n<h3 class=\"wp-block-heading\">Leadership<\/h3>\n\n\n\n<div class=\"wp-block-columns is-layout-flex wp-container-core-columns-is-layout-9d6595d7 wp-block-columns-is-layout-flex\">\n<div class=\"wp-block-column is-layout-flow wp-block-column-is-layout-flow\">\n<figure class=\"wp-block-image size-large\"><img loading=\"lazy\" decoding=\"async\" width=\"800\" height=\"800\" src=\"https:\/\/dienerprecisionpumps.com\/wp-content\/uploads\/2021\/01\/Doug-Robinson-CEO.jpg\" alt=\"Doug Robinson CEO\" class=\"wp-image-2940\" srcset=\"https:\/\/dienerprecisionpumps.com\/wp-content\/uploads\/2021\/01\/Doug-Robinson-CEO.jpg 800w, https:\/\/dienerprecisionpumps.com\/wp-content\/uploads\/2021\/01\/Doug-Robinson-CEO-300x300.jpg 300w, https:\/\/dienerprecisionpumps.com\/wp-content\/uploads\/2021\/01\/Doug-Robinson-CEO-150x150.jpg 150w, https:\/\/dienerprecisionpumps.com\/wp-content\/uploads\/2021\/01\/Doug-Robinson-CEO-768x768.jpg 768w, https:\/\/dienerprecisionpumps.com\/wp-content\/uploads\/2021\/01\/Doug-Robinson-CEO-600x600.jpg 600w, https:\/\/dienerprecisionpumps.com\/wp-content\/uploads\/2021\/01\/Doug-Robinson-CEO-400x400.jpg 400w\" sizes=\"auto, (max-width: 800px) 100vw, 800px\" \/><figcaption class=\"wp-element-caption\">Doug Robinson, CEO<\/figcaption><\/figure>\n<\/div>\n\n\n\n<div class=\"wp-block-column is-layout-flow wp-block-column-is-layout-flow\">\n<figure class=\"wp-block-image size-large\"><img loading=\"lazy\" decoding=\"async\" width=\"800\" height=\"800\" src=\"https:\/\/dienerprecisionpumps.com\/wp-content\/uploads\/2021\/03\/rolf-diener-ceo.jpg\" alt=\"Rolf Diener, CEO DPP Precision Engineering\" class=\"wp-image-6568\" srcset=\"https:\/\/dienerprecisionpumps.com\/wp-content\/uploads\/2021\/03\/rolf-diener-ceo.jpg 800w, https:\/\/dienerprecisionpumps.com\/wp-content\/uploads\/2021\/03\/rolf-diener-ceo-300x300.jpg 300w, https:\/\/dienerprecisionpumps.com\/wp-content\/uploads\/2021\/03\/rolf-diener-ceo-150x150.jpg 150w, https:\/\/dienerprecisionpumps.com\/wp-content\/uploads\/2021\/03\/rolf-diener-ceo-768x768.jpg 768w, https:\/\/dienerprecisionpumps.com\/wp-content\/uploads\/2021\/03\/rolf-diener-ceo-600x600.jpg 600w, https:\/\/dienerprecisionpumps.com\/wp-content\/uploads\/2021\/03\/rolf-diener-ceo-400x400.jpg 400w\" sizes=\"auto, (max-width: 800px) 100vw, 800px\" \/><figcaption class=\"wp-element-caption\">Rolf Diener, CEO presso Diener Precision Engineering<\/figcaption><\/figure>\n<\/div>\n<\/div>\n","protected":false},"excerpt":{"rendered":"<p>L&#8217;ingegneria high-tech californiana incontra la lavorazione di precisione svizzera La Diener Precision Pumps (DPP) produce pompe dosatrici e a ingranaggi da pi\u00f9 di 25 anni. Ci\u00f2 che rende i nostri prodotti cos\u00ec unici pu\u00f2 essere riassunto con una parola: qualit\u00e0. Alla DPP, la competenza ingegneristica avanzata dal centro high-tech della California incontra la produzione di [&hellip;]<\/p>\n","protected":false},"author":21,"featured_media":0,"parent":0,"menu_order":0,"comment_status":"closed","ping_status":"closed","template":"","meta":{"_acf_changed":false,"inline_featured_image":false,"footnotes":""},"class_list":["post-6581","page","type-page","status-publish","hentry"],"acf":[],"yoast_head":"<!-- This site is optimized with the Yoast SEO plugin v27.3 - https:\/\/yoast.com\/product\/yoast-seo-wordpress\/ -->\n<title>Informazioni sulle pompe di precisione Diener | DPP<\/title>\n<meta name=\"description\" content=\"Leader mondiale nella progettazione, produzione e fornitura di pompe di precisione. La loro gamma di pompe \u00e8 ampiamente utilizzata nei settori medico, chimico e dell&#039;alimentazione.\" \/>\n<meta name=\"robots\" content=\"index, follow, max-snippet:-1, max-image-preview:large, max-video-preview:-1\" \/>\n<link rel=\"canonical\" href=\"https:\/\/dienerprecisionpumps.com\/it\/azienda\/\" \/>\n<meta property=\"og:locale\" content=\"it_IT\" \/>\n<meta property=\"og:type\" content=\"article\" \/>\n<meta property=\"og:title\" content=\"Informazioni sulle pompe di precisione Diener | DPP\" \/>\n<meta property=\"og:description\" content=\"Leader mondiale nella progettazione, produzione e fornitura di pompe di precisione. La loro gamma di pompe \u00e8 ampiamente utilizzata nei settori medico, chimico e dell&#039;alimentazione.\" \/>\n<meta property=\"og:url\" content=\"https:\/\/dienerprecisionpumps.com\/it\/azienda\/\" \/>\n<meta property=\"og:site_name\" content=\"Diener Precision Pumps\" \/>\n<meta property=\"article:modified_time\" content=\"2023-12-15T09:04:35+00:00\" \/>\n<meta property=\"og:image\" content=\"https:\/\/dpp.darwinstaging.com\/wp-content\/uploads\/2021\/01\/Doug-Robinson-CEO.jpg\" \/>\n<meta name=\"twitter:card\" content=\"summary_large_image\" \/>\n<meta name=\"twitter:label1\" content=\"Tempo di lettura stimato\" \/>\n\t<meta name=\"twitter:data1\" content=\"3 minuti\" \/>\n<!-- \/ Yoast SEO plugin. -->","yoast_head_json":{"title":"Informazioni sulle pompe di precisione Diener | DPP","description":"Leader mondiale nella progettazione, produzione e fornitura di pompe di precisione. La loro gamma di pompe \u00e8 ampiamente utilizzata nei settori medico, chimico e dell'alimentazione.","robots":{"index":"index","follow":"follow","max-snippet":"max-snippet:-1","max-image-preview":"max-image-preview:large","max-video-preview":"max-video-preview:-1"},"canonical":"https:\/\/dienerprecisionpumps.com\/it\/azienda\/","og_locale":"it_IT","og_type":"article","og_title":"Informazioni sulle pompe di precisione Diener | DPP","og_description":"Leader mondiale nella progettazione, produzione e fornitura di pompe di precisione. La loro gamma di pompe \u00e8 ampiamente utilizzata nei settori medico, chimico e dell'alimentazione.","og_url":"https:\/\/dienerprecisionpumps.com\/it\/azienda\/","og_site_name":"Diener Precision Pumps","article_modified_time":"2023-12-15T09:04:35+00:00","og_image":[{"url":"https:\/\/dpp.darwinstaging.com\/wp-content\/uploads\/2021\/01\/Doug-Robinson-CEO.jpg","type":"","width":"","height":""}],"twitter_card":"summary_large_image","twitter_misc":{"Tempo di lettura stimato":"3 minuti"},"schema":{"@context":"https:\/\/schema.org","@graph":[{"@type":"WebPage","@id":"https:\/\/dienerprecisionpumps.com\/it\/azienda\/","url":"https:\/\/dienerprecisionpumps.com\/it\/azienda\/","name":"Informazioni sulle pompe di precisione Diener | DPP","isPartOf":{"@id":"https:\/\/dienerprecisionpumps.com\/it\/#website"},"primaryImageOfPage":{"@id":"https:\/\/dienerprecisionpumps.com\/it\/azienda\/#primaryimage"},"image":{"@id":"https:\/\/dienerprecisionpumps.com\/it\/azienda\/#primaryimage"},"thumbnailUrl":"https:\/\/dienerprecisionpumps.com\/wp-content\/uploads\/2021\/01\/Doug-Robinson-CEO.jpg","datePublished":"2020-11-23T15:09:31+00:00","dateModified":"2023-12-15T09:04:35+00:00","description":"Leader mondiale nella progettazione, produzione e fornitura di pompe di precisione. La loro gamma di pompe \u00e8 ampiamente utilizzata nei settori medico, chimico e dell'alimentazione.","breadcrumb":{"@id":"https:\/\/dienerprecisionpumps.com\/it\/azienda\/#breadcrumb"},"inLanguage":"it-IT","potentialAction":[{"@type":"ReadAction","target":["https:\/\/dienerprecisionpumps.com\/it\/azienda\/"]}]},{"@type":"ImageObject","inLanguage":"it-IT","@id":"https:\/\/dienerprecisionpumps.com\/it\/azienda\/#primaryimage","url":"https:\/\/dienerprecisionpumps.com\/wp-content\/uploads\/2021\/01\/Doug-Robinson-CEO.jpg","contentUrl":"https:\/\/dienerprecisionpumps.com\/wp-content\/uploads\/2021\/01\/Doug-Robinson-CEO.jpg"},{"@type":"BreadcrumbList","@id":"https:\/\/dienerprecisionpumps.com\/it\/azienda\/#breadcrumb","itemListElement":[{"@type":"ListItem","position":1,"name":"Home","item":"https:\/\/dienerprecisionpumps.com\/it\/"},{"@type":"ListItem","position":2,"name":"Azienda Diener Precision Pumps"}]},{"@type":"WebSite","@id":"https:\/\/dienerprecisionpumps.com\/it\/#website","url":"https:\/\/dienerprecisionpumps.com\/it\/","name":"Diener Precision Pumps","description":"Engineering your flow","publisher":{"@id":"https:\/\/dienerprecisionpumps.com\/it\/#organization"},"potentialAction":[{"@type":"SearchAction","target":{"@type":"EntryPoint","urlTemplate":"https:\/\/dienerprecisionpumps.com\/it\/?s={search_term_string}"},"query-input":{"@type":"PropertyValueSpecification","valueRequired":true,"valueName":"search_term_string"}}],"inLanguage":"it-IT"},{"@type":"Organization","@id":"https:\/\/dienerprecisionpumps.com\/it\/#organization","name":"Diener Precision Pumps","alternateName":"DPP","url":"https:\/\/dienerprecisionpumps.com\/it\/","logo":{"@type":"ImageObject","inLanguage":"it-IT","@id":"https:\/\/dienerprecisionpumps.com\/it\/#\/schema\/logo\/image\/","url":"https:\/\/dienerprecisionpumps.com\/wp-content\/uploads\/2025\/07\/Diener-Precision-Pumps.svg","contentUrl":"https:\/\/dienerprecisionpumps.com\/wp-content\/uploads\/2025\/07\/Diener-Precision-Pumps.svg","width":179,"height":44,"caption":"Diener Precision Pumps"},"image":{"@id":"https:\/\/dienerprecisionpumps.com\/it\/#\/schema\/logo\/image\/"},"sameAs":["https:\/\/www.linkedin.com\/company\/diener-precision-pumps\/","https:\/\/www.youtube.com\/@DienerPrecisionPumpsOfficial"]}]}},"_links":{"self":[{"href":"https:\/\/dienerprecisionpumps.com\/it\/wp-json\/wp\/v2\/pages\/6581","targetHints":{"allow":["GET"]}}],"collection":[{"href":"https:\/\/dienerprecisionpumps.com\/it\/wp-json\/wp\/v2\/pages"}],"about":[{"href":"https:\/\/dienerprecisionpumps.com\/it\/wp-json\/wp\/v2\/types\/page"}],"author":[{"embeddable":true,"href":"https:\/\/dienerprecisionpumps.com\/it\/wp-json\/wp\/v2\/users\/21"}],"replies":[{"embeddable":true,"href":"https:\/\/dienerprecisionpumps.com\/it\/wp-json\/wp\/v2\/comments?post=6581"}],"version-history":[{"count":0,"href":"https:\/\/dienerprecisionpumps.com\/it\/wp-json\/wp\/v2\/pages\/6581\/revisions"}],"wp:attachment":[{"href":"https:\/\/dienerprecisionpumps.com\/it\/wp-json\/wp\/v2\/media?parent=6581"}],"curies":[{"name":"wp","href":"https:\/\/api.w.org\/{rel}","templated":true}]}}