{"id":6377,"date":"2020-11-23T16:09:40","date_gmt":"2020-11-23T15:09:40","guid":{"rendered":"https:\/\/dienerprecisionpumps.com\/history\/"},"modified":"2026-03-18T00:23:54","modified_gmt":"2026-03-17T23:23:54","slug":"storia","status":"publish","type":"page","link":"https:\/\/dienerprecisionpumps.com\/it\/azienda\/storia\/","title":{"rendered":"Storia delle pompe Diener"},"content":{"rendered":"<h3>Pi\u00f9 di 25 anni di esperienza nella progettazione, ingegneria e produzione di qualit\u00e0 di pompe dosatrici di precisione e micro pompe a ingranaggi<\/h3>\n<h4>Affidabilit\u00e0 e continuit\u00e0 per il vostro sviluppo strategico da pi\u00f9 di 25 anni.<\/h4>\n<p><iframe loading=\"lazy\" src=\"https:\/\/player.vimeo.com\/video\/539616511\" width=\"960\" height=\"540\" frameborder=\"0\" allowfullscreen=\"allowfullscreen\"><\/iframe><\/p>\n<p>Diener Precision Pumps \u00e8 letteralmente nata con l\u2019attenzione per la qualit\u00e0 della lavorazione: pi\u00f9 di 60 anni fa, il padre di Rolf Diener, Oskar Diener, fond\u00f2 la Diener AG con un solo tornio e un trapano manuale. Poich\u00e9 realizzava lavori precisi, meccanicamente accurati e puntuali, la sua azienda divenne uno dei fornitori di maggior successo nel campo della meccanica di precisione. Solo il meglio \u00e8 buono abbastanza, questo \u00e8 il principio guida della Diener AG, e vale anche per la DPP, l&#8217;azienda che \u00e8 stata scorporata dalla Diener AG pi\u00f9 di 20 anni fa.<\/p>\n<p>La <a href=\"https:\/\/dienerprecisionpumps.com\/it\/\">Diener Precision Pumps<\/a> condivide con la casa madre la passione per la precisione e l&#8217;attenzione al cliente. Per essere in grado di offrire soluzioni personalizzate per i pi\u00f9 svariati problemi dei clienti, si sono uniti l&#8217;artigianato tradizionale, un parco macchine all&#8217;avanguardia e competenze ingegneristiche affidabili. Questa speciale combinazione \u00e8 ci\u00f2 che distingue la DPP oggi.<\/p>\n<p>Nel 2019, DPP si \u00e8 unita ad Acrotec per trarre un vantaggio unico dalle loro sinergie produttive. <a href=\"https:\/\/acrotec.ch\/en\/\">Acrotec<\/a> \u00e8 un gruppo indipendente creato da professionisti della micromeccanica. Il loro obiettivo principale \u00e8 stato quello di diventare il fornitore maggiore, offrendo una vasta gamma di processi di produzione di componenti di precisione. La loro strategia \u00e8 quella di fornire prodotti di qualit\u00e0 <strong>&#8220;Swiss Made&#8221;<\/strong> all&#8217;industria orologiera, automobilistica, medica, dei gioielli e aeronautica. Acrotec si distingue per il suo know-how sotto lo stesso tetto, nella lavorazione di precisione (tornitura CNC, tornitura multimandrino CNC, tornitura a camme, fresatura a 3 e 5 assi, microtornitura, trasferimento e lavorazione di metalli preziosi), nei processi di supporto (trattamento delle superfici, ingranaggi, assemblaggio, trattamento termico, decorazione e incisione laser) e nei processi specifici (fabbricazione di componenti UV-Liga, EDM, lavorazione di pietre sintetiche, laminazione, formatura di molle, progettazione e fabbricazione di macchine e utensili, incisione di silicio con processo DRIE). Oggi, il gruppo conta pi\u00f9 di 1200 dipendenti. Per saperne di pi\u00f9 visita il sito: https:\/\/www.acrotec.ch<\/p>\n<p>Diener Precision Pumps ha la passione per la precisione e l&#8217;attenzione al cliente della sua societ\u00e0 madre. Per essere in grado di offrire soluzioni personalizzate che coprano la vasta gamma di problemi diversi dei clienti, l&#8217;artigianato tradizionale si unisce alle attrezzature di produzione all&#8217;avanguardia e alle capacit\u00e0 di ingegneria creativa. Questa speciale combinazione \u00e8 ci\u00f2 che distingue DPP oggi.<\/p>\n<p>Storia di <a href=\"https:\/\/dienerprecisionpumps.com\/it\/\">Diener Precision Pumps<\/a>:<\/p>\n<h5><strong>2025:<\/strong> DPP lancia le linee di prodotti Exacta e Multi-stream<\/h5>\n<p>&#8211; ampliando ulteriormente il suo portafoglio di pompe per il trasferimento di fluidi ad alta precisione.<\/p>\n<h5><strong>2019:<\/strong> DPP viene acquisita da Acrotec SA<\/h5>\n<p>Acrotec \u00e8 nota per la sua capacit\u00e0 di riunire competenze uniche e complementari nei mercati delle tecnologie di alta precisione.<\/p>\n<h5><strong>1994<\/strong>: Anno di fondazione<\/h5>\n<p>Rolf Diener<br \/>\nNell&#8217;agosto 1994, Rolf Diener, Doug Robinson e John Bishop fondano la Diener Precision Pumps (DPP) in Svizzera.<\/p>\n<h5><strong>1996<\/strong>: Precisione per la dialisi<\/h5>\n<p>Pi\u00f9 di 20 anni fa, abbiamo impressionato i nostri primi clienti del settore della tecnologia della dialisi con i nostri prodotti di precisione.<br \/>\n<strong>1998<\/strong>: Nuovo cliente, nuova industria: stampa a getto d&#8217;inchiostro<\/p>\n<p>Uno dei leader del mercato della stampa professionale a getto d&#8217;inchiostro si affida alle nostre pompe dal 1998.<\/p>\n<h5><strong>1999<\/strong>: Introduzione nel mercato americano<\/h5>\n<p>Seguendo il suo primo cliente americano, DPP entra in un mercato estremamente importante: gli Stati Uniti. Il cliente \u00e8 una delle prime 10 aziende a livello mondiale nel settore delle scienze biologiche.<\/p>\n<h5><strong>2000<\/strong>: Nuovo stabilimento di produzione<\/h5>\n<p>La Diener Precision Pumps ottiene un nuovo stabilimento di produzione all&#8217;avanguardia a Embrach, in Svizzera, solo sei anni dopo la sua fondazione. Fino ad oggi, qui vengono prodotte pompe ad ingranaggi di alta precisione e pompe dosatrici.<\/p>\n<h5><strong>2001<\/strong>: Centro di innovazione in California<\/h5>\n<p>Da allora, il cuore innovativo della Diener Precision Pumps batte nella nuova sede di Lodi, CA, USA. I prodotti vengono ancora fabbricati ad Embrach.<\/p>\n<h5><strong>2005<\/strong>: 1.000.000 di pompe vendute<\/h5>\n<p>Nel 2005, la DPP ha avuto un anno da record, superando la soglia del milione di pompe vendute.<\/p>\n<h5><strong>2005<\/strong>: Prime certificazioni ISO<\/h5>\n<p>Dal giorno della sua fondazione, la Diener Precision Pumps \u00e8 un nome sinonimo di precisione e di prodotti di altissima qualit\u00e0. Ci\u00f2 viene riconosciuto ufficialmente con la certificazione secondo le norme mediche ISO 9001\/ISO 13485 e con l&#8217;allestimento di una camera bianca secondo la classe 7 ISO.<\/p>\n<h5><strong>2009<\/strong>: Pompe per alimenti e bevande<\/h5>\n<p>Nel 2009 abbiamo dimostrato che le nostre pompe sono perfettamente adatte anche per soluzioni nell&#8217;industria alimentare e delle bevande con il nostro primo cliente di questo settore, un leader mondiale del mercato dei prodotti da caff\u00e8.<\/p>\n<h5><strong>2011<\/strong>: Introduzione nel mercato asiatico<\/h5>\n<p>Nel 2011 abbiamo fornito il nostro primo cliente nell&#8217;attraente mercato asiatico.<\/p>\n<h5><strong>2012<\/strong>: Introduzione della serie Silencer<\/h5>\n<p>Il 2012 \u00e8 stato l&#8217;anno in cui le pompe a ingranaggi della serie Silencer sono state introdotte con successo nel mercato globale.<\/p>\n<h5><strong>2014<\/strong>: Pompa dosatrice a doppio effetto<\/h5>\n<p>Da quest&#8217;anno le pompe dosatrici a doppio effetto arricchiscono la gamma dei prodotti Diener Precision Pumps.<\/p>\n<h5><strong>2015<\/strong>: 2,5 milioni di pompe vendute<\/h5>\n<p>DPP continua il suo percorso di successo verso la crescita internazionale: nel 2015 il nostro numero di pompe consegnate ha superato la soglia dei 2,5 milioni.<\/p>\n<h5><strong>2015<\/strong>: DPP ottiene la certificazione di prodotto NSF (National Sanitary Foundation)<\/h5>\n<h5><strong>2016<\/strong>: DPP va in Cina<\/h5>\n<p>La chiara prova dell&#8217;alta qualit\u00e0 e della capacit\u00e0 di DPP di offrire un ottimo servizio ad un buon prezzo. DPP firma un accordo quadro con il leader del mercato cinese della dialisi.<\/p>\n<h5><strong>2017<\/strong>: La serie Silencer si rafforza<\/h5>\n<p>Nel 2017, la gamma dell&#8217;ambita &#8220;Silencer-Series&#8221; \u00e8 stata ampliata con una variante da 3000 ml\/min e una da 4000 ml\/min.<\/p>\n<h5><strong>2019<\/strong>: Viene introdotto l&#8217;economico Silencer LD per carichi leggeri.<\/h5>\n","protected":false},"excerpt":{"rendered":"<p>Pi\u00f9 di 25 anni di esperienza nella progettazione, ingegneria e produzione di qualit\u00e0 di pompe dosatrici di precisione e micro pompe a ingranaggi Affidabilit\u00e0 e continuit\u00e0 per il vostro sviluppo strategico da pi\u00f9 di 25 anni. Diener Precision Pumps \u00e8 letteralmente nata con l\u2019attenzione per la qualit\u00e0 della lavorazione: pi\u00f9 di 60 anni fa, il [&hellip;]<\/p>\n","protected":false},"author":21,"featured_media":3152,"parent":6581,"menu_order":0,"comment_status":"closed","ping_status":"closed","template":"","meta":{"_acf_changed":false,"inline_featured_image":false,"footnotes":""},"class_list":["post-6377","page","type-page","status-publish","has-post-thumbnail","hentry"],"acf":[],"yoast_head":"<!-- This site is optimized with the Yoast SEO plugin v27.2 - https:\/\/yoast.com\/product\/yoast-seo-wordpress\/ -->\n<title>Storia di Diener Precision Pumps | Diener Precision Pumps<\/title>\n<meta name=\"description\" content=\"Diener Precision Pumps \u00e8 letteralmente nata con la sua attenzione alla qualit\u00e0 della lavorazione e al massimo livello di soddisfazione del cliente.\" \/>\n<meta name=\"robots\" content=\"index, follow, max-snippet:-1, max-image-preview:large, max-video-preview:-1\" \/>\n<link rel=\"canonical\" href=\"https:\/\/dienerprecisionpumps.com\/it\/azienda\/storia\/\" \/>\n<meta property=\"og:locale\" content=\"it_IT\" \/>\n<meta property=\"og:type\" content=\"article\" \/>\n<meta property=\"og:title\" content=\"Storia di Diener Precision Pumps | Diener Precision Pumps\" \/>\n<meta property=\"og:description\" content=\"Diener Precision Pumps \u00e8 letteralmente nata con la sua attenzione alla qualit\u00e0 della lavorazione e al massimo livello di soddisfazione del cliente.\" \/>\n<meta property=\"og:url\" content=\"https:\/\/dienerprecisionpumps.com\/it\/azienda\/storia\/\" \/>\n<meta property=\"og:site_name\" content=\"Diener Precision Pumps\" \/>\n<meta property=\"article:modified_time\" content=\"2026-03-17T23:23:54+00:00\" \/>\n<meta property=\"og:image\" content=\"https:\/\/dienerprecisionpumps.com\/wp-content\/uploads\/2021\/02\/DPP-History-Featured-Image.jpg\" \/>\n\t<meta property=\"og:image:width\" content=\"1200\" \/>\n\t<meta property=\"og:image:height\" content=\"800\" \/>\n\t<meta property=\"og:image:type\" content=\"image\/jpeg\" \/>\n<meta name=\"twitter:card\" content=\"summary_large_image\" \/>\n<meta name=\"twitter:label1\" content=\"Tempo di lettura stimato\" \/>\n\t<meta name=\"twitter:data1\" content=\"4 minuti\" \/>\n<!-- \/ Yoast SEO plugin. -->","yoast_head_json":{"title":"Storia di Diener Precision Pumps | Diener Precision Pumps","description":"Diener Precision Pumps \u00e8 letteralmente nata con la sua attenzione alla qualit\u00e0 della lavorazione e al massimo livello di soddisfazione del cliente.","robots":{"index":"index","follow":"follow","max-snippet":"max-snippet:-1","max-image-preview":"max-image-preview:large","max-video-preview":"max-video-preview:-1"},"canonical":"https:\/\/dienerprecisionpumps.com\/it\/azienda\/storia\/","og_locale":"it_IT","og_type":"article","og_title":"Storia di Diener Precision Pumps | Diener Precision Pumps","og_description":"Diener Precision Pumps \u00e8 letteralmente nata con la sua attenzione alla qualit\u00e0 della lavorazione e al massimo livello di soddisfazione del cliente.","og_url":"https:\/\/dienerprecisionpumps.com\/it\/azienda\/storia\/","og_site_name":"Diener Precision Pumps","article_modified_time":"2026-03-17T23:23:54+00:00","og_image":[{"width":1200,"height":800,"url":"https:\/\/dienerprecisionpumps.com\/wp-content\/uploads\/2021\/02\/DPP-History-Featured-Image.jpg","type":"image\/jpeg"}],"twitter_card":"summary_large_image","twitter_misc":{"Tempo di lettura stimato":"4 minuti"},"schema":{"@context":"https:\/\/schema.org","@graph":[{"@type":"WebPage","@id":"https:\/\/dienerprecisionpumps.com\/it\/azienda\/storia\/","url":"https:\/\/dienerprecisionpumps.com\/it\/azienda\/storia\/","name":"Storia di Diener Precision Pumps | Diener Precision Pumps","isPartOf":{"@id":"https:\/\/dienerprecisionpumps.com\/it\/#website"},"primaryImageOfPage":{"@id":"https:\/\/dienerprecisionpumps.com\/it\/azienda\/storia\/#primaryimage"},"image":{"@id":"https:\/\/dienerprecisionpumps.com\/it\/azienda\/storia\/#primaryimage"},"thumbnailUrl":"https:\/\/dienerprecisionpumps.com\/wp-content\/uploads\/2021\/02\/DPP-History-Featured-Image.jpg","datePublished":"2020-11-23T15:09:40+00:00","dateModified":"2026-03-17T23:23:54+00:00","description":"Diener Precision Pumps \u00e8 letteralmente nata con la sua attenzione alla qualit\u00e0 della lavorazione e al massimo livello di soddisfazione del cliente.","breadcrumb":{"@id":"https:\/\/dienerprecisionpumps.com\/it\/azienda\/storia\/#breadcrumb"},"inLanguage":"it-IT","potentialAction":[{"@type":"ReadAction","target":["https:\/\/dienerprecisionpumps.com\/it\/azienda\/storia\/"]}]},{"@type":"ImageObject","inLanguage":"it-IT","@id":"https:\/\/dienerprecisionpumps.com\/it\/azienda\/storia\/#primaryimage","url":"https:\/\/dienerprecisionpumps.com\/wp-content\/uploads\/2021\/02\/DPP-History-Featured-Image.jpg","contentUrl":"https:\/\/dienerprecisionpumps.com\/wp-content\/uploads\/2021\/02\/DPP-History-Featured-Image.jpg","width":1200,"height":800,"caption":"DPP Immagine in primo piano della storia di"},{"@type":"BreadcrumbList","@id":"https:\/\/dienerprecisionpumps.com\/it\/azienda\/storia\/#breadcrumb","itemListElement":[{"@type":"ListItem","position":1,"name":"Home","item":"https:\/\/dienerprecisionpumps.com\/it\/"},{"@type":"ListItem","position":2,"name":"Azienda Diener Precision Pumps","item":"https:\/\/dpp.darwinstaging.com\/it\/azienda\/"},{"@type":"ListItem","position":3,"name":"Storia delle pompe Diener"}]},{"@type":"WebSite","@id":"https:\/\/dienerprecisionpumps.com\/it\/#website","url":"https:\/\/dienerprecisionpumps.com\/it\/","name":"Diener Precision Pumps","description":"Engineering your flow","publisher":{"@id":"https:\/\/dienerprecisionpumps.com\/it\/#organization"},"potentialAction":[{"@type":"SearchAction","target":{"@type":"EntryPoint","urlTemplate":"https:\/\/dienerprecisionpumps.com\/it\/?s={search_term_string}"},"query-input":{"@type":"PropertyValueSpecification","valueRequired":true,"valueName":"search_term_string"}}],"inLanguage":"it-IT"},{"@type":"Organization","@id":"https:\/\/dienerprecisionpumps.com\/it\/#organization","name":"Diener Precision Pumps","alternateName":"DPP","url":"https:\/\/dienerprecisionpumps.com\/it\/","logo":{"@type":"ImageObject","inLanguage":"it-IT","@id":"https:\/\/dienerprecisionpumps.com\/it\/#\/schema\/logo\/image\/","url":"https:\/\/dienerprecisionpumps.com\/wp-content\/uploads\/2025\/07\/Diener-Precision-Pumps.svg","contentUrl":"https:\/\/dienerprecisionpumps.com\/wp-content\/uploads\/2025\/07\/Diener-Precision-Pumps.svg","width":179,"height":44,"caption":"Diener Precision Pumps"},"image":{"@id":"https:\/\/dienerprecisionpumps.com\/it\/#\/schema\/logo\/image\/"},"sameAs":["https:\/\/www.linkedin.com\/company\/diener-precision-pumps\/","https:\/\/www.youtube.com\/@DienerPrecisionPumpsOfficial"]}]}},"_links":{"self":[{"href":"https:\/\/dienerprecisionpumps.com\/it\/wp-json\/wp\/v2\/pages\/6377","targetHints":{"allow":["GET"]}}],"collection":[{"href":"https:\/\/dienerprecisionpumps.com\/it\/wp-json\/wp\/v2\/pages"}],"about":[{"href":"https:\/\/dienerprecisionpumps.com\/it\/wp-json\/wp\/v2\/types\/page"}],"author":[{"embeddable":true,"href":"https:\/\/dienerprecisionpumps.com\/it\/wp-json\/wp\/v2\/users\/21"}],"replies":[{"embeddable":true,"href":"https:\/\/dienerprecisionpumps.com\/it\/wp-json\/wp\/v2\/comments?post=6377"}],"version-history":[{"count":0,"href":"https:\/\/dienerprecisionpumps.com\/it\/wp-json\/wp\/v2\/pages\/6377\/revisions"}],"up":[{"embeddable":true,"href":"https:\/\/dienerprecisionpumps.com\/it\/wp-json\/wp\/v2\/pages\/6581"}],"wp:featuredmedia":[{"embeddable":true,"href":"https:\/\/dienerprecisionpumps.com\/it\/wp-json\/wp\/v2\/media\/3152"}],"wp:attachment":[{"href":"https:\/\/dienerprecisionpumps.com\/it\/wp-json\/wp\/v2\/media?parent=6377"}],"curies":[{"name":"wp","href":"https:\/\/api.w.org\/{rel}","templated":true}]}}