{"id":6362,"date":"2020-11-23T16:09:56","date_gmt":"2020-11-23T15:09:56","guid":{"rendered":"https:\/\/dienerprecisionpumps.com\/quality-control\/"},"modified":"2024-02-08T13:49:49","modified_gmt":"2024-02-08T12:49:49","slug":"controllo-qualita","status":"publish","type":"page","link":"https:\/\/dienerprecisionpumps.com\/it\/azienda\/controllo-qualita\/","title":{"rendered":"Controllo qualit\u00e0"},"content":{"rendered":"<h4>Test approfonditi e un alto controllo di qualit\u00e0 delle micro pompe prodotte per impressionare anche i clienti pi\u00f9 esigenti del mercato<\/h4>\r\n<p>Il nostro impegno per la qualit\u00e0: 180 dipendenti, 100 per cento di impegno per le esigenze di massima qualit\u00e0. Per noi qualit\u00e0 \u00e8 pi\u00f9 di una parola: la qualit\u00e0 \u00e8 la nostra convinzione, la nostra filosofia di prodotto ed \u00e8 ci\u00f2 che facciamo quotidianamente. Dallo sviluppo del prodotto in California, alla produzione in Svizzera, all&#8217;assistenza ai nostri clienti, c&#8217;\u00e8 solo uno standard per cui viviamo: offrire solo il meglio. Sappiamo che i nostri clienti si aspettano esattamente questo da noi e ci sforziamo sempre di fare un passo avanti e superare queste aspettative. Tutte le materie prime possono essere rintracciate al 100% per ogni lotto, fino alle loro origini. Tutti i prodotti sono testati al 100% prima della spedizione. Per garantire l&#8217;alta qualit\u00e0 a lungo termine, investiamo continuamente in formazione, attrezzature, ricerca e sviluppo.<\/p>\r\n<h3>Cura del cliente<\/h3>\r\n<p>Sosteniamo i nostri clienti 24 ore su 24. Ricevono un supporto rapido e rapporti dettagliati. Il risultato: una soddisfazione del cliente che non \u00e8 seconda a nessuno.<\/p>\r\n<h3>Da ingegnere a ingegnere<\/h3>\r\n<p>Parliamo sempre da ingegnere a ingegnere. Realizziamo le tue esigenze nel miglior modo possibile e lavoriamo a stretto contatto con te per una soluzione ottimale ad ogni passo.<\/p>\r\n<h3>PTR \u2013 Performance Track Record<\/h3>\r\n<p>Con oltre 2,5 milioni di nostre pompe in funzione in tutto il mondo, e un tasso di ritorno ben al di sotto dello 0,1%, la nostra alta qualit\u00e0 parla da sola. La soddisfazione del cliente non pu\u00f2 essere pi\u00f9 impressionante di cos\u00ec.<\/p>\r\n<h3>Qualit\u00e0 Svizzera<\/h3>\r\n<p>I nostri prodotti sono fabbricati ad Embrach con una precisione svizzera famosa in tutto il mondo. I risultati sono costi di servizio minimi e un&#8217;alta soddisfazione del cliente.<\/p>\r\n<h3>Test in uscita al 100<\/h3>\r\n<p>Prima che ogni pompa lasci la nostra fabbrica, viene rigorosamente e ampiamente testata secondo le sue specifiche. I nostri clienti ricevono rapporti dettagliati, risparmiando tempo e denaro.<\/p>\r\n<h3>Garanzia Leader<\/h3>\r\n<p>La nostra promessa di qualit\u00e0 \u00e8 accompagnata da garanzie ineguagliate nel nostro settore. Siamo qui per assicurarci che tu faccia colpo anche sui tuoi clienti pi\u00f9 esigenti.<\/p>\r\n<h3>Fatto a mano<\/h3>\r\n<p>Ogni pompa che lascia la nostra fabbrica \u00e8 fatta su misura e progettata esattamente secondo i requisiti tecnici dei nostri clienti. Inoltre, possono sempre essere rintracciate grazie alla loro marcatura laser.<\/p>\r\n<h3>Prototipazione Rapida<\/h3>\r\n<p>Il nostro lavoro \u00e8 veloce e orientato alla soluzione. Una volta finalizzate le specifiche, \u00e8 possibile testare il prototipo nella tua applicazione entro 7 giorni.<\/p>\r\n<h3>Lab-to-Fab<\/h3>\r\n<p>Le nostre pompe sono sempre costruite per fornire le stesse quantit\u00e0 con coerenza e affidabilit\u00e0. Dai prototipi ai prodotti finali, ogni pompa \u00e8 di qualit\u00e0 altrettanto eccellente.<\/p>\r\n<h3>Politica della qualit\u00e0<\/h3>\r\n<p>Diener Precision Pumps si impegna a mantenere la propria posizione di leader di qualit\u00e0 nel settore. I nostri gruppi di produzione e i gruppi di progettazione californiani rivedono e migliorano continuamente i processi di gestione della qualit\u00e0 per superare le aspettative di clienti, fornitori, dipendenti, dirigenti, societ\u00e0 e legislatori.<\/p>\r\n<h3>Certificazioni<\/h3>\r\n<ul>\r\n<li><a href=\"https:\/\/dienerprecisionpumps-19e5d.kxcdn.com\/wp-content\/uploads\/2023\/12\/DPP-certification-switzerland.pdf\" target=\"_blank\" rel=\"noopener\">DPP Certification Switzerland | ISO 9001<\/a><\/li>\r\n<li><a href=\"https:\/\/dienerprecisionpumps-19e5d.kxcdn.com\/wp-content\/uploads\/2023\/12\/certification-DPP-SQS-lodi.pdf\" target=\"_blank\" rel=\"noopener\">DPP Certification USA | ISO 9001<\/a><\/li>\r\n<\/ul>\r\n<figure class=\"wp-block-table\"><img loading=\"lazy\" decoding=\"async\" class=\"size-full wp-image-8901 alignleft\" src=\"https:\/\/dienerprecisionpumps.com\/wp-content\/uploads\/2021\/10\/sqs-iso-9001-logo-150.png\" alt=\"sqs iso 9001 certification logo\" width=\"150\" height=\"150\" \/> <img loading=\"lazy\" decoding=\"async\" class=\"size-full wp-image-8906 alignnone\" src=\"https:\/\/dienerprecisionpumps.com\/wp-content\/uploads\/2021\/10\/iqnet-9001-certifcation-150.png\" alt=\"IQNet 9001 certification logo\" width=\"150\" height=\"150\" \/><img loading=\"lazy\" decoding=\"async\" class=\"size-full wp-image-8913 alignleft\" src=\"https:\/\/dienerprecisionpumps.com\/wp-content\/uploads\/2021\/10\/nsf-accreditation-150.png\" alt=\"NSF Accreditation\" width=\"150\" height=\"150\" \/><\/figure>\r\n<h3><\/h3>\r\n<p>&nbsp;<\/p>","protected":false},"excerpt":{"rendered":"<p>Test approfonditi e un alto controllo di qualit\u00e0 delle micro pompe prodotte per impressionare anche i clienti pi\u00f9 esigenti del mercato Il nostro impegno per la qualit\u00e0: 180 dipendenti, 100 per cento di impegno per le esigenze di massima qualit\u00e0. Per noi qualit\u00e0 \u00e8 pi\u00f9 di una parola: la qualit\u00e0 \u00e8 la nostra convinzione, la [&hellip;]<\/p>\n","protected":false},"author":21,"featured_media":0,"parent":6581,"menu_order":0,"comment_status":"closed","ping_status":"closed","template":"","meta":{"_acf_changed":false,"inline_featured_image":false,"footnotes":""},"class_list":["post-6362","page","type-page","status-publish","hentry"],"acf":[],"yoast_head":"<!-- This site is optimized with the Yoast SEO plugin v27.4 - https:\/\/yoast.com\/product\/yoast-seo-wordpress\/ -->\n<title>Controllo qualit\u00e0 di micro dosaggi e pompe ad ingranaggi | DPP<\/title>\n<meta name=\"description\" content=\"I processi di controllo qualit\u00e0 e l&#039;impegno per l&#039;eccellenza garantiscono la massima qualit\u00e0 degli ingranaggi di precisione e delle micro pompe dosatrici disponibili sul mercato.\" \/>\n<meta name=\"robots\" content=\"index, follow, max-snippet:-1, max-image-preview:large, max-video-preview:-1\" \/>\n<link rel=\"canonical\" href=\"https:\/\/dienerprecisionpumps.com\/it\/azienda\/controllo-qualita\/\" \/>\n<meta property=\"og:locale\" content=\"it_IT\" \/>\n<meta property=\"og:type\" content=\"article\" \/>\n<meta property=\"og:title\" content=\"Controllo qualit\u00e0 di micro dosaggi e pompe ad ingranaggi | DPP\" \/>\n<meta property=\"og:description\" content=\"I processi di controllo qualit\u00e0 e l&#039;impegno per l&#039;eccellenza garantiscono la massima qualit\u00e0 degli ingranaggi di precisione e delle micro pompe dosatrici disponibili sul mercato.\" \/>\n<meta property=\"og:url\" content=\"https:\/\/dienerprecisionpumps.com\/it\/azienda\/controllo-qualita\/\" \/>\n<meta property=\"og:site_name\" content=\"Diener Precision Pumps\" \/>\n<meta property=\"article:modified_time\" content=\"2024-02-08T12:49:49+00:00\" \/>\n<meta property=\"og:image\" content=\"https:\/\/dpp.darwinstaging.com\/wp-content\/uploads\/2021\/10\/sqs-iso-9001-logo-150.png\" \/>\n<meta name=\"twitter:card\" content=\"summary_large_image\" \/>\n<meta name=\"twitter:label1\" content=\"Tempo di lettura stimato\" \/>\n\t<meta name=\"twitter:data1\" content=\"2 minuti\" \/>\n<!-- \/ Yoast SEO plugin. -->","yoast_head_json":{"title":"Controllo qualit\u00e0 di micro dosaggi e pompe ad ingranaggi | DPP","description":"I processi di controllo qualit\u00e0 e l'impegno per l'eccellenza garantiscono la massima qualit\u00e0 degli ingranaggi di precisione e delle micro pompe dosatrici disponibili sul mercato.","robots":{"index":"index","follow":"follow","max-snippet":"max-snippet:-1","max-image-preview":"max-image-preview:large","max-video-preview":"max-video-preview:-1"},"canonical":"https:\/\/dienerprecisionpumps.com\/it\/azienda\/controllo-qualita\/","og_locale":"it_IT","og_type":"article","og_title":"Controllo qualit\u00e0 di micro dosaggi e pompe ad ingranaggi | DPP","og_description":"I processi di controllo qualit\u00e0 e l'impegno per l'eccellenza garantiscono la massima qualit\u00e0 degli ingranaggi di precisione e delle micro pompe dosatrici disponibili sul mercato.","og_url":"https:\/\/dienerprecisionpumps.com\/it\/azienda\/controllo-qualita\/","og_site_name":"Diener Precision Pumps","article_modified_time":"2024-02-08T12:49:49+00:00","og_image":[{"url":"https:\/\/dpp.darwinstaging.com\/wp-content\/uploads\/2021\/10\/sqs-iso-9001-logo-150.png","type":"","width":"","height":""}],"twitter_card":"summary_large_image","twitter_misc":{"Tempo di lettura stimato":"2 minuti"},"schema":{"@context":"https:\/\/schema.org","@graph":[{"@type":"WebPage","@id":"https:\/\/dienerprecisionpumps.com\/it\/azienda\/controllo-qualita\/","url":"https:\/\/dienerprecisionpumps.com\/it\/azienda\/controllo-qualita\/","name":"Controllo qualit\u00e0 di micro dosaggi e pompe ad ingranaggi | DPP","isPartOf":{"@id":"https:\/\/dienerprecisionpumps.com\/it\/#website"},"primaryImageOfPage":{"@id":"https:\/\/dienerprecisionpumps.com\/it\/azienda\/controllo-qualita\/#primaryimage"},"image":{"@id":"https:\/\/dienerprecisionpumps.com\/it\/azienda\/controllo-qualita\/#primaryimage"},"thumbnailUrl":"https:\/\/dienerprecisionpumps.com\/wp-content\/uploads\/2021\/10\/sqs-iso-9001-logo-150.png","datePublished":"2020-11-23T15:09:56+00:00","dateModified":"2024-02-08T12:49:49+00:00","description":"I processi di controllo qualit\u00e0 e l'impegno per l'eccellenza garantiscono la massima qualit\u00e0 degli ingranaggi di precisione e delle micro pompe dosatrici disponibili sul mercato.","breadcrumb":{"@id":"https:\/\/dienerprecisionpumps.com\/it\/azienda\/controllo-qualita\/#breadcrumb"},"inLanguage":"it-IT","potentialAction":[{"@type":"ReadAction","target":["https:\/\/dienerprecisionpumps.com\/it\/azienda\/controllo-qualita\/"]}]},{"@type":"ImageObject","inLanguage":"it-IT","@id":"https:\/\/dienerprecisionpumps.com\/it\/azienda\/controllo-qualita\/#primaryimage","url":"https:\/\/dienerprecisionpumps.com\/wp-content\/uploads\/2021\/10\/sqs-iso-9001-logo-150.png","contentUrl":"https:\/\/dienerprecisionpumps.com\/wp-content\/uploads\/2021\/10\/sqs-iso-9001-logo-150.png"},{"@type":"BreadcrumbList","@id":"https:\/\/dienerprecisionpumps.com\/it\/azienda\/controllo-qualita\/#breadcrumb","itemListElement":[{"@type":"ListItem","position":1,"name":"Home","item":"https:\/\/dienerprecisionpumps.com\/it\/"},{"@type":"ListItem","position":2,"name":"Azienda Diener Precision Pumps","item":"https:\/\/dpp.darwinstaging.com\/it\/azienda\/"},{"@type":"ListItem","position":3,"name":"Controllo qualit\u00e0"}]},{"@type":"WebSite","@id":"https:\/\/dienerprecisionpumps.com\/it\/#website","url":"https:\/\/dienerprecisionpumps.com\/it\/","name":"Diener Precision Pumps","description":"Engineering your flow","publisher":{"@id":"https:\/\/dienerprecisionpumps.com\/it\/#organization"},"potentialAction":[{"@type":"SearchAction","target":{"@type":"EntryPoint","urlTemplate":"https:\/\/dienerprecisionpumps.com\/it\/?s={search_term_string}"},"query-input":{"@type":"PropertyValueSpecification","valueRequired":true,"valueName":"search_term_string"}}],"inLanguage":"it-IT"},{"@type":"Organization","@id":"https:\/\/dienerprecisionpumps.com\/it\/#organization","name":"Diener Precision Pumps","alternateName":"DPP","url":"https:\/\/dienerprecisionpumps.com\/it\/","logo":{"@type":"ImageObject","inLanguage":"it-IT","@id":"https:\/\/dienerprecisionpumps.com\/it\/#\/schema\/logo\/image\/","url":"https:\/\/dienerprecisionpumps.com\/wp-content\/uploads\/2025\/07\/Diener-Precision-Pumps.svg","contentUrl":"https:\/\/dienerprecisionpumps.com\/wp-content\/uploads\/2025\/07\/Diener-Precision-Pumps.svg","width":179,"height":44,"caption":"Diener Precision Pumps"},"image":{"@id":"https:\/\/dienerprecisionpumps.com\/it\/#\/schema\/logo\/image\/"},"sameAs":["https:\/\/www.linkedin.com\/company\/diener-precision-pumps\/","https:\/\/www.youtube.com\/@DienerPrecisionPumpsOfficial"]}]}},"_links":{"self":[{"href":"https:\/\/dienerprecisionpumps.com\/it\/wp-json\/wp\/v2\/pages\/6362","targetHints":{"allow":["GET"]}}],"collection":[{"href":"https:\/\/dienerprecisionpumps.com\/it\/wp-json\/wp\/v2\/pages"}],"about":[{"href":"https:\/\/dienerprecisionpumps.com\/it\/wp-json\/wp\/v2\/types\/page"}],"author":[{"embeddable":true,"href":"https:\/\/dienerprecisionpumps.com\/it\/wp-json\/wp\/v2\/users\/21"}],"replies":[{"embeddable":true,"href":"https:\/\/dienerprecisionpumps.com\/it\/wp-json\/wp\/v2\/comments?post=6362"}],"version-history":[{"count":0,"href":"https:\/\/dienerprecisionpumps.com\/it\/wp-json\/wp\/v2\/pages\/6362\/revisions"}],"up":[{"embeddable":true,"href":"https:\/\/dienerprecisionpumps.com\/it\/wp-json\/wp\/v2\/pages\/6581"}],"wp:attachment":[{"href":"https:\/\/dienerprecisionpumps.com\/it\/wp-json\/wp\/v2\/media?parent=6362"}],"curies":[{"name":"wp","href":"https:\/\/api.w.org\/{rel}","templated":true}]}}