{"id":6356,"date":"2020-11-23T16:10:25","date_gmt":"2020-11-23T15:10:25","guid":{"rendered":"https:\/\/dienerprecisionpumps.com\/certification-and-compliance\/"},"modified":"2026-03-17T16:45:33","modified_gmt":"2026-03-17T15:45:33","slug":"certificazion-e-conformita","status":"publish","type":"page","link":"https:\/\/dienerprecisionpumps.com\/it\/azienda\/certificazion-e-conformita\/","title":{"rendered":"Certificazione e conformit\u00e0"},"content":{"rendered":"<h4>Affermare qualcosa va bene, ma dimostrarlo \u00e8 meglio: le nostre certificazioni.<\/h4>\r\n<p>Le nostre <a href=\"https:\/\/dienerprecisionpumps.com\/it\/\">micropompe di precisione<\/a> sono prodotte in conformit\u00e0 agli standard internazionali. Le nostre pompe di precisione soddisfano le specifiche pi\u00f9 esigenti per l&#8217;uso in una vasta gamma di applicazioni industriali, mediche, alimentari, di tecnologia di stampa, di laboratorio e diagnostiche. Utilizziamo solo i materiali della migliore qualit\u00e0, diamo il massimo valore a un design intelligente e facciamo certificare regolarmente la qualit\u00e0 dei nostri prodotti e processi da organismi indipendenti. Produciamo in conformit\u00e0 alle norme internazionali ISO 9001\/ISO 13485 e abbiamo una camera bianca allestita secondo la classe 7 ISO.<\/p>\r\n<div class=\"tF2Cxc\" data-hveid=\"CAcQAA\" data-ved=\"2ahUKEwjRkruVt7fuAhXQNOwKHZOYCHkQFSgAMAB6BAgHEAA\">\r\n<div class=\"yuRUbf\">\r\n<h3>Fondazione Nazionale delle Scienze (NSF)<\/h3>\r\n<\/div>\r\n<\/div>\r\n<p>Oltre ad essere certificata ISO, la Diener Precision Pumps soddisfa anche una vasta gamma di altri standard esigenti. La <a href=\"https:\/\/www.nsf.gov\/\">National Science Foundation (NSF)<\/a> \u00e8 un&#8217;organizzazione orientata alla protezione della sicurezza e della salute dei consumatori. La certificazione NSF afferma che DPP basa la sua produzione su standard estremamente elevati.<\/p>\r\n<p class=\"p1\"><span class=\"s1\">Naturalmente, tutto il lavoro svolto da DPP segue la direttiva UE 2011\/65\/UE, nota anche come direttiva RoHS. Lo scopo di questa direttiva \u00e8 di limitare l&#8217;uso di alcune sostanze pericolose nei dispositivi elettrici ed elettronici. <\/span><\/p>\r\n<p class=\"p1\"><span class=\"s1\">Inoltre, la nostra produzione \u00e8 anche conforme al regolamento europeo REACH sulle sostanze chimiche, che assicura un alto livello di protezione per le persone e l&#8217;ambiente. <\/span><\/p>\r\n<p class=\"p1\"><span class=\"s1\">La nostra produzione di precisione svizzera all&#8217;avanguardia \u00e8 stata controllata secondo i rigorosi criteri NSF e soddisfa tutti i requisiti per la produzione di prodotti certificati NSF. Non esitare a contattare il tuo ingegnere di vendita per ulteriori dettagli.<\/span><\/p>\r\n<h3>Conformit\u00e0<\/h3>\r\n<p><strong>Proteggere le risorse naturali, rispettare la dignit\u00e0 umana<\/strong><\/p>\r\n<p>Per garantire uno sviluppo e un successo a lungo termine, un prerequisito centrale \u00e8 che un&#8217;azienda tratti le altre persone e l&#8217;ambiente con il massimo rispetto. Questo \u00e8 il motivo principale per cui la Diener Precision Pumps ha dato un valore cos\u00ec alto alle regole di conformit\u00e0 fin dalla sua fondazione. Per quanto riguarda tutte le nostre transazioni globali, \u00e8 semplicemente ovvio che seguiamo le leggi dei paesi in cui facciamo affari.<\/p>\r\n<p class=\"p1\"><span class=\"s1\">Inoltre, agire con integrit\u00e0 e in modo eticamente responsabile \u00e8 estremamente importante per noi. Rispettiamo i diritti umani e attribuiamo un valore estremamente elevato all&#8217;osservanza dei regolamenti e delle leggi in materia di salute e sicurezza. <\/span><\/p>\r\n<h3>Minerali di conflitto<\/h3>\r\n<p>Riguardo agli obblighi relativi al disegno di legge americano H.R. 4173 &#8220;Dodd-Frank Wall Street Reform and Consumer Protection Act&#8221; Sezione 1502 sui &#8220;Conflict Minerals\u201d, la nostra azienda segue molto da vicino gli sforzi americani per vietare e controllare lo sfruttamento e il commercio dei minerali di conflitto provenienti dalla Repubblica Democratica del Congo e dai paesi limitrofi. (Questo vale anche per le disposizioni di attuazione a partire da agosto 2012). Come azienda svizzera non rientriamo direttamente nel campo di applicazione della legge. Tuttavia, prestiamo molta attenzione agli sviluppi nazionali, <strong>europei e internazionali in materia di standard<\/strong> etici, sociali e ambientali.<\/p>\r\n<p>Pertanto, per il momento possiamo ritenere che, secondo le informazioni a nostra disposizione, il materiale per i nostri prodotti non contiene nessuno dei &#8220;minerali di conflitto&#8221; definiti come coltan, niobio, tantalio, stagno, oro o tungsteno provenienti dalla Repubblica Democratica del Congo o dai suoi paesi limitrofi. Modifiche alle nostre conoscenze su questo argomento saranno sicuramente annunciate immediatamente.<\/p>\r\n<h3>RoHS<\/h3>\r\n<p>Tutti i nuovi sviluppi dei prodotti DPP sono testati e conformi alla seguente legge:<\/p>\r\n<p>DIRETTIVA 2015\/863 sulla restrizione dell&#8217;uso di alcune sostanze pericolose nelle apparecchiature elettriche ed elettroniche (rifusione) &#8211; di seguito &#8220;Direttiva RoHS&#8221;. Una dichiarazione di conformit\u00e0 sar\u00e0 consegnata con ogni consegna di prodotto.<\/p>\r\n<p><a href=\"https:\/\/dienerprecisionpumps.com\/wp-content\/uploads\/2024\/07\/DPP-RoHS-Declaration-1.pdf\" target=\"_blank\" rel=\"noopener\">Dichiarazione di conformit\u00e0 RoHS<\/a><\/p>\r\n<h3>REACH<\/h3>\r\n<p>Le pompe di precisione Diener sono conformi alle disposizioni della CE 1907\/2006 (REACH), che limita le sostanze estremamente preoccupanti (sostanze chimiche pericolose).<\/p>\r\n<p><a href=\"https:\/\/dienerprecisionpumps.com\/wp-content\/uploads\/2024\/07\/DPP-REACH-Declaration-1.pdf\" target=\"_blank\" rel=\"noopener\">Dichiarazione di conformit\u00e0 REACH<\/a><\/p>\r\n<h3>Riciclaggio degli imballaggi<\/h3>\r\n<p>Le pompe di precisione <a href=\"https:\/\/dienerprecisionpumps.com\/it\/\">Diener<\/a> sono conformi alle disposizioni della direttiva 94\/62\/CE del Parlamento europeo e del Consiglio sugli imballaggi e sui rifiuti di imballaggio. Ci\u00f2 include le disposizioni sulla marcatura degli imballaggi definite nella decisione 1997\/129-97\/129\/CE.<\/p>\r\n<h3>Certificati<\/h3>\r\n<ul>\r\n<li><a href=\"https:\/\/dienerprecisionpumps.com\/wp-content\/uploads\/2023\/12\/DPP-certification-switzerland.pdf\" target=\"_blank\" rel=\"noopener\">DPP Certificate Switzerland | ISO 9001<\/a><\/li>\r\n<li><a href=\"https:\/\/dienerprecisionpumps.com\/wp-content\/uploads\/2023\/12\/certification-DPP-SQS-lodi.pdf\" target=\"_blank\" rel=\"noopener\">DPP Certificate USA | ISO 9001<\/a><\/li>\r\n<\/ul>\r\n\r\n<figure class=\"wp-block-table\"><img loading=\"lazy\" decoding=\"async\" class=\"size-full wp-image-8905 alignleft\" src=\"https:\/\/dienerprecisionpumps.com\/wp-content\/uploads\/2021\/10\/sqs-iso-9001-logo-150.png\" alt=\"logo certificazione sqs iso 9001\" width=\"150\" height=\"150\" \/> <img loading=\"lazy\" decoding=\"async\" class=\"size-full wp-image-8910 alignleft\" src=\"https:\/\/dienerprecisionpumps.com\/wp-content\/uploads\/2021\/10\/iqnet-9001-certifcation-150.png\" alt=\"Logo di certificazione IQNet 9001\" width=\"150\" height=\"150\" \/><img loading=\"lazy\" decoding=\"async\" class=\"size-full wp-image-8917 alignleft\" src=\"https:\/\/dienerprecisionpumps.com\/wp-content\/uploads\/2021\/10\/nsf-accreditation-150.png\" alt=\"NSF Accreditation\" width=\"150\" height=\"150\" \/><\/figure>\r\n\r\n\r\n\r\n<p>&nbsp;<\/p>\r\n","protected":false},"excerpt":{"rendered":"<p>Affermare qualcosa va bene, ma dimostrarlo \u00e8 meglio: le nostre certificazioni. Le nostre micropompe di precisione sono prodotte in conformit\u00e0 agli standard internazionali. Le nostre pompe di precisione soddisfano le specifiche pi\u00f9 esigenti per l&#8217;uso in una vasta gamma di applicazioni industriali, mediche, alimentari, di tecnologia di stampa, di laboratorio e diagnostiche. Utilizziamo solo i [&hellip;]<\/p>\n","protected":false},"author":21,"featured_media":0,"parent":6581,"menu_order":0,"comment_status":"closed","ping_status":"closed","template":"","meta":{"_acf_changed":false,"inline_featured_image":false,"footnotes":""},"class_list":["post-6356","page","type-page","status-publish","hentry"],"acf":[],"yoast_head":"<!-- This site is optimized with the Yoast SEO plugin v27.2 - https:\/\/yoast.com\/product\/yoast-seo-wordpress\/ -->\n<title>Certificazione e conformit\u00e0 | Diener Precision Pumps<\/title>\n<meta name=\"description\" content=\"L&#039;azienda Diener Precision Pumps produce in conformit\u00e0 con gli standard ISO 9001 e dispone di una camera bianca allestita secondo ISO Classe 7.\" \/>\n<meta name=\"robots\" content=\"index, follow, max-snippet:-1, max-image-preview:large, max-video-preview:-1\" \/>\n<link rel=\"canonical\" href=\"https:\/\/dienerprecisionpumps.com\/it\/azienda\/certificazion-e-conformita\/\" \/>\n<meta property=\"og:locale\" content=\"it_IT\" \/>\n<meta property=\"og:type\" content=\"article\" \/>\n<meta property=\"og:title\" content=\"Certificazione e conformit\u00e0 | Diener Precision Pumps\" \/>\n<meta property=\"og:description\" content=\"L&#039;azienda Diener Precision Pumps produce in conformit\u00e0 con gli standard ISO 9001 e dispone di una camera bianca allestita secondo ISO Classe 7.\" \/>\n<meta property=\"og:url\" content=\"https:\/\/dienerprecisionpumps.com\/it\/azienda\/certificazion-e-conformita\/\" \/>\n<meta property=\"og:site_name\" content=\"Diener Precision Pumps\" \/>\n<meta property=\"article:modified_time\" content=\"2026-03-17T15:45:33+00:00\" \/>\n<meta property=\"og:image\" content=\"https:\/\/dienerprecisionpumps.com\/wp-content\/uploads\/2021\/10\/sqs-iso-9001-logo-150.png\" \/>\n\t<meta property=\"og:image:width\" content=\"150\" \/>\n\t<meta property=\"og:image:height\" content=\"150\" \/>\n\t<meta property=\"og:image:type\" content=\"image\/png\" \/>\n<meta name=\"twitter:card\" content=\"summary_large_image\" \/>\n<meta name=\"twitter:label1\" content=\"Tempo di lettura stimato\" \/>\n\t<meta name=\"twitter:data1\" content=\"4 minuti\" \/>\n<!-- \/ Yoast SEO plugin. -->","yoast_head_json":{"title":"Certificazione e conformit\u00e0 | Diener Precision Pumps","description":"L'azienda Diener Precision Pumps produce in conformit\u00e0 con gli standard ISO 9001 e dispone di una camera bianca allestita secondo ISO Classe 7.","robots":{"index":"index","follow":"follow","max-snippet":"max-snippet:-1","max-image-preview":"max-image-preview:large","max-video-preview":"max-video-preview:-1"},"canonical":"https:\/\/dienerprecisionpumps.com\/it\/azienda\/certificazion-e-conformita\/","og_locale":"it_IT","og_type":"article","og_title":"Certificazione e conformit\u00e0 | Diener Precision Pumps","og_description":"L'azienda Diener Precision Pumps produce in conformit\u00e0 con gli standard ISO 9001 e dispone di una camera bianca allestita secondo ISO Classe 7.","og_url":"https:\/\/dienerprecisionpumps.com\/it\/azienda\/certificazion-e-conformita\/","og_site_name":"Diener Precision Pumps","article_modified_time":"2026-03-17T15:45:33+00:00","og_image":[{"width":150,"height":150,"url":"https:\/\/dienerprecisionpumps.com\/wp-content\/uploads\/2021\/10\/sqs-iso-9001-logo-150.png","type":"image\/png"}],"twitter_card":"summary_large_image","twitter_misc":{"Tempo di lettura stimato":"4 minuti"},"schema":{"@context":"https:\/\/schema.org","@graph":[{"@type":"WebPage","@id":"https:\/\/dienerprecisionpumps.com\/it\/azienda\/certificazion-e-conformita\/","url":"https:\/\/dienerprecisionpumps.com\/it\/azienda\/certificazion-e-conformita\/","name":"Certificazione e conformit\u00e0 | Diener Precision Pumps","isPartOf":{"@id":"https:\/\/dienerprecisionpumps.com\/it\/#website"},"primaryImageOfPage":{"@id":"https:\/\/dienerprecisionpumps.com\/it\/azienda\/certificazion-e-conformita\/#primaryimage"},"image":{"@id":"https:\/\/dienerprecisionpumps.com\/it\/azienda\/certificazion-e-conformita\/#primaryimage"},"thumbnailUrl":"https:\/\/dienerprecisionpumps.com\/wp-content\/uploads\/2021\/10\/sqs-iso-9001-logo-150.png","datePublished":"2020-11-23T15:10:25+00:00","dateModified":"2026-03-17T15:45:33+00:00","description":"L'azienda Diener Precision Pumps produce in conformit\u00e0 con gli standard ISO 9001 e dispone di una camera bianca allestita secondo ISO Classe 7.","breadcrumb":{"@id":"https:\/\/dienerprecisionpumps.com\/it\/azienda\/certificazion-e-conformita\/#breadcrumb"},"inLanguage":"it-IT","potentialAction":[{"@type":"ReadAction","target":["https:\/\/dienerprecisionpumps.com\/it\/azienda\/certificazion-e-conformita\/"]}]},{"@type":"ImageObject","inLanguage":"it-IT","@id":"https:\/\/dienerprecisionpumps.com\/it\/azienda\/certificazion-e-conformita\/#primaryimage","url":"https:\/\/dienerprecisionpumps.com\/wp-content\/uploads\/2021\/10\/sqs-iso-9001-logo-150.png","contentUrl":"https:\/\/dienerprecisionpumps.com\/wp-content\/uploads\/2021\/10\/sqs-iso-9001-logo-150.png"},{"@type":"BreadcrumbList","@id":"https:\/\/dienerprecisionpumps.com\/it\/azienda\/certificazion-e-conformita\/#breadcrumb","itemListElement":[{"@type":"ListItem","position":1,"name":"Home","item":"https:\/\/dienerprecisionpumps.com\/it\/"},{"@type":"ListItem","position":2,"name":"Azienda Diener Precision Pumps","item":"https:\/\/dpp.darwinstaging.com\/it\/azienda\/"},{"@type":"ListItem","position":3,"name":"Certificazione e conformit\u00e0"}]},{"@type":"WebSite","@id":"https:\/\/dienerprecisionpumps.com\/it\/#website","url":"https:\/\/dienerprecisionpumps.com\/it\/","name":"Diener Precision Pumps","description":"Engineering your flow","publisher":{"@id":"https:\/\/dienerprecisionpumps.com\/it\/#organization"},"potentialAction":[{"@type":"SearchAction","target":{"@type":"EntryPoint","urlTemplate":"https:\/\/dienerprecisionpumps.com\/it\/?s={search_term_string}"},"query-input":{"@type":"PropertyValueSpecification","valueRequired":true,"valueName":"search_term_string"}}],"inLanguage":"it-IT"},{"@type":"Organization","@id":"https:\/\/dienerprecisionpumps.com\/it\/#organization","name":"Diener Precision Pumps","alternateName":"DPP","url":"https:\/\/dienerprecisionpumps.com\/it\/","logo":{"@type":"ImageObject","inLanguage":"it-IT","@id":"https:\/\/dienerprecisionpumps.com\/it\/#\/schema\/logo\/image\/","url":"https:\/\/dienerprecisionpumps.com\/wp-content\/uploads\/2025\/07\/Diener-Precision-Pumps.svg","contentUrl":"https:\/\/dienerprecisionpumps.com\/wp-content\/uploads\/2025\/07\/Diener-Precision-Pumps.svg","width":179,"height":44,"caption":"Diener Precision Pumps"},"image":{"@id":"https:\/\/dienerprecisionpumps.com\/it\/#\/schema\/logo\/image\/"},"sameAs":["https:\/\/www.linkedin.com\/company\/diener-precision-pumps\/","https:\/\/www.youtube.com\/@DienerPrecisionPumpsOfficial"]}]}},"_links":{"self":[{"href":"https:\/\/dienerprecisionpumps.com\/it\/wp-json\/wp\/v2\/pages\/6356","targetHints":{"allow":["GET"]}}],"collection":[{"href":"https:\/\/dienerprecisionpumps.com\/it\/wp-json\/wp\/v2\/pages"}],"about":[{"href":"https:\/\/dienerprecisionpumps.com\/it\/wp-json\/wp\/v2\/types\/page"}],"author":[{"embeddable":true,"href":"https:\/\/dienerprecisionpumps.com\/it\/wp-json\/wp\/v2\/users\/21"}],"replies":[{"embeddable":true,"href":"https:\/\/dienerprecisionpumps.com\/it\/wp-json\/wp\/v2\/comments?post=6356"}],"version-history":[{"count":0,"href":"https:\/\/dienerprecisionpumps.com\/it\/wp-json\/wp\/v2\/pages\/6356\/revisions"}],"up":[{"embeddable":true,"href":"https:\/\/dienerprecisionpumps.com\/it\/wp-json\/wp\/v2\/pages\/6581"}],"wp:attachment":[{"href":"https:\/\/dienerprecisionpumps.com\/it\/wp-json\/wp\/v2\/media?parent=6356"}],"curies":[{"name":"wp","href":"https:\/\/api.w.org\/{rel}","templated":true}]}}