{"id":4637,"date":"2021-01-19T10:34:58","date_gmt":"2021-01-19T09:34:58","guid":{"rendered":"https:\/\/dienerprecisionpumps.com\/product\/silencer-precision-gear-pump\/"},"modified":"2025-04-23T23:33:54","modified_gmt":"2025-04-23T21:33:54","slug":"pompe-engrenage-serie-silencer","status":"publish","type":"product","link":"https:\/\/dienerprecisionpumps.com\/fr\/produit\/pompe-engrenage-serie-silencer\/","title":{"rendered":"Pompe \u00e0 engrenages de pr\u00e9cision de la s\u00e9rie Silencer"},"content":{"rendered":"","protected":false},"featured_media":2590,"parent":0,"menu_order":0,"comment_status":"open","ping_status":"open","template":"","format":"standard","meta":{"_acf_changed":false,"inline_featured_image":false,"footnotes":""},"categories":[20],"tags":[],"class_list":["post-4637","product","type-product","status-publish","format-standard","has-post-thumbnail","hentry","category-pompes-a-engrenages"],"acf":[],"yoast_head":"<!-- This site is optimized with the Yoast SEO plugin v27.4 - https:\/\/yoast.com\/product\/yoast-seo-wordpress\/ -->\n<title>Pompe de Pr\u00e9cision \u00e0 Engrenages - S\u00e9rie Silencer | DPP<\/title>\n<meta name=\"description\" content=\"Les pompes \u00e0 engrenages de pr\u00e9cision de la s\u00e9rie Silencer ont \u00e9t\u00e9 con\u00e7ues de z\u00e9ro pour \u00eatre tout ce qu&#039;une pompe \u00e0 engrenages devrait \u00eatre : durable, sans fuite, fiable, chimiquement inerte et silencieuse.\" \/>\n<meta name=\"robots\" content=\"index, follow, max-snippet:-1, max-image-preview:large, max-video-preview:-1\" \/>\n<link rel=\"canonical\" href=\"https:\/\/dienerprecisionpumps.com\/fr\/produit\/pompe-engrenage-serie-silencer\/\" \/>\n<meta property=\"og:locale\" content=\"fr_FR\" \/>\n<meta property=\"og:type\" content=\"article\" \/>\n<meta property=\"og:title\" content=\"Pompe de Pr\u00e9cision \u00e0 Engrenages - S\u00e9rie Silencer | DPP\" \/>\n<meta property=\"og:description\" content=\"Les pompes \u00e0 engrenages de pr\u00e9cision de la s\u00e9rie Silencer ont \u00e9t\u00e9 con\u00e7ues de z\u00e9ro pour \u00eatre tout ce qu&#039;une pompe \u00e0 engrenages devrait \u00eatre : durable, sans fuite, fiable, chimiquement inerte et silencieuse.\" \/>\n<meta property=\"og:url\" content=\"https:\/\/dienerprecisionpumps.com\/fr\/produit\/pompe-engrenage-serie-silencer\/\" \/>\n<meta property=\"og:site_name\" content=\"Diener Precision Pumps\" \/>\n<meta property=\"article:modified_time\" content=\"2025-04-23T21:33:54+00:00\" \/>\n<meta property=\"og:image\" content=\"https:\/\/dienerprecisionpumps.com\/wp-content\/uploads\/2021\/01\/DPP-Silencer-Series-Precision-Gear-Pump.png\" \/>\n\t<meta property=\"og:image:width\" content=\"900\" \/>\n\t<meta property=\"og:image:height\" content=\"562\" \/>\n\t<meta property=\"og:image:type\" content=\"image\/png\" \/>\n<meta name=\"twitter:card\" content=\"summary_large_image\" \/>\n<!-- \/ Yoast SEO plugin. -->","yoast_head_json":{"title":"Pompe de Pr\u00e9cision \u00e0 Engrenages - S\u00e9rie Silencer | DPP","description":"Les pompes \u00e0 engrenages de pr\u00e9cision de la s\u00e9rie Silencer ont \u00e9t\u00e9 con\u00e7ues de z\u00e9ro pour \u00eatre tout ce qu'une pompe \u00e0 engrenages devrait \u00eatre : durable, sans fuite, fiable, chimiquement inerte et silencieuse.","robots":{"index":"index","follow":"follow","max-snippet":"max-snippet:-1","max-image-preview":"max-image-preview:large","max-video-preview":"max-video-preview:-1"},"canonical":"https:\/\/dienerprecisionpumps.com\/fr\/produit\/pompe-engrenage-serie-silencer\/","og_locale":"fr_FR","og_type":"article","og_title":"Pompe de Pr\u00e9cision \u00e0 Engrenages - S\u00e9rie Silencer | DPP","og_description":"Les pompes \u00e0 engrenages de pr\u00e9cision de la s\u00e9rie Silencer ont \u00e9t\u00e9 con\u00e7ues de z\u00e9ro pour \u00eatre tout ce qu'une pompe \u00e0 engrenages devrait \u00eatre : durable, sans fuite, fiable, chimiquement inerte et silencieuse.","og_url":"https:\/\/dienerprecisionpumps.com\/fr\/produit\/pompe-engrenage-serie-silencer\/","og_site_name":"Diener Precision Pumps","article_modified_time":"2025-04-23T21:33:54+00:00","og_image":[{"width":900,"height":562,"url":"https:\/\/dienerprecisionpumps.com\/wp-content\/uploads\/2021\/01\/DPP-Silencer-Series-Precision-Gear-Pump.png","type":"image\/png"}],"twitter_card":"summary_large_image","schema":{"@context":"https:\/\/schema.org","@graph":[{"@type":"WebPage","@id":"https:\/\/dienerprecisionpumps.com\/fr\/produit\/pompe-engrenage-serie-silencer\/","url":"https:\/\/dienerprecisionpumps.com\/fr\/produit\/pompe-engrenage-serie-silencer\/","name":"Pompe de Pr\u00e9cision \u00e0 Engrenages - S\u00e9rie Silencer | DPP","isPartOf":{"@id":"https:\/\/dienerprecisionpumps.com\/fr\/#website"},"primaryImageOfPage":{"@id":"https:\/\/dienerprecisionpumps.com\/fr\/produit\/pompe-engrenage-serie-silencer\/#primaryimage"},"image":{"@id":"https:\/\/dienerprecisionpumps.com\/fr\/produit\/pompe-engrenage-serie-silencer\/#primaryimage"},"thumbnailUrl":"https:\/\/dienerprecisionpumps.com\/wp-content\/uploads\/2021\/01\/DPP-Silencer-Series-Precision-Gear-Pump.png","datePublished":"2021-01-19T09:34:58+00:00","dateModified":"2025-04-23T21:33:54+00:00","description":"Les pompes \u00e0 engrenages de pr\u00e9cision de la s\u00e9rie Silencer ont \u00e9t\u00e9 con\u00e7ues de z\u00e9ro pour \u00eatre tout ce qu'une pompe \u00e0 engrenages devrait \u00eatre : durable, sans fuite, fiable, chimiquement inerte et silencieuse.","breadcrumb":{"@id":"https:\/\/dienerprecisionpumps.com\/fr\/produit\/pompe-engrenage-serie-silencer\/#breadcrumb"},"inLanguage":"fr-FR","potentialAction":[{"@type":"ReadAction","target":["https:\/\/dienerprecisionpumps.com\/fr\/produit\/pompe-engrenage-serie-silencer\/"]}]},{"@type":"ImageObject","inLanguage":"fr-FR","@id":"https:\/\/dienerprecisionpumps.com\/fr\/produit\/pompe-engrenage-serie-silencer\/#primaryimage","url":"https:\/\/dienerprecisionpumps.com\/wp-content\/uploads\/2021\/01\/DPP-Silencer-Series-Precision-Gear-Pump.png","contentUrl":"https:\/\/dienerprecisionpumps.com\/wp-content\/uploads\/2021\/01\/DPP-Silencer-Series-Precision-Gear-Pump.png","width":900,"height":562,"caption":"DPP Pompe de pr\u00e9cision \u00e0 engrenage de la s\u00e9rie Silencer"},{"@type":"BreadcrumbList","@id":"https:\/\/dienerprecisionpumps.com\/fr\/produit\/pompe-engrenage-serie-silencer\/#breadcrumb","itemListElement":[{"@type":"ListItem","position":1,"name":"Home","item":"https:\/\/dienerprecisionpumps.com\/fr\/"},{"@type":"ListItem","position":2,"name":"Pompe \u00e0 engrenages de pr\u00e9cision de la s\u00e9rie Silencer"}]},{"@type":"WebSite","@id":"https:\/\/dienerprecisionpumps.com\/fr\/#website","url":"https:\/\/dienerprecisionpumps.com\/fr\/","name":"Diener Precision Pumps","description":"Engineering your flow","publisher":{"@id":"https:\/\/dienerprecisionpumps.com\/fr\/#organization"},"potentialAction":[{"@type":"SearchAction","target":{"@type":"EntryPoint","urlTemplate":"https:\/\/dienerprecisionpumps.com\/fr\/?s={search_term_string}"},"query-input":{"@type":"PropertyValueSpecification","valueRequired":true,"valueName":"search_term_string"}}],"inLanguage":"fr-FR"},{"@type":"Organization","@id":"https:\/\/dienerprecisionpumps.com\/fr\/#organization","name":"Diener Precision Pumps","alternateName":"DPP","url":"https:\/\/dienerprecisionpumps.com\/fr\/","logo":{"@type":"ImageObject","inLanguage":"fr-FR","@id":"https:\/\/dienerprecisionpumps.com\/fr\/#\/schema\/logo\/image\/","url":"https:\/\/dienerprecisionpumps.com\/wp-content\/uploads\/2025\/07\/Diener-Precision-Pumps.svg","contentUrl":"https:\/\/dienerprecisionpumps.com\/wp-content\/uploads\/2025\/07\/Diener-Precision-Pumps.svg","width":179,"height":44,"caption":"Diener Precision Pumps"},"image":{"@id":"https:\/\/dienerprecisionpumps.com\/fr\/#\/schema\/logo\/image\/"},"sameAs":["https:\/\/www.linkedin.com\/company\/diener-precision-pumps\/","https:\/\/www.youtube.com\/@DienerPrecisionPumpsOfficial"]}]}},"_links":{"self":[{"href":"https:\/\/dienerprecisionpumps.com\/fr\/wp-json\/wp\/v2\/product\/4637","targetHints":{"allow":["GET"]}}],"collection":[{"href":"https:\/\/dienerprecisionpumps.com\/fr\/wp-json\/wp\/v2\/product"}],"about":[{"href":"https:\/\/dienerprecisionpumps.com\/fr\/wp-json\/wp\/v2\/types\/product"}],"replies":[{"embeddable":true,"href":"https:\/\/dienerprecisionpumps.com\/fr\/wp-json\/wp\/v2\/comments?post=4637"}],"version-history":[{"count":0,"href":"https:\/\/dienerprecisionpumps.com\/fr\/wp-json\/wp\/v2\/product\/4637\/revisions"}],"wp:featuredmedia":[{"embeddable":true,"href":"https:\/\/dienerprecisionpumps.com\/fr\/wp-json\/wp\/v2\/media\/2590"}],"wp:attachment":[{"href":"https:\/\/dienerprecisionpumps.com\/fr\/wp-json\/wp\/v2\/media?parent=4637"}],"wp:term":[{"taxonomy":"category","embeddable":true,"href":"https:\/\/dienerprecisionpumps.com\/fr\/wp-json\/wp\/v2\/categories?post=4637"},{"taxonomy":"post_tag","embeddable":true,"href":"https:\/\/dienerprecisionpumps.com\/fr\/wp-json\/wp\/v2\/tags?post=4637"}],"curies":[{"name":"wp","href":"https:\/\/api.w.org\/{rel}","templated":true}]}}