{"id":4634,"date":"2021-01-19T10:35:20","date_gmt":"2021-01-19T09:35:20","guid":{"rendered":"https:\/\/dienerprecisionpumps.com\/product\/silencer-ld-precision-gear-pump\/"},"modified":"2025-04-23T23:34:52","modified_gmt":"2025-04-23T21:34:52","slug":"pompe-engrenage-serie-silencer-ld","status":"publish","type":"product","link":"https:\/\/dienerprecisionpumps.com\/fr\/produit\/pompe-engrenage-serie-silencer-ld\/","title":{"rendered":"Pompe \u00e0 engrenages de pr\u00e9cision s\u00e9rie Silencer LD"},"content":{"rendered":"","protected":false},"featured_media":2594,"parent":0,"menu_order":0,"comment_status":"open","ping_status":"open","template":"","format":"standard","meta":{"_acf_changed":false,"inline_featured_image":false,"footnotes":""},"categories":[20],"tags":[],"class_list":["post-4634","product","type-product","status-publish","format-standard","has-post-thumbnail","hentry","category-pompes-a-engrenages"],"acf":[],"yoast_head":"<!-- This site is optimized with the Yoast SEO plugin v27.3 - https:\/\/yoast.com\/product\/yoast-seo-wordpress\/ -->\n<title>Pompe \u00e0 engrenages de pr\u00e9cision compacte | Diener Precision Pumps<\/title>\n<meta name=\"description\" content=\"La pompe \u00e0 engrenages de pr\u00e9cision Silencer LD est une extension de la pompe \u00e0 engrenages de la s\u00e9rie Silencer visant des applications plus \u00e9conomiques.\" \/>\n<meta name=\"robots\" content=\"index, follow, max-snippet:-1, max-image-preview:large, max-video-preview:-1\" \/>\n<link rel=\"canonical\" href=\"https:\/\/dienerprecisionpumps.com\/fr\/produit\/pompe-engrenage-serie-silencer-ld\/\" \/>\n<meta property=\"og:locale\" content=\"fr_FR\" \/>\n<meta property=\"og:type\" content=\"article\" \/>\n<meta property=\"og:title\" content=\"Pompe \u00e0 engrenages de pr\u00e9cision compacte | Diener Precision Pumps\" \/>\n<meta property=\"og:description\" content=\"La pompe \u00e0 engrenages de pr\u00e9cision Silencer LD est une extension de la pompe \u00e0 engrenages de la s\u00e9rie Silencer visant des applications plus \u00e9conomiques.\" \/>\n<meta property=\"og:url\" content=\"https:\/\/dienerprecisionpumps.com\/fr\/produit\/pompe-engrenage-serie-silencer-ld\/\" \/>\n<meta property=\"og:site_name\" content=\"Diener Precision Pumps\" \/>\n<meta property=\"article:modified_time\" content=\"2025-04-23T21:34:52+00:00\" \/>\n<meta property=\"og:image\" content=\"https:\/\/dienerprecisionpumps.com\/wp-content\/uploads\/2021\/01\/DPP-Silencer-LD-Precision-Gear-Pump.png\" \/>\n\t<meta property=\"og:image:width\" content=\"900\" \/>\n\t<meta property=\"og:image:height\" content=\"562\" \/>\n\t<meta property=\"og:image:type\" content=\"image\/png\" \/>\n<meta name=\"twitter:card\" content=\"summary_large_image\" \/>\n<!-- \/ Yoast SEO plugin. -->","yoast_head_json":{"title":"Pompe \u00e0 engrenages de pr\u00e9cision compacte | Diener Precision Pumps","description":"La pompe \u00e0 engrenages de pr\u00e9cision Silencer LD est une extension de la pompe \u00e0 engrenages de la s\u00e9rie Silencer visant des applications plus \u00e9conomiques.","robots":{"index":"index","follow":"follow","max-snippet":"max-snippet:-1","max-image-preview":"max-image-preview:large","max-video-preview":"max-video-preview:-1"},"canonical":"https:\/\/dienerprecisionpumps.com\/fr\/produit\/pompe-engrenage-serie-silencer-ld\/","og_locale":"fr_FR","og_type":"article","og_title":"Pompe \u00e0 engrenages de pr\u00e9cision compacte | Diener Precision Pumps","og_description":"La pompe \u00e0 engrenages de pr\u00e9cision Silencer LD est une extension de la pompe \u00e0 engrenages de la s\u00e9rie Silencer visant des applications plus \u00e9conomiques.","og_url":"https:\/\/dienerprecisionpumps.com\/fr\/produit\/pompe-engrenage-serie-silencer-ld\/","og_site_name":"Diener Precision Pumps","article_modified_time":"2025-04-23T21:34:52+00:00","og_image":[{"width":900,"height":562,"url":"https:\/\/dienerprecisionpumps.com\/wp-content\/uploads\/2021\/01\/DPP-Silencer-LD-Precision-Gear-Pump.png","type":"image\/png"}],"twitter_card":"summary_large_image","schema":{"@context":"https:\/\/schema.org","@graph":[{"@type":"WebPage","@id":"https:\/\/dienerprecisionpumps.com\/fr\/produit\/pompe-engrenage-serie-silencer-ld\/","url":"https:\/\/dienerprecisionpumps.com\/fr\/produit\/pompe-engrenage-serie-silencer-ld\/","name":"Pompe \u00e0 engrenages de pr\u00e9cision compacte | Diener Precision Pumps","isPartOf":{"@id":"https:\/\/dienerprecisionpumps.com\/fr\/#website"},"primaryImageOfPage":{"@id":"https:\/\/dienerprecisionpumps.com\/fr\/produit\/pompe-engrenage-serie-silencer-ld\/#primaryimage"},"image":{"@id":"https:\/\/dienerprecisionpumps.com\/fr\/produit\/pompe-engrenage-serie-silencer-ld\/#primaryimage"},"thumbnailUrl":"https:\/\/dienerprecisionpumps.com\/wp-content\/uploads\/2021\/01\/DPP-Silencer-LD-Precision-Gear-Pump.png","datePublished":"2021-01-19T09:35:20+00:00","dateModified":"2025-04-23T21:34:52+00:00","description":"La pompe \u00e0 engrenages de pr\u00e9cision Silencer LD est une extension de la pompe \u00e0 engrenages de la s\u00e9rie Silencer visant des applications plus \u00e9conomiques.","breadcrumb":{"@id":"https:\/\/dienerprecisionpumps.com\/fr\/produit\/pompe-engrenage-serie-silencer-ld\/#breadcrumb"},"inLanguage":"fr-FR","potentialAction":[{"@type":"ReadAction","target":["https:\/\/dienerprecisionpumps.com\/fr\/produit\/pompe-engrenage-serie-silencer-ld\/"]}]},{"@type":"ImageObject","inLanguage":"fr-FR","@id":"https:\/\/dienerprecisionpumps.com\/fr\/produit\/pompe-engrenage-serie-silencer-ld\/#primaryimage","url":"https:\/\/dienerprecisionpumps.com\/wp-content\/uploads\/2021\/01\/DPP-Silencer-LD-Precision-Gear-Pump.png","contentUrl":"https:\/\/dienerprecisionpumps.com\/wp-content\/uploads\/2021\/01\/DPP-Silencer-LD-Precision-Gear-Pump.png","width":900,"height":562,"caption":"DPP Pompe de pr\u00e9cision de la s\u00e9rie Silencer LD"},{"@type":"BreadcrumbList","@id":"https:\/\/dienerprecisionpumps.com\/fr\/produit\/pompe-engrenage-serie-silencer-ld\/#breadcrumb","itemListElement":[{"@type":"ListItem","position":1,"name":"Home","item":"https:\/\/dienerprecisionpumps.com\/fr\/"},{"@type":"ListItem","position":2,"name":"Pompe \u00e0 engrenages de pr\u00e9cision s\u00e9rie Silencer LD"}]},{"@type":"WebSite","@id":"https:\/\/dienerprecisionpumps.com\/fr\/#website","url":"https:\/\/dienerprecisionpumps.com\/fr\/","name":"Diener Precision Pumps","description":"Engineering your flow","publisher":{"@id":"https:\/\/dienerprecisionpumps.com\/fr\/#organization"},"potentialAction":[{"@type":"SearchAction","target":{"@type":"EntryPoint","urlTemplate":"https:\/\/dienerprecisionpumps.com\/fr\/?s={search_term_string}"},"query-input":{"@type":"PropertyValueSpecification","valueRequired":true,"valueName":"search_term_string"}}],"inLanguage":"fr-FR"},{"@type":"Organization","@id":"https:\/\/dienerprecisionpumps.com\/fr\/#organization","name":"Diener Precision Pumps","alternateName":"DPP","url":"https:\/\/dienerprecisionpumps.com\/fr\/","logo":{"@type":"ImageObject","inLanguage":"fr-FR","@id":"https:\/\/dienerprecisionpumps.com\/fr\/#\/schema\/logo\/image\/","url":"https:\/\/dienerprecisionpumps.com\/wp-content\/uploads\/2025\/07\/Diener-Precision-Pumps.svg","contentUrl":"https:\/\/dienerprecisionpumps.com\/wp-content\/uploads\/2025\/07\/Diener-Precision-Pumps.svg","width":179,"height":44,"caption":"Diener Precision Pumps"},"image":{"@id":"https:\/\/dienerprecisionpumps.com\/fr\/#\/schema\/logo\/image\/"},"sameAs":["https:\/\/www.linkedin.com\/company\/diener-precision-pumps\/","https:\/\/www.youtube.com\/@DienerPrecisionPumpsOfficial"]}]}},"_links":{"self":[{"href":"https:\/\/dienerprecisionpumps.com\/fr\/wp-json\/wp\/v2\/product\/4634","targetHints":{"allow":["GET"]}}],"collection":[{"href":"https:\/\/dienerprecisionpumps.com\/fr\/wp-json\/wp\/v2\/product"}],"about":[{"href":"https:\/\/dienerprecisionpumps.com\/fr\/wp-json\/wp\/v2\/types\/product"}],"replies":[{"embeddable":true,"href":"https:\/\/dienerprecisionpumps.com\/fr\/wp-json\/wp\/v2\/comments?post=4634"}],"version-history":[{"count":0,"href":"https:\/\/dienerprecisionpumps.com\/fr\/wp-json\/wp\/v2\/product\/4634\/revisions"}],"wp:featuredmedia":[{"embeddable":true,"href":"https:\/\/dienerprecisionpumps.com\/fr\/wp-json\/wp\/v2\/media\/2594"}],"wp:attachment":[{"href":"https:\/\/dienerprecisionpumps.com\/fr\/wp-json\/wp\/v2\/media?parent=4634"}],"wp:term":[{"taxonomy":"category","embeddable":true,"href":"https:\/\/dienerprecisionpumps.com\/fr\/wp-json\/wp\/v2\/categories?post=4634"},{"taxonomy":"post_tag","embeddable":true,"href":"https:\/\/dienerprecisionpumps.com\/fr\/wp-json\/wp\/v2\/tags?post=4634"}],"curies":[{"name":"wp","href":"https:\/\/api.w.org\/{rel}","templated":true}]}}