{"id":4617,"date":"2021-01-13T14:33:54","date_gmt":"2021-01-13T13:33:54","guid":{"rendered":"https:\/\/dienerprecisionpumps.com\/product\/dual-precision-series-micro-metering-pump\/"},"modified":"2025-04-23T23:33:02","modified_gmt":"2025-04-23T21:33:02","slug":"pompe-micro-doseuse-serie-dual-precision","status":"publish","type":"product","link":"https:\/\/dienerprecisionpumps.com\/fr\/produit\/pompe-micro-doseuse-serie-dual-precision\/","title":{"rendered":"Pompe micro-doseuse Dual-Precision Serie"},"content":{"rendered":"","protected":false},"featured_media":2390,"parent":0,"menu_order":0,"comment_status":"open","ping_status":"open","template":"","format":"standard","meta":{"_acf_changed":false,"inline_featured_image":false,"footnotes":""},"categories":[18],"tags":[],"class_list":["post-4617","product","type-product","status-publish","format-standard","has-post-thumbnail","hentry","category-pompes-doseuses"],"acf":[],"yoast_head":"<!-- This site is optimized with the Yoast SEO plugin v27.2 - https:\/\/yoast.com\/product\/yoast-seo-wordpress\/ -->\n<title>Pompes Micro-Doseuse, Dual-Precision | Diener Precision Pumps<\/title>\n<meta name=\"description\" content=\"La pompe Dual-Precision est id\u00e9ale avec deux pompes calibr\u00e9es connect\u00e9es au m\u00eame moteur pour un m\u00e9lange pr\u00e9cis, un dosage simultan\u00e9 ou une distribution d\u00e9phas\u00e9e.\" \/>\n<meta name=\"robots\" content=\"index, follow, max-snippet:-1, max-image-preview:large, max-video-preview:-1\" \/>\n<link rel=\"canonical\" href=\"https:\/\/dienerprecisionpumps.com\/fr\/produit\/pompe-micro-doseuse-serie-dual-precision\/\" \/>\n<meta property=\"og:locale\" content=\"fr_FR\" \/>\n<meta property=\"og:type\" content=\"article\" \/>\n<meta property=\"og:title\" content=\"Pompes Micro-Doseuse, Dual-Precision | Diener Precision Pumps\" \/>\n<meta property=\"og:description\" content=\"La pompe Dual-Precision est id\u00e9ale avec deux pompes calibr\u00e9es connect\u00e9es au m\u00eame moteur pour un m\u00e9lange pr\u00e9cis, un dosage simultan\u00e9 ou une distribution d\u00e9phas\u00e9e.\" \/>\n<meta property=\"og:url\" content=\"https:\/\/dienerprecisionpumps.com\/fr\/produit\/pompe-micro-doseuse-serie-dual-precision\/\" \/>\n<meta property=\"og:site_name\" content=\"Diener Precision Pumps\" \/>\n<meta property=\"article:modified_time\" content=\"2025-04-23T21:33:02+00:00\" \/>\n<meta property=\"og:image\" content=\"https:\/\/dienerprecisionpumps.com\/wp-content\/uploads\/2021\/01\/DPP-Dual-Precision-Series-Micro-Dosing-Pump-19mm-Double-Piston.png\" \/>\n\t<meta property=\"og:image:width\" content=\"1200\" \/>\n\t<meta property=\"og:image:height\" content=\"800\" \/>\n\t<meta property=\"og:image:type\" content=\"image\/png\" \/>\n<meta name=\"twitter:card\" content=\"summary_large_image\" \/>\n<!-- \/ Yoast SEO plugin. -->","yoast_head_json":{"title":"Pompes Micro-Doseuse, Dual-Precision | Diener Precision Pumps","description":"La pompe Dual-Precision est id\u00e9ale avec deux pompes calibr\u00e9es connect\u00e9es au m\u00eame moteur pour un m\u00e9lange pr\u00e9cis, un dosage simultan\u00e9 ou une distribution d\u00e9phas\u00e9e.","robots":{"index":"index","follow":"follow","max-snippet":"max-snippet:-1","max-image-preview":"max-image-preview:large","max-video-preview":"max-video-preview:-1"},"canonical":"https:\/\/dienerprecisionpumps.com\/fr\/produit\/pompe-micro-doseuse-serie-dual-precision\/","og_locale":"fr_FR","og_type":"article","og_title":"Pompes Micro-Doseuse, Dual-Precision | Diener Precision Pumps","og_description":"La pompe Dual-Precision est id\u00e9ale avec deux pompes calibr\u00e9es connect\u00e9es au m\u00eame moteur pour un m\u00e9lange pr\u00e9cis, un dosage simultan\u00e9 ou une distribution d\u00e9phas\u00e9e.","og_url":"https:\/\/dienerprecisionpumps.com\/fr\/produit\/pompe-micro-doseuse-serie-dual-precision\/","og_site_name":"Diener Precision Pumps","article_modified_time":"2025-04-23T21:33:02+00:00","og_image":[{"width":1200,"height":800,"url":"https:\/\/dienerprecisionpumps.com\/wp-content\/uploads\/2021\/01\/DPP-Dual-Precision-Series-Micro-Dosing-Pump-19mm-Double-Piston.png","type":"image\/png"}],"twitter_card":"summary_large_image","schema":{"@context":"https:\/\/schema.org","@graph":[{"@type":"WebPage","@id":"https:\/\/dienerprecisionpumps.com\/fr\/produit\/pompe-micro-doseuse-serie-dual-precision\/","url":"https:\/\/dienerprecisionpumps.com\/fr\/produit\/pompe-micro-doseuse-serie-dual-precision\/","name":"Pompes Micro-Doseuse, Dual-Precision | Diener Precision Pumps","isPartOf":{"@id":"https:\/\/dienerprecisionpumps.com\/fr\/#website"},"primaryImageOfPage":{"@id":"https:\/\/dienerprecisionpumps.com\/fr\/produit\/pompe-micro-doseuse-serie-dual-precision\/#primaryimage"},"image":{"@id":"https:\/\/dienerprecisionpumps.com\/fr\/produit\/pompe-micro-doseuse-serie-dual-precision\/#primaryimage"},"thumbnailUrl":"https:\/\/dienerprecisionpumps.com\/wp-content\/uploads\/2021\/01\/DPP-Dual-Precision-Series-Micro-Dosing-Pump-19mm-Double-Piston.png","datePublished":"2021-01-13T13:33:54+00:00","dateModified":"2025-04-23T21:33:02+00:00","description":"La pompe Dual-Precision est id\u00e9ale avec deux pompes calibr\u00e9es connect\u00e9es au m\u00eame moteur pour un m\u00e9lange pr\u00e9cis, un dosage simultan\u00e9 ou une distribution d\u00e9phas\u00e9e.","breadcrumb":{"@id":"https:\/\/dienerprecisionpumps.com\/fr\/produit\/pompe-micro-doseuse-serie-dual-precision\/#breadcrumb"},"inLanguage":"fr-FR","potentialAction":[{"@type":"ReadAction","target":["https:\/\/dienerprecisionpumps.com\/fr\/produit\/pompe-micro-doseuse-serie-dual-precision\/"]}]},{"@type":"ImageObject","inLanguage":"fr-FR","@id":"https:\/\/dienerprecisionpumps.com\/fr\/produit\/pompe-micro-doseuse-serie-dual-precision\/#primaryimage","url":"https:\/\/dienerprecisionpumps.com\/wp-content\/uploads\/2021\/01\/DPP-Dual-Precision-Series-Micro-Dosing-Pump-19mm-Double-Piston.png","contentUrl":"https:\/\/dienerprecisionpumps.com\/wp-content\/uploads\/2021\/01\/DPP-Dual-Precision-Series-Micro-Dosing-Pump-19mm-Double-Piston.png","width":1200,"height":800,"caption":"DPP Pompe micro-doseuse \u00e0 piston sans clapet \u00e0 double pr\u00e9contrainte"},{"@type":"BreadcrumbList","@id":"https:\/\/dienerprecisionpumps.com\/fr\/produit\/pompe-micro-doseuse-serie-dual-precision\/#breadcrumb","itemListElement":[{"@type":"ListItem","position":1,"name":"Home","item":"https:\/\/dienerprecisionpumps.com\/fr\/"},{"@type":"ListItem","position":2,"name":"Pompe micro-doseuse Dual-Precision Serie"}]},{"@type":"WebSite","@id":"https:\/\/dienerprecisionpumps.com\/fr\/#website","url":"https:\/\/dienerprecisionpumps.com\/fr\/","name":"Diener Precision Pumps","description":"Engineering your flow","publisher":{"@id":"https:\/\/dienerprecisionpumps.com\/fr\/#organization"},"potentialAction":[{"@type":"SearchAction","target":{"@type":"EntryPoint","urlTemplate":"https:\/\/dienerprecisionpumps.com\/fr\/?s={search_term_string}"},"query-input":{"@type":"PropertyValueSpecification","valueRequired":true,"valueName":"search_term_string"}}],"inLanguage":"fr-FR"},{"@type":"Organization","@id":"https:\/\/dienerprecisionpumps.com\/fr\/#organization","name":"Diener Precision Pumps","alternateName":"DPP","url":"https:\/\/dienerprecisionpumps.com\/fr\/","logo":{"@type":"ImageObject","inLanguage":"fr-FR","@id":"https:\/\/dienerprecisionpumps.com\/fr\/#\/schema\/logo\/image\/","url":"https:\/\/dienerprecisionpumps.com\/wp-content\/uploads\/2025\/07\/Diener-Precision-Pumps.svg","contentUrl":"https:\/\/dienerprecisionpumps.com\/wp-content\/uploads\/2025\/07\/Diener-Precision-Pumps.svg","width":179,"height":44,"caption":"Diener Precision Pumps"},"image":{"@id":"https:\/\/dienerprecisionpumps.com\/fr\/#\/schema\/logo\/image\/"},"sameAs":["https:\/\/www.linkedin.com\/company\/diener-precision-pumps\/","https:\/\/www.youtube.com\/@DienerPrecisionPumpsOfficial"]}]}},"_links":{"self":[{"href":"https:\/\/dienerprecisionpumps.com\/fr\/wp-json\/wp\/v2\/product\/4617","targetHints":{"allow":["GET"]}}],"collection":[{"href":"https:\/\/dienerprecisionpumps.com\/fr\/wp-json\/wp\/v2\/product"}],"about":[{"href":"https:\/\/dienerprecisionpumps.com\/fr\/wp-json\/wp\/v2\/types\/product"}],"replies":[{"embeddable":true,"href":"https:\/\/dienerprecisionpumps.com\/fr\/wp-json\/wp\/v2\/comments?post=4617"}],"version-history":[{"count":0,"href":"https:\/\/dienerprecisionpumps.com\/fr\/wp-json\/wp\/v2\/product\/4617\/revisions"}],"wp:featuredmedia":[{"embeddable":true,"href":"https:\/\/dienerprecisionpumps.com\/fr\/wp-json\/wp\/v2\/media\/2390"}],"wp:attachment":[{"href":"https:\/\/dienerprecisionpumps.com\/fr\/wp-json\/wp\/v2\/media?parent=4617"}],"wp:term":[{"taxonomy":"category","embeddable":true,"href":"https:\/\/dienerprecisionpumps.com\/fr\/wp-json\/wp\/v2\/categories?post=4617"},{"taxonomy":"post_tag","embeddable":true,"href":"https:\/\/dienerprecisionpumps.com\/fr\/wp-json\/wp\/v2\/tags?post=4617"}],"curies":[{"name":"wp","href":"https:\/\/api.w.org\/{rel}","templated":true}]}}