{"id":14980,"date":"2025-10-21T20:41:22","date_gmt":"2025-10-21T18:41:22","guid":{"rendered":"https:\/\/dienerprecisionpumps.com\/product\/pompe-a-engrenages-de-la-serie-multistream\/"},"modified":"2025-10-31T16:37:37","modified_gmt":"2025-10-31T15:37:37","slug":"pompe-a-engrenages-de-la-serie-multistream","status":"publish","type":"product","link":"https:\/\/dienerprecisionpumps.com\/fr\/produit\/pompe-a-engrenages-de-la-serie-multistream\/","title":{"rendered":"Pompe \u00e0 engrenages de la s\u00e9rie Multistream"},"content":{"rendered":"","protected":false},"featured_media":15085,"parent":0,"menu_order":0,"comment_status":"closed","ping_status":"closed","template":"","format":"standard","meta":{"_acf_changed":false,"inline_featured_image":false,"footnotes":""},"categories":[20],"tags":[],"class_list":["post-14980","product","type-product","status-publish","format-standard","has-post-thumbnail","hentry","category-pompes-a-engrenages"],"acf":[],"yoast_head":"<!-- This site is optimized with the Yoast SEO plugin v27.4 - https:\/\/yoast.com\/product\/yoast-seo-wordpress\/ -->\n<title>Pompe \u00e0 engrenages de la s\u00e9rie Multistream - Diener Precision Pumps<\/title>\n<meta name=\"description\" content=\"La pompe \u00e0 engrenages de la s\u00e9rie Multistream est une solution innovante pour les grands syst\u00e8mes, rempla\u00e7ant jusqu&#039;\u00e0 4 pompes par une seule pompe de haute qualit\u00e9.\" \/>\n<meta name=\"robots\" content=\"index, follow, max-snippet:-1, max-image-preview:large, max-video-preview:-1\" \/>\n<link rel=\"canonical\" href=\"https:\/\/dienerprecisionpumps.com\/fr\/produit\/pompe-a-engrenages-de-la-serie-multistream\/\" \/>\n<meta property=\"og:locale\" content=\"fr_FR\" \/>\n<meta property=\"og:type\" content=\"article\" \/>\n<meta property=\"og:title\" content=\"Pompe \u00e0 engrenages de la s\u00e9rie Multistream - Diener Precision Pumps\" \/>\n<meta property=\"og:description\" content=\"La pompe \u00e0 engrenages de la s\u00e9rie Multistream est une solution innovante pour les grands syst\u00e8mes, rempla\u00e7ant jusqu&#039;\u00e0 4 pompes par une seule pompe de haute qualit\u00e9.\" \/>\n<meta property=\"og:url\" content=\"https:\/\/dienerprecisionpumps.com\/fr\/produit\/pompe-a-engrenages-de-la-serie-multistream\/\" \/>\n<meta property=\"og:site_name\" content=\"Diener Precision Pumps\" \/>\n<meta property=\"article:modified_time\" content=\"2025-10-31T15:37:37+00:00\" \/>\n<meta property=\"og:image\" content=\"https:\/\/dienerprecisionpumps.com\/wp-content\/uploads\/2025\/07\/social-dpp-pump-mfg.jpg\" \/>\n\t<meta property=\"og:image:width\" content=\"1200\" \/>\n\t<meta property=\"og:image:height\" content=\"675\" \/>\n\t<meta property=\"og:image:type\" content=\"image\/jpeg\" \/>\n<meta name=\"twitter:card\" content=\"summary_large_image\" \/>\n<!-- \/ Yoast SEO plugin. -->","yoast_head_json":{"title":"Pompe \u00e0 engrenages de la s\u00e9rie Multistream - Diener Precision Pumps","description":"La pompe \u00e0 engrenages de la s\u00e9rie Multistream est une solution innovante pour les grands syst\u00e8mes, rempla\u00e7ant jusqu'\u00e0 4 pompes par une seule pompe de haute qualit\u00e9.","robots":{"index":"index","follow":"follow","max-snippet":"max-snippet:-1","max-image-preview":"max-image-preview:large","max-video-preview":"max-video-preview:-1"},"canonical":"https:\/\/dienerprecisionpumps.com\/fr\/produit\/pompe-a-engrenages-de-la-serie-multistream\/","og_locale":"fr_FR","og_type":"article","og_title":"Pompe \u00e0 engrenages de la s\u00e9rie Multistream - Diener Precision Pumps","og_description":"La pompe \u00e0 engrenages de la s\u00e9rie Multistream est une solution innovante pour les grands syst\u00e8mes, rempla\u00e7ant jusqu'\u00e0 4 pompes par une seule pompe de haute qualit\u00e9.","og_url":"https:\/\/dienerprecisionpumps.com\/fr\/produit\/pompe-a-engrenages-de-la-serie-multistream\/","og_site_name":"Diener Precision Pumps","article_modified_time":"2025-10-31T15:37:37+00:00","og_image":[{"width":1200,"height":675,"url":"https:\/\/dienerprecisionpumps.com\/wp-content\/uploads\/2025\/07\/social-dpp-pump-mfg.jpg","type":"image\/jpeg"}],"twitter_card":"summary_large_image","schema":{"@context":"https:\/\/schema.org","@graph":[{"@type":"WebPage","@id":"https:\/\/dienerprecisionpumps.com\/fr\/produit\/pompe-a-engrenages-de-la-serie-multistream\/","url":"https:\/\/dienerprecisionpumps.com\/fr\/produit\/pompe-a-engrenages-de-la-serie-multistream\/","name":"Pompe \u00e0 engrenages de la s\u00e9rie Multistream - Diener Precision Pumps","isPartOf":{"@id":"https:\/\/dienerprecisionpumps.com\/fr\/#website"},"primaryImageOfPage":{"@id":"https:\/\/dienerprecisionpumps.com\/fr\/produit\/pompe-a-engrenages-de-la-serie-multistream\/#primaryimage"},"image":{"@id":"https:\/\/dienerprecisionpumps.com\/fr\/produit\/pompe-a-engrenages-de-la-serie-multistream\/#primaryimage"},"thumbnailUrl":"https:\/\/dienerprecisionpumps.com\/wp-content\/uploads\/2026\/03\/multistream-series-gear-pump-feat.900.png","datePublished":"2025-10-21T18:41:22+00:00","dateModified":"2025-10-31T15:37:37+00:00","description":"La pompe \u00e0 engrenages de la s\u00e9rie Multistream est une solution innovante pour les grands syst\u00e8mes, rempla\u00e7ant jusqu'\u00e0 4 pompes par une seule pompe de haute qualit\u00e9.","breadcrumb":{"@id":"https:\/\/dienerprecisionpumps.com\/fr\/produit\/pompe-a-engrenages-de-la-serie-multistream\/#breadcrumb"},"inLanguage":"fr-FR","potentialAction":[{"@type":"ReadAction","target":["https:\/\/dienerprecisionpumps.com\/fr\/produit\/pompe-a-engrenages-de-la-serie-multistream\/"]}]},{"@type":"ImageObject","inLanguage":"fr-FR","@id":"https:\/\/dienerprecisionpumps.com\/fr\/produit\/pompe-a-engrenages-de-la-serie-multistream\/#primaryimage","url":"https:\/\/dienerprecisionpumps.com\/wp-content\/uploads\/2026\/03\/multistream-series-gear-pump-feat.900.png","contentUrl":"https:\/\/dienerprecisionpumps.com\/wp-content\/uploads\/2026\/03\/multistream-series-gear-pump-feat.900.png","width":900,"height":626},{"@type":"BreadcrumbList","@id":"https:\/\/dienerprecisionpumps.com\/fr\/produit\/pompe-a-engrenages-de-la-serie-multistream\/#breadcrumb","itemListElement":[{"@type":"ListItem","position":1,"name":"Home","item":"https:\/\/dienerprecisionpumps.com\/fr\/"},{"@type":"ListItem","position":2,"name":"Pompe \u00e0 engrenages de la s\u00e9rie Multistream"}]},{"@type":"WebSite","@id":"https:\/\/dienerprecisionpumps.com\/fr\/#website","url":"https:\/\/dienerprecisionpumps.com\/fr\/","name":"Diener Precision Pumps","description":"Engineering your flow","publisher":{"@id":"https:\/\/dienerprecisionpumps.com\/fr\/#organization"},"potentialAction":[{"@type":"SearchAction","target":{"@type":"EntryPoint","urlTemplate":"https:\/\/dienerprecisionpumps.com\/fr\/?s={search_term_string}"},"query-input":{"@type":"PropertyValueSpecification","valueRequired":true,"valueName":"search_term_string"}}],"inLanguage":"fr-FR"},{"@type":"Organization","@id":"https:\/\/dienerprecisionpumps.com\/fr\/#organization","name":"Diener Precision Pumps","alternateName":"DPP","url":"https:\/\/dienerprecisionpumps.com\/fr\/","logo":{"@type":"ImageObject","inLanguage":"fr-FR","@id":"https:\/\/dienerprecisionpumps.com\/fr\/#\/schema\/logo\/image\/","url":"https:\/\/dienerprecisionpumps.com\/wp-content\/uploads\/2025\/07\/Diener-Precision-Pumps.svg","contentUrl":"https:\/\/dienerprecisionpumps.com\/wp-content\/uploads\/2025\/07\/Diener-Precision-Pumps.svg","width":179,"height":44,"caption":"Diener Precision Pumps"},"image":{"@id":"https:\/\/dienerprecisionpumps.com\/fr\/#\/schema\/logo\/image\/"},"sameAs":["https:\/\/www.linkedin.com\/company\/diener-precision-pumps\/","https:\/\/www.youtube.com\/@DienerPrecisionPumpsOfficial"]}]}},"_links":{"self":[{"href":"https:\/\/dienerprecisionpumps.com\/fr\/wp-json\/wp\/v2\/product\/14980","targetHints":{"allow":["GET"]}}],"collection":[{"href":"https:\/\/dienerprecisionpumps.com\/fr\/wp-json\/wp\/v2\/product"}],"about":[{"href":"https:\/\/dienerprecisionpumps.com\/fr\/wp-json\/wp\/v2\/types\/product"}],"replies":[{"embeddable":true,"href":"https:\/\/dienerprecisionpumps.com\/fr\/wp-json\/wp\/v2\/comments?post=14980"}],"version-history":[{"count":0,"href":"https:\/\/dienerprecisionpumps.com\/fr\/wp-json\/wp\/v2\/product\/14980\/revisions"}],"wp:featuredmedia":[{"embeddable":true,"href":"https:\/\/dienerprecisionpumps.com\/fr\/wp-json\/wp\/v2\/media\/15085"}],"wp:attachment":[{"href":"https:\/\/dienerprecisionpumps.com\/fr\/wp-json\/wp\/v2\/media?parent=14980"}],"wp:term":[{"taxonomy":"category","embeddable":true,"href":"https:\/\/dienerprecisionpumps.com\/fr\/wp-json\/wp\/v2\/categories?post=14980"},{"taxonomy":"post_tag","embeddable":true,"href":"https:\/\/dienerprecisionpumps.com\/fr\/wp-json\/wp\/v2\/tags?post=14980"}],"curies":[{"name":"wp","href":"https:\/\/api.w.org\/{rel}","templated":true}]}}