{"id":14149,"date":"2025-04-02T00:02:20","date_gmt":"2025-04-01T22:02:20","guid":{"rendered":"https:\/\/dienerprecisionpumps.com\/?post_type=product&#038;p=14149"},"modified":"2025-04-23T23:37:27","modified_gmt":"2025-04-23T21:37:27","slug":"pompe-a-distribution-variable-serie-exacta","status":"publish","type":"product","link":"https:\/\/dienerprecisionpumps.com\/fr\/produit\/pompe-a-distribution-variable-serie-exacta\/","title":{"rendered":"Pompe \u00e0 D\u00e9bit Variable de la S\u00e9rie Exacta"},"content":{"rendered":"","protected":false},"featured_media":14236,"parent":0,"menu_order":0,"comment_status":"open","ping_status":"open","template":"","format":"standard","meta":{"_acf_changed":false,"inline_featured_image":false,"footnotes":""},"categories":[187],"tags":[],"class_list":["post-14149","product","type-product","status-publish","format-standard","has-post-thumbnail","hentry","category-pompes-a-distribution-variable"],"acf":[],"yoast_head":"<!-- This site is optimized with the Yoast SEO plugin v27.4 - https:\/\/yoast.com\/product\/yoast-seo-wordpress\/ -->\n<title>Pompe \u00e0 d\u00e9bit variable, s\u00e9rie Exacta | Diener Precision Pumps<\/title>\n<meta name=\"description\" content=\"La Pompe \u00e0 d\u00e9bit Variable Exacta de Diener Precision Pumps est con\u00e7ue pour le dosage de fluides de haute pr\u00e9cision dans les applications sensibles des technologies analytiques, diagnostiques et m\u00e9dicales.\" \/>\n<meta name=\"robots\" content=\"index, follow, max-snippet:-1, max-image-preview:large, max-video-preview:-1\" \/>\n<link rel=\"canonical\" href=\"https:\/\/dienerprecisionpumps.com\/fr\/produit\/pompe-a-distribution-variable-serie-exacta\/\" \/>\n<meta property=\"og:locale\" content=\"fr_FR\" \/>\n<meta property=\"og:type\" content=\"article\" \/>\n<meta property=\"og:title\" content=\"Pompe \u00e0 d\u00e9bit variable, s\u00e9rie Exacta | Diener Precision Pumps\" \/>\n<meta property=\"og:description\" content=\"La Pompe \u00e0 d\u00e9bit Variable Exacta de Diener Precision Pumps est con\u00e7ue pour le dosage de fluides de haute pr\u00e9cision dans les applications sensibles des technologies analytiques, diagnostiques et m\u00e9dicales.\" \/>\n<meta property=\"og:url\" content=\"https:\/\/dienerprecisionpumps.com\/fr\/produit\/pompe-a-distribution-variable-serie-exacta\/\" \/>\n<meta property=\"og:site_name\" content=\"Diener Precision Pumps\" \/>\n<meta property=\"article:modified_time\" content=\"2025-04-23T21:37:27+00:00\" \/>\n<meta property=\"og:image\" content=\"https:\/\/dienerprecisionpumps.com\/wp-content\/uploads\/2025\/04\/EPP071-PM-13-45deg-1200x900-1.png\" \/>\n\t<meta property=\"og:image:width\" content=\"1200\" \/>\n\t<meta property=\"og:image:height\" content=\"900\" \/>\n\t<meta property=\"og:image:type\" content=\"image\/png\" \/>\n<meta name=\"twitter:card\" content=\"summary_large_image\" \/>\n<!-- \/ Yoast SEO plugin. -->","yoast_head_json":{"title":"Pompe \u00e0 d\u00e9bit variable, s\u00e9rie Exacta | Diener Precision Pumps","description":"La Pompe \u00e0 d\u00e9bit Variable Exacta de Diener Precision Pumps est con\u00e7ue pour le dosage de fluides de haute pr\u00e9cision dans les applications sensibles des technologies analytiques, diagnostiques et m\u00e9dicales.","robots":{"index":"index","follow":"follow","max-snippet":"max-snippet:-1","max-image-preview":"max-image-preview:large","max-video-preview":"max-video-preview:-1"},"canonical":"https:\/\/dienerprecisionpumps.com\/fr\/produit\/pompe-a-distribution-variable-serie-exacta\/","og_locale":"fr_FR","og_type":"article","og_title":"Pompe \u00e0 d\u00e9bit variable, s\u00e9rie Exacta | Diener Precision Pumps","og_description":"La Pompe \u00e0 d\u00e9bit Variable Exacta de Diener Precision Pumps est con\u00e7ue pour le dosage de fluides de haute pr\u00e9cision dans les applications sensibles des technologies analytiques, diagnostiques et m\u00e9dicales.","og_url":"https:\/\/dienerprecisionpumps.com\/fr\/produit\/pompe-a-distribution-variable-serie-exacta\/","og_site_name":"Diener Precision Pumps","article_modified_time":"2025-04-23T21:37:27+00:00","og_image":[{"width":1200,"height":900,"url":"https:\/\/dienerprecisionpumps.com\/wp-content\/uploads\/2025\/04\/EPP071-PM-13-45deg-1200x900-1.png","type":"image\/png"}],"twitter_card":"summary_large_image","schema":{"@context":"https:\/\/schema.org","@graph":[{"@type":"WebPage","@id":"https:\/\/dienerprecisionpumps.com\/fr\/produit\/pompe-a-distribution-variable-serie-exacta\/","url":"https:\/\/dienerprecisionpumps.com\/fr\/produit\/pompe-a-distribution-variable-serie-exacta\/","name":"Pompe \u00e0 d\u00e9bit variable, s\u00e9rie Exacta | Diener Precision Pumps","isPartOf":{"@id":"https:\/\/dienerprecisionpumps.com\/fr\/#website"},"primaryImageOfPage":{"@id":"https:\/\/dienerprecisionpumps.com\/fr\/produit\/pompe-a-distribution-variable-serie-exacta\/#primaryimage"},"image":{"@id":"https:\/\/dienerprecisionpumps.com\/fr\/produit\/pompe-a-distribution-variable-serie-exacta\/#primaryimage"},"thumbnailUrl":"https:\/\/dienerprecisionpumps.com\/wp-content\/uploads\/2025\/04\/EPP071-PM-13-45deg-1200x900-1.png","datePublished":"2025-04-01T22:02:20+00:00","dateModified":"2025-04-23T21:37:27+00:00","description":"La Pompe \u00e0 d\u00e9bit Variable Exacta de Diener Precision Pumps est con\u00e7ue pour le dosage de fluides de haute pr\u00e9cision dans les applications sensibles des technologies analytiques, diagnostiques et m\u00e9dicales.","breadcrumb":{"@id":"https:\/\/dienerprecisionpumps.com\/fr\/produit\/pompe-a-distribution-variable-serie-exacta\/#breadcrumb"},"inLanguage":"fr-FR","potentialAction":[{"@type":"ReadAction","target":["https:\/\/dienerprecisionpumps.com\/fr\/produit\/pompe-a-distribution-variable-serie-exacta\/"]}]},{"@type":"ImageObject","inLanguage":"fr-FR","@id":"https:\/\/dienerprecisionpumps.com\/fr\/produit\/pompe-a-distribution-variable-serie-exacta\/#primaryimage","url":"https:\/\/dienerprecisionpumps.com\/wp-content\/uploads\/2025\/04\/EPP071-PM-13-45deg-1200x900-1.png","contentUrl":"https:\/\/dienerprecisionpumps.com\/wp-content\/uploads\/2025\/04\/EPP071-PM-13-45deg-1200x900-1.png","width":1200,"height":900,"caption":"Variable Dispense Pumps"},{"@type":"BreadcrumbList","@id":"https:\/\/dienerprecisionpumps.com\/fr\/produit\/pompe-a-distribution-variable-serie-exacta\/#breadcrumb","itemListElement":[{"@type":"ListItem","position":1,"name":"Home","item":"https:\/\/dienerprecisionpumps.com\/fr\/"},{"@type":"ListItem","position":2,"name":"Pompe \u00e0 D\u00e9bit Variable de la S\u00e9rie Exacta"}]},{"@type":"WebSite","@id":"https:\/\/dienerprecisionpumps.com\/fr\/#website","url":"https:\/\/dienerprecisionpumps.com\/fr\/","name":"Diener Precision Pumps","description":"Engineering your flow","publisher":{"@id":"https:\/\/dienerprecisionpumps.com\/fr\/#organization"},"potentialAction":[{"@type":"SearchAction","target":{"@type":"EntryPoint","urlTemplate":"https:\/\/dienerprecisionpumps.com\/fr\/?s={search_term_string}"},"query-input":{"@type":"PropertyValueSpecification","valueRequired":true,"valueName":"search_term_string"}}],"inLanguage":"fr-FR"},{"@type":"Organization","@id":"https:\/\/dienerprecisionpumps.com\/fr\/#organization","name":"Diener Precision Pumps","alternateName":"DPP","url":"https:\/\/dienerprecisionpumps.com\/fr\/","logo":{"@type":"ImageObject","inLanguage":"fr-FR","@id":"https:\/\/dienerprecisionpumps.com\/fr\/#\/schema\/logo\/image\/","url":"https:\/\/dienerprecisionpumps.com\/wp-content\/uploads\/2025\/07\/Diener-Precision-Pumps.svg","contentUrl":"https:\/\/dienerprecisionpumps.com\/wp-content\/uploads\/2025\/07\/Diener-Precision-Pumps.svg","width":179,"height":44,"caption":"Diener Precision Pumps"},"image":{"@id":"https:\/\/dienerprecisionpumps.com\/fr\/#\/schema\/logo\/image\/"},"sameAs":["https:\/\/www.linkedin.com\/company\/diener-precision-pumps\/","https:\/\/www.youtube.com\/@DienerPrecisionPumpsOfficial"]}]}},"_links":{"self":[{"href":"https:\/\/dienerprecisionpumps.com\/fr\/wp-json\/wp\/v2\/product\/14149","targetHints":{"allow":["GET"]}}],"collection":[{"href":"https:\/\/dienerprecisionpumps.com\/fr\/wp-json\/wp\/v2\/product"}],"about":[{"href":"https:\/\/dienerprecisionpumps.com\/fr\/wp-json\/wp\/v2\/types\/product"}],"replies":[{"embeddable":true,"href":"https:\/\/dienerprecisionpumps.com\/fr\/wp-json\/wp\/v2\/comments?post=14149"}],"version-history":[{"count":0,"href":"https:\/\/dienerprecisionpumps.com\/fr\/wp-json\/wp\/v2\/product\/14149\/revisions"}],"wp:featuredmedia":[{"embeddable":true,"href":"https:\/\/dienerprecisionpumps.com\/fr\/wp-json\/wp\/v2\/media\/14236"}],"wp:attachment":[{"href":"https:\/\/dienerprecisionpumps.com\/fr\/wp-json\/wp\/v2\/media?parent=14149"}],"wp:term":[{"taxonomy":"category","embeddable":true,"href":"https:\/\/dienerprecisionpumps.com\/fr\/wp-json\/wp\/v2\/categories?post=14149"},{"taxonomy":"post_tag","embeddable":true,"href":"https:\/\/dienerprecisionpumps.com\/fr\/wp-json\/wp\/v2\/tags?post=14149"}],"curies":[{"name":"wp","href":"https:\/\/api.w.org\/{rel}","templated":true}]}}