{"id":8150,"date":"2021-03-17T11:37:12","date_gmt":"2021-03-17T10:37:12","guid":{"rendered":"https:\/\/dienerprecisionpumps.com\/?page_id=8150"},"modified":"2024-10-18T15:48:57","modified_gmt":"2024-10-18T13:48:57","slug":"mention-legale","status":"publish","type":"page","link":"https:\/\/dienerprecisionpumps.com\/fr\/mention-legale\/","title":{"rendered":"Mentions l\u00e9gales"},"content":{"rendered":"\r\n<figure class=\"wp-block-table\">\r\n<table style=\"height: 154px;\" width=\"480\">\r\n<tbody>\r\n<tr>\r\n<td><strong>Diener Precision Pumps AG<\/strong><br \/>Stationsstrasse 66<br \/>8424 Embrach<br \/>Switzerland<br \/>Phone: +41 44 866 72 72<br \/><a href=\"mailto:switzerland@dpp.swiss\">switzerland@dpp.swiss<\/a><\/td>\r\n<td><strong>Diener Precision Pumps Inc.<\/strong><br \/>935 E. Turner Road<br \/>Lodi, CA 95240<br \/>USA<br \/>Phone: +1 209 365 0405<br \/><a href=\"mailto:info@dpp.us\">info@dpp.us<\/a><\/td>\r\n<\/tr>\r\n<\/tbody>\r\n<\/table>\r\n<\/figure>\r\n\r\n<h4>PDG et directeur responsable: Douglas Robinson<\/h4>\r\n<p>Tous les droits d&#8217;auteur et autres droits de propri\u00e9t\u00e9 intellectuelle concernant les textes, images et autres mat\u00e9riaux sur le pr\u00e9sent site Internet sont la propri\u00e9t\u00e9 de Diener Precision Pumps ou sont inclus avec la permission du d\u00e9tenteur respectif.<\/p>\r\n<h3>Clause de non responsabilit\u00e9<\/h3>\r\n<p>Aucune des informations fournies par Diener Precision Pumps ne constitue une garantie concernant la performance et l&#8217;utilisation du produit. Toute information concernant la performance et l\u2019utilisation est uniquement propos\u00e9e en guise de suggestion, pour \u00e9tude d&#8217;utilisation, sur la base de l&#8217;exp\u00e9rience de Diener Precision Pumps ou d&#8217;autres clients. DPP ne fait aucune garantie, expresse ou implicite, concernant l\u2019adaptabilit\u00e9 ou l&#8217;aptitude de l&#8217;un de ses produits pour un usage particulier. Il est de la responsabilit\u00e9 du client de d\u00e9terminer que le produit est s\u00fbr, l\u00e9gal et techniquement adapt\u00e9 pour l&#8217;usage pr\u00e9vu. La divulgation d&#8217;informations dans les pr\u00e9sentes n&#8217;est pas une licence sous laquelle fonctionner ou une recommandation \u00e0 transgresser un brevet.<\/p>\r\n<h3>Limite de garantie<\/h3>\r\n<p>Les produits fabriqu\u00e9s par Diener Precision Pumps sont garantis exempts de d\u00e9fauts de fabrication et de mat\u00e9riaux au moment de l&#8217;exp\u00e9dition depuis le site de fabrication. Diener Precision Pumps r\u00e9parera ou remplacera, \u00e0 sa discr\u00e9tion, toute pi\u00e8ce du produit non conforme \u00e0 cette garantie pendant une p\u00e9riode de dix-huit mois \u00e0 compter de la date de fabrication de la pompe. L&#8217;obligation de Diener Precision Pumps en vertu de cette garantie est limit\u00e9e \u00e0 la r\u00e9paration ou au remplacement de l\u2019\u00e9quipement d\u00e9fectueux, renvoy\u00e9 chez nous sur la base d&#8217;une destination FOB, \u00e0 condition que notre examen r\u00e9v\u00e8le que la pi\u00e8ce o\u00f9 les pi\u00e8ces \u00e9taient d\u00e9fectueuses au moment de l&#8217;exp\u00e9dition. L&#8217;ajustement ou le remplacement des pi\u00e8ces d\u00e9fectueuses dans le cadre de cette garantie ne prolonge pas la p\u00e9riode de garantie d&#8217;origine.<\/p>\r\n<p>La garantie d\u00e9crite ci-dessus est la garantie exclusive de Diener Precision Pumps et remplace toute autre garantie, expresse ou implicite, y compris toute garantie de valeur commerciale ou d\u2019aptitude \u00e0 un usage particulier, ou toute garantie pr\u00e9c\u00e9demment consentie. Diener Precision Pumps n\u2019assume ou n&#8217;autorise aucune personne \u00e0 assumer pour elle toute responsabilit\u00e9 en lien avec la vente et\/ou l&#8217;utilisation de ses produits.<\/p>\r\n<p>Aucune garantie qu&#8217;une quelconque nature n&#8217;est consentie ou ne pourra \u00eatre impos\u00e9e concernant une pompe ou ses pi\u00e8ces qui ont \u00e9t\u00e9 (1) mal install\u00e9es ou test\u00e9es en fonctionnement, (2) expos\u00e9es \u00e0 une mauvaise utilisation, \u00e0 de la n\u00e9gligence, \u00e0 des cas de force majeure ou aux \u00e9l\u00e9ments, ou tout autre forme de perte, ou (3) r\u00e9par\u00e9es ou modifi\u00e9es en dehors de l&#8217;usine de Diener Precision Pumps de mani\u00e8re \u00e0, d&#8217;apr\u00e8s notre jugement, affecter la performance ou la fiabilit\u00e9.<\/p>\r\n<p>Les parties conviennent que le recours unique et exclusif des acheteurs \u00e0 l&#8217;encontre de Diener Precision Pumps sera la r\u00e9paration ou le remplacement des pi\u00e8ces d\u00e9fectueuses dans les conditions stipul\u00e9es ci-dessus. L&#8217;acheteur convient qu\u2019il ne dispose d&#8217;aucun autre recours, y compris mais non limit\u00e9 \u00e0 des dommages dus \u00e0 des incidents ou cons\u00e9cutifs pour pertes de profits, pertes de ventes, pertes d&#8217;usage, blessures corporelles ou d\u00e9g\u00e2ts mat\u00e9riels ou tout autres perte due \u00e0 un incident ou cons\u00e9cutive.<\/p>\r\n<p>La pr\u00e9sente garantie ne s&#8217;applique pas aux prototypes, aux pompes exp\u00e9rimentales ou aux moteurs \u00e9lectriques achet\u00e9s. Notre garantie sur les unit\u00e9s mentionn\u00e9es ci-dessus est disponible sur demande.<\/p>","protected":false},"excerpt":{"rendered":"<p>Diener Precision Pumps AGStationsstrasse 668424 EmbrachSwitzerlandPhone: +41 44 866 72 72switzerland@dpp.swiss Diener Precision Pumps Inc.935 E. Turner RoadLodi, CA 95240USAPhone: +1 209 365 0405info@dpp.us PDG et directeur responsable: Douglas Robinson Tous les droits d&#8217;auteur et autres droits de propri\u00e9t\u00e9 intellectuelle concernant les textes, images et autres mat\u00e9riaux sur le pr\u00e9sent site Internet sont la propri\u00e9t\u00e9 [&hellip;]<\/p>\n","protected":false},"author":21,"featured_media":0,"parent":0,"menu_order":0,"comment_status":"closed","ping_status":"closed","template":"","meta":{"_acf_changed":false,"inline_featured_image":false,"footnotes":""},"class_list":["post-8150","page","type-page","status-publish","hentry"],"acf":[],"yoast_head":"<!-- This site is optimized with the Yoast SEO plugin v27.2 - https:\/\/yoast.com\/product\/yoast-seo-wordpress\/ -->\n<title>Mentions l\u00e9gales - Diener Precision Pumps<\/title>\n<meta name=\"description\" content=\"Tous les droits d&#039;auteur et autres droits de propri\u00e9t\u00e9 intellectuelle sur tous les textes, images et autres \u00e9l\u00e9ments de ce site Web sont la propri\u00e9t\u00e9 de DPP.\" \/>\n<meta name=\"robots\" content=\"index, follow, max-snippet:-1, max-image-preview:large, max-video-preview:-1\" \/>\n<link rel=\"canonical\" href=\"https:\/\/dienerprecisionpumps.com\/fr\/mention-legale\/\" \/>\n<meta property=\"og:locale\" content=\"fr_FR\" \/>\n<meta property=\"og:type\" content=\"article\" \/>\n<meta property=\"og:title\" content=\"Mentions l\u00e9gales - Diener Precision Pumps\" \/>\n<meta property=\"og:description\" content=\"Tous les droits d&#039;auteur et autres droits de propri\u00e9t\u00e9 intellectuelle sur tous les textes, images et autres \u00e9l\u00e9ments de ce site Web sont la propri\u00e9t\u00e9 de DPP.\" \/>\n<meta property=\"og:url\" content=\"https:\/\/dienerprecisionpumps.com\/fr\/mention-legale\/\" \/>\n<meta property=\"og:site_name\" content=\"Diener Precision Pumps\" \/>\n<meta property=\"article:modified_time\" content=\"2024-10-18T13:48:57+00:00\" \/>\n<meta property=\"og:image\" content=\"https:\/\/dienerprecisionpumps.com\/wp-content\/uploads\/2025\/07\/social-dpp-pump-mfg.jpg\" \/>\n\t<meta property=\"og:image:width\" content=\"1200\" \/>\n\t<meta property=\"og:image:height\" content=\"675\" \/>\n\t<meta property=\"og:image:type\" content=\"image\/jpeg\" \/>\n<meta name=\"twitter:card\" content=\"summary_large_image\" \/>\n<meta name=\"twitter:label1\" content=\"Dur\u00e9e de lecture estim\u00e9e\" \/>\n\t<meta name=\"twitter:data1\" content=\"3 minutes\" \/>\n<!-- \/ Yoast SEO plugin. -->","yoast_head_json":{"title":"Mentions l\u00e9gales - Diener Precision Pumps","description":"Tous les droits d'auteur et autres droits de propri\u00e9t\u00e9 intellectuelle sur tous les textes, images et autres \u00e9l\u00e9ments de ce site Web sont la propri\u00e9t\u00e9 de DPP.","robots":{"index":"index","follow":"follow","max-snippet":"max-snippet:-1","max-image-preview":"max-image-preview:large","max-video-preview":"max-video-preview:-1"},"canonical":"https:\/\/dienerprecisionpumps.com\/fr\/mention-legale\/","og_locale":"fr_FR","og_type":"article","og_title":"Mentions l\u00e9gales - Diener Precision Pumps","og_description":"Tous les droits d'auteur et autres droits de propri\u00e9t\u00e9 intellectuelle sur tous les textes, images et autres \u00e9l\u00e9ments de ce site Web sont la propri\u00e9t\u00e9 de DPP.","og_url":"https:\/\/dienerprecisionpumps.com\/fr\/mention-legale\/","og_site_name":"Diener Precision Pumps","article_modified_time":"2024-10-18T13:48:57+00:00","og_image":[{"width":1200,"height":675,"url":"https:\/\/dienerprecisionpumps.com\/wp-content\/uploads\/2025\/07\/social-dpp-pump-mfg.jpg","type":"image\/jpeg"}],"twitter_card":"summary_large_image","twitter_misc":{"Dur\u00e9e de lecture estim\u00e9e":"3 minutes"},"schema":{"@context":"https:\/\/schema.org","@graph":[{"@type":"WebPage","@id":"https:\/\/dienerprecisionpumps.com\/fr\/mention-legale\/","url":"https:\/\/dienerprecisionpumps.com\/fr\/mention-legale\/","name":"Mentions l\u00e9gales - Diener Precision Pumps","isPartOf":{"@id":"https:\/\/dienerprecisionpumps.com\/fr\/#website"},"datePublished":"2021-03-17T10:37:12+00:00","dateModified":"2024-10-18T13:48:57+00:00","description":"Tous les droits d'auteur et autres droits de propri\u00e9t\u00e9 intellectuelle sur tous les textes, images et autres \u00e9l\u00e9ments de ce site Web sont la propri\u00e9t\u00e9 de DPP.","breadcrumb":{"@id":"https:\/\/dienerprecisionpumps.com\/fr\/mention-legale\/#breadcrumb"},"inLanguage":"fr-FR","potentialAction":[{"@type":"ReadAction","target":["https:\/\/dienerprecisionpumps.com\/fr\/mention-legale\/"]}]},{"@type":"BreadcrumbList","@id":"https:\/\/dienerprecisionpumps.com\/fr\/mention-legale\/#breadcrumb","itemListElement":[{"@type":"ListItem","position":1,"name":"Home","item":"https:\/\/dienerprecisionpumps.com\/fr\/"},{"@type":"ListItem","position":2,"name":"Mentions l\u00e9gales"}]},{"@type":"WebSite","@id":"https:\/\/dienerprecisionpumps.com\/fr\/#website","url":"https:\/\/dienerprecisionpumps.com\/fr\/","name":"Diener Precision Pumps","description":"Engineering your flow","publisher":{"@id":"https:\/\/dienerprecisionpumps.com\/fr\/#organization"},"potentialAction":[{"@type":"SearchAction","target":{"@type":"EntryPoint","urlTemplate":"https:\/\/dienerprecisionpumps.com\/fr\/?s={search_term_string}"},"query-input":{"@type":"PropertyValueSpecification","valueRequired":true,"valueName":"search_term_string"}}],"inLanguage":"fr-FR"},{"@type":"Organization","@id":"https:\/\/dienerprecisionpumps.com\/fr\/#organization","name":"Diener Precision Pumps","alternateName":"DPP","url":"https:\/\/dienerprecisionpumps.com\/fr\/","logo":{"@type":"ImageObject","inLanguage":"fr-FR","@id":"https:\/\/dienerprecisionpumps.com\/fr\/#\/schema\/logo\/image\/","url":"https:\/\/dienerprecisionpumps.com\/wp-content\/uploads\/2025\/07\/Diener-Precision-Pumps.svg","contentUrl":"https:\/\/dienerprecisionpumps.com\/wp-content\/uploads\/2025\/07\/Diener-Precision-Pumps.svg","width":179,"height":44,"caption":"Diener Precision Pumps"},"image":{"@id":"https:\/\/dienerprecisionpumps.com\/fr\/#\/schema\/logo\/image\/"},"sameAs":["https:\/\/www.linkedin.com\/company\/diener-precision-pumps\/","https:\/\/www.youtube.com\/@DienerPrecisionPumpsOfficial"]}]}},"_links":{"self":[{"href":"https:\/\/dienerprecisionpumps.com\/fr\/wp-json\/wp\/v2\/pages\/8150","targetHints":{"allow":["GET"]}}],"collection":[{"href":"https:\/\/dienerprecisionpumps.com\/fr\/wp-json\/wp\/v2\/pages"}],"about":[{"href":"https:\/\/dienerprecisionpumps.com\/fr\/wp-json\/wp\/v2\/types\/page"}],"author":[{"embeddable":true,"href":"https:\/\/dienerprecisionpumps.com\/fr\/wp-json\/wp\/v2\/users\/21"}],"replies":[{"embeddable":true,"href":"https:\/\/dienerprecisionpumps.com\/fr\/wp-json\/wp\/v2\/comments?post=8150"}],"version-history":[{"count":0,"href":"https:\/\/dienerprecisionpumps.com\/fr\/wp-json\/wp\/v2\/pages\/8150\/revisions"}],"wp:attachment":[{"href":"https:\/\/dienerprecisionpumps.com\/fr\/wp-json\/wp\/v2\/media?parent=8150"}],"curies":[{"name":"wp","href":"https:\/\/api.w.org\/{rel}","templated":true}]}}