{"id":8144,"date":"2021-03-17T11:45:23","date_gmt":"2021-03-17T10:45:23","guid":{"rendered":"https:\/\/dienerprecisionpumps.com\/nutzungsbedingungen-der-website\/"},"modified":"2022-01-07T17:22:04","modified_gmt":"2022-01-07T16:22:04","slug":"conditions-generales-utilisation-site-web","status":"publish","type":"page","link":"https:\/\/dienerprecisionpumps.com\/fr\/conditions-generales-utilisation-site-web\/","title":{"rendered":"Conditions g\u00e9n\u00e9rales d&#8217;utilisation du site Web"},"content":{"rendered":"<h2>Nos Conditions G\u00e9n\u00e9rales d&#8217;Utilisation<\/h2>\n<p>Veuillez lire nos Conditions G\u00e9n\u00e9rales d&#8217;Utilisation avant d&#8217;utiliser les informations fournies sur le site Internet de Diener Precision Pumps. Cet accord r\u00e9git les conditions dans lesquelles vous pouvez acc\u00e9der \u00e0 notre site Web et utiliser notre pr\u00e9sence en ligne. Lorsque vous utilisez notre site Web, vous consentez \u00e0 la nature contraignante des termes de cet accord.<\/p>\n<h3>Droits d&#8217;auteur<\/h3>\n<p>L&#8217;ensemble du contenu du site Web Diener Precision Pumps est couvert par le droit d&#8217;auteur et le droit des marques. Vous pouvez t\u00e9l\u00e9charger ou imprimer du mat\u00e9riel \u00e0 partir du site Web, strictement pour votre propre usage ou celui de votre entreprise, \u00e0 condition que vous ne modifiiez pas le contenu ou ne supprimiez aucune information relative au droit d&#8217;auteur ou \u00e0 la propri\u00e9t\u00e9.<br \/>\nAucune garantie<\/p>\n<p>Diener Precision Pumps fait des efforts raisonnables pour assurer la fiabilit\u00e9 des informations pr\u00e9sent\u00e9es sur le site Web, mais ne donne aucune garantie ou repr\u00e9sentation de quelque nature que ce soit quant \u00e0 son exactitude ou sa fiabilit\u00e9.<\/p>\n<h3>Limitation de responsabilit\u00e9<\/h3>\n<p>Diener Precision Pumps met en service les services d&#8217;un service d&#8217;h\u00e9bergement et de webmaster de qualit\u00e9, cependant la soci\u00e9t\u00e9 d\u00e9cline, sans limitation, toute responsabilit\u00e9 pour toute perte ou dommage de toute nature, y compris tout dommage direct, indirect ou cons\u00e9cutif, qui pourrait \u00eatre encouru du fait de l&#8217;utilisation de ou l&#8217;acc\u00e8s au site Web, ou tout lien vers des sites Web tiers. Cette clause s&#8217;\u00e9tend \u00e9galement aux pertes et dommages caus\u00e9s par des virus.<\/p>\n<h3>Liens vers des sites tiers<\/h3>\n<p>Ce site Web peut fournir des liens vers d&#8217;autres sites Web. Diener Precision Pumps n&#8217;a pas enti\u00e8rement examin\u00e9 toutes les pages li\u00e9es \u00e0 ce site Web et ne peut \u00eatre tenue responsable de leur contenu. Les utilisateurs se connectent \u00e0 d&#8217;autres sites \u00e0 leurs propres risques et utilisent ces sites conform\u00e9ment aux conditions g\u00e9n\u00e9rales d&#8217;utilisation de ces sites. La fourniture de liens vers des sites Web tiers ne doit pas \u00eatre consid\u00e9r\u00e9e comme une approbation par Diener Precision Pumps.<\/p>\n<h3>Mise \u00e0 jour du contenu<\/h3>\n<p>Diener Precision Pumps se r\u00e9serve le droit d&#8217;apporter des am\u00e9liorations et \/ ou des modifications aux documents et \/ ou autres \u00e9l\u00e9ments contenus sur ce site Web \u00e0 tout moment et sans pr\u00e9avis.<\/p>\n<h3>Loi applicable et juridiction<\/h3>\n<p>Sous r\u00e9serve des conditions g\u00e9n\u00e9rales \u00e9nonc\u00e9es dans les pr\u00e9sentes, toute utilisation du site Web et tous les litiges juridiques qui en d\u00e9coulent sont exclusivement r\u00e9gis par le droit suisse. Le for exclusif est la Suisse.<\/p>\n<h3>Confidentialit\u00e9 des plugins sociaux<\/h3>\n<p>Notre site Web utilise des plugins sociaux (\u00abplugins\u00bb) fournis par le r\u00e9seau social facebook.com, exploit\u00e9 par Facebook Inc., 1601 S. California Avenue, Palo Alto, CA 94304, \u00c9tats-Unis (\u00abFacebook\u00bb). Les plugins sont identifiables par un logo Facebook (lettre f blanche sur fond bleu ou une ic\u00f4ne pouce vers le haut) ou la mention \u00abFacebook Social Plugin\u00bb. Pour une liste compl\u00e8te de tous les plugins sociaux, veuillez consulter les d\u00e9veloppeurs.facebook.com\/plugins.<\/p>\n<p>Lorsque vous visitez une page de notre site Web contenant un plugin social, votre navigateur \u00e9tablit une connexion directe aux serveurs Facebook. Facebook transf\u00e8re directement le contenu du plugin \u00e0 votre navigateur qui int\u00e8gre ce dernier dans le site Web, permettant \u00e0 Facebook de recevoir des informations sur votre acc\u00e8s \u00e0 la page respective de notre site Web. Ainsi nous n&#8217;avons aucune influence sur les donn\u00e9es collect\u00e9es par le plugin et vous informons en fonction de notre \u00e9tat de connaissance:<\/p>\n<p>Les plugins int\u00e9gr\u00e9s fournissent \u00e0 Facebook les informations que vous avez acc\u00e9d\u00e9 \u00e0 la page correspondante de notre site Web. Si vous \u00eates connect\u00e9 \u00e0 Facebook, votre visite peut \u00eatre attribu\u00e9e \u00e0 votre compte Facebook. Si vous interagissez avec les plugins, par exemple en cliquant sur \u00abJ&#8217;aime\u00bb ou en entrant un commentaire, les informations correspondantes sont transmises de votre navigateur directement \u00e0 Facebook et stock\u00e9es par celui-ci. M\u00eame si vous n&#8217;\u00eates pas connect\u00e9 \u00e0 Facebook, il est possible que les plugins transmettent votre adresse IP \u00e0 Facebook.<\/p>\n<p>Pour plus d&#8217;informations sur le but et la port\u00e9e de la collecte et du traitement des donn\u00e9es par Facebook, ainsi que sur vos droits \u00e0 cet \u00e9gard et les options de param\u00e9trage pour prot\u00e9ger votre vie priv\u00e9e, veuillez consulter la politique de confidentialit\u00e9 de Facebook: www.facebook.com\/policy.php.<\/p>\n<p>Si vous \u00eates membre de Facebook et que vous ne souhaitez pas que Facebook connecte les donn\u00e9es concernant votre visite sur notre site Web avec vos donn\u00e9es de membre d\u00e9j\u00e0 stock\u00e9es par Facebook, veuillez vous d\u00e9connecter de Facebook avant d&#8217;acc\u00e9der \u00e0 notre site Web. De plus, vous pouvez bloquer les plugins sociaux Facebook en utilisant des modules compl\u00e9mentaires pour votre navigateur, comme le \u00abFacebook Blocker\u00bb.<\/p>\n","protected":false},"excerpt":{"rendered":"<p>Nos Conditions G\u00e9n\u00e9rales d&#8217;Utilisation Veuillez lire nos Conditions G\u00e9n\u00e9rales d&#8217;Utilisation avant d&#8217;utiliser les informations fournies sur le site Internet de Diener Precision Pumps. Cet accord r\u00e9git les conditions dans lesquelles vous pouvez acc\u00e9der \u00e0 notre site Web et utiliser notre pr\u00e9sence en ligne. Lorsque vous utilisez notre site Web, vous consentez \u00e0 la nature contraignante [&hellip;]<\/p>\n","protected":false},"author":21,"featured_media":0,"parent":0,"menu_order":0,"comment_status":"closed","ping_status":"closed","template":"","meta":{"_acf_changed":false,"inline_featured_image":false,"footnotes":""},"class_list":["post-8144","page","type-page","status-publish","hentry"],"acf":[],"yoast_head":"<!-- This site is optimized with the Yoast SEO plugin v27.5 - https:\/\/yoast.com\/product\/yoast-seo-wordpress\/ -->\n<title>Conditions g\u00e9n\u00e9rales d&#039;utilisation du site Web - Diener Precision Pumps<\/title>\n<meta name=\"description\" content=\"Veuillez lire nos conditions g\u00e9n\u00e9rales d&#039;utilisation avant d&#039;utiliser les informations fournies sur le site Web Diener Precision Pumps.\" \/>\n<meta name=\"robots\" content=\"index, follow, max-snippet:-1, max-image-preview:large, max-video-preview:-1\" \/>\n<link rel=\"canonical\" href=\"https:\/\/dienerprecisionpumps.com\/fr\/conditions-generales-utilisation-site-web\/\" \/>\n<meta property=\"og:locale\" content=\"fr_FR\" \/>\n<meta property=\"og:type\" content=\"article\" \/>\n<meta property=\"og:title\" content=\"Conditions g\u00e9n\u00e9rales d&#039;utilisation du site Web - Diener Precision Pumps\" \/>\n<meta property=\"og:description\" content=\"Veuillez lire nos conditions g\u00e9n\u00e9rales d&#039;utilisation avant d&#039;utiliser les informations fournies sur le site Web Diener Precision Pumps.\" \/>\n<meta property=\"og:url\" content=\"https:\/\/dienerprecisionpumps.com\/fr\/conditions-generales-utilisation-site-web\/\" \/>\n<meta property=\"og:site_name\" content=\"Diener Precision Pumps\" \/>\n<meta property=\"article:modified_time\" content=\"2022-01-07T16:22:04+00:00\" \/>\n<meta property=\"og:image\" content=\"https:\/\/dienerprecisionpumps.com\/wp-content\/uploads\/2025\/07\/social-dpp-pump-mfg.jpg\" \/>\n\t<meta property=\"og:image:width\" content=\"1200\" \/>\n\t<meta property=\"og:image:height\" content=\"675\" \/>\n\t<meta property=\"og:image:type\" content=\"image\/jpeg\" \/>\n<meta name=\"twitter:card\" content=\"summary_large_image\" \/>\n<meta name=\"twitter:label1\" content=\"Dur\u00e9e de lecture estim\u00e9e\" \/>\n\t<meta name=\"twitter:data1\" content=\"4 minutes\" \/>\n<!-- \/ Yoast SEO plugin. -->","yoast_head_json":{"title":"Conditions g\u00e9n\u00e9rales d'utilisation du site Web - Diener Precision Pumps","description":"Veuillez lire nos conditions g\u00e9n\u00e9rales d'utilisation avant d'utiliser les informations fournies sur le site Web Diener Precision Pumps.","robots":{"index":"index","follow":"follow","max-snippet":"max-snippet:-1","max-image-preview":"max-image-preview:large","max-video-preview":"max-video-preview:-1"},"canonical":"https:\/\/dienerprecisionpumps.com\/fr\/conditions-generales-utilisation-site-web\/","og_locale":"fr_FR","og_type":"article","og_title":"Conditions g\u00e9n\u00e9rales d'utilisation du site Web - Diener Precision Pumps","og_description":"Veuillez lire nos conditions g\u00e9n\u00e9rales d'utilisation avant d'utiliser les informations fournies sur le site Web Diener Precision Pumps.","og_url":"https:\/\/dienerprecisionpumps.com\/fr\/conditions-generales-utilisation-site-web\/","og_site_name":"Diener Precision Pumps","article_modified_time":"2022-01-07T16:22:04+00:00","og_image":[{"width":1200,"height":675,"url":"https:\/\/dienerprecisionpumps.com\/wp-content\/uploads\/2025\/07\/social-dpp-pump-mfg.jpg","type":"image\/jpeg"}],"twitter_card":"summary_large_image","twitter_misc":{"Dur\u00e9e de lecture estim\u00e9e":"4 minutes"},"schema":{"@context":"https:\/\/schema.org","@graph":[{"@type":"WebPage","@id":"https:\/\/dienerprecisionpumps.com\/fr\/conditions-generales-utilisation-site-web\/","url":"https:\/\/dienerprecisionpumps.com\/fr\/conditions-generales-utilisation-site-web\/","name":"Conditions g\u00e9n\u00e9rales d'utilisation du site Web - Diener Precision Pumps","isPartOf":{"@id":"https:\/\/dienerprecisionpumps.com\/fr\/#website"},"datePublished":"2021-03-17T10:45:23+00:00","dateModified":"2022-01-07T16:22:04+00:00","description":"Veuillez lire nos conditions g\u00e9n\u00e9rales d'utilisation avant d'utiliser les informations fournies sur le site Web Diener Precision Pumps.","breadcrumb":{"@id":"https:\/\/dienerprecisionpumps.com\/fr\/conditions-generales-utilisation-site-web\/#breadcrumb"},"inLanguage":"fr-FR","potentialAction":[{"@type":"ReadAction","target":["https:\/\/dienerprecisionpumps.com\/fr\/conditions-generales-utilisation-site-web\/"]}]},{"@type":"BreadcrumbList","@id":"https:\/\/dienerprecisionpumps.com\/fr\/conditions-generales-utilisation-site-web\/#breadcrumb","itemListElement":[{"@type":"ListItem","position":1,"name":"Home","item":"https:\/\/dienerprecisionpumps.com\/fr\/"},{"@type":"ListItem","position":2,"name":"Conditions g\u00e9n\u00e9rales d&rsquo;utilisation du site Web"}]},{"@type":"WebSite","@id":"https:\/\/dienerprecisionpumps.com\/fr\/#website","url":"https:\/\/dienerprecisionpumps.com\/fr\/","name":"Diener Precision Pumps","description":"Engineering your flow","publisher":{"@id":"https:\/\/dienerprecisionpumps.com\/fr\/#organization"},"potentialAction":[{"@type":"SearchAction","target":{"@type":"EntryPoint","urlTemplate":"https:\/\/dienerprecisionpumps.com\/fr\/?s={search_term_string}"},"query-input":{"@type":"PropertyValueSpecification","valueRequired":true,"valueName":"search_term_string"}}],"inLanguage":"fr-FR"},{"@type":"Organization","@id":"https:\/\/dienerprecisionpumps.com\/fr\/#organization","name":"Diener Precision Pumps","alternateName":"DPP","url":"https:\/\/dienerprecisionpumps.com\/fr\/","logo":{"@type":"ImageObject","inLanguage":"fr-FR","@id":"https:\/\/dienerprecisionpumps.com\/fr\/#\/schema\/logo\/image\/","url":"https:\/\/dienerprecisionpumps.com\/wp-content\/uploads\/2025\/07\/Diener-Precision-Pumps.svg","contentUrl":"https:\/\/dienerprecisionpumps.com\/wp-content\/uploads\/2025\/07\/Diener-Precision-Pumps.svg","width":179,"height":44,"caption":"Diener Precision Pumps"},"image":{"@id":"https:\/\/dienerprecisionpumps.com\/fr\/#\/schema\/logo\/image\/"},"sameAs":["https:\/\/www.linkedin.com\/company\/diener-precision-pumps\/","https:\/\/www.youtube.com\/@DienerPrecisionPumpsOfficial"]}]}},"_links":{"self":[{"href":"https:\/\/dienerprecisionpumps.com\/fr\/wp-json\/wp\/v2\/pages\/8144","targetHints":{"allow":["GET"]}}],"collection":[{"href":"https:\/\/dienerprecisionpumps.com\/fr\/wp-json\/wp\/v2\/pages"}],"about":[{"href":"https:\/\/dienerprecisionpumps.com\/fr\/wp-json\/wp\/v2\/types\/page"}],"author":[{"embeddable":true,"href":"https:\/\/dienerprecisionpumps.com\/fr\/wp-json\/wp\/v2\/users\/21"}],"replies":[{"embeddable":true,"href":"https:\/\/dienerprecisionpumps.com\/fr\/wp-json\/wp\/v2\/comments?post=8144"}],"version-history":[{"count":0,"href":"https:\/\/dienerprecisionpumps.com\/fr\/wp-json\/wp\/v2\/pages\/8144\/revisions"}],"wp:attachment":[{"href":"https:\/\/dienerprecisionpumps.com\/fr\/wp-json\/wp\/v2\/media?parent=8144"}],"curies":[{"name":"wp","href":"https:\/\/api.w.org\/{rel}","templated":true}]}}