{"id":8119,"date":"2021-03-17T11:48:10","date_gmt":"2021-03-17T10:48:10","guid":{"rendered":"https:\/\/dienerprecisionpumps.com\/dpp-terms-and-conditions\/"},"modified":"2024-10-18T15:47:55","modified_gmt":"2024-10-18T13:47:55","slug":"conditions-generales-dpp","status":"publish","type":"page","link":"https:\/\/dienerprecisionpumps.com\/fr\/conditions-generales-dpp\/","title":{"rendered":"Conditions g\u00e9n\u00e9rales de Diener"},"content":{"rendered":"<h2>Conditions g\u00e9n\u00e9rales de Diener<\/h2>\n<h3>1. G\u00e9n\u00e9ral<\/h3>\n<p>1.1 Les pr\u00e9sentes conditions g\u00e9n\u00e9rales de vente et de livraison sont valables pour toutes les offres et contrats de Diener Precision Pumps (ci-apr\u00e8s d\u00e9nomm\u00e9s DPP).<br \/>1.2 Toutes autres conditions stipul\u00e9es par le client qui sont en contradiction avec les pr\u00e9sentes conditions g\u00e9n\u00e9rales ne sont valables que si elles sont express\u00e9ment accept\u00e9es par \u00e9crit par DPP.<br \/>1.3 Tous les accords et d\u00e9clarations juridiquement pertinentes des parties au contrat doivent \u00eatre \u00e9crits pour \u00eatre valables.<\/p>\n<h3>2. Port\u00e9e des marchandises<\/h3>\n<p>2.1 Les marchandises sont sp\u00e9cifi\u00e9es dans la confirmation de commande (y compris les \u00e9ventuelles annexes et pi\u00e8ces jointes).<br \/>2.2 Tous les produits sont fabriqu\u00e9s sur mesure, con\u00e7us, d\u00e9velopp\u00e9s et fabriqu\u00e9s selon les sp\u00e9cifications du client. Ainsi, toutes les commandes sont de nature solide et ne peuvent pas \u00eatre reprogramm\u00e9es ni annul\u00e9es. Il en va de m\u00eame pour les commandes de service.<\/p>\n<h3>3. Prix<\/h3>\n<p>3.1 Tous les prix sont r\u00e9put\u00e9s \u00eatre nets d\u00e9part usine, en francs suisses ou USD et ne comprennent pas les frais d&#8217;emballage, de transport, d&#8217;assurance et les droits.<br \/>3.2 Les pr\u00e9cautions \u00e0 prendre en cas de fluctuation des devises sont \u00e0 la charge du client.<\/p>\n<h3>4. Conditions de paiement<\/h3>\n<p>4.1 Les paiements seront effectu\u00e9s dans un d\u00e9lai de 30 jours net.<br \/>4.2 Les paiements seront effectu\u00e9s par le client \u00e0 l&#8217;adresse enregistr\u00e9e de DPP sans aucune d\u00e9duction pour les frais d&#8217;escompte, les taxes ou droits de toute nature. D&#8217;autres conditions de paiement peuvent \u00eatre convenues s\u00e9par\u00e9ment.<br \/>4.3 En cas de retard de paiement, DPP est en droit d&#8217;interrompre les livraisons pr\u00e9vues et de facturer un int\u00e9r\u00eat de retard de 6% par an.<br \/>4.4 Les marchandises livr\u00e9es resteront la propri\u00e9t\u00e9 de DPP jusqu&#8217;au r\u00e8glement int\u00e9gral du paiement par le client.<\/p>\n<h3>5. D\u00e9lai d&#8217;ex\u00e9cution<\/h3>\n<p>5.1 Le d\u00e9lai commence d\u00e8s que le contrat a \u00e9t\u00e9 conclu et que tous les points techniques ont \u00e9t\u00e9 r\u00e9gl\u00e9s.<br \/>5.2 Le d\u00e9lai de livraison sera raisonnablement prolong\u00e9:<\/p>\n<ul>\n<li>si les informations requises par DPP pour l&#8217;ex\u00e9cution du contrat ne sont pas re\u00e7ues \u00e0 temps, ou si le client les modifie ult\u00e9rieurement.<\/li>\n<li>si les conditions de paiement convenues ne sont pas respect\u00e9es ou si les lettres de cr\u00e9dit sont ouvertes trop tard<\/li>\n<li>si des probl\u00e8mes surviennent que DPP ne peut pas emp\u00eacher malgr\u00e9 l&#8217;utilisation des soins requis, qu&#8217;ils affectent DPP, le client ou un tiers. Ces probl\u00e8mes comprennent, sans s&#8217;y limiter, les \u00e9pid\u00e9mies, la mobilisation, la guerre, la r\u00e9volution, les pannes graves des travaux, les accidents, les conflits de travail, la livraison tardive ou d\u00e9fectueuse par des sous-traitants de mati\u00e8res premi\u00e8res, de produits semi-finis ou finis, la n\u00e9cessit\u00e9 de mettre au rebut des pi\u00e8ces de travail importantes, des actions ou omissions officielles de la part des autorit\u00e9s \u00e9tatiques ou des organismes publics, des catastrophes naturelles, des catastrophes naturelles<\/li>\n<\/ul>\n<h3>6. Exp\u00e9dition, transport et assurance<\/h3>\n<p>6.1 Les produits seront emball\u00e9s par DPP. L&#8217;emballage sera factur\u00e9 s\u00e9par\u00e9ment au prix co\u00fbtant.<br \/>6.2 Les exigences particuli\u00e8res concernant la r\u00e9exp\u00e9dition et l&#8217;assurance doivent \u00eatre communiqu\u00e9es \u00e0 DPP en temps utile. Le transport est aux frais et risques du client. Les r\u00e9clamations relatives au transport doivent \u00eatre d\u00e9pos\u00e9es imm\u00e9diatement par le client aupr\u00e8s du dernier transporteur d\u00e8s r\u00e9ception des produits des documents d&#8217;exp\u00e9dition.<br \/>6.3 L&#8217;assurance contre les risques de toute nature est \u00e0 la charge du client. M\u00eame souscrit par DPP, il sera aux frais du client.<\/p>\n<h3>7. Quantit\u00e9 de livraison<\/h3>\n<p>7.1 \u00c0 condition que rien d&#8217;autre ne soit convenu, DPP se r\u00e9serve le droit d&#8217;appliquer des \u00e9carts de quantit\u00e9 d\u00e9termin\u00e9s par des proc\u00e9dures de traitement ou des \u00e9v\u00e9nements extraordinaires de +\/- 10%.<\/p>\n<h3>8. Inspection et acceptation des marchandises<\/h3>\n<p>8.1 Le client doit inspecter les produits fournis dans un d\u00e9lai raisonnable apr\u00e8s les avoir re\u00e7us et informer imm\u00e9diatement DPP par \u00e9crit de tout d\u00e9faut. Si le client ne le fait pas, les produits sont r\u00e9put\u00e9s accept\u00e9s.<\/p>\n<h3>9. Garantie et exclusion de responsabilit\u00e9<\/h3>\n<p>9.1 DPP garantit par la pr\u00e9sente que les produits livr\u00e9s seront exempts de d\u00e9fauts de mat\u00e9riaux et de fabrication.<br \/>9.2 Les caract\u00e9ristiques garanties ou les caract\u00e9ristiques garanties sont uniquement celles express\u00e9ment sp\u00e9cifi\u00e9es comme telles dans la confirmation de commande sur la base des sp\u00e9cifications techniques contresign\u00e9es. Une garantie est valable jusqu&#8217;\u00e0 l&#8217;expiration de la p\u00e9riode de garantie au plus tard.<br \/>9.3 Dans le cas o\u00f9 les produits livr\u00e9s sont d\u00e9fectueux, le client peut demander une livraison de remplacement ou l&#8217;\u00e9limination du d\u00e9faut par DPP pendant la p\u00e9riode de garantie de d&#8217;un an, sauf indication contraire sur un devis, \u00e0 compter de la date de livraison des produits ou le jour de la notification par DPP que les produits sont pr\u00eats \u00e0 \u00eatre exp\u00e9di\u00e9s. Ce flux de travail sera initi\u00e9 par le client via un processus CC.<br \/>9.4 Si un d\u00e9faut selon l&#8217;article 9.3 n&#8217;est pas \u00e9limin\u00e9 ou remplac\u00e9 par DPP dans un d\u00e9lai raisonnable, le client peut demander une r\u00e9duction de prix ou l&#8217;annulation du contrat.<br \/>9.5 La garantie expire imm\u00e9diatement, si le client ou un tiers entreprend des modifications ou des r\u00e9parations inappropri\u00e9es ou si le client, en cas de d\u00e9faut, ne prend pas imm\u00e9diatement toutes les mesures appropri\u00e9es pour contr\u00f4ler les dommages et donner \u00e0 DPP la possibilit\u00e9 de corriger le d\u00e9faut en conforme au processus CC.<br \/>9.6 Sont exclus de la garantie et de la responsabilit\u00e9 de DPP tous les d\u00e9fauts dont l\u2019origine ne peut \u00eatre prouv\u00e9e par un mauvais mat\u00e9riau, une conception d\u00e9fectueuse, une mauvaise ex\u00e9cution ou r\u00e9sultant de toute raison ind\u00e9pendante de la volont\u00e9 de DPP.<br \/>9.7 En ce qui concerne tout mat\u00e9riel, conception ou fabrication d\u00e9fectueux ainsi que tout manquement \u00e0 l&#8217;ex\u00e9cution des garanties, le client ne pourra pr\u00e9tendre \u00e0 aucun droit et r\u00e9clamation autres que ceux express\u00e9ment stipul\u00e9s aux articles 9.3 et 9.4 des pr\u00e9sentes.<br \/>9.8 Toutes les demandes d&#8217;indemnisation, de r\u00e9duction, de r\u00e9siliation ou de retrait du contrat doivent \u00eatre notifi\u00e9es par \u00e9crit \u00e0 DPP. DPP ne sera pas responsable des dommages directs, indirects, cons\u00e9cutifs ou accessoires qui ne sont pas survenus sur le produit, y compris les dommages pour perte d&#8217;informations commerciales, perte de profit, interruption de production et autres, sous r\u00e9serve de la loi imp\u00e9rative sur la responsabilit\u00e9 du produit.<\/p>\n<h3>10. Outils et appareils<\/h3>\n<p>10.1 Les outils et appareils fabriqu\u00e9s pour l&#8217;ex\u00e9cution d&#8217;une commande restent la propri\u00e9t\u00e9 exclusive de DPP, m\u00eame s&#8217;ils sont partiellement ou totalement factur\u00e9s au client.<\/p>\n<h3>11. Loi applicable<\/h3>\n<p>11.1 Le pr\u00e9sent contrat est r\u00e9gi \u00e0 tous \u00e9gards par le droit suisse pour DPP SA et le droit californien pour DPP, Inc.<\/p>\n<h3>12. Comp\u00e9tence<\/h3>\n<p>12.1 Le for pour tout litige est au si\u00e8ge social de DPP.<\/p>\n<h3>13. Offres et conclusion du contrat<\/h3>\n<p>13.1 Le contrat est r\u00e9put\u00e9 conclu d\u00e8s r\u00e9ception de la confirmation \u00e9crite de DPP attestant l\u2019acceptation de la commande.<br \/>13.2 Les offres qui ne pr\u00e9voient pas de d\u00e9lai d&#8217;acceptation ne sont pas contraignantes.<\/p>\n<h3>14. R\u00e9glementation en vigueur dans le pays de destination<\/h3>\n<p>14.1 Le client informera DPP, au plus tard lors de la passation de la commande, des normes et r\u00e9glementations applicables \u00e0 l&#8217;ex\u00e9cution des biens et services, \u00e0 l&#8217;exploitation de l&#8217;usine ainsi qu&#8217;\u00e0 la sant\u00e9 et \u00e0 la s\u00e9curit\u00e9 du personnel.<\/p>\n<p><a href=\"https:\/\/dienerprecisionpumps.com\/wp-content\/uploads\/2021\/03\/DPP-TNC.pdf\">Conditions g\u00e9n\u00e9rales de DPP (PDF | Anglais)<\/a><\/p>\n\n\n<p><\/p>\n","protected":false},"excerpt":{"rendered":"<p>Conditions g\u00e9n\u00e9rales de Diener 1. G\u00e9n\u00e9ral 1.1 Les pr\u00e9sentes conditions g\u00e9n\u00e9rales de vente et de livraison sont valables pour toutes les offres et contrats de Diener Precision Pumps (ci-apr\u00e8s d\u00e9nomm\u00e9s DPP).1.2 Toutes autres conditions stipul\u00e9es par le client qui sont en contradiction avec les pr\u00e9sentes conditions g\u00e9n\u00e9rales ne sont valables que si elles sont express\u00e9ment [&hellip;]<\/p>\n","protected":false},"author":21,"featured_media":0,"parent":0,"menu_order":0,"comment_status":"closed","ping_status":"closed","template":"","meta":{"_acf_changed":false,"inline_featured_image":false,"footnotes":""},"class_list":["post-8119","page","type-page","status-publish","hentry"],"acf":[],"yoast_head":"<!-- This site is optimized with the Yoast SEO plugin v27.5 - https:\/\/yoast.com\/product\/yoast-seo-wordpress\/ -->\n<title>Conditions g\u00e9n\u00e9rales de Diener - Diener Precision Pumps<\/title>\n<meta name=\"description\" content=\"Lisez les conditions g\u00e9n\u00e9rales de vente et de livraison valables pour toutes les offres et contrats de Diener Precision Pumps.\" \/>\n<meta name=\"robots\" content=\"index, follow, max-snippet:-1, max-image-preview:large, max-video-preview:-1\" \/>\n<link rel=\"canonical\" href=\"https:\/\/dienerprecisionpumps.com\/fr\/conditions-generales-dpp\/\" \/>\n<meta property=\"og:locale\" content=\"fr_FR\" \/>\n<meta property=\"og:type\" content=\"article\" \/>\n<meta property=\"og:title\" content=\"Conditions g\u00e9n\u00e9rales de Diener - Diener Precision Pumps\" \/>\n<meta property=\"og:description\" content=\"Lisez les conditions g\u00e9n\u00e9rales de vente et de livraison valables pour toutes les offres et contrats de Diener Precision Pumps.\" \/>\n<meta property=\"og:url\" content=\"https:\/\/dienerprecisionpumps.com\/fr\/conditions-generales-dpp\/\" \/>\n<meta property=\"og:site_name\" content=\"Diener Precision Pumps\" \/>\n<meta property=\"article:modified_time\" content=\"2024-10-18T13:47:55+00:00\" \/>\n<meta property=\"og:image\" content=\"https:\/\/dienerprecisionpumps.com\/wp-content\/uploads\/2025\/07\/social-dpp-pump-mfg.jpg\" \/>\n\t<meta property=\"og:image:width\" content=\"1200\" \/>\n\t<meta property=\"og:image:height\" content=\"675\" \/>\n\t<meta property=\"og:image:type\" content=\"image\/jpeg\" \/>\n<meta name=\"twitter:card\" content=\"summary_large_image\" \/>\n<meta name=\"twitter:label1\" content=\"Dur\u00e9e de lecture estim\u00e9e\" \/>\n\t<meta name=\"twitter:data1\" content=\"6 minutes\" \/>\n<!-- \/ Yoast SEO plugin. -->","yoast_head_json":{"title":"Conditions g\u00e9n\u00e9rales de Diener - Diener Precision Pumps","description":"Lisez les conditions g\u00e9n\u00e9rales de vente et de livraison valables pour toutes les offres et contrats de Diener Precision Pumps.","robots":{"index":"index","follow":"follow","max-snippet":"max-snippet:-1","max-image-preview":"max-image-preview:large","max-video-preview":"max-video-preview:-1"},"canonical":"https:\/\/dienerprecisionpumps.com\/fr\/conditions-generales-dpp\/","og_locale":"fr_FR","og_type":"article","og_title":"Conditions g\u00e9n\u00e9rales de Diener - Diener Precision Pumps","og_description":"Lisez les conditions g\u00e9n\u00e9rales de vente et de livraison valables pour toutes les offres et contrats de Diener Precision Pumps.","og_url":"https:\/\/dienerprecisionpumps.com\/fr\/conditions-generales-dpp\/","og_site_name":"Diener Precision Pumps","article_modified_time":"2024-10-18T13:47:55+00:00","og_image":[{"width":1200,"height":675,"url":"https:\/\/dienerprecisionpumps.com\/wp-content\/uploads\/2025\/07\/social-dpp-pump-mfg.jpg","type":"image\/jpeg"}],"twitter_card":"summary_large_image","twitter_misc":{"Dur\u00e9e de lecture estim\u00e9e":"6 minutes"},"schema":{"@context":"https:\/\/schema.org","@graph":[{"@type":"WebPage","@id":"https:\/\/dienerprecisionpumps.com\/fr\/conditions-generales-dpp\/","url":"https:\/\/dienerprecisionpumps.com\/fr\/conditions-generales-dpp\/","name":"Conditions g\u00e9n\u00e9rales de Diener - Diener Precision Pumps","isPartOf":{"@id":"https:\/\/dienerprecisionpumps.com\/fr\/#website"},"datePublished":"2021-03-17T10:48:10+00:00","dateModified":"2024-10-18T13:47:55+00:00","description":"Lisez les conditions g\u00e9n\u00e9rales de vente et de livraison valables pour toutes les offres et contrats de Diener Precision Pumps.","breadcrumb":{"@id":"https:\/\/dienerprecisionpumps.com\/fr\/conditions-generales-dpp\/#breadcrumb"},"inLanguage":"fr-FR","potentialAction":[{"@type":"ReadAction","target":["https:\/\/dienerprecisionpumps.com\/fr\/conditions-generales-dpp\/"]}]},{"@type":"BreadcrumbList","@id":"https:\/\/dienerprecisionpumps.com\/fr\/conditions-generales-dpp\/#breadcrumb","itemListElement":[{"@type":"ListItem","position":1,"name":"Home","item":"https:\/\/dienerprecisionpumps.com\/fr\/"},{"@type":"ListItem","position":2,"name":"Conditions g\u00e9n\u00e9rales de Diener"}]},{"@type":"WebSite","@id":"https:\/\/dienerprecisionpumps.com\/fr\/#website","url":"https:\/\/dienerprecisionpumps.com\/fr\/","name":"Diener Precision Pumps","description":"Engineering your flow","publisher":{"@id":"https:\/\/dienerprecisionpumps.com\/fr\/#organization"},"potentialAction":[{"@type":"SearchAction","target":{"@type":"EntryPoint","urlTemplate":"https:\/\/dienerprecisionpumps.com\/fr\/?s={search_term_string}"},"query-input":{"@type":"PropertyValueSpecification","valueRequired":true,"valueName":"search_term_string"}}],"inLanguage":"fr-FR"},{"@type":"Organization","@id":"https:\/\/dienerprecisionpumps.com\/fr\/#organization","name":"Diener Precision Pumps","alternateName":"DPP","url":"https:\/\/dienerprecisionpumps.com\/fr\/","logo":{"@type":"ImageObject","inLanguage":"fr-FR","@id":"https:\/\/dienerprecisionpumps.com\/fr\/#\/schema\/logo\/image\/","url":"https:\/\/dienerprecisionpumps.com\/wp-content\/uploads\/2025\/07\/Diener-Precision-Pumps.svg","contentUrl":"https:\/\/dienerprecisionpumps.com\/wp-content\/uploads\/2025\/07\/Diener-Precision-Pumps.svg","width":179,"height":44,"caption":"Diener Precision Pumps"},"image":{"@id":"https:\/\/dienerprecisionpumps.com\/fr\/#\/schema\/logo\/image\/"},"sameAs":["https:\/\/www.linkedin.com\/company\/diener-precision-pumps\/","https:\/\/www.youtube.com\/@DienerPrecisionPumpsOfficial"]}]}},"_links":{"self":[{"href":"https:\/\/dienerprecisionpumps.com\/fr\/wp-json\/wp\/v2\/pages\/8119","targetHints":{"allow":["GET"]}}],"collection":[{"href":"https:\/\/dienerprecisionpumps.com\/fr\/wp-json\/wp\/v2\/pages"}],"about":[{"href":"https:\/\/dienerprecisionpumps.com\/fr\/wp-json\/wp\/v2\/types\/page"}],"author":[{"embeddable":true,"href":"https:\/\/dienerprecisionpumps.com\/fr\/wp-json\/wp\/v2\/users\/21"}],"replies":[{"embeddable":true,"href":"https:\/\/dienerprecisionpumps.com\/fr\/wp-json\/wp\/v2\/comments?post=8119"}],"version-history":[{"count":0,"href":"https:\/\/dienerprecisionpumps.com\/fr\/wp-json\/wp\/v2\/pages\/8119\/revisions"}],"wp:attachment":[{"href":"https:\/\/dienerprecisionpumps.com\/fr\/wp-json\/wp\/v2\/media?parent=8119"}],"curies":[{"name":"wp","href":"https:\/\/api.w.org\/{rel}","templated":true}]}}