{"id":6579,"date":"2020-11-23T16:09:31","date_gmt":"2020-11-23T15:09:31","guid":{"rendered":"https:\/\/dienerprecisionpumps.com\/company\/"},"modified":"2023-12-15T10:02:25","modified_gmt":"2023-12-15T09:02:25","slug":"company","status":"publish","type":"page","link":"https:\/\/dienerprecisionpumps.com\/fr\/company\/","title":{"rendered":"\u00c0 propos de Diener Precision Pumps"},"content":{"rendered":"\n<h3 class=\"wp-block-heading\">L&#8217;ing\u00e9nierie de haute technologie californienne rencontre l&#8217;usinage de pr\u00e9cision suisse<\/h3>\n\n\n\n<p>Diener Precision Pumps (DPP) produit des pompes doseuse et des <a href=\"https:\/\/dienerprecisionpumps.com\/fr\/pompes-engrenage-precision\/\">pompes \u00e0&nbsp;engrenages<\/a> de pr\u00e9cision depuis plus de 25 ans. Ce qui rend nos produits si uniques peut se r\u00e9sumer en un mot : <strong>la qualit\u00e9<\/strong>.<\/p>\n\n\n\n<p>Chez DPP, la comp\u00e9tence en ing\u00e9nierie avanc\u00e9e du centre de haute technologie de Californie rencontre la fabrication de pr\u00e9cision mondialement connue de la Suisse.<\/p>\n\n\n\n<p>Dans notre entreprise, les experts travaillent pour les experts, et les ing\u00e9nieurs travaillent pour les ing\u00e9nieurs. Il va sans dire que notre qualit\u00e9 unique en son genre est soutenue par une politique de service \u00e0 360 degr\u00e9s.<\/p>\n\n\n\n<figure class=\"wp-block-embed is-type-video is-provider-vimeo wp-block-embed-vimeo wp-embed-aspect-16-9 wp-has-aspect-ratio\"><div class=\"wp-block-embed__wrapper\">\n<iframe loading=\"lazy\" title=\"DPP IVD (fr subtitles)\" src=\"https:\/\/player.vimeo.com\/video\/734329621?dnt=1&amp;app_id=122963\" width=\"800\" height=\"450\" frameborder=\"0\" allow=\"autoplay; fullscreen; picture-in-picture\"><\/iframe>\n<\/div><\/figure>\n\n\n\n<h2 class=\"wp-block-heading\">Une conception et un service centr\u00e9s sur le client<\/h2>\n\n\n\n<p>Chaque produit est d\u00e9velopp\u00e9 pr\u00e9cis\u00e9ment selon les sp\u00e9cifications du client et est soutenu par nos employ\u00e9s du stade du prototype \u00e0 l&#8217;ach\u00e8vement.<\/p>\n\n\n\n<p>Nos clients nous r\u00e9compensent pour cette approche par une fid\u00e9lit\u00e9 exceptionnelle et des relations durables.<\/p>\n\n\n\n<p>Une satisfaction client av\u00e9r\u00e9e :<\/p>\n\n\n\n<ul class=\"wp-block-list\">\n<li>Plus de <a href=\"https:\/\/dienerprecisionpumps.com\/fr\/\">2,5 millions<\/a> de pompes vendues depuis la cr\u00e9ation de l&#8217;entreprise<\/li>\n\n\n\n<li>Taux de rendement : avec un niveau de rejet bien inf\u00e9rieur \u00e0 0.1%<\/li>\n\n\n\n<li>Grande fid\u00e9lit\u00e9 des clients : 90 % de nos clients ach\u00e8tent chez nous depuis plus de 15 ans<\/li>\n<\/ul>\n\n\n\n<p>Les exigences impos\u00e9es aux pompes de pr\u00e9cision sont extr\u00eamement \u00e9lev\u00e9es. Tout comme le c\u0153ur le fait pour l&#8217;homme, elles assurent le fonctionnement parfait de machines complexes. C&#8217;est pourquoi nous sommes toujours \u00e0 la recherche de la solution parfaite pour vous.<\/p>\n\n\n\n<p>Pour y parvenir, plusieurs services doivent aller de pair. La premi\u00e8re \u00e9tape : Nous connaissons les secteurs d&#8217;activit\u00e9 de nos clients et nous les \u00e9coutons. Cela nous permet de travailler avec vous pour \u00e9laborer des solutions pr\u00e9cises \u00e0 vos probl\u00e8mes particuliers.<\/p>\n\n\n\n<p>Pour cela, il faut des comp\u00e9tences en ing\u00e9nierie : Notre personnel exp\u00e9riment\u00e9 du centre de haute technologie de Californie sait pr\u00e9cis\u00e9ment comment adapter nos solutions de pompage \u00e0 vos attentes.<\/p>\n\n\n\n<p>Et, pour que les pompes fonctionnent impeccablement au quotidien, notre usine en Suisse s&#8217;assure avec la pr\u00e9cision qui fait la r\u00e9putation du pays que les sp\u00e9cifications sont appliqu\u00e9es \u00e0 la lettre. Par exemple, le prototype que vous avez test\u00e9 est produit en s\u00e9rie sans aucune d\u00e9viation par rapport \u00e0 l&#8217;\u00e9chantillon initial &#8211; m\u00eame si les quantit\u00e9s produites sont extr\u00eamement \u00e9lev\u00e9es.<\/p>\n\n\n\n<p>Pour nous, la pr\u00e9cision signifie : des performances constantes, exactement conformes aux sp\u00e9cifications du client, encore et toujours.<\/p>\n\n\n\n<h3 class=\"wp-block-heading\">Leadership<\/h3>\n\n\n\n<div class=\"wp-block-columns is-layout-flex wp-container-core-columns-is-layout-9d6595d7 wp-block-columns-is-layout-flex\">\n<div class=\"wp-block-column is-layout-flow wp-block-column-is-layout-flow\">\n<figure class=\"wp-block-image size-large\"><img loading=\"lazy\" decoding=\"async\" width=\"800\" height=\"800\" src=\"https:\/\/dienerprecisionpumps.com\/wp-content\/uploads\/2021\/01\/Doug-Robinson-CEO.jpg\" alt=\"Doug Robinson CEO\" class=\"wp-image-2938\" srcset=\"https:\/\/dienerprecisionpumps.com\/wp-content\/uploads\/2021\/01\/Doug-Robinson-CEO.jpg 800w, https:\/\/dienerprecisionpumps.com\/wp-content\/uploads\/2021\/01\/Doug-Robinson-CEO-300x300.jpg 300w, https:\/\/dienerprecisionpumps.com\/wp-content\/uploads\/2021\/01\/Doug-Robinson-CEO-150x150.jpg 150w, https:\/\/dienerprecisionpumps.com\/wp-content\/uploads\/2021\/01\/Doug-Robinson-CEO-768x768.jpg 768w, https:\/\/dienerprecisionpumps.com\/wp-content\/uploads\/2021\/01\/Doug-Robinson-CEO-600x600.jpg 600w, https:\/\/dienerprecisionpumps.com\/wp-content\/uploads\/2021\/01\/Doug-Robinson-CEO-400x400.jpg 400w\" sizes=\"auto, (max-width: 800px) 100vw, 800px\" \/><figcaption class=\"wp-element-caption\">Doug Robinson, CEO<\/figcaption><\/figure>\n<\/div>\n\n\n\n<div class=\"wp-block-column is-layout-flow wp-block-column-is-layout-flow\">\n<figure class=\"wp-block-image size-large\"><img loading=\"lazy\" decoding=\"async\" width=\"800\" height=\"800\" src=\"https:\/\/dienerprecisionpumps.com\/wp-content\/uploads\/2021\/03\/rolf-diener-800-800.jpg\" alt=\"Rolf Diener, pr\u00e9sident Diener Precision Pumps\" class=\"wp-image-6770\" srcset=\"https:\/\/dienerprecisionpumps.com\/wp-content\/uploads\/2021\/03\/rolf-diener-800-800.jpg 800w, https:\/\/dienerprecisionpumps.com\/wp-content\/uploads\/2021\/03\/rolf-diener-800-800-300x300.jpg 300w, https:\/\/dienerprecisionpumps.com\/wp-content\/uploads\/2021\/03\/rolf-diener-800-800-150x150.jpg 150w, https:\/\/dienerprecisionpumps.com\/wp-content\/uploads\/2021\/03\/rolf-diener-800-800-768x768.jpg 768w, https:\/\/dienerprecisionpumps.com\/wp-content\/uploads\/2021\/03\/rolf-diener-800-800-600x600.jpg 600w, https:\/\/dienerprecisionpumps.com\/wp-content\/uploads\/2021\/03\/rolf-diener-800-800-400x400.jpg 400w\" sizes=\"auto, (max-width: 800px) 100vw, 800px\" \/><figcaption class=\"wp-element-caption\">Rolf Diener, pr\u00e9sident Diener Precision Pumps<\/figcaption><\/figure>\n<\/div>\n<\/div>\n","protected":false},"excerpt":{"rendered":"<p>L&#8217;ing\u00e9nierie de haute technologie californienne rencontre l&#8217;usinage de pr\u00e9cision suisse Diener Precision Pumps (DPP) produit des pompes doseuse et des pompes \u00e0&nbsp;engrenages de pr\u00e9cision depuis plus de 25 ans. Ce qui rend nos produits si uniques peut se r\u00e9sumer en un mot : la qualit\u00e9. Chez DPP, la comp\u00e9tence en ing\u00e9nierie avanc\u00e9e du centre de [&hellip;]<\/p>\n","protected":false},"author":21,"featured_media":0,"parent":0,"menu_order":0,"comment_status":"closed","ping_status":"closed","template":"","meta":{"_acf_changed":false,"inline_featured_image":false,"footnotes":""},"class_list":["post-6579","page","type-page","status-publish","hentry"],"acf":[],"yoast_head":"<!-- This site is optimized with the Yoast SEO plugin v27.4 - https:\/\/yoast.com\/product\/yoast-seo-wordpress\/ -->\n<title>\u00c0 propos, haute technologie de pr\u00e9cision| Diener Precision Pumps<\/title>\n<meta name=\"description\" content=\"Leader mondial dans la conception, fabrication et fourniture de pompes de pr\u00e9cision qui est utilis\u00e9es dans les secteurs m\u00e9dicaux, chimiques et alimentaires\" \/>\n<meta name=\"robots\" content=\"index, follow, max-snippet:-1, max-image-preview:large, max-video-preview:-1\" \/>\n<link rel=\"canonical\" href=\"https:\/\/dienerprecisionpumps.com\/fr\/company\/\" \/>\n<meta property=\"og:locale\" content=\"fr_FR\" \/>\n<meta property=\"og:type\" content=\"article\" \/>\n<meta property=\"og:title\" content=\"\u00c0 propos, haute technologie de pr\u00e9cision| Diener Precision Pumps\" \/>\n<meta property=\"og:description\" content=\"Leader mondial dans la conception, fabrication et fourniture de pompes de pr\u00e9cision qui est utilis\u00e9es dans les secteurs m\u00e9dicaux, chimiques et alimentaires\" \/>\n<meta property=\"og:url\" content=\"https:\/\/dienerprecisionpumps.com\/fr\/company\/\" \/>\n<meta property=\"og:site_name\" content=\"Diener Precision Pumps\" \/>\n<meta property=\"article:modified_time\" content=\"2023-12-15T09:02:25+00:00\" \/>\n<meta property=\"og:image\" content=\"https:\/\/dpp.darwinstaging.com\/wp-content\/uploads\/2021\/01\/Doug-Robinson-CEO.jpg\" \/>\n<meta name=\"twitter:card\" content=\"summary_large_image\" \/>\n<meta name=\"twitter:label1\" content=\"Dur\u00e9e de lecture estim\u00e9e\" \/>\n\t<meta name=\"twitter:data1\" content=\"3 minutes\" \/>\n<!-- \/ Yoast SEO plugin. -->","yoast_head_json":{"title":"\u00c0 propos, haute technologie de pr\u00e9cision| Diener Precision Pumps","description":"Leader mondial dans la conception, fabrication et fourniture de pompes de pr\u00e9cision qui est utilis\u00e9es dans les secteurs m\u00e9dicaux, chimiques et alimentaires","robots":{"index":"index","follow":"follow","max-snippet":"max-snippet:-1","max-image-preview":"max-image-preview:large","max-video-preview":"max-video-preview:-1"},"canonical":"https:\/\/dienerprecisionpumps.com\/fr\/company\/","og_locale":"fr_FR","og_type":"article","og_title":"\u00c0 propos, haute technologie de pr\u00e9cision| Diener Precision Pumps","og_description":"Leader mondial dans la conception, fabrication et fourniture de pompes de pr\u00e9cision qui est utilis\u00e9es dans les secteurs m\u00e9dicaux, chimiques et alimentaires","og_url":"https:\/\/dienerprecisionpumps.com\/fr\/company\/","og_site_name":"Diener Precision Pumps","article_modified_time":"2023-12-15T09:02:25+00:00","og_image":[{"url":"https:\/\/dpp.darwinstaging.com\/wp-content\/uploads\/2021\/01\/Doug-Robinson-CEO.jpg","type":"","width":"","height":""}],"twitter_card":"summary_large_image","twitter_misc":{"Dur\u00e9e de lecture estim\u00e9e":"3 minutes"},"schema":{"@context":"https:\/\/schema.org","@graph":[{"@type":"WebPage","@id":"https:\/\/dienerprecisionpumps.com\/fr\/company\/","url":"https:\/\/dienerprecisionpumps.com\/fr\/company\/","name":"\u00c0 propos, haute technologie de pr\u00e9cision| Diener Precision Pumps","isPartOf":{"@id":"https:\/\/dienerprecisionpumps.com\/fr\/#website"},"primaryImageOfPage":{"@id":"https:\/\/dienerprecisionpumps.com\/fr\/company\/#primaryimage"},"image":{"@id":"https:\/\/dienerprecisionpumps.com\/fr\/company\/#primaryimage"},"thumbnailUrl":"https:\/\/dienerprecisionpumps.com\/wp-content\/uploads\/2021\/01\/Doug-Robinson-CEO.jpg","datePublished":"2020-11-23T15:09:31+00:00","dateModified":"2023-12-15T09:02:25+00:00","description":"Leader mondial dans la conception, fabrication et fourniture de pompes de pr\u00e9cision qui est utilis\u00e9es dans les secteurs m\u00e9dicaux, chimiques et alimentaires","breadcrumb":{"@id":"https:\/\/dienerprecisionpumps.com\/fr\/company\/#breadcrumb"},"inLanguage":"fr-FR","potentialAction":[{"@type":"ReadAction","target":["https:\/\/dienerprecisionpumps.com\/fr\/company\/"]}]},{"@type":"ImageObject","inLanguage":"fr-FR","@id":"https:\/\/dienerprecisionpumps.com\/fr\/company\/#primaryimage","url":"https:\/\/dienerprecisionpumps.com\/wp-content\/uploads\/2021\/01\/Doug-Robinson-CEO.jpg","contentUrl":"https:\/\/dienerprecisionpumps.com\/wp-content\/uploads\/2021\/01\/Doug-Robinson-CEO.jpg"},{"@type":"BreadcrumbList","@id":"https:\/\/dienerprecisionpumps.com\/fr\/company\/#breadcrumb","itemListElement":[{"@type":"ListItem","position":1,"name":"Home","item":"https:\/\/dienerprecisionpumps.com\/fr\/"},{"@type":"ListItem","position":2,"name":"\u00c0 propos de Diener Precision Pumps"}]},{"@type":"WebSite","@id":"https:\/\/dienerprecisionpumps.com\/fr\/#website","url":"https:\/\/dienerprecisionpumps.com\/fr\/","name":"Diener Precision Pumps","description":"Engineering your flow","publisher":{"@id":"https:\/\/dienerprecisionpumps.com\/fr\/#organization"},"potentialAction":[{"@type":"SearchAction","target":{"@type":"EntryPoint","urlTemplate":"https:\/\/dienerprecisionpumps.com\/fr\/?s={search_term_string}"},"query-input":{"@type":"PropertyValueSpecification","valueRequired":true,"valueName":"search_term_string"}}],"inLanguage":"fr-FR"},{"@type":"Organization","@id":"https:\/\/dienerprecisionpumps.com\/fr\/#organization","name":"Diener Precision Pumps","alternateName":"DPP","url":"https:\/\/dienerprecisionpumps.com\/fr\/","logo":{"@type":"ImageObject","inLanguage":"fr-FR","@id":"https:\/\/dienerprecisionpumps.com\/fr\/#\/schema\/logo\/image\/","url":"https:\/\/dienerprecisionpumps.com\/wp-content\/uploads\/2025\/07\/Diener-Precision-Pumps.svg","contentUrl":"https:\/\/dienerprecisionpumps.com\/wp-content\/uploads\/2025\/07\/Diener-Precision-Pumps.svg","width":179,"height":44,"caption":"Diener Precision Pumps"},"image":{"@id":"https:\/\/dienerprecisionpumps.com\/fr\/#\/schema\/logo\/image\/"},"sameAs":["https:\/\/www.linkedin.com\/company\/diener-precision-pumps\/","https:\/\/www.youtube.com\/@DienerPrecisionPumpsOfficial"]}]}},"_links":{"self":[{"href":"https:\/\/dienerprecisionpumps.com\/fr\/wp-json\/wp\/v2\/pages\/6579","targetHints":{"allow":["GET"]}}],"collection":[{"href":"https:\/\/dienerprecisionpumps.com\/fr\/wp-json\/wp\/v2\/pages"}],"about":[{"href":"https:\/\/dienerprecisionpumps.com\/fr\/wp-json\/wp\/v2\/types\/page"}],"author":[{"embeddable":true,"href":"https:\/\/dienerprecisionpumps.com\/fr\/wp-json\/wp\/v2\/users\/21"}],"replies":[{"embeddable":true,"href":"https:\/\/dienerprecisionpumps.com\/fr\/wp-json\/wp\/v2\/comments?post=6579"}],"version-history":[{"count":0,"href":"https:\/\/dienerprecisionpumps.com\/fr\/wp-json\/wp\/v2\/pages\/6579\/revisions"}],"wp:attachment":[{"href":"https:\/\/dienerprecisionpumps.com\/fr\/wp-json\/wp\/v2\/media?parent=6579"}],"curies":[{"name":"wp","href":"https:\/\/api.w.org\/{rel}","templated":true}]}}