{"id":6375,"date":"2020-11-23T16:09:40","date_gmt":"2020-11-23T15:09:40","guid":{"rendered":"https:\/\/dienerprecisionpumps.com\/history\/"},"modified":"2026-03-18T00:48:08","modified_gmt":"2026-03-17T23:48:08","slug":"histoire-pompe-precision-diener","status":"publish","type":"page","link":"https:\/\/dienerprecisionpumps.com\/fr\/company\/histoire-pompe-precision-diener\/","title":{"rendered":"L&#8217;histoire des pompes de pr\u00e9cision Diener"},"content":{"rendered":"<h3>Plus de 25 ans d&#8217;exp\u00e9rience dans la conception, l&#8217;ing\u00e9nierie et la production de qualit\u00e9 de pompes doseuses de pr\u00e9cision et de micropompes \u00e0 engrenages<\/h3>\n<p><iframe loading=\"lazy\" src=\"https:\/\/player.vimeo.com\/video\/539616165\" width=\"100%\" height=\"360\" frameborder=\"0\" allowfullscreen=\"allowfullscreen\"><\/iframe><\/p>\n<h4>Fiabilit\u00e9 et continuit\u00e9 pour votre d\u00e9veloppement strat\u00e9gique depuis plus de 25 ans.<\/h4>\n<p>La soci\u00e9t\u00e9 Diener Precision Pumps est litt\u00e9ralement n\u00e9e en mettant l&#8217;accent sur la qualit\u00e9 du travail : Il y a plus de 60 ans, le p\u00e8re de Rolf Diener, Oskar Diener, a cr\u00e9\u00e9 la soci\u00e9t\u00e9 Diener AG &#8211; avec un seul tour et une perceuse manuelle. En offrant un travail pr\u00e9cis, m\u00e9caniquement exact et dans les d\u00e9lais, son entreprise est finalement devenue l&#8217;un des fournisseurs les plus performants dans le domaine de la m\u00e9canique de pr\u00e9cision. Seul le meilleur est assez bon &#8211; et c&#8217;est le principe directeur de Diener AG. Et cela s&#8217;applique \u00e9galement \u00e0 <a href=\"https:\/\/dienerprecisionpumps.com\/fr\/\">DPP<\/a>, filiale de Diener AG, fond\u00e9e il y a plus de 20 ans.<\/p>\n<p>Diener Precision Pumps partage avec sa soci\u00e9t\u00e9 m\u00e8re la passion de la pr\u00e9cision et l&#8217;orientation vers le client. Afin de pouvoir proposer des solutions personnalis\u00e9es pour les probl\u00e8mes les plus divers de ses clients, elle a fait appel \u00e0 un savoir-faire artisanal traditionnel, \u00e0 un parc de machines de pointe et \u00e0 des comp\u00e9tences techniques fiables. C&#8217;est cette combinaison particuli\u00e8re qui fait la sp\u00e9cificit\u00e9 de DPP aujourd&#8217;hui.<\/p>\n<p>En 2019, DPP a rejoint Acrotec pour tirer parti de leurs synergies de fabrication. Acrotec est un groupe ind\u00e9pendant cr\u00e9\u00e9 par des professionnels de la microm\u00e9canique. Leur principal objectif est d&#8217;\u00eatre le fournisseur privil\u00e9gi\u00e9, offrant une large gamme de proc\u00e9d\u00e9s de fabrication de composants de pr\u00e9cision. Leur strat\u00e9gie est de fournir des produits de qualit\u00e9 &#8220;<strong>Swiss Made<\/strong>&#8221; aux industries horlog\u00e8re, automobile, m\u00e9dicale, bijouti\u00e8re et a\u00e9ronautique. Acrotec se distingue par l&#8217;\u00e9tendue de son savoir-faire sous un m\u00eame toit, dans ses usinages de pr\u00e9cision (tournage CNC, profilage CNC multibroches, profilage de cames, fraisage 3 &amp; 5 axes, micro profilage, transfert et usinage de m\u00e9taux pr\u00e9cieux), par ses proc\u00e9d\u00e9s de support (traitement de surface, engrenage, assemblage, traitement thermique, d\u00e9coration et gravure laser) et par ses proc\u00e9d\u00e9s sp\u00e9cifiques (fabrication de composants UV-Liga, EDM, usinage de pierres synth\u00e9tiques, laminage, fa\u00e7onnage de ressorts, conception et fabrication de machines et d&#8217;outillages, gravure sur silicium par proc\u00e9d\u00e9 DRIE). Aujourd&#8217;hui, le groupe compte plus de 1&#8217;200 employ\u00e9s. Pour en savoir plus : <a href=\"https:\/\/acrotec.ch\/en\/\">https:\/\/acrotec.ch\/en\/<\/a><\/p>\n<p>Avec sa soci\u00e9t\u00e9 m\u00e8re, Diener Precision Pumps a la passion de la pr\u00e9cision et met l&#8217;accent sur le client. Afin de pouvoir offrir des solutions personnalis\u00e9es pour les probl\u00e8mes les plus divers des clients, elle a recours \u00e0 un savoir-faire artisanal traditionnel, \u00e0 des \u00e9quipements de fabrication de pointe et \u00e0 des comp\u00e9tences d&#8217;ing\u00e9nierie cr\u00e9ative. C&#8217;est cette combinaison particuli\u00e8re qui fait la sp\u00e9cificit\u00e9 de DPP aujourd&#8217;hui.<\/p>\n<p><a href=\"https:\/\/dienerprecisionpumps.com\/fr\/\">Diener Precision Pumps<\/a> Historique\u00a0:<\/p>\n<h5><strong>2025\u00a0:<\/strong> DPP lance les gammes de produits Exacta et Multi-stream<\/h5>\n<p>&#8211; \u00e9largissant ainsi son portefeuille de pompes de transfert de fluides de haute pr\u00e9cision.<\/p>\n<h5><strong>2019\u00a0:<\/strong> DPP est rachet\u00e9e par Acrotec SA<\/h5>\n<p>Acrotec est reconnue pour son expertise unique et compl\u00e9mentaire sur les march\u00e9s des technologies de haute pr\u00e9cision.<\/p>\n<h5><strong>1994<\/strong> : Ann\u00e9e de cr\u00e9ation<\/h5>\n<p>Rolf Diener<br \/>\nEn ao\u00fbt 1994, Rolf Diener, Doug Robinson et John Bishop ont cr\u00e9\u00e9 la soci\u00e9t\u00e9 <a href=\"https:\/\/dienerprecisionpumps.com\/fr\/\">Diener Precision Pumps<\/a> (DPP) en Suisse.<\/p>\n<h5><strong>1996<\/strong> : Pr\u00e9cision pour la <a href=\"https:\/\/dienerprecisionpumps.com\/fr\/industries\/pompes-hemodialyse-dialyse-peritoneale\/\">dialyse<\/a><\/h5>\n<p>Il y a plus de 20 ans, nous avons impressionn\u00e9 nos premiers clients du domaine de la technologie de la dialyse avec nos produits de pr\u00e9cision.<br \/>\n1998 : Nouveau client, nouvelle industrie : <a href=\"https:\/\/dienerprecisionpumps.com\/fr\/industries\/pompe-imprimantes-jet-encre-continu\/\">L&#8217;impression \u00e0 jet d&#8217;encre<\/a><\/p>\n<p>L&#8217;un des leaders du march\u00e9 de l&#8217;impression jet d&#8217;encre professionnelle fait confiance \u00e0 nos pompes depuis 1998.<\/p>\n<h5><strong>1999<\/strong> : Introduction sur le march\u00e9 am\u00e9ricain<\/h5>\n<p>En fournissant son premier client am\u00e9ricain, DPP s&#8217;adresse \u00e0 un march\u00e9 extr\u00eamement important : les \u00c9tats-Unis. Ce client est l&#8217;une des dix premi\u00e8res entreprises mondiales du secteur des sciences de la vie.<\/p>\n<h5><strong>2000<\/strong> : Nouvelle installation de production<\/h5>\n<p>Six ans seulement apr\u00e8s sa cr\u00e9ation, Diener Precision Pumps dispose d&#8217;une toute nouvelle usine de production \u00e0 la pointe de la technologie \u00e0 Embrach, en Suisse. Aujourd&#8217;hui encore, des <a href=\"https:\/\/dienerprecisionpumps.com\/fr\/pompes-engrenage-precision\/\">pompes \u00e0 engrenages<\/a> et des <a href=\"https:\/\/dienerprecisionpumps.com\/fr\/pompes-doseuses-micros-doseuses\/\">pompes doseuses<\/a> de haute pr\u00e9cision y sont produites.<\/p>\n<h5><strong>2001<\/strong> : Centre d&#8217;innovation en Californie<\/h5>\n<p>Depuis lors, le c\u0153ur innovant de Diener Precision Pumps bat au sein du nouveau site de Lodi, CA, USA. Les produits sont toujours fabriqu\u00e9s \u00e0 Embrach.<\/p>\n<h5><strong>2005<\/strong> : 1.000.000 de pompes vendues<\/h5>\n<p>En 2005, DPP a connu une ann\u00e9e record, franchissant le cap du million de pompes vendues.<\/p>\n<h5><strong>2005<\/strong> : Premi\u00e8res certifications <a href=\"https:\/\/www.iso.org\/home.html\">ISO<\/a><\/h5>\n<p>Depuis le jour de sa fondation, Diener Precision Pumps est un nom synonyme de pr\u00e9cision et de produits de la plus haute qualit\u00e9. Ceci est reconnu officiellement par la certification selon les normes m\u00e9dicales ISO 9001\/ISO 13485 et par la mise en place d&#8217;une salle blanche selon la classe ISO 7.<\/p>\n<h5><strong>2009<\/strong> : Pompes pour aliments et boissons<\/h5>\n<p>En 2009, nous avons montr\u00e9 que nos pompes sont \u00e9galement parfaitement adapt\u00e9es aux solutions de l&#8217;industrie alimentaire et des boissons avec notre premier client issu de cette industrie, un leader mondial des produits \u00e0 base de caf\u00e9.<\/p>\n<h5><strong>2011<\/strong> : Introduction sur le march\u00e9 asiatique<\/h5>\n<p>En 2011, nous avons fourni notre tout premier client sur l&#8217;attrayant march\u00e9 asiatique.<\/p>\n<h5><strong>2012<\/strong> : Pr\u00e9sentation de la s\u00e9rie de <a href=\"https:\/\/dienerprecisionpumps.com\/fr\/produit\/pompe-engrenage-serie-silencer\/\">silencieux<\/a><\/h5>\n<p>2012 a \u00e9t\u00e9 l&#8217;ann\u00e9e o\u00f9 les pompes \u00e0 engrenages de la s\u00e9rie Silencer ont \u00e9t\u00e9 introduites avec succ\u00e8s sur le march\u00e9 mondial.<\/p>\n<h5><strong>2014<\/strong> : Pompe doseuse \u00e0 <a href=\"https:\/\/dienerprecisionpumps.com\/fr\/produit\/pompe-micro-doseuse-serie-dual-precision\/\">double extr\u00e9mit\u00e9<\/a>.<\/h5>\n<p>Depuis cette ann\u00e9e, les pompes doseuses \u00e0 double effet enrichissent la gamme des produits de Diener Precision Pumps.<\/p>\n<h5><strong>2015<\/strong> : 2,5 millions de pompes vendues<\/h5>\n<p>Le DPP poursuit son chemin vers la croissance internationale : En 2015, le nombre de pompes livr\u00e9es a d\u00e9pass\u00e9 la barre des 2,5 millions.<\/p>\n<h5><strong>2015<\/strong> : DPP obtient la certification de produit <a href=\"https:\/\/www.nsf.gov\/\">NSF<\/a> (National Sanitary Foundation)<\/h5>\n<h5><strong>2016<\/strong> : Le DPP se rend en Chine<\/h5>\n<p>Une preuve \u00e9vidente de la qualit\u00e9 \u00e9lev\u00e9e de DPP et de sa capacit\u00e9 \u00e0 offrir un service de qualit\u00e9 \u00e0 un bon prix. DPP signe un accord-cadre avec le leader du march\u00e9 chinois de la <a href=\"https:\/\/dienerprecisionpumps.com\/fr\/industries\/pompes-hemodialyse-dialyse-peritoneale\/\">dialyse<\/a>.<\/p>\n<h5><strong>2017<\/strong> : La s\u00e9rie de <a href=\"https:\/\/dienerprecisionpumps.com\/fr\/produit\/pompe-engrenage-serie-silencer\/\">silencieux<\/a> est renforc\u00e9e<\/h5>\n<p>En 2017, le portefeuille de la tr\u00e8s convoit\u00e9e &#8220;s\u00e9rie silencieuse&#8221; a \u00e9t\u00e9 \u00e9largi avec une variante de 3000 ml\/min et une autre de 4000 ml\/min.<\/p>\n<h5><strong>2019<\/strong> : introduction du <a href=\"https:\/\/dienerprecisionpumps.com\/fr\/produit\/pompe-engrenage-serie-silencer-ld\/\">Silencieux LD<\/a>, un mod\u00e8le l\u00e9ger et \u00e9conomique.<\/h5>\n","protected":false},"excerpt":{"rendered":"<p>Plus de 25 ans d&#8217;exp\u00e9rience dans la conception, l&#8217;ing\u00e9nierie et la production de qualit\u00e9 de pompes doseuses de pr\u00e9cision et de micropompes \u00e0 engrenages Fiabilit\u00e9 et continuit\u00e9 pour votre d\u00e9veloppement strat\u00e9gique depuis plus de 25 ans. La soci\u00e9t\u00e9 Diener Precision Pumps est litt\u00e9ralement n\u00e9e en mettant l&#8217;accent sur la qualit\u00e9 du travail : Il y [&hellip;]<\/p>\n","protected":false},"author":21,"featured_media":3150,"parent":6579,"menu_order":0,"comment_status":"closed","ping_status":"closed","template":"","meta":{"_acf_changed":false,"inline_featured_image":false,"footnotes":""},"class_list":["post-6375","page","type-page","status-publish","has-post-thumbnail","hentry"],"acf":[],"yoast_head":"<!-- This site is optimized with the Yoast SEO plugin v27.5 - https:\/\/yoast.com\/product\/yoast-seo-wordpress\/ -->\n<title>Pompes de pr\u00e9cision, l&#039;histoire Diener | Diener Precision Pumps<\/title>\n<meta name=\"description\" content=\"La soci\u00e9t\u00e9 Diener Precision Pumps est n\u00e9e en mettant l&#039;accent sur la qualit\u00e9 du travail il y a plus de 60 ans par le p\u00e8re de Rolf Diener, Oskar Diener\" \/>\n<meta name=\"robots\" content=\"index, follow, max-snippet:-1, max-image-preview:large, max-video-preview:-1\" \/>\n<link rel=\"canonical\" href=\"https:\/\/dienerprecisionpumps.com\/fr\/company\/histoire-pompe-precision-diener\/\" \/>\n<meta property=\"og:locale\" content=\"fr_FR\" \/>\n<meta property=\"og:type\" content=\"article\" \/>\n<meta property=\"og:title\" content=\"Pompes de pr\u00e9cision, l&#039;histoire Diener | Diener Precision Pumps\" \/>\n<meta property=\"og:description\" content=\"La soci\u00e9t\u00e9 Diener Precision Pumps est n\u00e9e en mettant l&#039;accent sur la qualit\u00e9 du travail il y a plus de 60 ans par le p\u00e8re de Rolf Diener, Oskar Diener\" \/>\n<meta property=\"og:url\" content=\"https:\/\/dienerprecisionpumps.com\/fr\/company\/histoire-pompe-precision-diener\/\" \/>\n<meta property=\"og:site_name\" content=\"Diener Precision Pumps\" \/>\n<meta property=\"article:modified_time\" content=\"2026-03-17T23:48:08+00:00\" \/>\n<meta property=\"og:image\" content=\"https:\/\/dienerprecisionpumps.com\/wp-content\/uploads\/2021\/02\/DPP-History-Featured-Image.jpg\" \/>\n\t<meta property=\"og:image:width\" content=\"1200\" \/>\n\t<meta property=\"og:image:height\" content=\"800\" \/>\n\t<meta property=\"og:image:type\" content=\"image\/jpeg\" \/>\n<meta name=\"twitter:card\" content=\"summary_large_image\" \/>\n<meta name=\"twitter:label1\" content=\"Dur\u00e9e de lecture estim\u00e9e\" \/>\n\t<meta name=\"twitter:data1\" content=\"5 minutes\" \/>\n<!-- \/ Yoast SEO plugin. -->","yoast_head_json":{"title":"Pompes de pr\u00e9cision, l'histoire Diener | Diener Precision Pumps","description":"La soci\u00e9t\u00e9 Diener Precision Pumps est n\u00e9e en mettant l'accent sur la qualit\u00e9 du travail il y a plus de 60 ans par le p\u00e8re de Rolf Diener, Oskar Diener","robots":{"index":"index","follow":"follow","max-snippet":"max-snippet:-1","max-image-preview":"max-image-preview:large","max-video-preview":"max-video-preview:-1"},"canonical":"https:\/\/dienerprecisionpumps.com\/fr\/company\/histoire-pompe-precision-diener\/","og_locale":"fr_FR","og_type":"article","og_title":"Pompes de pr\u00e9cision, l'histoire Diener | Diener Precision Pumps","og_description":"La soci\u00e9t\u00e9 Diener Precision Pumps est n\u00e9e en mettant l'accent sur la qualit\u00e9 du travail il y a plus de 60 ans par le p\u00e8re de Rolf Diener, Oskar Diener","og_url":"https:\/\/dienerprecisionpumps.com\/fr\/company\/histoire-pompe-precision-diener\/","og_site_name":"Diener Precision Pumps","article_modified_time":"2026-03-17T23:48:08+00:00","og_image":[{"width":1200,"height":800,"url":"https:\/\/dienerprecisionpumps.com\/wp-content\/uploads\/2021\/02\/DPP-History-Featured-Image.jpg","type":"image\/jpeg"}],"twitter_card":"summary_large_image","twitter_misc":{"Dur\u00e9e de lecture estim\u00e9e":"5 minutes"},"schema":{"@context":"https:\/\/schema.org","@graph":[{"@type":"WebPage","@id":"https:\/\/dienerprecisionpumps.com\/fr\/company\/histoire-pompe-precision-diener\/","url":"https:\/\/dienerprecisionpumps.com\/fr\/company\/histoire-pompe-precision-diener\/","name":"Pompes de pr\u00e9cision, l'histoire Diener | Diener Precision Pumps","isPartOf":{"@id":"https:\/\/dienerprecisionpumps.com\/fr\/#website"},"primaryImageOfPage":{"@id":"https:\/\/dienerprecisionpumps.com\/fr\/company\/histoire-pompe-precision-diener\/#primaryimage"},"image":{"@id":"https:\/\/dienerprecisionpumps.com\/fr\/company\/histoire-pompe-precision-diener\/#primaryimage"},"thumbnailUrl":"https:\/\/dienerprecisionpumps.com\/wp-content\/uploads\/2021\/02\/DPP-History-Featured-Image.jpg","datePublished":"2020-11-23T15:09:40+00:00","dateModified":"2026-03-17T23:48:08+00:00","description":"La soci\u00e9t\u00e9 Diener Precision Pumps est n\u00e9e en mettant l'accent sur la qualit\u00e9 du travail il y a plus de 60 ans par le p\u00e8re de Rolf Diener, Oskar Diener","breadcrumb":{"@id":"https:\/\/dienerprecisionpumps.com\/fr\/company\/histoire-pompe-precision-diener\/#breadcrumb"},"inLanguage":"fr-FR","potentialAction":[{"@type":"ReadAction","target":["https:\/\/dienerprecisionpumps.com\/fr\/company\/histoire-pompe-precision-diener\/"]}]},{"@type":"ImageObject","inLanguage":"fr-FR","@id":"https:\/\/dienerprecisionpumps.com\/fr\/company\/histoire-pompe-precision-diener\/#primaryimage","url":"https:\/\/dienerprecisionpumps.com\/wp-content\/uploads\/2021\/02\/DPP-History-Featured-Image.jpg","contentUrl":"https:\/\/dienerprecisionpumps.com\/wp-content\/uploads\/2021\/02\/DPP-History-Featured-Image.jpg","width":1200,"height":800,"caption":"DPP Histoire Image vedette"},{"@type":"BreadcrumbList","@id":"https:\/\/dienerprecisionpumps.com\/fr\/company\/histoire-pompe-precision-diener\/#breadcrumb","itemListElement":[{"@type":"ListItem","position":1,"name":"Home","item":"https:\/\/dienerprecisionpumps.com\/fr\/"},{"@type":"ListItem","position":2,"name":"\u00c0 propos de Diener Precision Pumps","item":"https:\/\/dpp.darwinstaging.com\/fr\/company\/"},{"@type":"ListItem","position":3,"name":"L&#8217;histoire des pompes de pr\u00e9cision Diener"}]},{"@type":"WebSite","@id":"https:\/\/dienerprecisionpumps.com\/fr\/#website","url":"https:\/\/dienerprecisionpumps.com\/fr\/","name":"Diener Precision Pumps","description":"Engineering your flow","publisher":{"@id":"https:\/\/dienerprecisionpumps.com\/fr\/#organization"},"potentialAction":[{"@type":"SearchAction","target":{"@type":"EntryPoint","urlTemplate":"https:\/\/dienerprecisionpumps.com\/fr\/?s={search_term_string}"},"query-input":{"@type":"PropertyValueSpecification","valueRequired":true,"valueName":"search_term_string"}}],"inLanguage":"fr-FR"},{"@type":"Organization","@id":"https:\/\/dienerprecisionpumps.com\/fr\/#organization","name":"Diener Precision Pumps","alternateName":"DPP","url":"https:\/\/dienerprecisionpumps.com\/fr\/","logo":{"@type":"ImageObject","inLanguage":"fr-FR","@id":"https:\/\/dienerprecisionpumps.com\/fr\/#\/schema\/logo\/image\/","url":"https:\/\/dienerprecisionpumps.com\/wp-content\/uploads\/2025\/07\/Diener-Precision-Pumps.svg","contentUrl":"https:\/\/dienerprecisionpumps.com\/wp-content\/uploads\/2025\/07\/Diener-Precision-Pumps.svg","width":179,"height":44,"caption":"Diener Precision Pumps"},"image":{"@id":"https:\/\/dienerprecisionpumps.com\/fr\/#\/schema\/logo\/image\/"},"sameAs":["https:\/\/www.linkedin.com\/company\/diener-precision-pumps\/","https:\/\/www.youtube.com\/@DienerPrecisionPumpsOfficial"]}]}},"_links":{"self":[{"href":"https:\/\/dienerprecisionpumps.com\/fr\/wp-json\/wp\/v2\/pages\/6375","targetHints":{"allow":["GET"]}}],"collection":[{"href":"https:\/\/dienerprecisionpumps.com\/fr\/wp-json\/wp\/v2\/pages"}],"about":[{"href":"https:\/\/dienerprecisionpumps.com\/fr\/wp-json\/wp\/v2\/types\/page"}],"author":[{"embeddable":true,"href":"https:\/\/dienerprecisionpumps.com\/fr\/wp-json\/wp\/v2\/users\/21"}],"replies":[{"embeddable":true,"href":"https:\/\/dienerprecisionpumps.com\/fr\/wp-json\/wp\/v2\/comments?post=6375"}],"version-history":[{"count":0,"href":"https:\/\/dienerprecisionpumps.com\/fr\/wp-json\/wp\/v2\/pages\/6375\/revisions"}],"up":[{"embeddable":true,"href":"https:\/\/dienerprecisionpumps.com\/fr\/wp-json\/wp\/v2\/pages\/6579"}],"wp:featuredmedia":[{"embeddable":true,"href":"https:\/\/dienerprecisionpumps.com\/fr\/wp-json\/wp\/v2\/media\/3150"}],"wp:attachment":[{"href":"https:\/\/dienerprecisionpumps.com\/fr\/wp-json\/wp\/v2\/media?parent=6375"}],"curies":[{"name":"wp","href":"https:\/\/api.w.org\/{rel}","templated":true}]}}