{"id":6360,"date":"2020-11-23T16:09:56","date_gmt":"2020-11-23T15:09:56","guid":{"rendered":"https:\/\/dienerprecisionpumps.com\/quality-control\/"},"modified":"2024-02-08T13:48:45","modified_gmt":"2024-02-08T12:48:45","slug":"controle-qualite-pompes","status":"publish","type":"page","link":"https:\/\/dienerprecisionpumps.com\/fr\/company\/controle-qualite-pompes\/","title":{"rendered":"Contr\u00f4le de la qualit\u00e9 des pompes de dosage et des pompes \u00e0 engrenages"},"content":{"rendered":"<h4>Des tests approfondis et un contr\u00f4le de qualit\u00e9 strict des micropompes fabriqu\u00e9es pour impressionner m\u00eame les clients les plus exigeants du march\u00e9.<\/h4>\r\n<p>Notre engagement en mati\u00e8re de qualit\u00e9 : 180 employ\u00e9s, 100 pour cent d&#8217;engagement en faveur des plus hautes exigences de qualit\u00e9.<\/p>\r\n<p>Pour nous, la qualit\u00e9 est plus qu&#8217;un simple mot : la qualit\u00e9 est notre conviction, notre philosophie de produit, et c&#8217;est ce que nous faisons au quotidien. Du d\u00e9veloppement de produits en Californie \u00e0 la production en Suisse, en passant par l&#8217;assistance \u00e0 nos clients, nous ne vivons qu&#8217;une seule chose : offrir ce qu&#8217;il y a de mieux. Nous savons que nos clients attendent exactement cela de nous, et nous nous effor\u00e7ons toujours d&#8217;aller plus loin et de d\u00e9passer ces attentes. Toutes les mati\u00e8res premi\u00e8res peuvent \u00eatre retrac\u00e9es \u00e0 100 % par lot jusqu&#8217;\u00e0 leur origine. Tous les produits sont test\u00e9s \u00e0 100 % avant d&#8217;\u00eatre exp\u00e9di\u00e9s. Afin de garantir une qualit\u00e9 \u00e9lev\u00e9e \u00e0 long terme, nous investissons en permanence dans la formation, l&#8217;\u00e9quipement, la recherche et le d\u00e9veloppement.<\/p>\r\n<h3>Service client\u00e8le<\/h3>\r\n<p>Nous soutenons nos clients 24 heures sur 24. Ils re\u00e7oivent une assistance rapide et des rapports d\u00e9taill\u00e9s. Le r\u00e9sultat : une <strong>satisfaction client in\u00e9gal\u00e9e<\/strong>.<\/p>\r\n<h3>D&#8217;ing\u00e9nieur \u00e0 ing\u00e9nieur<\/h3>\r\n<p>Nous parlons toujours d&#8217;ing\u00e9nieur \u00e0 ing\u00e9nieur. Nous mettons en \u0153uvre vos exigences de la meilleure fa\u00e7on possible et nous travaillons en <strong>\u00e9troite collaboration<\/strong> avec vous pour trouver une solution optimale \u00e0 chaque \u00e9tape.<\/p>\r\n<h3>PTR &#8211; Historique des performances<\/h3>\r\n<p>Avec plus de 2,5 millions de nos pompes en fonctionnement dans le monde et un taux de rendement bien inf\u00e9rieur \u00e0 0,1 %, la qualit\u00e9 de nos pompes parle d&#8217;elle-m\u00eame.<\/p>\r\n<h3>Qualit\u00e9 suisse<\/h3>\r\n<p>Nos produits sont fabriqu\u00e9s \u00e0 Embrach avec une <strong>pr\u00e9cision suisse<\/strong> de renomm\u00e9e mondiale. Il en r\u00e9sulte des co\u00fbts de service minimaux et une grande satisfaction des clients.<\/p>\r\n<h3>Test\u00e9 \u00e0 100% \u00e0 la sortie<\/h3>\r\n<p>Avant qu&#8217;une pompe ne quitte notre usine, elle est soumise \u00e0 des <strong>tests rigoureux et approfondis<\/strong> conform\u00e9ment \u00e0 ses sp\u00e9cifications. Nos clients re\u00e7oivent des rapports d\u00e9taill\u00e9s, ce qui leur permet d&#8217;\u00e9conomiser du temps et de l&#8217;argent.<\/p>\r\n<h3>Garantie principale<\/h3>\r\n<p>Notre promesse de qualit\u00e9 s&#8217;accompagne de <strong>garanties in\u00e9gal\u00e9es<\/strong> dans notre secteur. Nous sommes l\u00e0 pour nous assurer que vous impressionnerez m\u00eame vos clients les plus exigeants.<\/p>\r\n<h3>Pompe sur mesure<\/h3>\r\n<p>Chaque pompe qui quitte notre usine est fabriqu\u00e9e sur mesure et con\u00e7ue exactement selon les exigences techniques de nos clients. De plus, elles sont toujours tra\u00e7ables gr\u00e2ce \u00e0 leurs marquages laser.<\/p>\r\n<h3>Prototypage rapide<\/h3>\r\n<p>Notre travail est rapide et ax\u00e9 sur les solutions. Une fois les sp\u00e9cifications finalis\u00e9es, vous pouvez tester le prototype dans votre application dans un d\u00e9lai de 7 jours.<\/p>\r\n<h3>De labo \u00e0 labo<\/h3>\r\n<p>Nos pompes sont toujours construites pour fournir les m\u00eames quantit\u00e9s avec <strong>constance et fiabilit\u00e9<\/strong>. Des prototypes aux produits finaux, chaque pompe est d&#8217;une qualit\u00e9 tout aussi excellente.<\/p>\r\n<h3>Politique de qualit\u00e9<\/h3>\r\n<p><a href=\"https:\/\/dienerprecisionpumps.com\/fr\/\">Diener Precision Pumps<\/a> s&#8217;engage \u00e0 maintenir sa position de leader en mati\u00e8re de qualit\u00e9 dans son secteur d&#8217;activit\u00e9. Nos groupes de fabrication suisse et d&#8217;ing\u00e9nierie californienne revoient et am\u00e9liorent en permanence les processus de gestion de la qualit\u00e9 afin de d\u00e9passer les attentes des clients, des fournisseurs, des employ\u00e9s, de la direction, de la soci\u00e9t\u00e9 et de la l\u00e9gislation.<\/p>\r\n<h3>Certifications<\/h3>\r\n<ul>\r\n<li><a href=\"https:\/\/dienerprecisionpumps-19e5d.kxcdn.com\/wp-content\/uploads\/2023\/12\/DPP-certification-switzerland.pdf\" target=\"_blank\" rel=\"noopener\">DPP Certification Switzerland | ISO 9001<\/a><\/li>\r\n<li><a href=\"https:\/\/dienerprecisionpumps-19e5d.kxcdn.com\/wp-content\/uploads\/2023\/12\/certification-DPP-SQS-lodi.pdf\" target=\"_blank\" rel=\"noopener\">DPP Certification USA | ISO 9001<\/a><\/li>\r\n<\/ul>\r\n<figure class=\"wp-block-table\"><img loading=\"lazy\" decoding=\"async\" class=\"size-full wp-image-8901 alignleft\" src=\"https:\/\/dienerprecisionpumps.com\/wp-content\/uploads\/2021\/10\/sqs-iso-9001-logo-150.png\" alt=\"sqs iso 9001 certification logo\" width=\"150\" height=\"150\" \/> <img loading=\"lazy\" decoding=\"async\" class=\"size-full wp-image-8906 alignnone\" src=\"https:\/\/dienerprecisionpumps.com\/wp-content\/uploads\/2021\/10\/iqnet-9001-certifcation-150.png\" alt=\"IQNet 9001 certification logo\" width=\"150\" height=\"150\" \/><img loading=\"lazy\" decoding=\"async\" class=\"size-full wp-image-8913 alignleft\" src=\"https:\/\/dienerprecisionpumps.com\/wp-content\/uploads\/2021\/10\/nsf-accreditation-150.png\" alt=\"NSF Accreditation\" width=\"150\" height=\"150\" \/><\/figure>\r\n<h3><\/h3>\r\n<p>&nbsp;<\/p>","protected":false},"excerpt":{"rendered":"<p>Des tests approfondis et un contr\u00f4le de qualit\u00e9 strict des micropompes fabriqu\u00e9es pour impressionner m\u00eame les clients les plus exigeants du march\u00e9. Notre engagement en mati\u00e8re de qualit\u00e9 : 180 employ\u00e9s, 100 pour cent d&#8217;engagement en faveur des plus hautes exigences de qualit\u00e9. Pour nous, la qualit\u00e9 est plus qu&#8217;un simple mot : la qualit\u00e9 [&hellip;]<\/p>\n","protected":false},"author":21,"featured_media":0,"parent":6579,"menu_order":0,"comment_status":"closed","ping_status":"closed","template":"","meta":{"_acf_changed":false,"inline_featured_image":false,"footnotes":""},"class_list":["post-6360","page","type-page","status-publish","hentry"],"acf":[],"yoast_head":"<!-- This site is optimized with the Yoast SEO plugin v27.3 - https:\/\/yoast.com\/product\/yoast-seo-wordpress\/ -->\n<title>Micro-pompes, contr\u00f4le de la qualit\u00e9 | Diener Precision Pumps<\/title>\n<meta name=\"description\" content=\"Les proc\u00e9dures de contr\u00f4le de la qualit\u00e9 et l&#039;engagement en faveur de l&#039;excellence garantissent la plus haute qualit\u00e9 des pompes \u00e0 engrenages et microdoseurs\" \/>\n<meta name=\"robots\" content=\"index, follow, max-snippet:-1, max-image-preview:large, max-video-preview:-1\" \/>\n<link rel=\"canonical\" href=\"https:\/\/dienerprecisionpumps.com\/fr\/company\/controle-qualite-pompes\/\" \/>\n<meta property=\"og:locale\" content=\"fr_FR\" \/>\n<meta property=\"og:type\" content=\"article\" \/>\n<meta property=\"og:title\" content=\"Micro-pompes, contr\u00f4le de la qualit\u00e9 | Diener Precision Pumps\" \/>\n<meta property=\"og:description\" content=\"Les proc\u00e9dures de contr\u00f4le de la qualit\u00e9 et l&#039;engagement en faveur de l&#039;excellence garantissent la plus haute qualit\u00e9 des pompes \u00e0 engrenages et microdoseurs\" \/>\n<meta property=\"og:url\" content=\"https:\/\/dienerprecisionpumps.com\/fr\/company\/controle-qualite-pompes\/\" \/>\n<meta property=\"og:site_name\" content=\"Diener Precision Pumps\" \/>\n<meta property=\"article:modified_time\" content=\"2024-02-08T12:48:45+00:00\" \/>\n<meta property=\"og:image\" content=\"https:\/\/dpp.darwinstaging.com\/wp-content\/uploads\/2021\/10\/sqs-iso-9001-logo-150.png\" \/>\n<meta name=\"twitter:card\" content=\"summary_large_image\" \/>\n<meta name=\"twitter:label1\" content=\"Dur\u00e9e de lecture estim\u00e9e\" \/>\n\t<meta name=\"twitter:data1\" content=\"3 minutes\" \/>\n<!-- \/ Yoast SEO plugin. -->","yoast_head_json":{"title":"Micro-pompes, contr\u00f4le de la qualit\u00e9 | Diener Precision Pumps","description":"Les proc\u00e9dures de contr\u00f4le de la qualit\u00e9 et l'engagement en faveur de l'excellence garantissent la plus haute qualit\u00e9 des pompes \u00e0 engrenages et microdoseurs","robots":{"index":"index","follow":"follow","max-snippet":"max-snippet:-1","max-image-preview":"max-image-preview:large","max-video-preview":"max-video-preview:-1"},"canonical":"https:\/\/dienerprecisionpumps.com\/fr\/company\/controle-qualite-pompes\/","og_locale":"fr_FR","og_type":"article","og_title":"Micro-pompes, contr\u00f4le de la qualit\u00e9 | Diener Precision Pumps","og_description":"Les proc\u00e9dures de contr\u00f4le de la qualit\u00e9 et l'engagement en faveur de l'excellence garantissent la plus haute qualit\u00e9 des pompes \u00e0 engrenages et microdoseurs","og_url":"https:\/\/dienerprecisionpumps.com\/fr\/company\/controle-qualite-pompes\/","og_site_name":"Diener Precision Pumps","article_modified_time":"2024-02-08T12:48:45+00:00","og_image":[{"url":"https:\/\/dpp.darwinstaging.com\/wp-content\/uploads\/2021\/10\/sqs-iso-9001-logo-150.png","type":"","width":"","height":""}],"twitter_card":"summary_large_image","twitter_misc":{"Dur\u00e9e de lecture estim\u00e9e":"3 minutes"},"schema":{"@context":"https:\/\/schema.org","@graph":[{"@type":"WebPage","@id":"https:\/\/dienerprecisionpumps.com\/fr\/company\/controle-qualite-pompes\/","url":"https:\/\/dienerprecisionpumps.com\/fr\/company\/controle-qualite-pompes\/","name":"Micro-pompes, contr\u00f4le de la qualit\u00e9 | Diener Precision Pumps","isPartOf":{"@id":"https:\/\/dienerprecisionpumps.com\/fr\/#website"},"primaryImageOfPage":{"@id":"https:\/\/dienerprecisionpumps.com\/fr\/company\/controle-qualite-pompes\/#primaryimage"},"image":{"@id":"https:\/\/dienerprecisionpumps.com\/fr\/company\/controle-qualite-pompes\/#primaryimage"},"thumbnailUrl":"https:\/\/dienerprecisionpumps.com\/wp-content\/uploads\/2021\/10\/sqs-iso-9001-logo-150.png","datePublished":"2020-11-23T15:09:56+00:00","dateModified":"2024-02-08T12:48:45+00:00","description":"Les proc\u00e9dures de contr\u00f4le de la qualit\u00e9 et l'engagement en faveur de l'excellence garantissent la plus haute qualit\u00e9 des pompes \u00e0 engrenages et microdoseurs","breadcrumb":{"@id":"https:\/\/dienerprecisionpumps.com\/fr\/company\/controle-qualite-pompes\/#breadcrumb"},"inLanguage":"fr-FR","potentialAction":[{"@type":"ReadAction","target":["https:\/\/dienerprecisionpumps.com\/fr\/company\/controle-qualite-pompes\/"]}]},{"@type":"ImageObject","inLanguage":"fr-FR","@id":"https:\/\/dienerprecisionpumps.com\/fr\/company\/controle-qualite-pompes\/#primaryimage","url":"https:\/\/dienerprecisionpumps.com\/wp-content\/uploads\/2021\/10\/sqs-iso-9001-logo-150.png","contentUrl":"https:\/\/dienerprecisionpumps.com\/wp-content\/uploads\/2021\/10\/sqs-iso-9001-logo-150.png"},{"@type":"BreadcrumbList","@id":"https:\/\/dienerprecisionpumps.com\/fr\/company\/controle-qualite-pompes\/#breadcrumb","itemListElement":[{"@type":"ListItem","position":1,"name":"Home","item":"https:\/\/dienerprecisionpumps.com\/fr\/"},{"@type":"ListItem","position":2,"name":"\u00c0 propos de Diener Precision Pumps","item":"https:\/\/dpp.darwinstaging.com\/fr\/company\/"},{"@type":"ListItem","position":3,"name":"Contr\u00f4le de la qualit\u00e9 des pompes de dosage et des pompes \u00e0 engrenages"}]},{"@type":"WebSite","@id":"https:\/\/dienerprecisionpumps.com\/fr\/#website","url":"https:\/\/dienerprecisionpumps.com\/fr\/","name":"Diener Precision Pumps","description":"Engineering your flow","publisher":{"@id":"https:\/\/dienerprecisionpumps.com\/fr\/#organization"},"potentialAction":[{"@type":"SearchAction","target":{"@type":"EntryPoint","urlTemplate":"https:\/\/dienerprecisionpumps.com\/fr\/?s={search_term_string}"},"query-input":{"@type":"PropertyValueSpecification","valueRequired":true,"valueName":"search_term_string"}}],"inLanguage":"fr-FR"},{"@type":"Organization","@id":"https:\/\/dienerprecisionpumps.com\/fr\/#organization","name":"Diener Precision Pumps","alternateName":"DPP","url":"https:\/\/dienerprecisionpumps.com\/fr\/","logo":{"@type":"ImageObject","inLanguage":"fr-FR","@id":"https:\/\/dienerprecisionpumps.com\/fr\/#\/schema\/logo\/image\/","url":"https:\/\/dienerprecisionpumps.com\/wp-content\/uploads\/2025\/07\/Diener-Precision-Pumps.svg","contentUrl":"https:\/\/dienerprecisionpumps.com\/wp-content\/uploads\/2025\/07\/Diener-Precision-Pumps.svg","width":179,"height":44,"caption":"Diener Precision Pumps"},"image":{"@id":"https:\/\/dienerprecisionpumps.com\/fr\/#\/schema\/logo\/image\/"},"sameAs":["https:\/\/www.linkedin.com\/company\/diener-precision-pumps\/","https:\/\/www.youtube.com\/@DienerPrecisionPumpsOfficial"]}]}},"_links":{"self":[{"href":"https:\/\/dienerprecisionpumps.com\/fr\/wp-json\/wp\/v2\/pages\/6360","targetHints":{"allow":["GET"]}}],"collection":[{"href":"https:\/\/dienerprecisionpumps.com\/fr\/wp-json\/wp\/v2\/pages"}],"about":[{"href":"https:\/\/dienerprecisionpumps.com\/fr\/wp-json\/wp\/v2\/types\/page"}],"author":[{"embeddable":true,"href":"https:\/\/dienerprecisionpumps.com\/fr\/wp-json\/wp\/v2\/users\/21"}],"replies":[{"embeddable":true,"href":"https:\/\/dienerprecisionpumps.com\/fr\/wp-json\/wp\/v2\/comments?post=6360"}],"version-history":[{"count":0,"href":"https:\/\/dienerprecisionpumps.com\/fr\/wp-json\/wp\/v2\/pages\/6360\/revisions"}],"up":[{"embeddable":true,"href":"https:\/\/dienerprecisionpumps.com\/fr\/wp-json\/wp\/v2\/pages\/6579"}],"wp:attachment":[{"href":"https:\/\/dienerprecisionpumps.com\/fr\/wp-json\/wp\/v2\/media?parent=6360"}],"curies":[{"name":"wp","href":"https:\/\/api.w.org\/{rel}","templated":true}]}}