{"id":6354,"date":"2020-11-23T16:10:25","date_gmt":"2020-11-23T15:10:25","guid":{"rendered":"https:\/\/dienerprecisionpumps.com\/certification-and-compliance\/"},"modified":"2026-03-17T16:43:36","modified_gmt":"2026-03-17T15:43:36","slug":"certification-et-conformite","status":"publish","type":"page","link":"https:\/\/dienerprecisionpumps.com\/fr\/company\/certification-et-conformite\/","title":{"rendered":"Certification et conformit\u00e9"},"content":{"rendered":"<h3>Pr\u00e9tendre quelque chose, c&#8217;est bien, mais le prouver, c&#8217;est mieux : nos certifications.<\/h3>\r\n<p>Nos micropompes de pr\u00e9cision sont fabriqu\u00e9es conform\u00e9ment aux normes internationales. Nos pompes de pr\u00e9cision r\u00e9pondent aux sp\u00e9cifications les plus exigeantes pour une utilisation dans un large \u00e9ventail d&#8217;applications industrielles, m\u00e9dicales, <a href=\"https:\/\/dienerprecisionpumps.com\/fr\/industries\/pompes-boissons-aliments\/\">alimentaires<\/a>, de <a href=\"https:\/\/dienerprecisionpumps.com\/fr\/industries\/pompe-imprimantes-jet-encre-continu\/\">technologie d&#8217;impression<\/a>, de <a href=\"https:\/\/dienerprecisionpumps.com\/fr\/industries\/pompes-laboratoire-diagnostic-clinique\/\">laboratoire et de diagnostic<\/a>. Nous n&#8217;utilisons que des mat\u00e9riaux de la meilleure qualit\u00e9, accordons la plus grande importance \u00e0 une conception intelligente et faisons r\u00e9guli\u00e8rement certifier la qualit\u00e9 de nos produits et de nos processus par des organismes ind\u00e9pendants. Nous produisons conform\u00e9ment aux normes internationales ISO 9001\/ISO 13485 et disposons d&#8217;une salle blanche am\u00e9nag\u00e9e selon la classe ISO 7.<\/p>\r\n<h3>Fondation nationale des sciences (NSF)<\/h3>\r\n<p>En plus d&#8217;\u00eatre certifi\u00e9e <a href=\"https:\/\/www.iso.org\/home.html\">ISO<\/a>, Diener Precision Pumps r\u00e9pond \u00e0 un grand nombre d&#8217;autres normes exigeantes. La National Science Foundation (NSF) est une organisation qui vise \u00e0 prot\u00e9ger la s\u00e9curit\u00e9 et la sant\u00e9 des consommateurs. La certification NSF indique que DPP base sa production sur des normes extr\u00eamement \u00e9lev\u00e9es.<\/p>\r\n<p>Bien entendu, tous les travaux effectu\u00e9s par <a href=\"https:\/\/dienerprecisionpumps.com\/fr\/\">DPP<\/a> sont conformes \u00e0 la directive europ\u00e9enne 2011\/65\/UE, \u00e9galement connue sous le nom de directive RoHS. Cette directive a pour but de limiter l&#8217;utilisation de certaines substances dangereuses dans les appareils \u00e9lectriques et \u00e9lectroniques.<\/p>\r\n<p>En outre, notre production est \u00e9galement conforme au r\u00e8glement europ\u00e9en <a href=\"https:\/\/environment.ec.europa.eu\/topics\/chemicals\/reach-regulation_en\">REACH<\/a> sur les produits chimiques, qui garantit un niveau \u00e9lev\u00e9 de protection des personnes et de l&#8217;environnement.<\/p>\r\n<p>Notre fabrication de pr\u00e9cision suisse de pointe a \u00e9t\u00e9 audit\u00e9e selon les crit\u00e8res stricts de la <a href=\"https:\/\/www.nsf.gov\/\">NSF<\/a> et r\u00e9pond \u00e0 toutes les exigences pour la production de produits certifi\u00e9s NSF. N&#8217;h\u00e9sitez pas \u00e0 contacter votre ing\u00e9nieur commercial pour plus de d\u00e9tails.<\/p>\r\n<h3>Conformit\u00e9<\/h3>\r\n<h4>Prot\u00e9ger les ressources naturelles, respecter la dignit\u00e9 humaine<\/h4>\r\n<p>Pour assurer un d\u00e9veloppement et un succ\u00e8s \u00e0 long terme, une condition pr\u00e9alable essentielle est qu&#8217;une entreprise traite les autres ainsi que l&#8217;environnement avec le plus grand respect. C&#8217;est la raison principale pour laquelle Diener Precision Pumps accorde une si grande importance aux r\u00e8gles de conformit\u00e9 depuis sa cr\u00e9ation. Il va tout simplement de soi que, pour toutes nos transactions internationales, nous respectons les lois des pays dans lesquels nous exer\u00e7ons nos activit\u00e9s.<br \/>De plus, il est extr\u00eamement important pour nous d&#8217;agir avec int\u00e9grit\u00e9 et de mani\u00e8re responsable sur le plan \u00e9thique. Nous respectons les droits de l&#8217;homme et accordons une tr\u00e8s grande importance au respect des r\u00e8glements et des lois relatifs \u00e0 la sant\u00e9 et \u00e0 la s\u00e9curit\u00e9.<\/p>\r\n<h3>Min\u00e9raux de conflit<\/h3>\r\n<p>Obligations concernant le projet de loi am\u00e9ricain H.R. 4173 &#8220;<a href=\"https:\/\/en.wikipedia.org\/wiki\/Dodd%E2%80%93Frank_Wall_Street_Reform_and_Consumer_Protection_Act\">Dodd-Frank Wall Street Reform and Consumer Protection Act<\/a>&#8221; Section 1502 sur les &#8220;min\u00e9raux de conflit&#8221;. Notre soci\u00e9t\u00e9 suit de tr\u00e8s pr\u00e8s les efforts am\u00e9ricains visant \u00e0 interdire et \u00e0 contr\u00f4ler l&#8217;exploitation et le commerce des min\u00e9raux de la guerre provenant de la R\u00e9publique d\u00e9mocratique du Congo et des pays voisins. (Ceci est \u00e9galement vrai pour les dispositions d&#8217;application \u00e0 partir d&#8217;ao\u00fbt 2012.) En tant qu&#8217;entreprise suisse, nous ne tombons pas directement dans le champ d&#8217;application de la loi. N\u00e9anmoins, nous sommes tr\u00e8s attentifs aux \u00e9volutions nationales, europ\u00e9ennes et internationales en mati\u00e8re de normes \u00e9thiques, sociales et environnementales.<\/p>\r\n<p>Par cons\u00e9quent, nous pouvons pour l&#8217;instant supposer que, selon les informations dont nous disposons, le mat\u00e9riau de nos produits ne contient aucun des &#8220;min\u00e9raux de conflit&#8221; d\u00e9finis comme le coltan, le niobium, le tantale, l&#8217;\u00e9tain, l&#8217;or ou le tungst\u00e8ne provenant de la R\u00e9publique d\u00e9mocratique du Congo ou de ses pays voisins. Toute modification de nos connaissances sur cette question serait certainement annonc\u00e9e imm\u00e9diatement.<\/p>\r\n<h3>RoHS<\/h3>\r\n<p>Tous les nouveaux d\u00e9veloppements de produits DPP sont test\u00e9s et conformes \u00e0 la loi suivante : DIRECTIVE 2015\/863 relative \u00e0 la limitation de l&#8217;utilisation de certaines substances dangereuses dans les \u00e9quipements \u00e9lectriques et \u00e9lectroniques (refonte) &#8211; ci-apr\u00e8s &#8220;directive <a href=\"https:\/\/www.rohsguide.com\/\">RoHS<\/a>&#8220;. Une d\u00e9claration de conformit\u00e9 sera remise avec chaque livraison de produit.<\/p>\r\n<p><a href=\"https:\/\/dienerprecisionpumps.com\/wp-content\/uploads\/2024\/07\/DPP-RoHS-Declaration-1.pdf\" target=\"_blank\" rel=\"noopener\">D\u00e9claration de conformit\u00e9 RoHS<\/a><\/p>\r\n<h3>REACH<\/h3>\r\n<p>Les pompes de pr\u00e9cision Diener sont conformes aux dispositions de la directive <a href=\"https:\/\/osha.europa.eu\/en\/legislation\/directives\/regulation-ec-no-1907-2006-of-the-european-parliament-and-of-the-council\">CE 1907\/2006<\/a> (REACH), qui limite les substances extr\u00eamement pr\u00e9occupantes (produits chimiques dangereux).<\/p>\r\n<p><a href=\"https:\/\/dienerprecisionpumps.com\/wp-content\/uploads\/2024\/07\/DPP-REACH-Declaration-1.pdf\" target=\"_blank\" rel=\"noopener\">D\u00e9claration de conformit\u00e9 REACH<\/a><\/p>\r\n<h3>Recyclage des emballages<\/h3>\r\n<p>Les pompes de pr\u00e9cision <a href=\"https:\/\/dienerprecisionpumps.com\/fr\/\">Diener<\/a> sont conformes aux dispositions de la directive 94\/62\/CE du Parlement europ\u00e9en et du Conseil sur les emballages et les d\u00e9chets d&#8217;emballages. Cela inclut les dispositions relatives au marquage des emballages d\u00e9finies dans la d\u00e9cision 1997\/129-97\/129\/CE.<\/p>\r\n<h3>Certificats<\/h3>\r\n<ul>\r\n<li><a href=\"https:\/\/dienerprecisionpumps.com\/wp-content\/uploads\/2023\/12\/DPP-certification-switzerland.pdf\" target=\"_blank\" rel=\"noopener\">DPP Certification Switzerland | ISO 9001<\/a><\/li>\r\n<li><a href=\"https:\/\/dienerprecisionpumps.com\/wp-content\/uploads\/2023\/12\/certification-DPP-SQS-lodi.pdf\" target=\"_blank\" rel=\"noopener\">DPP Certification USA | ISO 9001<\/a><\/li>\r\n<\/ul>\r\n<p>&nbsp;<\/p>\r\n\r\n<figure class=\"wp-block-table\"><img loading=\"lazy\" decoding=\"async\" class=\"size-full wp-image-8903 alignleft\" src=\"https:\/\/dienerprecisionpumps.com\/wp-content\/uploads\/2021\/10\/sqs-iso-9001-logo-150.png\" alt=\"logo de certification sqs iso 9001\" width=\"150\" height=\"150\" \/> <img loading=\"lazy\" decoding=\"async\" class=\"size-full wp-image-8908 alignleft\" src=\"https:\/\/dienerprecisionpumps.com\/wp-content\/uploads\/2021\/10\/iqnet-9001-certifcation-150.png\" alt=\"Logo de certification IQNet 9001\" width=\"150\" height=\"150\" \/><img loading=\"lazy\" decoding=\"async\" class=\"size-full wp-image-8915 alignleft\" src=\"https:\/\/dienerprecisionpumps.com\/wp-content\/uploads\/2021\/10\/nsf-accreditation-150.png\" alt=\"NSF Accreditation\" width=\"150\" height=\"150\" \/><\/figure>\r\n\r\n\r\n\r\n<p>&nbsp;<\/p>\r\n","protected":false},"excerpt":{"rendered":"<p>Pr\u00e9tendre quelque chose, c&#8217;est bien, mais le prouver, c&#8217;est mieux : nos certifications. Nos micropompes de pr\u00e9cision sont fabriqu\u00e9es conform\u00e9ment aux normes internationales. Nos pompes de pr\u00e9cision r\u00e9pondent aux sp\u00e9cifications les plus exigeantes pour une utilisation dans un large \u00e9ventail d&#8217;applications industrielles, m\u00e9dicales, alimentaires, de technologie d&#8217;impression, de laboratoire et de diagnostic. Nous n&#8217;utilisons que [&hellip;]<\/p>\n","protected":false},"author":21,"featured_media":0,"parent":6579,"menu_order":0,"comment_status":"closed","ping_status":"closed","template":"","meta":{"_acf_changed":false,"inline_featured_image":false,"footnotes":""},"class_list":["post-6354","page","type-page","status-publish","hentry"],"acf":[],"yoast_head":"<!-- This site is optimized with the Yoast SEO plugin v27.4 - https:\/\/yoast.com\/product\/yoast-seo-wordpress\/ -->\n<title>Micropompres, certificats et conformit\u00e9 | Diener Precision Pumps<\/title>\n<meta name=\"description\" content=\"Nos micropompes de pr\u00e9cision sont fabriqu\u00e9es selon les normes internationales, elle a r\u00e9pondent aux sp\u00e9cifications pour une utilisation dans tous secteurs\" \/>\n<meta name=\"robots\" content=\"index, follow, max-snippet:-1, max-image-preview:large, max-video-preview:-1\" \/>\n<link rel=\"canonical\" href=\"https:\/\/dienerprecisionpumps.com\/fr\/company\/certification-et-conformite\/\" \/>\n<meta property=\"og:locale\" content=\"fr_FR\" \/>\n<meta property=\"og:type\" content=\"article\" \/>\n<meta property=\"og:title\" content=\"Micropompres, certificats et conformit\u00e9 | Diener Precision Pumps\" \/>\n<meta property=\"og:description\" content=\"Nos micropompes de pr\u00e9cision sont fabriqu\u00e9es selon les normes internationales, elle a r\u00e9pondent aux sp\u00e9cifications pour une utilisation dans tous secteurs\" \/>\n<meta property=\"og:url\" content=\"https:\/\/dienerprecisionpumps.com\/fr\/company\/certification-et-conformite\/\" \/>\n<meta property=\"og:site_name\" content=\"Diener Precision Pumps\" \/>\n<meta property=\"article:modified_time\" content=\"2026-03-17T15:43:36+00:00\" \/>\n<meta property=\"og:image\" content=\"https:\/\/dienerprecisionpumps.com\/wp-content\/uploads\/2021\/10\/sqs-iso-9001-logo-150.png\" \/>\n\t<meta property=\"og:image:width\" content=\"150\" \/>\n\t<meta property=\"og:image:height\" content=\"150\" \/>\n\t<meta property=\"og:image:type\" content=\"image\/png\" \/>\n<meta name=\"twitter:card\" content=\"summary_large_image\" \/>\n<meta name=\"twitter:label1\" content=\"Dur\u00e9e de lecture estim\u00e9e\" \/>\n\t<meta name=\"twitter:data1\" content=\"4 minutes\" \/>\n<!-- \/ Yoast SEO plugin. -->","yoast_head_json":{"title":"Micropompres, certificats et conformit\u00e9 | Diener Precision Pumps","description":"Nos micropompes de pr\u00e9cision sont fabriqu\u00e9es selon les normes internationales, elle a r\u00e9pondent aux sp\u00e9cifications pour une utilisation dans tous secteurs","robots":{"index":"index","follow":"follow","max-snippet":"max-snippet:-1","max-image-preview":"max-image-preview:large","max-video-preview":"max-video-preview:-1"},"canonical":"https:\/\/dienerprecisionpumps.com\/fr\/company\/certification-et-conformite\/","og_locale":"fr_FR","og_type":"article","og_title":"Micropompres, certificats et conformit\u00e9 | Diener Precision Pumps","og_description":"Nos micropompes de pr\u00e9cision sont fabriqu\u00e9es selon les normes internationales, elle a r\u00e9pondent aux sp\u00e9cifications pour une utilisation dans tous secteurs","og_url":"https:\/\/dienerprecisionpumps.com\/fr\/company\/certification-et-conformite\/","og_site_name":"Diener Precision Pumps","article_modified_time":"2026-03-17T15:43:36+00:00","og_image":[{"width":150,"height":150,"url":"https:\/\/dienerprecisionpumps.com\/wp-content\/uploads\/2021\/10\/sqs-iso-9001-logo-150.png","type":"image\/png"}],"twitter_card":"summary_large_image","twitter_misc":{"Dur\u00e9e de lecture estim\u00e9e":"4 minutes"},"schema":{"@context":"https:\/\/schema.org","@graph":[{"@type":"WebPage","@id":"https:\/\/dienerprecisionpumps.com\/fr\/company\/certification-et-conformite\/","url":"https:\/\/dienerprecisionpumps.com\/fr\/company\/certification-et-conformite\/","name":"Micropompres, certificats et conformit\u00e9 | Diener Precision Pumps","isPartOf":{"@id":"https:\/\/dienerprecisionpumps.com\/fr\/#website"},"primaryImageOfPage":{"@id":"https:\/\/dienerprecisionpumps.com\/fr\/company\/certification-et-conformite\/#primaryimage"},"image":{"@id":"https:\/\/dienerprecisionpumps.com\/fr\/company\/certification-et-conformite\/#primaryimage"},"thumbnailUrl":"https:\/\/dienerprecisionpumps.com\/wp-content\/uploads\/2021\/10\/sqs-iso-9001-logo-150.png","datePublished":"2020-11-23T15:10:25+00:00","dateModified":"2026-03-17T15:43:36+00:00","description":"Nos micropompes de pr\u00e9cision sont fabriqu\u00e9es selon les normes internationales, elle a r\u00e9pondent aux sp\u00e9cifications pour une utilisation dans tous secteurs","breadcrumb":{"@id":"https:\/\/dienerprecisionpumps.com\/fr\/company\/certification-et-conformite\/#breadcrumb"},"inLanguage":"fr-FR","potentialAction":[{"@type":"ReadAction","target":["https:\/\/dienerprecisionpumps.com\/fr\/company\/certification-et-conformite\/"]}]},{"@type":"ImageObject","inLanguage":"fr-FR","@id":"https:\/\/dienerprecisionpumps.com\/fr\/company\/certification-et-conformite\/#primaryimage","url":"https:\/\/dienerprecisionpumps.com\/wp-content\/uploads\/2021\/10\/sqs-iso-9001-logo-150.png","contentUrl":"https:\/\/dienerprecisionpumps.com\/wp-content\/uploads\/2021\/10\/sqs-iso-9001-logo-150.png"},{"@type":"BreadcrumbList","@id":"https:\/\/dienerprecisionpumps.com\/fr\/company\/certification-et-conformite\/#breadcrumb","itemListElement":[{"@type":"ListItem","position":1,"name":"Home","item":"https:\/\/dienerprecisionpumps.com\/fr\/"},{"@type":"ListItem","position":2,"name":"\u00c0 propos de Diener Precision Pumps","item":"https:\/\/dpp.darwinstaging.com\/fr\/company\/"},{"@type":"ListItem","position":3,"name":"Certification et conformit\u00e9"}]},{"@type":"WebSite","@id":"https:\/\/dienerprecisionpumps.com\/fr\/#website","url":"https:\/\/dienerprecisionpumps.com\/fr\/","name":"Diener Precision Pumps","description":"Engineering your flow","publisher":{"@id":"https:\/\/dienerprecisionpumps.com\/fr\/#organization"},"potentialAction":[{"@type":"SearchAction","target":{"@type":"EntryPoint","urlTemplate":"https:\/\/dienerprecisionpumps.com\/fr\/?s={search_term_string}"},"query-input":{"@type":"PropertyValueSpecification","valueRequired":true,"valueName":"search_term_string"}}],"inLanguage":"fr-FR"},{"@type":"Organization","@id":"https:\/\/dienerprecisionpumps.com\/fr\/#organization","name":"Diener Precision Pumps","alternateName":"DPP","url":"https:\/\/dienerprecisionpumps.com\/fr\/","logo":{"@type":"ImageObject","inLanguage":"fr-FR","@id":"https:\/\/dienerprecisionpumps.com\/fr\/#\/schema\/logo\/image\/","url":"https:\/\/dienerprecisionpumps.com\/wp-content\/uploads\/2025\/07\/Diener-Precision-Pumps.svg","contentUrl":"https:\/\/dienerprecisionpumps.com\/wp-content\/uploads\/2025\/07\/Diener-Precision-Pumps.svg","width":179,"height":44,"caption":"Diener Precision Pumps"},"image":{"@id":"https:\/\/dienerprecisionpumps.com\/fr\/#\/schema\/logo\/image\/"},"sameAs":["https:\/\/www.linkedin.com\/company\/diener-precision-pumps\/","https:\/\/www.youtube.com\/@DienerPrecisionPumpsOfficial"]}]}},"_links":{"self":[{"href":"https:\/\/dienerprecisionpumps.com\/fr\/wp-json\/wp\/v2\/pages\/6354","targetHints":{"allow":["GET"]}}],"collection":[{"href":"https:\/\/dienerprecisionpumps.com\/fr\/wp-json\/wp\/v2\/pages"}],"about":[{"href":"https:\/\/dienerprecisionpumps.com\/fr\/wp-json\/wp\/v2\/types\/page"}],"author":[{"embeddable":true,"href":"https:\/\/dienerprecisionpumps.com\/fr\/wp-json\/wp\/v2\/users\/21"}],"replies":[{"embeddable":true,"href":"https:\/\/dienerprecisionpumps.com\/fr\/wp-json\/wp\/v2\/comments?post=6354"}],"version-history":[{"count":0,"href":"https:\/\/dienerprecisionpumps.com\/fr\/wp-json\/wp\/v2\/pages\/6354\/revisions"}],"up":[{"embeddable":true,"href":"https:\/\/dienerprecisionpumps.com\/fr\/wp-json\/wp\/v2\/pages\/6579"}],"wp:attachment":[{"href":"https:\/\/dienerprecisionpumps.com\/fr\/wp-json\/wp\/v2\/media?parent=6354"}],"curies":[{"name":"wp","href":"https:\/\/api.w.org\/{rel}","templated":true}]}}