{"id":6349,"date":"2021-01-29T15:38:36","date_gmt":"2021-01-29T14:38:36","guid":{"rendered":"https:\/\/dienerprecisionpumps.com\/corporate-social-responsibility\/"},"modified":"2022-12-12T11:48:56","modified_gmt":"2022-12-12T10:48:56","slug":"responsabilite-societale-entreprise","status":"publish","type":"page","link":"https:\/\/dienerprecisionpumps.com\/fr\/company\/responsabilite-societale-entreprise\/","title":{"rendered":"Responsabilit\u00e9 sociale des entreprises"},"content":{"rendered":"\r\n<h4>Chez Diener Precision Pumps, nous d\u00e9finissons la responsabilit\u00e9 sociale des entreprises (RSE) comme suit :<\/h4>\r\n<ul>\r\n<li>Conduite des affaires de mani\u00e8re socialement responsable et \u00e9thique<\/li>\r\n<li>Soutenir les droits de l&#8217;homme<\/li>\r\n<li>Protection de l&#8217;environnement et s\u00e9curit\u00e9 des personnes<\/li>\r\n<li>Participer aux pratiques d&#8217;achat durable<\/li>\r\n<li>Respecter et soutenir nos communaut\u00e9s et nos cultures<\/li>\r\n<li>Apporter une contribution positive \u00e0 la soci\u00e9t\u00e9<\/li>\r\n<\/ul>\r\n<p>Tous les points ci-dessus dans le cadre d&#8217;une organisation de gouvernance d&#8217;entreprise solide.<\/p>\r\n<p>La politique de <a href=\"https:\/\/dienerprecisionpumps.com\/fr\/\">Diener Precision Pump<\/a> en mati\u00e8re de <a href=\"https:\/\/www.unido.org\/our-focus\/advancing-economic-competitiveness\/competitive-trade-capacities-and-corporate-responsibility\/corporate-social-responsibility-market-integration\/what-csr\">RSE<\/a> consiste \u00e0 faire ce qu&#8217;il faut parce que c&#8217;est la bonne chose \u00e0 faire. Il ne suffit pas de suivre simplement les r\u00e8gles et les r\u00e8glements l\u00e9gislatifs ; nous devons nous efforcer d&#8217;atteindre un niveau de performance sociale plus \u00e9lev\u00e9. C&#8217;est ce que nos parties prenantes attendent de nous. Il est de la responsabilit\u00e9 de l&#8217;entreprise de cr\u00e9er de mani\u00e8re proactive une atmosph\u00e8re de travail qui favorise l&#8217;am\u00e9lioration de la soci\u00e9t\u00e9, gr\u00e2ce \u00e0 nos pratiques d&#8217;emploi, nos pratiques d&#8217;achat, notre respect de l&#8217;environnement, nos produits et notre implication dans la communaut\u00e9.<\/p>\r\n<p>Nos employ\u00e9s contribuent \u00e0 nos programmes de RSE d&#8217;une mani\u00e8re qui favorise le bien de nos communaut\u00e9s mais aussi leur propre d\u00e9veloppement personnel, en acqu\u00e9rant des comp\u00e9tences de vie qu&#8217;ils peuvent appliquer tant sur le lieu de travail qu&#8217;\u00e0 la maison et en renfor\u00e7ant notre r\u00e9putation d&#8217;employeur privil\u00e9gi\u00e9. Les codes de conduite requis sont d\u00e9finis dans nos manuels du personnel : les employ\u00e9s sont invit\u00e9s \u00e0 les signer comme condition d&#8217;emploi. En partageant cette attitude avec nos clients, nous gagnons leur respect, ce qui se traduit par une relation solide et un potentiel commercial \u00e0 long terme. Exiger cette attitude de nos fournisseurs garantit qu&#8217;ils restent\/deviennent des partenaires commerciaux \u00e0 long terme et contribue \u00e0 \u00e9tendre le programme plus loin dans la cha\u00eene d&#8217;approvisionnement.<\/p>\r\n<p>Notre simple exigence est que nos employ\u00e9s et nos fournisseurs adh\u00e8rent \u00e0 cette politique dans leurs activit\u00e9s quotidiennes, et que notre direction revoie et actualise p\u00e9riodiquement cette politique pour qu&#8217;elle reste pertinente dans le monde d&#8217;aujourd&#8217;hui. Cette politique s&#8217;appuie sur les normes de responsabilit\u00e9 existantes et \u00e9mergentes et est regroup\u00e9e par cat\u00e9gorie ci-dessous.<\/p>\r\n<h3>\u00c9thique et transparence des affaires<\/h3>\r\n<p>Diener Precision Pumps m\u00e8ne ses activit\u00e9s de mani\u00e8re ouverte, honn\u00eate et \u00e9thique. Nous attendons de nos collaborateurs qu&#8217;ils fassent toujours ce qu&#8217;il faut. La corruption, l&#8217;extorsion, les conflits d&#8217;int\u00e9r\u00eats, le favoritisme, les pots-de-vin, le blanchiment d&#8217;argent et la fraude de toute sorte ne seront pas tol\u00e9r\u00e9s chez Diener Precision Pumps ou dans sa cha\u00eene d&#8217;approvisionnement.<\/p>\r\n<p>Nous partageons cette politique de RSE avec nos partenaires, fournisseurs et clients. Nos manuels de l&#8217;employ\u00e9 expliquent les attentes des employ\u00e9s et les r\u00e8gles d&#8217;emploi, qui sont toutes bas\u00e9es sur une communication ouverte et une \u00e9thique de bon sens. Diener Precision Pumps prot\u00e8ge les informations confidentielles, y compris la propri\u00e9t\u00e9 intellectuelle de tiers, par le biais d&#8217;accords de non-divulgation et d&#8217;accords contractuels sign\u00e9s. Ces informations sont stock\u00e9es et sauvegard\u00e9es sur notre r\u00e9seau et sont continuellement mises \u00e0 jour avec des am\u00e9liorations de s\u00e9curit\u00e9. Conform\u00e9ment \u00e0 la derni\u00e8re l\u00e9gislation <a href=\"https:\/\/gdpr-info.eu\/\">GDPR<\/a>, Diener Precision Pumps ne transporte ni ne stocke aucune donn\u00e9e financi\u00e8re personnelle.<\/p>\r\n<h3>Droits de l&#8217;homme, travail et plaintes<\/h3>\r\n<p>Diener Precision Pumps veille \u00e0 ce que ses employ\u00e9s soient trait\u00e9s avec \u00e9quit\u00e9 et dignit\u00e9, en tenant compte de leurs objectifs et de leurs aspirations, et \u00e0 ce que la diversit\u00e9 sur le lieu de travail soit respect\u00e9e. Nous appliquons des pratiques de travail \u00e9quitables, tout en respectant les lois nationales et locales des pays et des communaut\u00e9s o\u00f9 nous op\u00e9rons.<\/p>\r\n<p>Nous nous engageons \u00e0 assurer l&#8217;\u00e9galit\u00e9 des chances dans tous les aspects de l&#8217;emploi et ne nous engagerons pas dans des comportements ill\u00e9gaux sur le lieu de travail, ni ne les tol\u00e9rerons, y compris la discrimination, l&#8217;intimidation ou le harc\u00e8lement de toute sorte.<\/p>\r\n<p>Diener Precision Pumps a mis en place des m\u00e9canismes permettant aux employ\u00e9s d&#8217;attirer l&#8217;attention de la direction sans crainte de repr\u00e9sailles, dans un environnement qui favorise les interactions respectueuses entre tous les coll\u00e8gues. Ces m\u00e9canismes font partie int\u00e9grante de nos manuels du personnel.<\/p>\r\n<p>Le travail forc\u00e9, la traite des \u00eatres humains et le travail des enfants ne sont pas tol\u00e9r\u00e9s par Diener Precision Pumps, ni nulle part dans notre cha\u00eene d&#8217;approvisionnement. La r\u00e9mun\u00e9ration des travailleurs de notre cha\u00eene d&#8217;approvisionnement doit \u00eatre conforme aux lois salariales en vigueur, notamment en ce qui concerne le salaire minimum, les heures suppl\u00e9mentaires et les avantages sociaux pr\u00e9vus par la loi.<\/p>\r\n<h3>Environnement, sant\u00e9 et s\u00e9curit\u00e9<\/h3>\r\n<p>Diener Precision Pumps travaille avec diligence pour \u00e9viter d&#8217;endommager notre environnement ou la s\u00e9curit\u00e9 des autres et nous exigeons de notre cha\u00eene logistique Cela signifie que nous devons nous conformer \u00e0 toutes les lois et r\u00e9glementations environnementales applicables. En suivant les principes d&#8217;am\u00e9lioration continue, nous travaillerons tous de mani\u00e8re proactive pour r\u00e9duire l&#8217;utilisation de l&#8217;environnement et des ressources dans tous les domaines de notre activit\u00e9. Cela inclut la gestion des d\u00e9chets, des rejets et des \u00e9missions, et la promotion de l&#8217;am\u00e9lioration de l&#8217;efficacit\u00e9 dans l&#8217;utilisation de l&#8217;eau et des ressources \u00e9nerg\u00e9tiques.<\/p>\r\n<p>En outre, nos produits sont conformes \u00e0 la directive <a href=\"https:\/\/rohsguide.com\/\">RoHS<\/a> (directive 2002\/95\/CE) et au r\u00e8glement <a href=\"https:\/\/www.reach-initiative.org\/\">REACH<\/a> (Agence europ\u00e9enne des produits chimiques). Nous exigeons que nos mati\u00e8res premi\u00e8res soient conformes aux exigences de la Securities and Exchange Commission (SEC) du gouvernement des \u00c9tats-Unis et \u00e0 la section 1502 de la loi Dodd-Frank Wall Street Reform and Consumer Protection Act 2010 (Conflict Minerals, ou CMRT).<\/p>\r\n<p>Diener Precision Pumps respecte toutes les r\u00e9glementations applicables en mati\u00e8re de sant\u00e9 et de s\u00e9curit\u00e9 dans l&#8217;ensemble de ses installations.<\/p>\r\n<h3>Approvisionnement durable<\/h3>\r\n<p>L&#8217;approvisionnement durable signifie que la cha\u00eene d&#8217;approvisionnement de Diener Precision Pump est g\u00e9r\u00e9e de mani\u00e8re \u00e0 minimiser les risques, tant pour la continuit\u00e9 de nos activit\u00e9s que pour l&#8217;environnement. Dans cette mesure, nous attendons de notre cha\u00eene d&#8217;approvisionnement qu&#8217;elle soit conforme aux m\u00eames normes \u00e9lev\u00e9es que celles que nous nous imposons \u00e0 nous-m\u00eames. En plus de la conformit\u00e9 avec RoHS, REACH et CMRT, nous exigeons que nos fournisseurs aient des politiques pour ces activit\u00e9s :<\/p>\r\n<h4>R\u00e9duire leur empreinte \u00e9cologique par :<\/h4>\r\n<p>la conservation des ressources, y compris l&#8217;utilisation de l&#8217;\u00e9nergie, de l&#8217;eau et des mat\u00e9riaux<br \/>la minimisation des d\u00e9chets, tant dans le cadre de leurs activit\u00e9s que par la r\u00e9duction des emballages<br \/>R\u00e9duire l&#8217;impact des livraisons et maximiser l&#8217;approvisionnement local<\/p>\r\n<p>Apporter des avantages \u00e0 la soci\u00e9t\u00e9 gr\u00e2ce \u00e0 :<\/p>\r\n<p>Respecter les principes de l&#8217;Organisation internationale du travail (<a href=\"https:\/\/www.ilo.org\/global\/about-the-ilo\/who-we-are\/international-labour-office\/lang--fr\/index.htm\">OIT<\/a>) en mati\u00e8re de droits de l&#8217;homme et de conditions d&#8217;emploi<br \/>Veiller \u00e0 ce que l&#8217;esclavage et la traite des \u00eatres humains n&#8217;aient lieu dans aucune de leurs cha\u00eenes d&#8217;approvisionnement et dans aucune partie de leurs activit\u00e9s<\/p>\r\n<h4>Faire passer la croissance \u00e9conomique :<\/h4>\r\n<ul>\r\n<li>Prendre en compte le co\u00fbt du cycle de vie des produits<\/li>\r\n<li>Fournir le salaire de subsistance (au minimum) aux employ\u00e9s et aux entrepreneurs<\/li>\r\n<li>Soutenir notre communaut\u00e9\/culture<\/li>\r\n<\/ul>\r\n<p>Diener Precision Pumps participe \u00e0 des programmes de stages et d&#8217;apprentissage, donnant aux jeunes adultes la possibilit\u00e9 de s&#8217;informer sur les carri\u00e8res dans les secteurs de l&#8217;ing\u00e9nierie et de la fabrication. Ces jeunes sont souvent embauch\u00e9s par la suite et poursuivent un partenariat long et productif avec l&#8217;entreprise. Ils vivent localement, font des achats locaux, donnent leur temps et leur argent \u00e0 des causes louables et paient des imp\u00f4ts pour soutenir la communaut\u00e9 locale.<\/p>\r\n<h3>Contribuer \u00e0 la soci\u00e9t\u00e9<\/h3>\r\n<p>Diener Precision Pumps est fier de fournir des pompes aux march\u00e9s de la m\u00e9decine et du diagnostic m\u00e9dical, am\u00e9liorant ainsi la qualit\u00e9 et les soins aux patients dans le monde entier. Nos employ\u00e9s sont notre atout le plus pr\u00e9cieux. Nous les encourageons \u00e0 maintenir des normes \u00e9thiques \u00e9lev\u00e9es et les aidons \u00e0 donner l&#8217;exemple en tant que mod\u00e8les pour les fournisseurs, les clients et les communaut\u00e9s dans lesquelles ils vivent et travaillent. En outre, nous faisons du monde un endroit plus sain et plus durable en r\u00e9duisant les d\u00e9chets, en recyclant et en am\u00e9liorant l&#8217;efficacit\u00e9 \u00e9nerg\u00e9tique.<\/p>\r\n<p>Cette politique est r\u00e9vis\u00e9e r\u00e9guli\u00e8rement pour en \u00e9valuer la pertinence, en contr\u00f4ler le respect et favoriser une am\u00e9lioration continue.<\/p>\r\n\r\n\r\n\r\n\r\n\r\n<p>&nbsp;<\/p>\r\n\r\n\r\n\r\n<figure class=\"wp-block-image size-large is-resized\"><img loading=\"lazy\" decoding=\"async\" class=\"wp-image-2998\" src=\"https:\/\/dienerprecisionpumps.com\/wp-content\/uploads\/2021\/01\/Screenshot-2021-01-29-at-17.13.12.png\" alt=\"Douglas Robinson\" width=\"113\" height=\"65\" \/><\/figure>\r\n\r\n\r\n\r\n<p>Douglas Robinson<br \/>CEO, Diener Precision Pumps<\/p>\r\n","protected":false},"excerpt":{"rendered":"<p>Chez Diener Precision Pumps, nous d\u00e9finissons la responsabilit\u00e9 sociale des entreprises (RSE) comme suit : Conduite des affaires de mani\u00e8re socialement responsable et \u00e9thique Soutenir les droits de l&#8217;homme Protection de l&#8217;environnement et s\u00e9curit\u00e9 des personnes Participer aux pratiques d&#8217;achat durable Respecter et soutenir nos communaut\u00e9s et nos cultures Apporter une contribution positive \u00e0 la [&hellip;]<\/p>\n","protected":false},"author":21,"featured_media":0,"parent":6579,"menu_order":0,"comment_status":"closed","ping_status":"closed","template":"","meta":{"_acf_changed":false,"inline_featured_image":false,"footnotes":""},"class_list":["post-6349","page","type-page","status-publish","hentry"],"acf":[],"yoast_head":"<!-- This site is optimized with the Yoast SEO plugin v27.3 - https:\/\/yoast.com\/product\/yoast-seo-wordpress\/ -->\n<title>Responsabilit\u00e9 sociale des entreprises | Diener Precision Pumps<\/title>\n<meta name=\"description\" content=\"La politique de RSE (Responsabilit\u00e9 Sociale des Entrprises ) de Diener Precision Pump a pour but d&#039;atteindre un niveau de performance sociale le plus \u00e9lev\u00e9.\" \/>\n<meta name=\"robots\" content=\"index, follow, max-snippet:-1, max-image-preview:large, max-video-preview:-1\" \/>\n<link rel=\"canonical\" href=\"https:\/\/dienerprecisionpumps.com\/fr\/company\/responsabilite-societale-entreprise\/\" \/>\n<meta property=\"og:locale\" content=\"fr_FR\" \/>\n<meta property=\"og:type\" content=\"article\" \/>\n<meta property=\"og:title\" content=\"Responsabilit\u00e9 sociale des entreprises | Diener Precision Pumps\" \/>\n<meta property=\"og:description\" content=\"La politique de RSE (Responsabilit\u00e9 Sociale des Entrprises ) de Diener Precision Pump a pour but d&#039;atteindre un niveau de performance sociale le plus \u00e9lev\u00e9.\" \/>\n<meta property=\"og:url\" content=\"https:\/\/dienerprecisionpumps.com\/fr\/company\/responsabilite-societale-entreprise\/\" \/>\n<meta property=\"og:site_name\" content=\"Diener Precision Pumps\" \/>\n<meta property=\"article:modified_time\" content=\"2022-12-12T10:48:56+00:00\" \/>\n<meta property=\"og:image\" content=\"https:\/\/dpp.darwinstaging.com\/wp-content\/uploads\/2021\/01\/Screenshot-2021-01-29-at-17.13.12.png\" \/>\n<meta name=\"twitter:card\" content=\"summary_large_image\" \/>\n<meta name=\"twitter:label1\" content=\"Dur\u00e9e de lecture estim\u00e9e\" \/>\n\t<meta name=\"twitter:data1\" content=\"6 minutes\" \/>\n<!-- \/ Yoast SEO plugin. -->","yoast_head_json":{"title":"Responsabilit\u00e9 sociale des entreprises | Diener Precision Pumps","description":"La politique de RSE (Responsabilit\u00e9 Sociale des Entrprises ) de Diener Precision Pump a pour but d'atteindre un niveau de performance sociale le plus \u00e9lev\u00e9.","robots":{"index":"index","follow":"follow","max-snippet":"max-snippet:-1","max-image-preview":"max-image-preview:large","max-video-preview":"max-video-preview:-1"},"canonical":"https:\/\/dienerprecisionpumps.com\/fr\/company\/responsabilite-societale-entreprise\/","og_locale":"fr_FR","og_type":"article","og_title":"Responsabilit\u00e9 sociale des entreprises | Diener Precision Pumps","og_description":"La politique de RSE (Responsabilit\u00e9 Sociale des Entrprises ) de Diener Precision Pump a pour but d'atteindre un niveau de performance sociale le plus \u00e9lev\u00e9.","og_url":"https:\/\/dienerprecisionpumps.com\/fr\/company\/responsabilite-societale-entreprise\/","og_site_name":"Diener Precision Pumps","article_modified_time":"2022-12-12T10:48:56+00:00","og_image":[{"url":"https:\/\/dpp.darwinstaging.com\/wp-content\/uploads\/2021\/01\/Screenshot-2021-01-29-at-17.13.12.png","type":"","width":"","height":""}],"twitter_card":"summary_large_image","twitter_misc":{"Dur\u00e9e de lecture estim\u00e9e":"6 minutes"},"schema":{"@context":"https:\/\/schema.org","@graph":[{"@type":"WebPage","@id":"https:\/\/dienerprecisionpumps.com\/fr\/company\/responsabilite-societale-entreprise\/","url":"https:\/\/dienerprecisionpumps.com\/fr\/company\/responsabilite-societale-entreprise\/","name":"Responsabilit\u00e9 sociale des entreprises | Diener Precision Pumps","isPartOf":{"@id":"https:\/\/dienerprecisionpumps.com\/fr\/#website"},"primaryImageOfPage":{"@id":"https:\/\/dienerprecisionpumps.com\/fr\/company\/responsabilite-societale-entreprise\/#primaryimage"},"image":{"@id":"https:\/\/dienerprecisionpumps.com\/fr\/company\/responsabilite-societale-entreprise\/#primaryimage"},"thumbnailUrl":"https:\/\/dienerprecisionpumps.com\/wp-content\/uploads\/2021\/01\/Screenshot-2021-01-29-at-17.13.12.png","datePublished":"2021-01-29T14:38:36+00:00","dateModified":"2022-12-12T10:48:56+00:00","description":"La politique de RSE (Responsabilit\u00e9 Sociale des Entrprises ) de Diener Precision Pump a pour but d'atteindre un niveau de performance sociale le plus \u00e9lev\u00e9.","breadcrumb":{"@id":"https:\/\/dienerprecisionpumps.com\/fr\/company\/responsabilite-societale-entreprise\/#breadcrumb"},"inLanguage":"fr-FR","potentialAction":[{"@type":"ReadAction","target":["https:\/\/dienerprecisionpumps.com\/fr\/company\/responsabilite-societale-entreprise\/"]}]},{"@type":"ImageObject","inLanguage":"fr-FR","@id":"https:\/\/dienerprecisionpumps.com\/fr\/company\/responsabilite-societale-entreprise\/#primaryimage","url":"https:\/\/dienerprecisionpumps.com\/wp-content\/uploads\/2021\/01\/Screenshot-2021-01-29-at-17.13.12.png","contentUrl":"https:\/\/dienerprecisionpumps.com\/wp-content\/uploads\/2021\/01\/Screenshot-2021-01-29-at-17.13.12.png"},{"@type":"BreadcrumbList","@id":"https:\/\/dienerprecisionpumps.com\/fr\/company\/responsabilite-societale-entreprise\/#breadcrumb","itemListElement":[{"@type":"ListItem","position":1,"name":"Home","item":"https:\/\/dienerprecisionpumps.com\/fr\/"},{"@type":"ListItem","position":2,"name":"\u00c0 propos de Diener Precision Pumps","item":"https:\/\/dpp.darwinstaging.com\/fr\/company\/"},{"@type":"ListItem","position":3,"name":"Responsabilit\u00e9 sociale des entreprises"}]},{"@type":"WebSite","@id":"https:\/\/dienerprecisionpumps.com\/fr\/#website","url":"https:\/\/dienerprecisionpumps.com\/fr\/","name":"Diener Precision Pumps","description":"Engineering your flow","publisher":{"@id":"https:\/\/dienerprecisionpumps.com\/fr\/#organization"},"potentialAction":[{"@type":"SearchAction","target":{"@type":"EntryPoint","urlTemplate":"https:\/\/dienerprecisionpumps.com\/fr\/?s={search_term_string}"},"query-input":{"@type":"PropertyValueSpecification","valueRequired":true,"valueName":"search_term_string"}}],"inLanguage":"fr-FR"},{"@type":"Organization","@id":"https:\/\/dienerprecisionpumps.com\/fr\/#organization","name":"Diener Precision Pumps","alternateName":"DPP","url":"https:\/\/dienerprecisionpumps.com\/fr\/","logo":{"@type":"ImageObject","inLanguage":"fr-FR","@id":"https:\/\/dienerprecisionpumps.com\/fr\/#\/schema\/logo\/image\/","url":"https:\/\/dienerprecisionpumps.com\/wp-content\/uploads\/2025\/07\/Diener-Precision-Pumps.svg","contentUrl":"https:\/\/dienerprecisionpumps.com\/wp-content\/uploads\/2025\/07\/Diener-Precision-Pumps.svg","width":179,"height":44,"caption":"Diener Precision Pumps"},"image":{"@id":"https:\/\/dienerprecisionpumps.com\/fr\/#\/schema\/logo\/image\/"},"sameAs":["https:\/\/www.linkedin.com\/company\/diener-precision-pumps\/","https:\/\/www.youtube.com\/@DienerPrecisionPumpsOfficial"]}]}},"_links":{"self":[{"href":"https:\/\/dienerprecisionpumps.com\/fr\/wp-json\/wp\/v2\/pages\/6349","targetHints":{"allow":["GET"]}}],"collection":[{"href":"https:\/\/dienerprecisionpumps.com\/fr\/wp-json\/wp\/v2\/pages"}],"about":[{"href":"https:\/\/dienerprecisionpumps.com\/fr\/wp-json\/wp\/v2\/types\/page"}],"author":[{"embeddable":true,"href":"https:\/\/dienerprecisionpumps.com\/fr\/wp-json\/wp\/v2\/users\/21"}],"replies":[{"embeddable":true,"href":"https:\/\/dienerprecisionpumps.com\/fr\/wp-json\/wp\/v2\/comments?post=6349"}],"version-history":[{"count":0,"href":"https:\/\/dienerprecisionpumps.com\/fr\/wp-json\/wp\/v2\/pages\/6349\/revisions"}],"up":[{"embeddable":true,"href":"https:\/\/dienerprecisionpumps.com\/fr\/wp-json\/wp\/v2\/pages\/6579"}],"wp:attachment":[{"href":"https:\/\/dienerprecisionpumps.com\/fr\/wp-json\/wp\/v2\/media?parent=6349"}],"curies":[{"name":"wp","href":"https:\/\/api.w.org\/{rel}","templated":true}]}}