{"id":5879,"date":"2020-11-23T15:20:46","date_gmt":"2020-11-23T14:20:46","guid":{"rendered":"https:\/\/dienerprecisionpumps.com\/pump-engineering-and-prototyping\/"},"modified":"2024-04-24T15:39:38","modified_gmt":"2024-04-24T13:39:38","slug":"ingenierie-pompes-prototypage","status":"publish","type":"page","link":"https:\/\/dienerprecisionpumps.com\/fr\/ingenierie-pompes-prototypage\/","title":{"rendered":"Ing\u00e9nierie de la pompe et prototypage"},"content":{"rendered":"\r\n<p><strong>Diener Precision Pumps con\u00e7oit des pompes pour r\u00e9pondre \u00e0 vos exigences en mati\u00e8re de pompes OEM. Concevoir des pompes, c&#8217;est notre m\u00e9tier. \u00c0 partir de tailles standard d&#8217;engrenages et de pistons, nous concevons, construisons, testons et affinons. Le r\u00e9sultat final est une pompe qui fonctionne selon vos sp\u00e9cifications exactes.<\/strong><\/p>\r\n\r\n\r\n\r\n<p><iframe loading=\"lazy\" src=\"https:\/\/player.vimeo.com\/video\/539616106\" width=\"100%\" height=\"360\" frameborder=\"0\" allowfullscreen=\"allowfullscreen\"><\/iframe><\/p>\r\n\r\n\r\n\r\n<p>Conscients de l&#8217;importance d&#8217;une mise sur le march\u00e9 rapide, nous disposons de notre propre atelier de prototypage, capable de cr\u00e9er des prototypes quelques jours apr\u00e8s le premier contact. Notre laboratoire des fluides contient des \u00e9quipements d&#8217;essai de pointe qui permettent d&#8217;effectuer des tests dans un large \u00e9ventail de conditions environnementales. Nous concevons nos propres bancs d&#8217;essai d&#8217;endurance pour r\u00e9aliser des tests de dur\u00e9e de vie acc\u00e9l\u00e9r\u00e9s et valider la fiabilit\u00e9 des produits.<\/p>\r\n\r\n\r\n\r\n<p>Dans les <strong>bureaux R&amp;D<\/strong> de <a href=\"https:\/\/dienerprecisionpumps.com\/fr\/\">Diener<\/a> en Californie, nous concevons et testons en permanence de nouveaux concepts, mat\u00e9riaux, syst\u00e8mes \u00e9lectroniques et syst\u00e8mes. Les caract\u00e9ristiques de conception innovantes garantissent une longue dur\u00e9e de vie de la pompe et un faible co\u00fbt d&#8217;installation.<\/p>\r\n\r\n\r\n\r\n<p>Voici une gamme de pistons de diff\u00e9rentes tailles pour les <a href=\"https:\/\/dienerprecisionpumps.com\/fr\/pompes-doseuses-micros-doseuses\/\">pompes doseuses<\/a> et de diff\u00e9rents engrenages pour la personnalisation des <a href=\"https:\/\/dienerprecisionpumps.com\/fr\/pompes-engrenage-precision\/\">pompes \u00e0 engrenages<\/a> :<\/p>\r\n\r\n\r\n\r\n<div class=\"wp-block-group\"><div class=\"wp-block-group__inner-container is-layout-constrained wp-block-group-is-layout-constrained\">\r\n<figure class=\"wp-block-gallery has-nested-images columns-default is-cropped wp-block-gallery-1 is-layout-flex wp-block-gallery-is-layout-flex\">\r\n<figure class=\"wp-block-image size-large\"><img loading=\"lazy\" decoding=\"async\" width=\"1024\" height=\"683\" data-id=\"10353\" class=\"wp-image-10353\" src=\"https:\/\/dienerprecisionpumps-19e5d.kxcdn.com\/wp-content\/uploads\/2023\/06\/custom-metetrin-pump-pistons-dpp-1024x683.jpg\" alt=\"Custom-made metering pumps from Diener Precision pumps\" srcset=\"https:\/\/dienerprecisionpumps.com\/wp-content\/uploads\/2023\/06\/custom-metetrin-pump-pistons-dpp-1024x683.jpg 1024w, https:\/\/dienerprecisionpumps.com\/wp-content\/uploads\/2023\/06\/custom-metetrin-pump-pistons-dpp-300x200.jpg 300w, https:\/\/dienerprecisionpumps.com\/wp-content\/uploads\/2023\/06\/custom-metetrin-pump-pistons-dpp-768x512.jpg 768w, https:\/\/dienerprecisionpumps.com\/wp-content\/uploads\/2023\/06\/custom-metetrin-pump-pistons-dpp-1200x800.jpg 1200w, https:\/\/dienerprecisionpumps.com\/wp-content\/uploads\/2023\/06\/custom-metetrin-pump-pistons-dpp-900x600.jpg 900w, https:\/\/dienerprecisionpumps.com\/wp-content\/uploads\/2023\/06\/custom-metetrin-pump-pistons-dpp-400x267.jpg 400w, https:\/\/dienerprecisionpumps.com\/wp-content\/uploads\/2023\/06\/custom-metetrin-pump-pistons-dpp.jpg 1440w\" sizes=\"auto, (max-width: 1024px) 100vw, 1024px\" \/><\/figure>\r\n\r\n\r\n\r\n<figure class=\"wp-block-image size-large\"><img loading=\"lazy\" decoding=\"async\" width=\"1024\" height=\"683\" data-id=\"10348\" class=\"wp-image-10348\" src=\"https:\/\/dienerprecisionpumps-19e5d.kxcdn.com\/wp-content\/uploads\/2023\/06\/custom-gear-pump-gears-dpp-1024x683.jpg\" alt=\"Custom-made gears for gear pumps by Diener Precision Pumps\" srcset=\"https:\/\/dienerprecisionpumps.com\/wp-content\/uploads\/2023\/06\/custom-gear-pump-gears-dpp-1024x683.jpg 1024w, https:\/\/dienerprecisionpumps.com\/wp-content\/uploads\/2023\/06\/custom-gear-pump-gears-dpp-300x200.jpg 300w, https:\/\/dienerprecisionpumps.com\/wp-content\/uploads\/2023\/06\/custom-gear-pump-gears-dpp-768x512.jpg 768w, https:\/\/dienerprecisionpumps.com\/wp-content\/uploads\/2023\/06\/custom-gear-pump-gears-dpp-1200x800.jpg 1200w, https:\/\/dienerprecisionpumps.com\/wp-content\/uploads\/2023\/06\/custom-gear-pump-gears-dpp-900x600.jpg 900w, https:\/\/dienerprecisionpumps.com\/wp-content\/uploads\/2023\/06\/custom-gear-pump-gears-dpp-400x267.jpg 400w, https:\/\/dienerprecisionpumps.com\/wp-content\/uploads\/2023\/06\/custom-gear-pump-gears-dpp.jpg 1440w\" sizes=\"auto, (max-width: 1024px) 100vw, 1024px\" \/><\/figure>\r\n<\/figure>\r\n<\/div><\/div>\r\n\r\n\r\n\r\n<p>Au fur et \u00e0 mesure que votre projet avance dans la phase de prototypage, les ing\u00e9nieurs de Diener Precision Pumps travaillent avec votre personnel technique pour r\u00e9pondre aux questions, apporter des modifications et fournir une documentation technique. Si n\u00e9cessaire, nous vous aidons \u00e0 obtenir les certifications et la conformit\u00e9 r\u00e9glementaires. Lorsque les nouvelles pompes sont mises en production, l&#8217;\u00e9quipe d&#8217;ing\u00e9nieurs de Diener est l\u00e0 pour aider \u00e0 debugger tout probl\u00e8me au niveau du syst\u00e8me et assurer un lancement de produit en douceur.<\/p>\r\n\r\n\r\n\r\n<p>La r\u00e9putation de DPP en mati\u00e8re d&#8217;excellence de conception technique, de rapidit\u00e9 du prototypage, de qualit\u00e9 sup\u00e9rieure et de service \u00e0 la client\u00e8le continu est la raison pour laquelle nous sommes le partenaire privil\u00e9gi\u00e9 pour vos exigences en mati\u00e8re de pompes OEM.<\/p>\r\n\r\n\r\n\r\n<figure class=\"wp-block-image size-large\"><img loading=\"lazy\" decoding=\"async\" class=\"wp-image-10358 size-large aligncenter\" src=\"https:\/\/dienerprecisionpumps.com\/wp-content\/uploads\/2023\/06\/custom-gear-pump-dpp-1024x768.png\" alt=\"Exemple de pompe \u00e0 engrenages sur mesure de Diener Precision Pumps\" width=\"800\" height=\"600\" srcset=\"https:\/\/dienerprecisionpumps.com\/wp-content\/uploads\/2023\/06\/custom-gear-pump-dpp-1024x768.png 1024w, https:\/\/dienerprecisionpumps.com\/wp-content\/uploads\/2023\/06\/custom-gear-pump-dpp-300x225.png 300w, https:\/\/dienerprecisionpumps.com\/wp-content\/uploads\/2023\/06\/custom-gear-pump-dpp-768x576.png 768w, https:\/\/dienerprecisionpumps.com\/wp-content\/uploads\/2023\/06\/custom-gear-pump-dpp-1066x800.png 1066w, https:\/\/dienerprecisionpumps.com\/wp-content\/uploads\/2023\/06\/custom-gear-pump-dpp-800x600.png 800w, https:\/\/dienerprecisionpumps.com\/wp-content\/uploads\/2023\/06\/custom-gear-pump-dpp-400x300.png 400w, https:\/\/dienerprecisionpumps.com\/wp-content\/uploads\/2023\/06\/custom-gear-pump-dpp.png 1210w\" sizes=\"auto, (max-width: 800px) 100vw, 800px\" \/>\r\n<figcaption class=\"wp-element-caption\">Un exemple de solution de pompe \u00e0 engrenages DPP sur mesure<\/figcaption>\r\n<\/figure>\r\n\r\n\r\n\r\n<p>&nbsp;<\/p>\r\n\r\n\r\n\r\n<figure class=\"wp-block-image size-large\"><img loading=\"lazy\" decoding=\"async\" width=\"1024\" height=\"768\" class=\"wp-image-10363\" src=\"https:\/\/dienerprecisionpumps.com\/wp-content\/uploads\/2023\/06\/dpp-custom-silencer-ld-gear-pumps-1024x768.webp\" alt=\"A series of customised DPP Silencer LD Series gear pumps\" srcset=\"https:\/\/dienerprecisionpumps.com\/wp-content\/uploads\/2023\/06\/dpp-custom-silencer-ld-gear-pumps-1024x768.webp 1024w, https:\/\/dienerprecisionpumps.com\/wp-content\/uploads\/2023\/06\/dpp-custom-silencer-ld-gear-pumps-300x225.webp 300w, https:\/\/dienerprecisionpumps.com\/wp-content\/uploads\/2023\/06\/dpp-custom-silencer-ld-gear-pumps-768x576.webp 768w, https:\/\/dienerprecisionpumps.com\/wp-content\/uploads\/2023\/06\/dpp-custom-silencer-ld-gear-pumps-1536x1152.webp 1536w, https:\/\/dienerprecisionpumps.com\/wp-content\/uploads\/2023\/06\/dpp-custom-silencer-ld-gear-pumps-1067x800.webp 1067w, https:\/\/dienerprecisionpumps.com\/wp-content\/uploads\/2023\/06\/dpp-custom-silencer-ld-gear-pumps-800x600.webp 800w, https:\/\/dienerprecisionpumps.com\/wp-content\/uploads\/2023\/06\/dpp-custom-silencer-ld-gear-pumps-400x300.webp 400w, https:\/\/dienerprecisionpumps.com\/wp-content\/uploads\/2023\/06\/dpp-custom-silencer-ld-gear-pumps.webp 2000w\" sizes=\"auto, (max-width: 1024px) 100vw, 1024px\" \/>\r\n<figcaption class=\"wp-element-caption\">Une s\u00e9rie de pompes \u00e0 engrenages DPP Silencer s\u00e9rie LD personnalis\u00e9es<\/figcaption>\r\n<\/figure>\r\n","protected":false},"excerpt":{"rendered":"<p>Diener Precision Pumps con\u00e7oit des pompes pour r\u00e9pondre \u00e0 vos exigences en mati\u00e8re de pompes OEM. Concevoir des pompes, c&#8217;est notre m\u00e9tier. \u00c0 partir de tailles standard d&#8217;engrenages et de pistons, nous concevons, construisons, testons et affinons. Le r\u00e9sultat final est une pompe qui fonctionne selon vos sp\u00e9cifications exactes. Conscients de l&#8217;importance d&#8217;une mise sur [&hellip;]<\/p>\n","protected":false},"author":21,"featured_media":10353,"parent":0,"menu_order":0,"comment_status":"closed","ping_status":"closed","template":"","meta":{"_acf_changed":false,"inline_featured_image":false,"footnotes":""},"class_list":["post-5879","page","type-page","status-publish","has-post-thumbnail","hentry"],"acf":[],"yoast_head":"<!-- This site is optimized with the Yoast SEO plugin v27.4 - https:\/\/yoast.com\/product\/yoast-seo-wordpress\/ -->\n<title>Pompe de pr\u00e9cision, ing\u00e9nierie, prototype | Diener Precision Pumps<\/title>\n<meta name=\"description\" content=\"Diener Precision Pumps con\u00e7oit des pompes pour r\u00e9pondre aux exigences exactes de nos clients OEM en termes de tailles d&#039;engrenages et de pistons, d&#039;options de montage et d&#039;autres sp\u00e9cifications.\" \/>\n<meta name=\"robots\" content=\"index, follow, max-snippet:-1, max-image-preview:large, max-video-preview:-1\" \/>\n<link rel=\"canonical\" href=\"https:\/\/dienerprecisionpumps.com\/fr\/ingenierie-pompes-prototypage\/\" \/>\n<meta property=\"og:locale\" content=\"fr_FR\" \/>\n<meta property=\"og:type\" content=\"article\" \/>\n<meta property=\"og:title\" content=\"Pompe de pr\u00e9cision, ing\u00e9nierie, prototype | Diener Precision Pumps\" \/>\n<meta property=\"og:description\" content=\"Diener Precision Pumps con\u00e7oit des pompes pour r\u00e9pondre aux exigences exactes de nos clients OEM en termes de tailles d&#039;engrenages et de pistons, d&#039;options de montage et d&#039;autres sp\u00e9cifications.\" \/>\n<meta property=\"og:url\" content=\"https:\/\/dienerprecisionpumps.com\/fr\/ingenierie-pompes-prototypage\/\" \/>\n<meta property=\"og:site_name\" content=\"Diener Precision Pumps\" \/>\n<meta property=\"article:modified_time\" content=\"2024-04-24T13:39:38+00:00\" \/>\n<meta property=\"og:image\" content=\"https:\/\/dpp.darwinstaging.com\/wp-content\/uploads\/2023\/06\/custom-metetrin-pump-pistons-dpp.jpg\" \/>\n\t<meta property=\"og:image:width\" content=\"1440\" \/>\n\t<meta property=\"og:image:height\" content=\"960\" \/>\n\t<meta property=\"og:image:type\" content=\"image\/jpeg\" \/>\n<meta name=\"twitter:card\" content=\"summary_large_image\" \/>\n<meta name=\"twitter:label1\" content=\"Dur\u00e9e de lecture estim\u00e9e\" \/>\n\t<meta name=\"twitter:data1\" content=\"2 minutes\" \/>\n<!-- \/ Yoast SEO plugin. -->","yoast_head_json":{"title":"Pompe de pr\u00e9cision, ing\u00e9nierie, prototype | Diener Precision Pumps","description":"Diener Precision Pumps con\u00e7oit des pompes pour r\u00e9pondre aux exigences exactes de nos clients OEM en termes de tailles d'engrenages et de pistons, d'options de montage et d'autres sp\u00e9cifications.","robots":{"index":"index","follow":"follow","max-snippet":"max-snippet:-1","max-image-preview":"max-image-preview:large","max-video-preview":"max-video-preview:-1"},"canonical":"https:\/\/dienerprecisionpumps.com\/fr\/ingenierie-pompes-prototypage\/","og_locale":"fr_FR","og_type":"article","og_title":"Pompe de pr\u00e9cision, ing\u00e9nierie, prototype | Diener Precision Pumps","og_description":"Diener Precision Pumps con\u00e7oit des pompes pour r\u00e9pondre aux exigences exactes de nos clients OEM en termes de tailles d'engrenages et de pistons, d'options de montage et d'autres sp\u00e9cifications.","og_url":"https:\/\/dienerprecisionpumps.com\/fr\/ingenierie-pompes-prototypage\/","og_site_name":"Diener Precision Pumps","article_modified_time":"2024-04-24T13:39:38+00:00","og_image":[{"width":1440,"height":960,"url":"https:\/\/dpp.darwinstaging.com\/wp-content\/uploads\/2023\/06\/custom-metetrin-pump-pistons-dpp.jpg","type":"image\/jpeg"}],"twitter_card":"summary_large_image","twitter_misc":{"Dur\u00e9e de lecture estim\u00e9e":"2 minutes"},"schema":{"@context":"https:\/\/schema.org","@graph":[{"@type":"WebPage","@id":"https:\/\/dienerprecisionpumps.com\/fr\/ingenierie-pompes-prototypage\/","url":"https:\/\/dienerprecisionpumps.com\/fr\/ingenierie-pompes-prototypage\/","name":"Pompe de pr\u00e9cision, ing\u00e9nierie, prototype | Diener Precision Pumps","isPartOf":{"@id":"https:\/\/dienerprecisionpumps.com\/fr\/#website"},"primaryImageOfPage":{"@id":"https:\/\/dienerprecisionpumps.com\/fr\/ingenierie-pompes-prototypage\/#primaryimage"},"image":{"@id":"https:\/\/dienerprecisionpumps.com\/fr\/ingenierie-pompes-prototypage\/#primaryimage"},"thumbnailUrl":"https:\/\/dienerprecisionpumps.com\/wp-content\/uploads\/2023\/06\/custom-metetrin-pump-pistons-dpp.jpg","datePublished":"2020-11-23T14:20:46+00:00","dateModified":"2024-04-24T13:39:38+00:00","description":"Diener Precision Pumps con\u00e7oit des pompes pour r\u00e9pondre aux exigences exactes de nos clients OEM en termes de tailles d'engrenages et de pistons, d'options de montage et d'autres sp\u00e9cifications.","breadcrumb":{"@id":"https:\/\/dienerprecisionpumps.com\/fr\/ingenierie-pompes-prototypage\/#breadcrumb"},"inLanguage":"fr-FR","potentialAction":[{"@type":"ReadAction","target":["https:\/\/dienerprecisionpumps.com\/fr\/ingenierie-pompes-prototypage\/"]}]},{"@type":"ImageObject","inLanguage":"fr-FR","@id":"https:\/\/dienerprecisionpumps.com\/fr\/ingenierie-pompes-prototypage\/#primaryimage","url":"https:\/\/dienerprecisionpumps.com\/wp-content\/uploads\/2023\/06\/custom-metetrin-pump-pistons-dpp.jpg","contentUrl":"https:\/\/dienerprecisionpumps.com\/wp-content\/uploads\/2023\/06\/custom-metetrin-pump-pistons-dpp.jpg","width":1440,"height":960,"caption":"Custom-made metering pumps from Diener Precision pumps"},{"@type":"BreadcrumbList","@id":"https:\/\/dienerprecisionpumps.com\/fr\/ingenierie-pompes-prototypage\/#breadcrumb","itemListElement":[{"@type":"ListItem","position":1,"name":"Home","item":"https:\/\/dienerprecisionpumps.com\/fr\/"},{"@type":"ListItem","position":2,"name":"Ing\u00e9nierie de la pompe et prototypage"}]},{"@type":"WebSite","@id":"https:\/\/dienerprecisionpumps.com\/fr\/#website","url":"https:\/\/dienerprecisionpumps.com\/fr\/","name":"Diener Precision Pumps","description":"Engineering your flow","publisher":{"@id":"https:\/\/dienerprecisionpumps.com\/fr\/#organization"},"potentialAction":[{"@type":"SearchAction","target":{"@type":"EntryPoint","urlTemplate":"https:\/\/dienerprecisionpumps.com\/fr\/?s={search_term_string}"},"query-input":{"@type":"PropertyValueSpecification","valueRequired":true,"valueName":"search_term_string"}}],"inLanguage":"fr-FR"},{"@type":"Organization","@id":"https:\/\/dienerprecisionpumps.com\/fr\/#organization","name":"Diener Precision Pumps","alternateName":"DPP","url":"https:\/\/dienerprecisionpumps.com\/fr\/","logo":{"@type":"ImageObject","inLanguage":"fr-FR","@id":"https:\/\/dienerprecisionpumps.com\/fr\/#\/schema\/logo\/image\/","url":"https:\/\/dienerprecisionpumps.com\/wp-content\/uploads\/2025\/07\/Diener-Precision-Pumps.svg","contentUrl":"https:\/\/dienerprecisionpumps.com\/wp-content\/uploads\/2025\/07\/Diener-Precision-Pumps.svg","width":179,"height":44,"caption":"Diener Precision Pumps"},"image":{"@id":"https:\/\/dienerprecisionpumps.com\/fr\/#\/schema\/logo\/image\/"},"sameAs":["https:\/\/www.linkedin.com\/company\/diener-precision-pumps\/","https:\/\/www.youtube.com\/@DienerPrecisionPumpsOfficial"]}]}},"_links":{"self":[{"href":"https:\/\/dienerprecisionpumps.com\/fr\/wp-json\/wp\/v2\/pages\/5879","targetHints":{"allow":["GET"]}}],"collection":[{"href":"https:\/\/dienerprecisionpumps.com\/fr\/wp-json\/wp\/v2\/pages"}],"about":[{"href":"https:\/\/dienerprecisionpumps.com\/fr\/wp-json\/wp\/v2\/types\/page"}],"author":[{"embeddable":true,"href":"https:\/\/dienerprecisionpumps.com\/fr\/wp-json\/wp\/v2\/users\/21"}],"replies":[{"embeddable":true,"href":"https:\/\/dienerprecisionpumps.com\/fr\/wp-json\/wp\/v2\/comments?post=5879"}],"version-history":[{"count":0,"href":"https:\/\/dienerprecisionpumps.com\/fr\/wp-json\/wp\/v2\/pages\/5879\/revisions"}],"wp:featuredmedia":[{"embeddable":true,"href":"https:\/\/dienerprecisionpumps.com\/fr\/wp-json\/wp\/v2\/media\/10353"}],"wp:attachment":[{"href":"https:\/\/dienerprecisionpumps.com\/fr\/wp-json\/wp\/v2\/media?parent=5879"}],"curies":[{"name":"wp","href":"https:\/\/api.w.org\/{rel}","templated":true}]}}