{"id":5833,"date":"2020-11-23T13:27:23","date_gmt":"2020-11-23T12:27:23","guid":{"rendered":"https:\/\/dienerprecisionpumps.com\/micro-dosing-and-metering-pumps\/"},"modified":"2025-07-29T09:47:34","modified_gmt":"2025-07-29T07:47:34","slug":"pompes-doseuses-micros-doseuses","status":"publish","type":"page","link":"https:\/\/dienerprecisionpumps.com\/fr\/pompes-doseuses-micros-doseuses\/","title":{"rendered":"Pompes <span>doseuses et micro-doseuses de pr\u00e9cision<\/span>"},"content":{"rendered":"<p>&nbsp;<\/p>\r\n<section class=\"stand-first\" data-scroll>\n    <div class=\"container\">\n        <ul class=\"breadcrumbs\">\n    <li><a title=\"Home\" href=\"https:\/\/dienerprecisionpumps.com\/fr\/\" >Accueil<\/a><\/li>Pompes <span>doseuses et micro-doseuses de pr\u00e9cision<\/span><li><\/li><\/ul>        <div class=\"stand-first__container\">\n            <div class=\"mt-heading\">\n                <h1><\/h1>\n            <\/div>\n            <div class=\"lead\">\n                            <\/div>\n        <\/div>\n    <\/div>\n<\/section>","protected":false},"excerpt":{"rendered":"<p>&nbsp;<\/p>\n","protected":false},"author":21,"featured_media":0,"parent":0,"menu_order":0,"comment_status":"closed","ping_status":"closed","template":"pumps-landing.php","meta":{"_acf_changed":false,"inline_featured_image":false,"footnotes":""},"class_list":["post-5833","page","type-page","status-publish","hentry"],"acf":[],"yoast_head":"<!-- This site is optimized with the Yoast SEO plugin v27.5 - https:\/\/yoast.com\/product\/yoast-seo-wordpress\/ -->\n<title>Pompe doseuse, micro-doseuse | Diener Precision Pumps<\/title>\n<meta name=\"description\" content=\"Une conception simple et ing\u00e9nieuse garantit que les pompes de pr\u00e9cision de micro-dosage et de dosage sont les plus fiables et pr\u00e9cises de leur cat\u00e9gorie.\" \/>\n<meta name=\"robots\" content=\"index, follow, max-snippet:-1, max-image-preview:large, max-video-preview:-1\" \/>\n<link rel=\"canonical\" href=\"https:\/\/dienerprecisionpumps.com\/fr\/pompes-doseuses-micros-doseuses\/\" \/>\n<meta property=\"og:locale\" content=\"fr_FR\" \/>\n<meta property=\"og:type\" content=\"article\" \/>\n<meta property=\"og:title\" content=\"Pompe doseuse, micro-doseuse | Diener Precision Pumps\" \/>\n<meta property=\"og:description\" content=\"Une conception simple et ing\u00e9nieuse garantit que les pompes de pr\u00e9cision de micro-dosage et de dosage sont les plus fiables et pr\u00e9cises de leur cat\u00e9gorie.\" \/>\n<meta property=\"og:url\" content=\"https:\/\/dienerprecisionpumps.com\/fr\/pompes-doseuses-micros-doseuses\/\" \/>\n<meta property=\"og:site_name\" content=\"Diener Precision Pumps\" \/>\n<meta property=\"article:modified_time\" content=\"2025-07-29T07:47:34+00:00\" \/>\n<meta property=\"og:image\" content=\"https:\/\/dienerprecisionpumps.com\/wp-content\/uploads\/2025\/07\/social-dpp-pump-mfg.jpg\" \/>\n\t<meta property=\"og:image:width\" content=\"1200\" \/>\n\t<meta property=\"og:image:height\" content=\"675\" \/>\n\t<meta property=\"og:image:type\" content=\"image\/jpeg\" \/>\n<meta name=\"twitter:card\" content=\"summary_large_image\" \/>\n<meta name=\"twitter:label1\" content=\"Dur\u00e9e de lecture estim\u00e9e\" \/>\n\t<meta name=\"twitter:data1\" content=\"1 minute\" \/>\n<!-- \/ Yoast SEO plugin. -->","yoast_head_json":{"title":"Pompe doseuse, micro-doseuse | Diener Precision Pumps","description":"Une conception simple et ing\u00e9nieuse garantit que les pompes de pr\u00e9cision de micro-dosage et de dosage sont les plus fiables et pr\u00e9cises de leur cat\u00e9gorie.","robots":{"index":"index","follow":"follow","max-snippet":"max-snippet:-1","max-image-preview":"max-image-preview:large","max-video-preview":"max-video-preview:-1"},"canonical":"https:\/\/dienerprecisionpumps.com\/fr\/pompes-doseuses-micros-doseuses\/","og_locale":"fr_FR","og_type":"article","og_title":"Pompe doseuse, micro-doseuse | Diener Precision Pumps","og_description":"Une conception simple et ing\u00e9nieuse garantit que les pompes de pr\u00e9cision de micro-dosage et de dosage sont les plus fiables et pr\u00e9cises de leur cat\u00e9gorie.","og_url":"https:\/\/dienerprecisionpumps.com\/fr\/pompes-doseuses-micros-doseuses\/","og_site_name":"Diener Precision Pumps","article_modified_time":"2025-07-29T07:47:34+00:00","og_image":[{"width":1200,"height":675,"url":"https:\/\/dienerprecisionpumps.com\/wp-content\/uploads\/2025\/07\/social-dpp-pump-mfg.jpg","type":"image\/jpeg"}],"twitter_card":"summary_large_image","twitter_misc":{"Dur\u00e9e de lecture estim\u00e9e":"1 minute"},"schema":{"@context":"https:\/\/schema.org","@graph":[{"@type":"WebPage","@id":"https:\/\/dienerprecisionpumps.com\/fr\/pompes-doseuses-micros-doseuses\/","url":"https:\/\/dienerprecisionpumps.com\/fr\/pompes-doseuses-micros-doseuses\/","name":"Pompe doseuse, micro-doseuse | Diener Precision Pumps","isPartOf":{"@id":"https:\/\/dienerprecisionpumps.com\/fr\/#website"},"datePublished":"2020-11-23T12:27:23+00:00","dateModified":"2025-07-29T07:47:34+00:00","description":"Une conception simple et ing\u00e9nieuse garantit que les pompes de pr\u00e9cision de micro-dosage et de dosage sont les plus fiables et pr\u00e9cises de leur cat\u00e9gorie.","breadcrumb":{"@id":"https:\/\/dienerprecisionpumps.com\/fr\/pompes-doseuses-micros-doseuses\/#breadcrumb"},"inLanguage":"fr-FR","potentialAction":[{"@type":"ReadAction","target":["https:\/\/dienerprecisionpumps.com\/fr\/pompes-doseuses-micros-doseuses\/"]}]},{"@type":"BreadcrumbList","@id":"https:\/\/dienerprecisionpumps.com\/fr\/pompes-doseuses-micros-doseuses\/#breadcrumb","itemListElement":[{"@type":"ListItem","position":1,"name":"Home","item":"https:\/\/dienerprecisionpumps.com\/fr\/"},{"@type":"ListItem","position":2,"name":"Pompes doseuses et micro-doseuses de pr\u00e9cision"}]},{"@type":"WebSite","@id":"https:\/\/dienerprecisionpumps.com\/fr\/#website","url":"https:\/\/dienerprecisionpumps.com\/fr\/","name":"Diener Precision Pumps","description":"Engineering your flow","publisher":{"@id":"https:\/\/dienerprecisionpumps.com\/fr\/#organization"},"potentialAction":[{"@type":"SearchAction","target":{"@type":"EntryPoint","urlTemplate":"https:\/\/dienerprecisionpumps.com\/fr\/?s={search_term_string}"},"query-input":{"@type":"PropertyValueSpecification","valueRequired":true,"valueName":"search_term_string"}}],"inLanguage":"fr-FR"},{"@type":"Organization","@id":"https:\/\/dienerprecisionpumps.com\/fr\/#organization","name":"Diener Precision Pumps","alternateName":"DPP","url":"https:\/\/dienerprecisionpumps.com\/fr\/","logo":{"@type":"ImageObject","inLanguage":"fr-FR","@id":"https:\/\/dienerprecisionpumps.com\/fr\/#\/schema\/logo\/image\/","url":"https:\/\/dienerprecisionpumps.com\/wp-content\/uploads\/2025\/07\/Diener-Precision-Pumps.svg","contentUrl":"https:\/\/dienerprecisionpumps.com\/wp-content\/uploads\/2025\/07\/Diener-Precision-Pumps.svg","width":179,"height":44,"caption":"Diener Precision Pumps"},"image":{"@id":"https:\/\/dienerprecisionpumps.com\/fr\/#\/schema\/logo\/image\/"},"sameAs":["https:\/\/www.linkedin.com\/company\/diener-precision-pumps\/","https:\/\/www.youtube.com\/@DienerPrecisionPumpsOfficial"]}]}},"_links":{"self":[{"href":"https:\/\/dienerprecisionpumps.com\/fr\/wp-json\/wp\/v2\/pages\/5833","targetHints":{"allow":["GET"]}}],"collection":[{"href":"https:\/\/dienerprecisionpumps.com\/fr\/wp-json\/wp\/v2\/pages"}],"about":[{"href":"https:\/\/dienerprecisionpumps.com\/fr\/wp-json\/wp\/v2\/types\/page"}],"author":[{"embeddable":true,"href":"https:\/\/dienerprecisionpumps.com\/fr\/wp-json\/wp\/v2\/users\/21"}],"replies":[{"embeddable":true,"href":"https:\/\/dienerprecisionpumps.com\/fr\/wp-json\/wp\/v2\/comments?post=5833"}],"version-history":[{"count":0,"href":"https:\/\/dienerprecisionpumps.com\/fr\/wp-json\/wp\/v2\/pages\/5833\/revisions"}],"wp:attachment":[{"href":"https:\/\/dienerprecisionpumps.com\/fr\/wp-json\/wp\/v2\/media?parent=5833"}],"curies":[{"name":"wp","href":"https:\/\/api.w.org\/{rel}","templated":true}]}}