{"id":5831,"date":"2021-01-05T10:56:19","date_gmt":"2021-01-05T09:56:19","guid":{"rendered":"https:\/\/dienerprecisionpumps.com\/pump-applications\/"},"modified":"2022-12-12T11:49:22","modified_gmt":"2022-12-12T10:49:22","slug":"applications-des-pompes-diener","status":"publish","type":"page","link":"https:\/\/dienerprecisionpumps.com\/fr\/applications-des-pompes-diener\/","title":{"rendered":"Applications des pompes"},"content":{"rendered":"","protected":false},"excerpt":{"rendered":"","protected":false},"author":27,"featured_media":0,"parent":0,"menu_order":0,"comment_status":"closed","ping_status":"closed","template":"application-landing.php","meta":{"_acf_changed":false,"inline_featured_image":false,"footnotes":""},"class_list":["post-5831","page","type-page","status-publish","hentry"],"acf":[],"yoast_head":"<!-- This site is optimized with the Yoast SEO plugin v27.2 - https:\/\/yoast.com\/product\/yoast-seo-wordpress\/ -->\n<title>Pompes de pr\u00e9cision, nos \u00e9tudes de cas | Diener Precision Pumps<\/title>\n<meta name=\"description\" content=\"Les pompes de pr\u00e9cision sont personnalis\u00e9es pour \u00eatre utilis\u00e9es dans une grande vari\u00e9t\u00e9 d&#039;applications, allant du diagnostic m\u00e9dical \u00e0 l&#039;a\u00e9rospatiale.\" \/>\n<meta name=\"robots\" content=\"index, follow, max-snippet:-1, max-image-preview:large, max-video-preview:-1\" \/>\n<link rel=\"canonical\" href=\"https:\/\/dienerprecisionpumps.com\/fr\/applications-des-pompes-diener\/\" \/>\n<meta property=\"og:locale\" content=\"fr_FR\" \/>\n<meta property=\"og:type\" content=\"article\" \/>\n<meta property=\"og:title\" content=\"Pompes de pr\u00e9cision, nos \u00e9tudes de cas | Diener Precision Pumps\" \/>\n<meta property=\"og:description\" content=\"Les pompes de pr\u00e9cision sont personnalis\u00e9es pour \u00eatre utilis\u00e9es dans une grande vari\u00e9t\u00e9 d&#039;applications, allant du diagnostic m\u00e9dical \u00e0 l&#039;a\u00e9rospatiale.\" \/>\n<meta property=\"og:url\" content=\"https:\/\/dienerprecisionpumps.com\/fr\/applications-des-pompes-diener\/\" \/>\n<meta property=\"og:site_name\" content=\"Diener Precision Pumps\" \/>\n<meta property=\"article:modified_time\" content=\"2022-12-12T10:49:22+00:00\" \/>\n<meta property=\"og:image\" content=\"https:\/\/dienerprecisionpumps.com\/wp-content\/uploads\/2025\/07\/social-dpp-pump-mfg.jpg\" \/>\n\t<meta property=\"og:image:width\" content=\"1200\" \/>\n\t<meta property=\"og:image:height\" content=\"675\" \/>\n\t<meta property=\"og:image:type\" content=\"image\/jpeg\" \/>\n<meta name=\"twitter:card\" content=\"summary_large_image\" \/>\n<!-- \/ Yoast SEO plugin. -->","yoast_head_json":{"title":"Pompes de pr\u00e9cision, nos \u00e9tudes de cas | Diener Precision Pumps","description":"Les pompes de pr\u00e9cision sont personnalis\u00e9es pour \u00eatre utilis\u00e9es dans une grande vari\u00e9t\u00e9 d'applications, allant du diagnostic m\u00e9dical \u00e0 l'a\u00e9rospatiale.","robots":{"index":"index","follow":"follow","max-snippet":"max-snippet:-1","max-image-preview":"max-image-preview:large","max-video-preview":"max-video-preview:-1"},"canonical":"https:\/\/dienerprecisionpumps.com\/fr\/applications-des-pompes-diener\/","og_locale":"fr_FR","og_type":"article","og_title":"Pompes de pr\u00e9cision, nos \u00e9tudes de cas | Diener Precision Pumps","og_description":"Les pompes de pr\u00e9cision sont personnalis\u00e9es pour \u00eatre utilis\u00e9es dans une grande vari\u00e9t\u00e9 d'applications, allant du diagnostic m\u00e9dical \u00e0 l'a\u00e9rospatiale.","og_url":"https:\/\/dienerprecisionpumps.com\/fr\/applications-des-pompes-diener\/","og_site_name":"Diener Precision Pumps","article_modified_time":"2022-12-12T10:49:22+00:00","og_image":[{"width":1200,"height":675,"url":"https:\/\/dienerprecisionpumps.com\/wp-content\/uploads\/2025\/07\/social-dpp-pump-mfg.jpg","type":"image\/jpeg"}],"twitter_card":"summary_large_image","schema":{"@context":"https:\/\/schema.org","@graph":[{"@type":"WebPage","@id":"https:\/\/dienerprecisionpumps.com\/fr\/applications-des-pompes-diener\/","url":"https:\/\/dienerprecisionpumps.com\/fr\/applications-des-pompes-diener\/","name":"Pompes de pr\u00e9cision, nos \u00e9tudes de cas | Diener Precision Pumps","isPartOf":{"@id":"https:\/\/dienerprecisionpumps.com\/fr\/#website"},"datePublished":"2021-01-05T09:56:19+00:00","dateModified":"2022-12-12T10:49:22+00:00","description":"Les pompes de pr\u00e9cision sont personnalis\u00e9es pour \u00eatre utilis\u00e9es dans une grande vari\u00e9t\u00e9 d'applications, allant du diagnostic m\u00e9dical \u00e0 l'a\u00e9rospatiale.","breadcrumb":{"@id":"https:\/\/dienerprecisionpumps.com\/fr\/applications-des-pompes-diener\/#breadcrumb"},"inLanguage":"fr-FR","potentialAction":[{"@type":"ReadAction","target":["https:\/\/dienerprecisionpumps.com\/fr\/applications-des-pompes-diener\/"]}]},{"@type":"BreadcrumbList","@id":"https:\/\/dienerprecisionpumps.com\/fr\/applications-des-pompes-diener\/#breadcrumb","itemListElement":[{"@type":"ListItem","position":1,"name":"Home","item":"https:\/\/dienerprecisionpumps.com\/fr\/"},{"@type":"ListItem","position":2,"name":"Applications des pompes"}]},{"@type":"WebSite","@id":"https:\/\/dienerprecisionpumps.com\/fr\/#website","url":"https:\/\/dienerprecisionpumps.com\/fr\/","name":"Diener Precision Pumps","description":"Engineering your flow","publisher":{"@id":"https:\/\/dienerprecisionpumps.com\/fr\/#organization"},"potentialAction":[{"@type":"SearchAction","target":{"@type":"EntryPoint","urlTemplate":"https:\/\/dienerprecisionpumps.com\/fr\/?s={search_term_string}"},"query-input":{"@type":"PropertyValueSpecification","valueRequired":true,"valueName":"search_term_string"}}],"inLanguage":"fr-FR"},{"@type":"Organization","@id":"https:\/\/dienerprecisionpumps.com\/fr\/#organization","name":"Diener Precision Pumps","alternateName":"DPP","url":"https:\/\/dienerprecisionpumps.com\/fr\/","logo":{"@type":"ImageObject","inLanguage":"fr-FR","@id":"https:\/\/dienerprecisionpumps.com\/fr\/#\/schema\/logo\/image\/","url":"https:\/\/dienerprecisionpumps.com\/wp-content\/uploads\/2025\/07\/Diener-Precision-Pumps.svg","contentUrl":"https:\/\/dienerprecisionpumps.com\/wp-content\/uploads\/2025\/07\/Diener-Precision-Pumps.svg","width":179,"height":44,"caption":"Diener Precision Pumps"},"image":{"@id":"https:\/\/dienerprecisionpumps.com\/fr\/#\/schema\/logo\/image\/"},"sameAs":["https:\/\/www.linkedin.com\/company\/diener-precision-pumps\/","https:\/\/www.youtube.com\/@DienerPrecisionPumpsOfficial"]}]}},"_links":{"self":[{"href":"https:\/\/dienerprecisionpumps.com\/fr\/wp-json\/wp\/v2\/pages\/5831","targetHints":{"allow":["GET"]}}],"collection":[{"href":"https:\/\/dienerprecisionpumps.com\/fr\/wp-json\/wp\/v2\/pages"}],"about":[{"href":"https:\/\/dienerprecisionpumps.com\/fr\/wp-json\/wp\/v2\/types\/page"}],"author":[{"embeddable":true,"href":"https:\/\/dienerprecisionpumps.com\/fr\/wp-json\/wp\/v2\/users\/27"}],"replies":[{"embeddable":true,"href":"https:\/\/dienerprecisionpumps.com\/fr\/wp-json\/wp\/v2\/comments?post=5831"}],"version-history":[{"count":0,"href":"https:\/\/dienerprecisionpumps.com\/fr\/wp-json\/wp\/v2\/pages\/5831\/revisions"}],"wp:attachment":[{"href":"https:\/\/dienerprecisionpumps.com\/fr\/wp-json\/wp\/v2\/media?parent=5831"}],"curies":[{"name":"wp","href":"https:\/\/api.w.org\/{rel}","templated":true}]}}