{"id":15193,"date":"2026-03-10T08:41:25","date_gmt":"2026-03-10T07:41:25","guid":{"rendered":"https:\/\/dienerprecisionpumps.com\/comparez-les-caracteristiques-des-pompes\/"},"modified":"2026-03-25T17:23:51","modified_gmt":"2026-03-25T16:23:51","slug":"comparez-les-caracteristiques-des-pompes","status":"publish","type":"page","link":"https:\/\/dienerprecisionpumps.com\/fr\/comparez-les-caracteristiques-des-pompes\/","title":{"rendered":"Comparez les caract\u00e9ristiques des pompes"},"content":{"rendered":"<p>Comparez les caract\u00e9ristiques de nos pompes \u00e0 engrenages, pompes doseuses et pompes \u00e0 d\u00e9bit variable c\u00f4te \u00e0 c\u00f4te pour identifier rapidement celle qui convient le mieux \u00e0 votre application. Diener Precision Pumps con\u00e7oit ses pompes pour r\u00e9pondre aux exigences de vos pompes OEM et est l\u00e0 pour vous aider. Si vous avez des questions sur les caract\u00e9ristiques de ces pompes et les besoins de votre application, n&#8217;h\u00e9sitez pas \u00e0 nous contacter.<\/p>\n<div class=\"pump-matrix\" style=\"width: 100%;\">\n<div class=\"pump-matrix__wrap\" style=\"width: 100%;\">\n<table class=\"pump-matrix__table\" width=\"100%\"><colgroup> <col class=\"col-feature\" \/> <col class=\"col-gear\" \/> <col class=\"col-meter\" \/> <col class=\"col-var\" \/> <\/colgroup><caption class=\"pump-matrix__caption\">Matrice de comparaison des caract\u00e9ristiques de la pompe (\u2713 = Oui, \u2715 = Non, C = D\u00e9pendant du cas).<\/caption>\n<thead>\n<tr>\n<th scope=\"col\">Caract\u00e9ristiques<\/th>\n<th scope=\"col\">Pompes \u00e0 engrenages<\/th>\n<th scope=\"col\">Pompes doseuses<\/th>\n<th scope=\"col\">Diagnostic variable<\/th>\n<\/tr>\n<\/thead>\n<tbody>\n<tr>\n<th scope=\"row\">D\u00e9bit sans pulsations<\/th>\n<td data-value=\"yes\"><span class=\"sr-only\">Yes<\/span><span class=\"pump-matrix__icon\" aria-hidden=\"true\">\u2713<\/span><\/td>\n<td data-value=\"no\"><span class=\"sr-only\">No<\/span><span class=\"pump-matrix__icon\" aria-hidden=\"true\">\u2715<\/span><\/td>\n<td data-value=\"no\"><span class=\"sr-only\">No<\/span><span class=\"pump-matrix__icon\" aria-hidden=\"true\">\u2715<\/span><\/td>\n<\/tr>\n<tr>\n<th scope=\"row\">Int\u00e9gration sans soupapes<\/th>\n<td data-value=\"yes\"><span class=\"sr-only\">Yes<\/span><span class=\"pump-matrix__icon\" aria-hidden=\"true\">\u2713<\/span><\/td>\n<td data-value=\"yes\"><span class=\"sr-only\">Yes<\/span><span class=\"pump-matrix__icon\" aria-hidden=\"true\">\u2713<\/span><\/td>\n<td data-value=\"no\"><span class=\"sr-only\">No<\/span><span class=\"pump-matrix__icon\" aria-hidden=\"true\">\u2715<\/span><\/td>\n<\/tr>\n<tr>\n<th scope=\"row\">Sans joint<\/th>\n<td data-value=\"yes\"><span class=\"sr-only\">Yes<\/span><span class=\"pump-matrix__icon\" aria-hidden=\"true\">\u2713<\/span><\/td>\n<td data-value=\"case\"><span class=\"sr-only\">Case dependent<\/span><span class=\"pump-matrix__icon\" aria-hidden=\"true\">C<\/span><\/td>\n<td data-value=\"no\"><span class=\"sr-only\">No<\/span><span class=\"pump-matrix__icon\" aria-hidden=\"true\">\u2715<\/span><\/td>\n<\/tr>\n<tr>\n<th scope=\"row\">Distribution de pr\u00e9cision<\/th>\n<td data-value=\"no\"><span class=\"sr-only\">No<\/span><span class=\"pump-matrix__icon\" aria-hidden=\"true\">\u2715<\/span><\/td>\n<td data-value=\"yes\"><span class=\"sr-only\">Yes<\/span><span class=\"pump-matrix__icon\" aria-hidden=\"true\">\u2713<\/span><\/td>\n<td data-value=\"yes\"><span class=\"sr-only\">Yes<\/span><span class=\"pump-matrix__icon\" aria-hidden=\"true\">\u2713<\/span><\/td>\n<\/tr>\n<tr>\n<th scope=\"row\">Distribution partielle<\/th>\n<td data-value=\"no\"><span class=\"sr-only\">No<\/span><span class=\"pump-matrix__icon\" aria-hidden=\"true\">\u2715<\/span><\/td>\n<td data-value=\"no\"><span class=\"sr-only\">No<\/span><span class=\"pump-matrix__icon\" aria-hidden=\"true\">\u2715<\/span><\/td>\n<td data-value=\"yes\"><span class=\"sr-only\">Yes<\/span><span class=\"pump-matrix__icon\" aria-hidden=\"true\">\u2713<\/span><\/td>\n<\/tr>\n<tr>\n<th scope=\"row\">Pas de contact m\u00e9tallique<\/th>\n<td data-value=\"no\"><span class=\"sr-only\">Non<\/span><span class=\"pump-matrix__icon\" aria-hidden=\"true\">\u2715<\/span><\/td>\n<td data-value=\"case\"><span class=\"sr-only\">Oui<\/span><span class=\"pump-matrix__icon\" aria-hidden=\"true\">C<\/span><\/td>\n<td data-value=\"yes\"><span class=\"sr-only\">Oui<\/span><span class=\"pump-matrix__icon\" aria-hidden=\"true\">\u2713<\/span><\/td>\n<\/tr>\n<tr>\n<th scope=\"col\">\u00a0<\/th>\n<th scope=\"col\"><a href=\"https:\/\/dienerprecisionpumps.com\/fr\/pompes-engrenage-precision\/\">Voir les pompes<\/a><\/th>\n<th scope=\"col\"><a href=\"https:\/\/dienerprecisionpumps.com\/fr\/pompes-doseuses-micros-doseuses\/\">Voir les pompes<\/a><\/th>\n<th scope=\"col\"><a href=\"https:\/\/dienerprecisionpumps.com\/fr\/produit\/pompe-a-distribution-variable-serie-exacta\/\">Voir les pompes<\/a><\/th>\n<\/tr>\n<\/tbody>\n<\/table>\n<\/div>\n<p><!--\n\n\n\n\n\n\n\n\n\n\n\n\n\n<p class=\"pump-matrix__note\"><strong>C<\/strong> = case dependent<\/p>\n\n\n\n\n\n\n\n\n\n\n\n\n\n--><\/p>\n<\/div>\n\n\n<p><\/p>\n","protected":false},"excerpt":{"rendered":"<p>Comparez les caract\u00e9ristiques de nos pompes \u00e0 engrenages, pompes doseuses et pompes \u00e0 d\u00e9bit variable c\u00f4te \u00e0 c\u00f4te pour identifier rapidement celle qui convient le mieux \u00e0 votre application. Diener Precision Pumps con\u00e7oit ses pompes pour r\u00e9pondre aux exigences de vos pompes OEM et est l\u00e0 pour vous aider. Si vous avez des questions sur [&hellip;]<\/p>\n","protected":false},"author":21,"featured_media":0,"parent":0,"menu_order":0,"comment_status":"closed","ping_status":"closed","template":"pumps-features.php","meta":{"_acf_changed":false,"inline_featured_image":false,"footnotes":""},"class_list":["post-15193","page","type-page","status-publish","hentry"],"acf":[],"yoast_head":"<!-- This site is optimized with the Yoast SEO plugin v27.4 - https:\/\/yoast.com\/product\/yoast-seo-wordpress\/ -->\n<title>Comparez les caract\u00e9ristiques des pompes - Diener Precision Pumps<\/title>\n<meta name=\"description\" content=\"Diener Precision Pumps (DPP) est l&#039;un des principaux concepteurs et fabricants de pompes \u00e0 engrenages, de pompes doseuses et de pompes variables sur mesure pour de nombreuses industries cruciales.\" \/>\n<meta name=\"robots\" content=\"index, follow, max-snippet:-1, max-image-preview:large, max-video-preview:-1\" \/>\n<link rel=\"canonical\" href=\"https:\/\/dienerprecisionpumps.com\/fr\/comparez-les-caracteristiques-des-pompes\/\" \/>\n<meta property=\"og:locale\" content=\"fr_FR\" \/>\n<meta property=\"og:type\" content=\"article\" \/>\n<meta property=\"og:title\" content=\"Comparez les caract\u00e9ristiques des pompes - Diener Precision Pumps\" \/>\n<meta property=\"og:description\" content=\"Diener Precision Pumps (DPP) est l&#039;un des principaux concepteurs et fabricants de pompes \u00e0 engrenages, de pompes doseuses et de pompes variables sur mesure pour de nombreuses industries cruciales.\" \/>\n<meta property=\"og:url\" content=\"https:\/\/dienerprecisionpumps.com\/fr\/comparez-les-caracteristiques-des-pompes\/\" \/>\n<meta property=\"og:site_name\" content=\"Diener Precision Pumps\" \/>\n<meta property=\"article:modified_time\" content=\"2026-03-25T16:23:51+00:00\" \/>\n<meta property=\"og:image\" content=\"https:\/\/dienerprecisionpumps.com\/wp-content\/uploads\/2025\/07\/social-dpp-pump-mfg.jpg\" \/>\n\t<meta property=\"og:image:width\" content=\"1200\" \/>\n\t<meta property=\"og:image:height\" content=\"675\" \/>\n\t<meta property=\"og:image:type\" content=\"image\/jpeg\" \/>\n<meta name=\"twitter:card\" content=\"summary_large_image\" \/>\n<meta name=\"twitter:label1\" content=\"Dur\u00e9e de lecture estim\u00e9e\" \/>\n\t<meta name=\"twitter:data1\" content=\"1 minute\" \/>\n<!-- \/ Yoast SEO plugin. -->","yoast_head_json":{"title":"Comparez les caract\u00e9ristiques des pompes - Diener Precision Pumps","description":"Diener Precision Pumps (DPP) est l'un des principaux concepteurs et fabricants de pompes \u00e0 engrenages, de pompes doseuses et de pompes variables sur mesure pour de nombreuses industries cruciales.","robots":{"index":"index","follow":"follow","max-snippet":"max-snippet:-1","max-image-preview":"max-image-preview:large","max-video-preview":"max-video-preview:-1"},"canonical":"https:\/\/dienerprecisionpumps.com\/fr\/comparez-les-caracteristiques-des-pompes\/","og_locale":"fr_FR","og_type":"article","og_title":"Comparez les caract\u00e9ristiques des pompes - Diener Precision Pumps","og_description":"Diener Precision Pumps (DPP) est l'un des principaux concepteurs et fabricants de pompes \u00e0 engrenages, de pompes doseuses et de pompes variables sur mesure pour de nombreuses industries cruciales.","og_url":"https:\/\/dienerprecisionpumps.com\/fr\/comparez-les-caracteristiques-des-pompes\/","og_site_name":"Diener Precision Pumps","article_modified_time":"2026-03-25T16:23:51+00:00","og_image":[{"width":1200,"height":675,"url":"https:\/\/dienerprecisionpumps.com\/wp-content\/uploads\/2025\/07\/social-dpp-pump-mfg.jpg","type":"image\/jpeg"}],"twitter_card":"summary_large_image","twitter_misc":{"Dur\u00e9e de lecture estim\u00e9e":"1 minute"},"schema":{"@context":"https:\/\/schema.org","@graph":[{"@type":"WebPage","@id":"https:\/\/dienerprecisionpumps.com\/fr\/comparez-les-caracteristiques-des-pompes\/","url":"https:\/\/dienerprecisionpumps.com\/fr\/comparez-les-caracteristiques-des-pompes\/","name":"Comparez les caract\u00e9ristiques des pompes - Diener Precision Pumps","isPartOf":{"@id":"https:\/\/dienerprecisionpumps.com\/fr\/#website"},"datePublished":"2026-03-10T07:41:25+00:00","dateModified":"2026-03-25T16:23:51+00:00","description":"Diener Precision Pumps (DPP) est l'un des principaux concepteurs et fabricants de pompes \u00e0 engrenages, de pompes doseuses et de pompes variables sur mesure pour de nombreuses industries cruciales.","breadcrumb":{"@id":"https:\/\/dienerprecisionpumps.com\/fr\/comparez-les-caracteristiques-des-pompes\/#breadcrumb"},"inLanguage":"fr-FR","potentialAction":[{"@type":"ReadAction","target":["https:\/\/dienerprecisionpumps.com\/fr\/comparez-les-caracteristiques-des-pompes\/"]}]},{"@type":"BreadcrumbList","@id":"https:\/\/dienerprecisionpumps.com\/fr\/comparez-les-caracteristiques-des-pompes\/#breadcrumb","itemListElement":[{"@type":"ListItem","position":1,"name":"Home","item":"https:\/\/dienerprecisionpumps.com\/fr\/"},{"@type":"ListItem","position":2,"name":"Comparez les caract\u00e9ristiques des pompes"}]},{"@type":"WebSite","@id":"https:\/\/dienerprecisionpumps.com\/fr\/#website","url":"https:\/\/dienerprecisionpumps.com\/fr\/","name":"Diener Precision Pumps","description":"Engineering your flow","publisher":{"@id":"https:\/\/dienerprecisionpumps.com\/fr\/#organization"},"potentialAction":[{"@type":"SearchAction","target":{"@type":"EntryPoint","urlTemplate":"https:\/\/dienerprecisionpumps.com\/fr\/?s={search_term_string}"},"query-input":{"@type":"PropertyValueSpecification","valueRequired":true,"valueName":"search_term_string"}}],"inLanguage":"fr-FR"},{"@type":"Organization","@id":"https:\/\/dienerprecisionpumps.com\/fr\/#organization","name":"Diener Precision Pumps","alternateName":"DPP","url":"https:\/\/dienerprecisionpumps.com\/fr\/","logo":{"@type":"ImageObject","inLanguage":"fr-FR","@id":"https:\/\/dienerprecisionpumps.com\/fr\/#\/schema\/logo\/image\/","url":"https:\/\/dienerprecisionpumps.com\/wp-content\/uploads\/2025\/07\/Diener-Precision-Pumps.svg","contentUrl":"https:\/\/dienerprecisionpumps.com\/wp-content\/uploads\/2025\/07\/Diener-Precision-Pumps.svg","width":179,"height":44,"caption":"Diener Precision Pumps"},"image":{"@id":"https:\/\/dienerprecisionpumps.com\/fr\/#\/schema\/logo\/image\/"},"sameAs":["https:\/\/www.linkedin.com\/company\/diener-precision-pumps\/","https:\/\/www.youtube.com\/@DienerPrecisionPumpsOfficial"]}]}},"_links":{"self":[{"href":"https:\/\/dienerprecisionpumps.com\/fr\/wp-json\/wp\/v2\/pages\/15193","targetHints":{"allow":["GET"]}}],"collection":[{"href":"https:\/\/dienerprecisionpumps.com\/fr\/wp-json\/wp\/v2\/pages"}],"about":[{"href":"https:\/\/dienerprecisionpumps.com\/fr\/wp-json\/wp\/v2\/types\/page"}],"author":[{"embeddable":true,"href":"https:\/\/dienerprecisionpumps.com\/fr\/wp-json\/wp\/v2\/users\/21"}],"replies":[{"embeddable":true,"href":"https:\/\/dienerprecisionpumps.com\/fr\/wp-json\/wp\/v2\/comments?post=15193"}],"version-history":[{"count":0,"href":"https:\/\/dienerprecisionpumps.com\/fr\/wp-json\/wp\/v2\/pages\/15193\/revisions"}],"wp:attachment":[{"href":"https:\/\/dienerprecisionpumps.com\/fr\/wp-json\/wp\/v2\/media?parent=15193"}],"curies":[{"name":"wp","href":"https:\/\/api.w.org\/{rel}","templated":true}]}}