{"id":11706,"date":"2023-12-15T09:04:04","date_gmt":"2023-12-15T08:04:04","guid":{"rendered":"https:\/\/dienerprecisionpumps.com\/faq\/"},"modified":"2024-10-18T12:39:20","modified_gmt":"2024-10-18T10:39:20","slug":"faq","status":"publish","type":"page","link":"https:\/\/dienerprecisionpumps.com\/fr\/faq\/","title":{"rendered":"FAQ"},"content":{"rendered":"<p>Questions Fr\u00e9quentes<\/p>\n","protected":false},"excerpt":{"rendered":"<p>Questions Fr\u00e9quentes<\/p>\n","protected":false},"author":27,"featured_media":0,"parent":0,"menu_order":0,"comment_status":"closed","ping_status":"closed","template":"template-parts\/faq.php","meta":{"_acf_changed":false,"inline_featured_image":false,"footnotes":""},"class_list":["post-11706","page","type-page","status-publish","hentry"],"acf":[],"yoast_head":"<!-- This site is optimized with the Yoast SEO plugin v27.2 - https:\/\/yoast.com\/product\/yoast-seo-wordpress\/ -->\n<title>Questions Fr\u00e9quentes | Pompes de pr\u00e9cision Diener<\/title>\n<meta name=\"description\" content=\"Trouvez des r\u00e9ponses aux questions courantes sur les pompes de pr\u00e9cision Diener, notamment des informations sur les produits, les services et l&#039;assistance.\" \/>\n<meta name=\"robots\" content=\"index, follow, max-snippet:-1, max-image-preview:large, max-video-preview:-1\" \/>\n<link rel=\"canonical\" href=\"https:\/\/dienerprecisionpumps.com\/fr\/faq\/\" \/>\n<meta property=\"og:locale\" content=\"fr_FR\" \/>\n<meta property=\"og:type\" content=\"article\" \/>\n<meta property=\"og:title\" content=\"Questions Fr\u00e9quentes | Pompes de pr\u00e9cision Diener\" \/>\n<meta property=\"og:description\" content=\"Trouvez des r\u00e9ponses aux questions courantes sur les pompes de pr\u00e9cision Diener, notamment des informations sur les produits, les services et l&#039;assistance.\" \/>\n<meta property=\"og:url\" content=\"https:\/\/dienerprecisionpumps.com\/fr\/faq\/\" \/>\n<meta property=\"og:site_name\" content=\"Diener Precision Pumps\" \/>\n<meta property=\"article:modified_time\" content=\"2024-10-18T10:39:20+00:00\" \/>\n<meta property=\"og:image\" content=\"https:\/\/dienerprecisionpumps.com\/wp-content\/uploads\/2025\/07\/social-dpp-pump-mfg.jpg\" \/>\n\t<meta property=\"og:image:width\" content=\"1200\" \/>\n\t<meta property=\"og:image:height\" content=\"675\" \/>\n\t<meta property=\"og:image:type\" content=\"image\/jpeg\" \/>\n<meta name=\"twitter:card\" content=\"summary_large_image\" \/>\n<!-- \/ Yoast SEO plugin. -->","yoast_head_json":{"title":"Questions Fr\u00e9quentes | Pompes de pr\u00e9cision Diener","description":"Trouvez des r\u00e9ponses aux questions courantes sur les pompes de pr\u00e9cision Diener, notamment des informations sur les produits, les services et l'assistance.","robots":{"index":"index","follow":"follow","max-snippet":"max-snippet:-1","max-image-preview":"max-image-preview:large","max-video-preview":"max-video-preview:-1"},"canonical":"https:\/\/dienerprecisionpumps.com\/fr\/faq\/","og_locale":"fr_FR","og_type":"article","og_title":"Questions Fr\u00e9quentes | Pompes de pr\u00e9cision Diener","og_description":"Trouvez des r\u00e9ponses aux questions courantes sur les pompes de pr\u00e9cision Diener, notamment des informations sur les produits, les services et l'assistance.","og_url":"https:\/\/dienerprecisionpumps.com\/fr\/faq\/","og_site_name":"Diener Precision Pumps","article_modified_time":"2024-10-18T10:39:20+00:00","og_image":[{"width":1200,"height":675,"url":"https:\/\/dienerprecisionpumps.com\/wp-content\/uploads\/2025\/07\/social-dpp-pump-mfg.jpg","type":"image\/jpeg"}],"twitter_card":"summary_large_image","schema":{"@context":"https:\/\/schema.org","@graph":[{"@type":"WebPage","@id":"https:\/\/dienerprecisionpumps.com\/fr\/faq\/","url":"https:\/\/dienerprecisionpumps.com\/fr\/faq\/","name":"Questions Fr\u00e9quentes | Pompes de pr\u00e9cision Diener","isPartOf":{"@id":"https:\/\/dienerprecisionpumps.com\/fr\/#website"},"datePublished":"2023-12-15T08:04:04+00:00","dateModified":"2024-10-18T10:39:20+00:00","description":"Trouvez des r\u00e9ponses aux questions courantes sur les pompes de pr\u00e9cision Diener, notamment des informations sur les produits, les services et l'assistance.","breadcrumb":{"@id":"https:\/\/dienerprecisionpumps.com\/fr\/faq\/#breadcrumb"},"inLanguage":"fr-FR","potentialAction":[{"@type":"ReadAction","target":["https:\/\/dienerprecisionpumps.com\/fr\/faq\/"]}]},{"@type":"BreadcrumbList","@id":"https:\/\/dienerprecisionpumps.com\/fr\/faq\/#breadcrumb","itemListElement":[{"@type":"ListItem","position":1,"name":"Home","item":"https:\/\/dienerprecisionpumps.com\/fr\/"},{"@type":"ListItem","position":2,"name":"FAQ"}]},{"@type":"WebSite","@id":"https:\/\/dienerprecisionpumps.com\/fr\/#website","url":"https:\/\/dienerprecisionpumps.com\/fr\/","name":"Diener Precision Pumps","description":"Engineering your flow","publisher":{"@id":"https:\/\/dienerprecisionpumps.com\/fr\/#organization"},"potentialAction":[{"@type":"SearchAction","target":{"@type":"EntryPoint","urlTemplate":"https:\/\/dienerprecisionpumps.com\/fr\/?s={search_term_string}"},"query-input":{"@type":"PropertyValueSpecification","valueRequired":true,"valueName":"search_term_string"}}],"inLanguage":"fr-FR"},{"@type":"Organization","@id":"https:\/\/dienerprecisionpumps.com\/fr\/#organization","name":"Diener Precision Pumps","alternateName":"DPP","url":"https:\/\/dienerprecisionpumps.com\/fr\/","logo":{"@type":"ImageObject","inLanguage":"fr-FR","@id":"https:\/\/dienerprecisionpumps.com\/fr\/#\/schema\/logo\/image\/","url":"https:\/\/dienerprecisionpumps.com\/wp-content\/uploads\/2025\/07\/Diener-Precision-Pumps.svg","contentUrl":"https:\/\/dienerprecisionpumps.com\/wp-content\/uploads\/2025\/07\/Diener-Precision-Pumps.svg","width":179,"height":44,"caption":"Diener Precision Pumps"},"image":{"@id":"https:\/\/dienerprecisionpumps.com\/fr\/#\/schema\/logo\/image\/"},"sameAs":["https:\/\/www.linkedin.com\/company\/diener-precision-pumps\/","https:\/\/www.youtube.com\/@DienerPrecisionPumpsOfficial"]}]}},"_links":{"self":[{"href":"https:\/\/dienerprecisionpumps.com\/fr\/wp-json\/wp\/v2\/pages\/11706","targetHints":{"allow":["GET"]}}],"collection":[{"href":"https:\/\/dienerprecisionpumps.com\/fr\/wp-json\/wp\/v2\/pages"}],"about":[{"href":"https:\/\/dienerprecisionpumps.com\/fr\/wp-json\/wp\/v2\/types\/page"}],"author":[{"embeddable":true,"href":"https:\/\/dienerprecisionpumps.com\/fr\/wp-json\/wp\/v2\/users\/27"}],"replies":[{"embeddable":true,"href":"https:\/\/dienerprecisionpumps.com\/fr\/wp-json\/wp\/v2\/comments?post=11706"}],"version-history":[{"count":0,"href":"https:\/\/dienerprecisionpumps.com\/fr\/wp-json\/wp\/v2\/pages\/11706\/revisions"}],"wp:attachment":[{"href":"https:\/\/dienerprecisionpumps.com\/fr\/wp-json\/wp\/v2\/media?parent=11706"}],"curies":[{"name":"wp","href":"https:\/\/api.w.org\/{rel}","templated":true}]}}