{"id":4632,"date":"2020-11-23T13:17:43","date_gmt":"2020-11-23T12:17:43","guid":{"rendered":"https:\/\/dienerprecisionpumps.com\/product\/precision-series-metering-pump\/"},"modified":"2025-04-23T23:39:00","modified_gmt":"2025-04-23T21:39:00","slug":"mikrodosierpumpe-precision-serie","status":"publish","type":"product","link":"https:\/\/dienerprecisionpumps.com\/de\/produkt\/mikrodosierpumpe-precision-serie\/","title":{"rendered":"Mikrodosierpumpe der Precision-Serie"},"content":{"rendered":"","protected":false},"featured_media":3107,"parent":0,"menu_order":0,"comment_status":"open","ping_status":"open","template":"","format":"standard","meta":{"_acf_changed":false,"inline_featured_image":false,"footnotes":""},"categories":[19],"tags":[],"class_list":["post-4632","product","type-product","status-publish","format-standard","has-post-thumbnail","hentry","category-dosierpumpen"],"acf":[],"yoast_head":"<!-- This site is optimized with the Yoast SEO plugin v27.3 - https:\/\/yoast.com\/product\/yoast-seo-wordpress\/ -->\n<title>Dosierpumpe der DPP Precision-Serie | Diener Pr\u00e4zisionspumpen<\/title>\n<meta name=\"description\" content=\"Die DPP Precision Serie ist die Dosierpumpe mit h\u00f6chster Pr\u00e4zision f\u00fcr sensible Anwendungen in der Analyse-, Diagnose- und Medizintechnik.\" \/>\n<meta name=\"robots\" content=\"index, follow, max-snippet:-1, max-image-preview:large, max-video-preview:-1\" \/>\n<link rel=\"canonical\" href=\"https:\/\/dienerprecisionpumps.com\/de\/produkt\/mikrodosierpumpe-precision-serie\/\" \/>\n<meta property=\"og:locale\" content=\"de_DE\" \/>\n<meta property=\"og:type\" content=\"article\" \/>\n<meta property=\"og:title\" content=\"Dosierpumpe der DPP Precision-Serie | Diener Pr\u00e4zisionspumpen\" \/>\n<meta property=\"og:description\" content=\"Die DPP Precision Serie ist die Dosierpumpe mit h\u00f6chster Pr\u00e4zision f\u00fcr sensible Anwendungen in der Analyse-, Diagnose- und Medizintechnik.\" \/>\n<meta property=\"og:url\" content=\"https:\/\/dienerprecisionpumps.com\/de\/produkt\/mikrodosierpumpe-precision-serie\/\" \/>\n<meta property=\"og:site_name\" content=\"Diener Precision Pumps\" \/>\n<meta property=\"article:modified_time\" content=\"2025-04-23T21:39:00+00:00\" \/>\n<meta property=\"og:image\" content=\"https:\/\/dienerprecisionpumps.com\/wp-content\/uploads\/2020\/11\/DPP-Metering-pumps-precision-4-6-34-Rinse-PNG-transparent-v6.png\" \/>\n\t<meta property=\"og:image:width\" content=\"1200\" \/>\n\t<meta property=\"og:image:height\" content=\"800\" \/>\n\t<meta property=\"og:image:type\" content=\"image\/png\" \/>\n<meta name=\"twitter:card\" content=\"summary_large_image\" \/>\n<!-- \/ Yoast SEO plugin. -->","yoast_head_json":{"title":"Dosierpumpe der DPP Precision-Serie | Diener Pr\u00e4zisionspumpen","description":"Die DPP Precision Serie ist die Dosierpumpe mit h\u00f6chster Pr\u00e4zision f\u00fcr sensible Anwendungen in der Analyse-, Diagnose- und Medizintechnik.","robots":{"index":"index","follow":"follow","max-snippet":"max-snippet:-1","max-image-preview":"max-image-preview:large","max-video-preview":"max-video-preview:-1"},"canonical":"https:\/\/dienerprecisionpumps.com\/de\/produkt\/mikrodosierpumpe-precision-serie\/","og_locale":"de_DE","og_type":"article","og_title":"Dosierpumpe der DPP Precision-Serie | Diener Pr\u00e4zisionspumpen","og_description":"Die DPP Precision Serie ist die Dosierpumpe mit h\u00f6chster Pr\u00e4zision f\u00fcr sensible Anwendungen in der Analyse-, Diagnose- und Medizintechnik.","og_url":"https:\/\/dienerprecisionpumps.com\/de\/produkt\/mikrodosierpumpe-precision-serie\/","og_site_name":"Diener Precision Pumps","article_modified_time":"2025-04-23T21:39:00+00:00","og_image":[{"width":1200,"height":800,"url":"https:\/\/dienerprecisionpumps.com\/wp-content\/uploads\/2020\/11\/DPP-Metering-pumps-precision-4-6-34-Rinse-PNG-transparent-v6.png","type":"image\/png"}],"twitter_card":"summary_large_image","schema":{"@context":"https:\/\/schema.org","@graph":[{"@type":"WebPage","@id":"https:\/\/dienerprecisionpumps.com\/de\/produkt\/mikrodosierpumpe-precision-serie\/","url":"https:\/\/dienerprecisionpumps.com\/de\/produkt\/mikrodosierpumpe-precision-serie\/","name":"Dosierpumpe der DPP Precision-Serie | Diener Pr\u00e4zisionspumpen","isPartOf":{"@id":"https:\/\/dienerprecisionpumps.com\/de\/#website"},"primaryImageOfPage":{"@id":"https:\/\/dienerprecisionpumps.com\/de\/produkt\/mikrodosierpumpe-precision-serie\/#primaryimage"},"image":{"@id":"https:\/\/dienerprecisionpumps.com\/de\/produkt\/mikrodosierpumpe-precision-serie\/#primaryimage"},"thumbnailUrl":"https:\/\/dienerprecisionpumps.com\/wp-content\/uploads\/2020\/11\/DPP-Metering-pumps-precision-4-6-34-Rinse-PNG-transparent-v6.png","datePublished":"2020-11-23T12:17:43+00:00","dateModified":"2025-04-23T21:39:00+00:00","description":"Die DPP Precision Serie ist die Dosierpumpe mit h\u00f6chster Pr\u00e4zision f\u00fcr sensible Anwendungen in der Analyse-, Diagnose- und Medizintechnik.","breadcrumb":{"@id":"https:\/\/dienerprecisionpumps.com\/de\/produkt\/mikrodosierpumpe-precision-serie\/#breadcrumb"},"inLanguage":"de","potentialAction":[{"@type":"ReadAction","target":["https:\/\/dienerprecisionpumps.com\/de\/produkt\/mikrodosierpumpe-precision-serie\/"]}]},{"@type":"ImageObject","inLanguage":"de","@id":"https:\/\/dienerprecisionpumps.com\/de\/produkt\/mikrodosierpumpe-precision-serie\/#primaryimage","url":"https:\/\/dienerprecisionpumps.com\/wp-content\/uploads\/2020\/11\/DPP-Metering-pumps-precision-4-6-34-Rinse-PNG-transparent-v6.png","contentUrl":"https:\/\/dienerprecisionpumps.com\/wp-content\/uploads\/2020\/11\/DPP-Metering-pumps-precision-4-6-34-Rinse-PNG-transparent-v6.png","width":1200,"height":800,"caption":"DPP Dosierpumpen aus der Precision Series 4 6 34 Sp\u00fclung"},{"@type":"BreadcrumbList","@id":"https:\/\/dienerprecisionpumps.com\/de\/produkt\/mikrodosierpumpe-precision-serie\/#breadcrumb","itemListElement":[{"@type":"ListItem","position":1,"name":"Home","item":"https:\/\/dienerprecisionpumps.com\/de\/"},{"@type":"ListItem","position":2,"name":"Mikrodosierpumpe der Precision-Serie"}]},{"@type":"WebSite","@id":"https:\/\/dienerprecisionpumps.com\/de\/#website","url":"https:\/\/dienerprecisionpumps.com\/de\/","name":"Diener Precision Pumps","description":"Engineering your flow","publisher":{"@id":"https:\/\/dienerprecisionpumps.com\/de\/#organization"},"potentialAction":[{"@type":"SearchAction","target":{"@type":"EntryPoint","urlTemplate":"https:\/\/dienerprecisionpumps.com\/de\/?s={search_term_string}"},"query-input":{"@type":"PropertyValueSpecification","valueRequired":true,"valueName":"search_term_string"}}],"inLanguage":"de"},{"@type":"Organization","@id":"https:\/\/dienerprecisionpumps.com\/de\/#organization","name":"Diener Precision Pumps","alternateName":"DPP","url":"https:\/\/dienerprecisionpumps.com\/de\/","logo":{"@type":"ImageObject","inLanguage":"de","@id":"https:\/\/dienerprecisionpumps.com\/de\/#\/schema\/logo\/image\/","url":"https:\/\/dienerprecisionpumps.com\/wp-content\/uploads\/2025\/07\/Diener-Precision-Pumps.svg","contentUrl":"https:\/\/dienerprecisionpumps.com\/wp-content\/uploads\/2025\/07\/Diener-Precision-Pumps.svg","width":179,"height":44,"caption":"Diener Precision Pumps"},"image":{"@id":"https:\/\/dienerprecisionpumps.com\/de\/#\/schema\/logo\/image\/"},"sameAs":["https:\/\/www.linkedin.com\/company\/diener-precision-pumps\/","https:\/\/www.youtube.com\/@DienerPrecisionPumpsOfficial"]}]}},"_links":{"self":[{"href":"https:\/\/dienerprecisionpumps.com\/de\/wp-json\/wp\/v2\/product\/4632","targetHints":{"allow":["GET"]}}],"collection":[{"href":"https:\/\/dienerprecisionpumps.com\/de\/wp-json\/wp\/v2\/product"}],"about":[{"href":"https:\/\/dienerprecisionpumps.com\/de\/wp-json\/wp\/v2\/types\/product"}],"replies":[{"embeddable":true,"href":"https:\/\/dienerprecisionpumps.com\/de\/wp-json\/wp\/v2\/comments?post=4632"}],"version-history":[{"count":0,"href":"https:\/\/dienerprecisionpumps.com\/de\/wp-json\/wp\/v2\/product\/4632\/revisions"}],"wp:featuredmedia":[{"embeddable":true,"href":"https:\/\/dienerprecisionpumps.com\/de\/wp-json\/wp\/v2\/media\/3107"}],"wp:attachment":[{"href":"https:\/\/dienerprecisionpumps.com\/de\/wp-json\/wp\/v2\/media?parent=4632"}],"wp:term":[{"taxonomy":"category","embeddable":true,"href":"https:\/\/dienerprecisionpumps.com\/de\/wp-json\/wp\/v2\/categories?post=4632"},{"taxonomy":"post_tag","embeddable":true,"href":"https:\/\/dienerprecisionpumps.com\/de\/wp-json\/wp\/v2\/tags?post=4632"}],"curies":[{"name":"wp","href":"https:\/\/api.w.org\/{rel}","templated":true}]}}