{"id":4629,"date":"2021-01-19T10:34:29","date_gmt":"2021-01-19T09:34:29","guid":{"rendered":"https:\/\/dienerprecisionpumps.com\/product\/optima-precision-gear-pump\/"},"modified":"2025-04-23T23:41:39","modified_gmt":"2025-04-23T21:41:39","slug":"prazisionszahnradpumpe-optima-serie","status":"publish","type":"product","link":"https:\/\/dienerprecisionpumps.com\/de\/produkt\/prazisionszahnradpumpe-optima-serie\/","title":{"rendered":"Pr\u00e4zisionszahnradpumpe der Optima-Serie"},"content":{"rendered":"<p>Ressourcen und Datenbl\u00e4tter<\/p>\n","protected":false},"featured_media":2543,"parent":0,"menu_order":0,"comment_status":"open","ping_status":"open","template":"","format":"standard","meta":{"_acf_changed":false,"inline_featured_image":false,"footnotes":""},"categories":[21],"tags":[],"class_list":["post-4629","product","type-product","status-publish","format-standard","has-post-thumbnail","hentry","category-zahnradpumpen"],"acf":[],"yoast_head":"<!-- This site is optimized with the Yoast SEO plugin v27.2 - https:\/\/yoast.com\/product\/yoast-seo-wordpress\/ -->\n<title>DPP Zahnradpumpen aus der Optima-Serie | Diener Precision Pumps<\/title>\n<meta name=\"description\" content=\"Die Pr\u00e4zisionszahnradpumpen der Optima-Serie sind die erste Wahl f\u00fcr alle Anwendungen, bei denen ein konstantes F\u00f6rdervolumen bei hohem Druck auf kompaktem Raum erforderlich ist.\" \/>\n<meta name=\"robots\" content=\"index, follow, max-snippet:-1, max-image-preview:large, max-video-preview:-1\" \/>\n<link rel=\"canonical\" href=\"https:\/\/dienerprecisionpumps.com\/de\/produkt\/prazisionszahnradpumpe-optima-serie\/\" \/>\n<meta property=\"og:locale\" content=\"de_DE\" \/>\n<meta property=\"og:type\" content=\"article\" \/>\n<meta property=\"og:title\" content=\"DPP Zahnradpumpen aus der Optima-Serie | Diener Precision Pumps\" \/>\n<meta property=\"og:description\" content=\"Die Pr\u00e4zisionszahnradpumpen der Optima-Serie sind die erste Wahl f\u00fcr alle Anwendungen, bei denen ein konstantes F\u00f6rdervolumen bei hohem Druck auf kompaktem Raum erforderlich ist.\" \/>\n<meta property=\"og:url\" content=\"https:\/\/dienerprecisionpumps.com\/de\/produkt\/prazisionszahnradpumpe-optima-serie\/\" \/>\n<meta property=\"og:site_name\" content=\"Diener Precision Pumps\" \/>\n<meta property=\"article:modified_time\" content=\"2025-04-23T21:41:39+00:00\" \/>\n<meta property=\"og:image\" content=\"https:\/\/dienerprecisionpumps.com\/wp-content\/uploads\/2021\/01\/DPP-Optima-Series-1000-BLDC-Transparent.png\" \/>\n\t<meta property=\"og:image:width\" content=\"1200\" \/>\n\t<meta property=\"og:image:height\" content=\"800\" \/>\n\t<meta property=\"og:image:type\" content=\"image\/png\" \/>\n<meta name=\"twitter:card\" content=\"summary_large_image\" \/>\n<meta name=\"twitter:label1\" content=\"Gesch\u00e4tzte Lesezeit\" \/>\n\t<meta name=\"twitter:data1\" content=\"1\u00a0Minute\" \/>\n<!-- \/ Yoast SEO plugin. -->","yoast_head_json":{"title":"DPP Zahnradpumpen aus der Optima-Serie | Diener Precision Pumps","description":"Die Pr\u00e4zisionszahnradpumpen der Optima-Serie sind die erste Wahl f\u00fcr alle Anwendungen, bei denen ein konstantes F\u00f6rdervolumen bei hohem Druck auf kompaktem Raum erforderlich ist.","robots":{"index":"index","follow":"follow","max-snippet":"max-snippet:-1","max-image-preview":"max-image-preview:large","max-video-preview":"max-video-preview:-1"},"canonical":"https:\/\/dienerprecisionpumps.com\/de\/produkt\/prazisionszahnradpumpe-optima-serie\/","og_locale":"de_DE","og_type":"article","og_title":"DPP Zahnradpumpen aus der Optima-Serie | Diener Precision Pumps","og_description":"Die Pr\u00e4zisionszahnradpumpen der Optima-Serie sind die erste Wahl f\u00fcr alle Anwendungen, bei denen ein konstantes F\u00f6rdervolumen bei hohem Druck auf kompaktem Raum erforderlich ist.","og_url":"https:\/\/dienerprecisionpumps.com\/de\/produkt\/prazisionszahnradpumpe-optima-serie\/","og_site_name":"Diener Precision Pumps","article_modified_time":"2025-04-23T21:41:39+00:00","og_image":[{"width":1200,"height":800,"url":"https:\/\/dienerprecisionpumps.com\/wp-content\/uploads\/2021\/01\/DPP-Optima-Series-1000-BLDC-Transparent.png","type":"image\/png"}],"twitter_card":"summary_large_image","twitter_misc":{"Gesch\u00e4tzte Lesezeit":"1\u00a0Minute"},"schema":{"@context":"https:\/\/schema.org","@graph":[{"@type":"WebPage","@id":"https:\/\/dienerprecisionpumps.com\/de\/produkt\/prazisionszahnradpumpe-optima-serie\/","url":"https:\/\/dienerprecisionpumps.com\/de\/produkt\/prazisionszahnradpumpe-optima-serie\/","name":"DPP Zahnradpumpen aus der Optima-Serie | Diener Precision Pumps","isPartOf":{"@id":"https:\/\/dienerprecisionpumps.com\/de\/#website"},"primaryImageOfPage":{"@id":"https:\/\/dienerprecisionpumps.com\/de\/produkt\/prazisionszahnradpumpe-optima-serie\/#primaryimage"},"image":{"@id":"https:\/\/dienerprecisionpumps.com\/de\/produkt\/prazisionszahnradpumpe-optima-serie\/#primaryimage"},"thumbnailUrl":"https:\/\/dienerprecisionpumps.com\/wp-content\/uploads\/2021\/01\/DPP-Optima-Series-1000-BLDC-Transparent.png","datePublished":"2021-01-19T09:34:29+00:00","dateModified":"2025-04-23T21:41:39+00:00","description":"Die Pr\u00e4zisionszahnradpumpen der Optima-Serie sind die erste Wahl f\u00fcr alle Anwendungen, bei denen ein konstantes F\u00f6rdervolumen bei hohem Druck auf kompaktem Raum erforderlich ist.","breadcrumb":{"@id":"https:\/\/dienerprecisionpumps.com\/de\/produkt\/prazisionszahnradpumpe-optima-serie\/#breadcrumb"},"inLanguage":"de","potentialAction":[{"@type":"ReadAction","target":["https:\/\/dienerprecisionpumps.com\/de\/produkt\/prazisionszahnradpumpe-optima-serie\/"]}]},{"@type":"ImageObject","inLanguage":"de","@id":"https:\/\/dienerprecisionpumps.com\/de\/produkt\/prazisionszahnradpumpe-optima-serie\/#primaryimage","url":"https:\/\/dienerprecisionpumps.com\/wp-content\/uploads\/2021\/01\/DPP-Optima-Series-1000-BLDC-Transparent.png","contentUrl":"https:\/\/dienerprecisionpumps.com\/wp-content\/uploads\/2021\/01\/DPP-Optima-Series-1000-BLDC-Transparent.png","width":1200,"height":800,"caption":"DPP Pr\u00e4zisionszahnradpumpe der Optima Serie"},{"@type":"BreadcrumbList","@id":"https:\/\/dienerprecisionpumps.com\/de\/produkt\/prazisionszahnradpumpe-optima-serie\/#breadcrumb","itemListElement":[{"@type":"ListItem","position":1,"name":"Home","item":"https:\/\/dienerprecisionpumps.com\/de\/"},{"@type":"ListItem","position":2,"name":"Pr\u00e4zisionszahnradpumpe der Optima-Serie"}]},{"@type":"WebSite","@id":"https:\/\/dienerprecisionpumps.com\/de\/#website","url":"https:\/\/dienerprecisionpumps.com\/de\/","name":"Diener Precision Pumps","description":"Engineering your flow","publisher":{"@id":"https:\/\/dienerprecisionpumps.com\/de\/#organization"},"potentialAction":[{"@type":"SearchAction","target":{"@type":"EntryPoint","urlTemplate":"https:\/\/dienerprecisionpumps.com\/de\/?s={search_term_string}"},"query-input":{"@type":"PropertyValueSpecification","valueRequired":true,"valueName":"search_term_string"}}],"inLanguage":"de"},{"@type":"Organization","@id":"https:\/\/dienerprecisionpumps.com\/de\/#organization","name":"Diener Precision Pumps","alternateName":"DPP","url":"https:\/\/dienerprecisionpumps.com\/de\/","logo":{"@type":"ImageObject","inLanguage":"de","@id":"https:\/\/dienerprecisionpumps.com\/de\/#\/schema\/logo\/image\/","url":"https:\/\/dienerprecisionpumps.com\/wp-content\/uploads\/2025\/07\/Diener-Precision-Pumps.svg","contentUrl":"https:\/\/dienerprecisionpumps.com\/wp-content\/uploads\/2025\/07\/Diener-Precision-Pumps.svg","width":179,"height":44,"caption":"Diener Precision Pumps"},"image":{"@id":"https:\/\/dienerprecisionpumps.com\/de\/#\/schema\/logo\/image\/"},"sameAs":["https:\/\/www.linkedin.com\/company\/diener-precision-pumps\/","https:\/\/www.youtube.com\/@DienerPrecisionPumpsOfficial"]}]}},"_links":{"self":[{"href":"https:\/\/dienerprecisionpumps.com\/de\/wp-json\/wp\/v2\/product\/4629","targetHints":{"allow":["GET"]}}],"collection":[{"href":"https:\/\/dienerprecisionpumps.com\/de\/wp-json\/wp\/v2\/product"}],"about":[{"href":"https:\/\/dienerprecisionpumps.com\/de\/wp-json\/wp\/v2\/types\/product"}],"replies":[{"embeddable":true,"href":"https:\/\/dienerprecisionpumps.com\/de\/wp-json\/wp\/v2\/comments?post=4629"}],"version-history":[{"count":0,"href":"https:\/\/dienerprecisionpumps.com\/de\/wp-json\/wp\/v2\/product\/4629\/revisions"}],"wp:featuredmedia":[{"embeddable":true,"href":"https:\/\/dienerprecisionpumps.com\/de\/wp-json\/wp\/v2\/media\/2543"}],"wp:attachment":[{"href":"https:\/\/dienerprecisionpumps.com\/de\/wp-json\/wp\/v2\/media?parent=4629"}],"wp:term":[{"taxonomy":"category","embeddable":true,"href":"https:\/\/dienerprecisionpumps.com\/de\/wp-json\/wp\/v2\/categories?post=4629"},{"taxonomy":"post_tag","embeddable":true,"href":"https:\/\/dienerprecisionpumps.com\/de\/wp-json\/wp\/v2\/tags?post=4629"}],"curies":[{"name":"wp","href":"https:\/\/api.w.org\/{rel}","templated":true}]}}