{"id":8156,"date":"2021-03-17T11:37:12","date_gmt":"2021-03-17T10:37:12","guid":{"rendered":"https:\/\/dienerprecisionpumps.com\/legal-notice\/"},"modified":"2024-10-18T15:50:24","modified_gmt":"2024-10-18T13:50:24","slug":"impressum","status":"publish","type":"page","link":"https:\/\/dienerprecisionpumps.com\/de\/impressum\/","title":{"rendered":"Impressum"},"content":{"rendered":"\r\n<figure class=\"wp-block-table\">\r\n<table style=\"height: 154px;\" width=\"480\">\r\n<tbody>\r\n<tr>\r\n<td><strong>Diener Precision Pumps AG<\/strong><br \/>Stationsstrasse 66<br \/>8424 Embrach<br \/>Switzerland<br \/>Phone: +41 44 866 72 72<br \/><a href=\"mailto:switzerland@dpp.swiss\">switzerland@dpp.swiss<\/a><\/td>\r\n<td><strong>Diener Precision Pumps Inc.<\/strong><br \/>935 E. Turner Road<br \/>Lodi, CA 95240<br \/>USA<br \/>Phone: +1 209 365 0405<br \/><a href=\"mailto:info@dpp.us\">info@dpp.us<\/a><\/td>\r\n<\/tr>\r\n<\/tbody>\r\n<\/table>\r\n<\/figure>\r\n\r\n<h4>CEO und verantwortlicher Direktor: Douglas Robinson<\/h4>\r\n<p>Alle Urheberrechte und sonstigen Rechte an geistigem Eigentum an allen Texten, Bildern und anderen Materialien auf dieser Website sind Eigentum von Diener Precision Pumps oder werden mit Genehmigung des jeweiligen Eigent\u00fcmers aufgenommen.<\/p>\r\n<h3>Haftungsausschluss<\/h3>\r\n<p>Keine der von Diener Precision Pumps bereitgestellten Informationen stellt eine Garantie in Bezug auf die Leistung oder Verwendung des Produkts dar. Informationen zur Leistung oder Verwendung werden nur als Vorschlag f\u00fcr eine Untersuchung zur Verwendung angeboten, basierend auf den Erfahrungen von Diener Precision Pump oder anderen Kunden. DPP \u00fcbernimmt keine ausdr\u00fccklichen oder stillschweigenden Garantien in Bezug auf die Eignung oder Eignung eines seiner Produkte f\u00fcr einen bestimmten Zweck. Es liegt in der Verantwortung des Kunden, zu bestimmen, ob das Produkt sicher, rechtm\u00e4\u00dfig und technisch f\u00fcr den beabsichtigten Gebrauch geeignet ist. Die Offenlegung von Informationen in diesem Dokument ist keine Lizenz zum Betrieb oder eine Empfehlung zur Verletzung von Patenten.<\/p>\r\n<h3>Eingeschr\u00e4nkte Garantie<\/h3>\r\n<p>Es wird garantiert, dass die von Diener Precision Pumps hergestellten Produkte zum Zeitpunkt des Versands vom Herstellungsort frei von Verarbeitungs- und Materialfehlern sind. Diener Precision Pumps repariert oder ersetzt nach eigenem Ermessen alle Teile des Produkts, die dieser Garantie nicht entsprechen, f\u00fcr einen Zeitraum von achtzehn Monaten ab Herstellungsdatum der Pumpe. Die Verpflichtung von Diener Precision Pumps im Rahmen dieser Garantie beschr\u00e4nkt sich auf die Reparatur oder den Austausch defekter Ger\u00e4te, die auf FOB-Bestimmungsbasis an uns zur\u00fcckgesandt werden, sofern unsere Pr\u00fcfung ergibt, dass das Teil oder die Teile zum Zeitpunkt des Versands defekt waren. Die Einstellung oder der Austausch defekter Teile im Rahmen dieser Garantie verl\u00e4ngert nicht die urspr\u00fcngliche Garantiezeit.<\/p>\r\n<p>Die oben beschriebene Garantie ist die ausschlie\u00dfliche Garantie von Diener Precision Pumps und ersetzt alle anderen ausdr\u00fccklichen oder stillschweigenden Garantien, einschlie\u00dflich jeglicher Garantie f\u00fcr die Marktg\u00e4ngigkeit, Eignung f\u00fcr einen bestimmten Zweck oder einer zuvor gew\u00e4hrten Garantie. Diener Precision Pumps \u00fcbernimmt und erm\u00e4chtigt keine andere Person, daf\u00fcr eine andere Haftung im Zusammenhang mit dem Verkauf und \/ oder der Verwendung unserer Produkte zu \u00fcbernehmen.<\/p>\r\n<p>Es wird keine Garantie jeglicher Art in Bezug auf Pumpen oder Teile gegeben oder auferlegt, die (1) nicht ordnungsgem\u00e4\u00df installiert und im Betrieb getestet wurden, (2) Missbrauch, Fahrl\u00e4ssigkeit, h\u00f6here Gewalt oder die Elemente oder andere unterliegen Form des Unfalls oder (3) au\u00dferhalb der Anlage von Diener Precision Pumps so repariert oder ver\u00e4ndert werden, dass nach unserer Einsch\u00e4tzung die Leistung oder Zuverl\u00e4ssigkeit beeintr\u00e4chtigt wird.<\/p>\r\n<p>Die Parteien vereinbaren, dass der einzige und ausschlie\u00dfliche Rechtsbehelf des K\u00e4ufers gegen Diener Precision Pumps f\u00fcr die Reparatur oder den Austausch defekter Teile unter den oben genannten Bedingungen besteht. Der K\u00e4ufer erkl\u00e4rt sich damit einverstanden, dass ihm kein anderes Rechtsmittel zur Verf\u00fcgung steht, einschlie\u00dflich, aber nicht beschr\u00e4nkt auf Neben- oder Folgesch\u00e4den f\u00fcr entgangenen Gewinn, entgangenen Umsatz, Nutzungsverlust, Personen- oder Sachsch\u00e4den oder sonstige Neben- oder Folgesch\u00e4den.<\/p>\r\n<p>Diese Garantie gilt nicht f\u00fcr Prototypen oder Versuchspumpen oder gekaufte Elektromotoren. Unsere Garantie auf die oben genannten Ger\u00e4te ist auf Anfrage erh\u00e4ltlich.<\/p>","protected":false},"excerpt":{"rendered":"<p>Diener Precision Pumps AGStationsstrasse 668424 EmbrachSwitzerlandPhone: +41 44 866 72 72switzerland@dpp.swiss Diener Precision Pumps Inc.935 E. Turner RoadLodi, CA 95240USAPhone: +1 209 365 0405info@dpp.us CEO und verantwortlicher Direktor: Douglas Robinson Alle Urheberrechte und sonstigen Rechte an geistigem Eigentum an allen Texten, Bildern und anderen Materialien auf dieser Website sind Eigentum von Diener Precision Pumps oder [&hellip;]<\/p>\n","protected":false},"author":21,"featured_media":0,"parent":0,"menu_order":0,"comment_status":"closed","ping_status":"closed","template":"","meta":{"_acf_changed":false,"inline_featured_image":false,"footnotes":""},"class_list":["post-8156","page","type-page","status-publish","hentry"],"acf":[],"yoast_head":"<!-- This site is optimized with the Yoast SEO plugin v27.4 - https:\/\/yoast.com\/product\/yoast-seo-wordpress\/ -->\n<title>Impressum - Diener Precision Pumps<\/title>\n<meta name=\"description\" content=\"Alle Urheberrechte und sonstigen Rechte an geistigem Eigentum an allen Texten, Bildern und anderen Materialien auf dieser Website sind Eigentum von DPP.\" \/>\n<meta name=\"robots\" content=\"index, follow, max-snippet:-1, max-image-preview:large, max-video-preview:-1\" \/>\n<link rel=\"canonical\" href=\"https:\/\/dienerprecisionpumps.com\/de\/impressum\/\" \/>\n<meta property=\"og:locale\" content=\"de_DE\" \/>\n<meta property=\"og:type\" content=\"article\" \/>\n<meta property=\"og:title\" content=\"Impressum - Diener Precision Pumps\" \/>\n<meta property=\"og:description\" content=\"Alle Urheberrechte und sonstigen Rechte an geistigem Eigentum an allen Texten, Bildern und anderen Materialien auf dieser Website sind Eigentum von DPP.\" \/>\n<meta property=\"og:url\" content=\"https:\/\/dienerprecisionpumps.com\/de\/impressum\/\" \/>\n<meta property=\"og:site_name\" content=\"Diener Precision Pumps\" \/>\n<meta property=\"article:modified_time\" content=\"2024-10-18T13:50:24+00:00\" \/>\n<meta property=\"og:image\" content=\"https:\/\/dienerprecisionpumps.com\/wp-content\/uploads\/2025\/07\/social-dpp-pump-mfg.jpg\" \/>\n\t<meta property=\"og:image:width\" content=\"1200\" \/>\n\t<meta property=\"og:image:height\" content=\"675\" \/>\n\t<meta property=\"og:image:type\" content=\"image\/jpeg\" \/>\n<meta name=\"twitter:card\" content=\"summary_large_image\" \/>\n<meta name=\"twitter:label1\" content=\"Gesch\u00e4tzte Lesezeit\" \/>\n\t<meta name=\"twitter:data1\" content=\"3\u00a0Minuten\" \/>\n<!-- \/ Yoast SEO plugin. -->","yoast_head_json":{"title":"Impressum - Diener Precision Pumps","description":"Alle Urheberrechte und sonstigen Rechte an geistigem Eigentum an allen Texten, Bildern und anderen Materialien auf dieser Website sind Eigentum von DPP.","robots":{"index":"index","follow":"follow","max-snippet":"max-snippet:-1","max-image-preview":"max-image-preview:large","max-video-preview":"max-video-preview:-1"},"canonical":"https:\/\/dienerprecisionpumps.com\/de\/impressum\/","og_locale":"de_DE","og_type":"article","og_title":"Impressum - Diener Precision Pumps","og_description":"Alle Urheberrechte und sonstigen Rechte an geistigem Eigentum an allen Texten, Bildern und anderen Materialien auf dieser Website sind Eigentum von DPP.","og_url":"https:\/\/dienerprecisionpumps.com\/de\/impressum\/","og_site_name":"Diener Precision Pumps","article_modified_time":"2024-10-18T13:50:24+00:00","og_image":[{"width":1200,"height":675,"url":"https:\/\/dienerprecisionpumps.com\/wp-content\/uploads\/2025\/07\/social-dpp-pump-mfg.jpg","type":"image\/jpeg"}],"twitter_card":"summary_large_image","twitter_misc":{"Gesch\u00e4tzte Lesezeit":"3\u00a0Minuten"},"schema":{"@context":"https:\/\/schema.org","@graph":[{"@type":"WebPage","@id":"https:\/\/dienerprecisionpumps.com\/de\/impressum\/","url":"https:\/\/dienerprecisionpumps.com\/de\/impressum\/","name":"Impressum - Diener Precision Pumps","isPartOf":{"@id":"https:\/\/dienerprecisionpumps.com\/de\/#website"},"datePublished":"2021-03-17T10:37:12+00:00","dateModified":"2024-10-18T13:50:24+00:00","description":"Alle Urheberrechte und sonstigen Rechte an geistigem Eigentum an allen Texten, Bildern und anderen Materialien auf dieser Website sind Eigentum von DPP.","breadcrumb":{"@id":"https:\/\/dienerprecisionpumps.com\/de\/impressum\/#breadcrumb"},"inLanguage":"de","potentialAction":[{"@type":"ReadAction","target":["https:\/\/dienerprecisionpumps.com\/de\/impressum\/"]}]},{"@type":"BreadcrumbList","@id":"https:\/\/dienerprecisionpumps.com\/de\/impressum\/#breadcrumb","itemListElement":[{"@type":"ListItem","position":1,"name":"Home","item":"https:\/\/dienerprecisionpumps.com\/de\/"},{"@type":"ListItem","position":2,"name":"Impressum"}]},{"@type":"WebSite","@id":"https:\/\/dienerprecisionpumps.com\/de\/#website","url":"https:\/\/dienerprecisionpumps.com\/de\/","name":"Diener Precision Pumps","description":"Engineering your flow","publisher":{"@id":"https:\/\/dienerprecisionpumps.com\/de\/#organization"},"potentialAction":[{"@type":"SearchAction","target":{"@type":"EntryPoint","urlTemplate":"https:\/\/dienerprecisionpumps.com\/de\/?s={search_term_string}"},"query-input":{"@type":"PropertyValueSpecification","valueRequired":true,"valueName":"search_term_string"}}],"inLanguage":"de"},{"@type":"Organization","@id":"https:\/\/dienerprecisionpumps.com\/de\/#organization","name":"Diener Precision Pumps","alternateName":"DPP","url":"https:\/\/dienerprecisionpumps.com\/de\/","logo":{"@type":"ImageObject","inLanguage":"de","@id":"https:\/\/dienerprecisionpumps.com\/de\/#\/schema\/logo\/image\/","url":"https:\/\/dienerprecisionpumps.com\/wp-content\/uploads\/2025\/07\/Diener-Precision-Pumps.svg","contentUrl":"https:\/\/dienerprecisionpumps.com\/wp-content\/uploads\/2025\/07\/Diener-Precision-Pumps.svg","width":179,"height":44,"caption":"Diener Precision Pumps"},"image":{"@id":"https:\/\/dienerprecisionpumps.com\/de\/#\/schema\/logo\/image\/"},"sameAs":["https:\/\/www.linkedin.com\/company\/diener-precision-pumps\/","https:\/\/www.youtube.com\/@DienerPrecisionPumpsOfficial"]}]}},"_links":{"self":[{"href":"https:\/\/dienerprecisionpumps.com\/de\/wp-json\/wp\/v2\/pages\/8156","targetHints":{"allow":["GET"]}}],"collection":[{"href":"https:\/\/dienerprecisionpumps.com\/de\/wp-json\/wp\/v2\/pages"}],"about":[{"href":"https:\/\/dienerprecisionpumps.com\/de\/wp-json\/wp\/v2\/types\/page"}],"author":[{"embeddable":true,"href":"https:\/\/dienerprecisionpumps.com\/de\/wp-json\/wp\/v2\/users\/21"}],"replies":[{"embeddable":true,"href":"https:\/\/dienerprecisionpumps.com\/de\/wp-json\/wp\/v2\/comments?post=8156"}],"version-history":[{"count":0,"href":"https:\/\/dienerprecisionpumps.com\/de\/wp-json\/wp\/v2\/pages\/8156\/revisions"}],"wp:attachment":[{"href":"https:\/\/dienerprecisionpumps.com\/de\/wp-json\/wp\/v2\/media?parent=8156"}],"curies":[{"name":"wp","href":"https:\/\/api.w.org\/{rel}","templated":true}]}}