{"id":8141,"date":"2021-03-17T11:45:23","date_gmt":"2021-03-17T10:45:23","guid":{"rendered":"https:\/\/dienerprecisionpumps.com\/website-terms-conditions-of-use\/"},"modified":"2022-01-07T17:06:01","modified_gmt":"2022-01-07T16:06:01","slug":"nutzungsbedingungen-der-website","status":"publish","type":"page","link":"https:\/\/dienerprecisionpumps.com\/de\/nutzungsbedingungen-der-website\/","title":{"rendered":"Nutzungsbedingungen der Website"},"content":{"rendered":"<h2>Nutzungsbedingungen der Website<\/h2>\n<p>Bitte lesen Sie unsere Nutzungsbedingungen, bevor Sie die Informationen auf der Diener Precision Pumps-Website nutzen. Diese Vereinbarung regelt die Bedingungen, unter denen Sie auf unsere Website zugreifen und unsere Online-Pr\u00e4senz nutzen k\u00f6nnen. Wenn Sie unsere Website nutzen, stimmen Sie der Verbindlichkeit der Bestimmungen dieser Vereinbarung zu.<\/p>\n<h3>Urheberrechte<\/h3>\n<p>Der gesamte Inhalt der Diener Precision Pumps-Website unterliegt dem Urheber- und Markenrecht. Sie d\u00fcrfen Material von der Website herunterladen oder drucken, ausschlie\u00dflich f\u00fcr Sie selbst oder f\u00fcr die Verwendung durch Ihr Unternehmen, sofern Sie den Inhalt nicht \u00e4ndern oder Informationen in Bezug auf Urheberrecht oder Eigentum l\u00f6schen.<br \/>\nkeine Garantie<\/p>\n<p>Diener Precision Pumps unternimmt angemessene Anstrengungen, um die Zuverl\u00e4ssigkeit der auf der Website pr\u00e4sentierten Informationen zu gew\u00e4hrleisten, \u00fcbernimmt jedoch keinerlei Gew\u00e4hrleistungen oder Zusicherungen in Bezug auf deren Richtigkeit oder Zuverl\u00e4ssigkeit.<\/p>\n<h3>Haftungsbeschr\u00e4nkung<\/h3>\n<p>Diener Precision Pumps beauftragt die Dienste eines hochwertigen Hosting-Dienstes und eines Webmasters. Das Unternehmen lehnt jedoch ohne Einschr\u00e4nkung jegliche Haftung f\u00fcr Verluste oder Sch\u00e4den jeglicher Art ab, einschlie\u00dflich direkter, indirekter oder Folgesch\u00e4den, die durch die Nutzung von entstehen k\u00f6nnen oder Zugriff auf die Website oder Links zu Websites Dritter. Diese Klausel erstreckt sich auch auf Verluste und Sch\u00e4den, die durch Viren entstehen.<\/p>\n<h3>Links zu Websites Dritter<\/h3>\n<p>Diese Website enth\u00e4lt m\u00f6glicherweise Links zu anderen Websites. Diener Precision Pumps hat nicht alle von dieser Website verlinkten Seiten vollst\u00e4ndig \u00fcberpr\u00fcft und kann nicht f\u00fcr deren Inhalt haftbar gemacht werden. Benutzer verlinken auf eigenes Risiko auf andere Websites und verwenden diese Websites gem\u00e4\u00df den individuellen Nutzungsbedingungen dieser Websites. Die Bereitstellung von Links zu Websites Dritter sollte nicht als Empfehlung von Diener Precision Pumps angesehen werden.<\/p>\n<h3>Inhalt aktualisieren<\/h3>\n<p>Diener Precision Pumps beh\u00e4lt sich das Recht vor, jederzeit ohne vorherige Ank\u00fcndigung Verbesserungen und \/ oder \u00c4nderungen an den auf dieser Website enthaltenen Dokumenten und \/ oder anderen Materialien vorzunehmen.<\/p>\n<h3>Geltendes Recht und Gerichtsstand<\/h3>\n<p>Vorbehaltlich der hierin festgelegten Bedingungen unterliegt jede Nutzung der Website und alle damit verbundenen Rechtsstreitigkeiten ausschlie\u00dflich schweizerischem Recht. Ausschlie\u00dflicher Gerichtsstand ist die Schweiz.<\/p>\n<h3>Datenschutz f\u00fcr Social Plugins<\/h3>\n<p>Unsere Website verwendet soziale Plugins (\u201ePlugins\u201c), die vom sozialen Netzwerk facebook.com bereitgestellt werden und von Facebook Inc., 1601 S. California Avenue, Palo Alto, CA 94304, USA (\u201eFacebook\u201c) betrieben werden. Die Plugins sind an einem Facebook-Logo (wei\u00dfer Buchstabe f auf blauem Hintergrund oder einem Daumen hoch-Symbol) oder dem Hinweis \u201eFacebook Social Plugin\u201c zu erkennen. Eine vollst\u00e4ndige Liste aller sozialen Plugins finden Sie unter developer.facebook.com\/plugins.<\/p>\n<p>Wenn Sie eine Seite unserer Website besuchen, die ein soziales Plugin enth\u00e4lt, stellt Ihr Browser eine direkte Verbindung zu Facebook-Servern her. Facebook \u00fcbertr\u00e4gt den Plugin-Inhalt direkt an Ihren Browser, der diesen in die Website einbettet, sodass Facebook Informationen dar\u00fcber erhalten kann, dass Sie auf die entsprechende Seite unserer Website zugegriffen haben. Somit haben wir keinen Einfluss auf die vom Plugin gesammelten Daten und informieren Sie nach unserem Kenntnisstand:<\/p>\n<p>Die eingebetteten Plugins liefern Facebook die Information, dass Sie auf die entsprechende Seite unserer Website zugegriffen haben. Wenn Sie bei Facebook angemeldet sind, kann Ihr Besuch Ihrem Facebook-Konto zugewiesen werden. Wenn Sie mit den Plugins interagieren, indem Sie beispielsweise auf \u201eGef\u00e4llt mir\u201c klicken oder einen Kommentar eingeben, werden die entsprechenden Informationen von Ihrem Browser direkt an Facebook \u00fcbertragen und von diesem gespeichert. Auch wenn Sie nicht bei Facebook angemeldet sind, besteht die M\u00f6glichkeit, dass die Plugins Ihre IP-Adresse an Facebook \u00fcbermitteln.<\/p>\n<p>Informationen zu Zweck und Umfang der Datenerfassung und -verarbeitung durch Facebook sowie zu Ihren diesbez\u00fcglichen Rechten und Einstellungsoptionen zum Schutz Ihrer Privatsph\u00e4re finden Sie in den Datenschutzbestimmungen von Facebook: www.facebook.com\/policy.php.<\/p>\n<p>Wenn Sie ein Facebook-Mitglied sind und nicht m\u00f6chten, dass Facebook die Daten zu Ihrem Besuch auf unserer Website mit Ihren bereits von Facebook gespeicherten Mitgliedsdaten verkn\u00fcpft, melden Sie sich bitte bei Facebook ab, bevor Sie unsere Website betreten. Au\u00dferdem k\u00f6nnen Sie soziale Facebook-Plugins blockieren, indem Sie Add-Ons f\u00fcr Ihren Browser verwenden, z. B. den \u201eFacebook-Blocker\u201c.<\/p>\n","protected":false},"excerpt":{"rendered":"<p>Nutzungsbedingungen der Website Bitte lesen Sie unsere Nutzungsbedingungen, bevor Sie die Informationen auf der Diener Precision Pumps-Website nutzen. Diese Vereinbarung regelt die Bedingungen, unter denen Sie auf unsere Website zugreifen und unsere Online-Pr\u00e4senz nutzen k\u00f6nnen. Wenn Sie unsere Website nutzen, stimmen Sie der Verbindlichkeit der Bestimmungen dieser Vereinbarung zu. Urheberrechte Der gesamte Inhalt der Diener [&hellip;]<\/p>\n","protected":false},"author":21,"featured_media":0,"parent":0,"menu_order":0,"comment_status":"closed","ping_status":"closed","template":"","meta":{"_acf_changed":false,"inline_featured_image":false,"footnotes":""},"class_list":["post-8141","page","type-page","status-publish","hentry"],"acf":[],"yoast_head":"<!-- This site is optimized with the Yoast SEO plugin v27.5 - https:\/\/yoast.com\/product\/yoast-seo-wordpress\/ -->\n<title>Nutzungsbedingungen der Website - Diener Precision Pumps<\/title>\n<meta name=\"description\" content=\"Bitte lesen Sie unsere Nutzungsbedingungen, bevor Sie die Informationen auf der Diener Precision Pumps-Website nutzen.\" \/>\n<meta name=\"robots\" content=\"index, follow, max-snippet:-1, max-image-preview:large, max-video-preview:-1\" \/>\n<link rel=\"canonical\" href=\"https:\/\/dienerprecisionpumps.com\/de\/nutzungsbedingungen-der-website\/\" \/>\n<meta property=\"og:locale\" content=\"de_DE\" \/>\n<meta property=\"og:type\" content=\"article\" \/>\n<meta property=\"og:title\" content=\"Nutzungsbedingungen der Website - Diener Precision Pumps\" \/>\n<meta property=\"og:description\" content=\"Bitte lesen Sie unsere Nutzungsbedingungen, bevor Sie die Informationen auf der Diener Precision Pumps-Website nutzen.\" \/>\n<meta property=\"og:url\" content=\"https:\/\/dienerprecisionpumps.com\/de\/nutzungsbedingungen-der-website\/\" \/>\n<meta property=\"og:site_name\" content=\"Diener Precision Pumps\" \/>\n<meta property=\"article:modified_time\" content=\"2022-01-07T16:06:01+00:00\" \/>\n<meta property=\"og:image\" content=\"https:\/\/dienerprecisionpumps.com\/wp-content\/uploads\/2025\/07\/social-dpp-pump-mfg.jpg\" \/>\n\t<meta property=\"og:image:width\" content=\"1200\" \/>\n\t<meta property=\"og:image:height\" content=\"675\" \/>\n\t<meta property=\"og:image:type\" content=\"image\/jpeg\" \/>\n<meta name=\"twitter:card\" content=\"summary_large_image\" \/>\n<meta name=\"twitter:label1\" content=\"Gesch\u00e4tzte Lesezeit\" \/>\n\t<meta name=\"twitter:data1\" content=\"3\u00a0Minuten\" \/>\n<!-- \/ Yoast SEO plugin. -->","yoast_head_json":{"title":"Nutzungsbedingungen der Website - Diener Precision Pumps","description":"Bitte lesen Sie unsere Nutzungsbedingungen, bevor Sie die Informationen auf der Diener Precision Pumps-Website nutzen.","robots":{"index":"index","follow":"follow","max-snippet":"max-snippet:-1","max-image-preview":"max-image-preview:large","max-video-preview":"max-video-preview:-1"},"canonical":"https:\/\/dienerprecisionpumps.com\/de\/nutzungsbedingungen-der-website\/","og_locale":"de_DE","og_type":"article","og_title":"Nutzungsbedingungen der Website - Diener Precision Pumps","og_description":"Bitte lesen Sie unsere Nutzungsbedingungen, bevor Sie die Informationen auf der Diener Precision Pumps-Website nutzen.","og_url":"https:\/\/dienerprecisionpumps.com\/de\/nutzungsbedingungen-der-website\/","og_site_name":"Diener Precision Pumps","article_modified_time":"2022-01-07T16:06:01+00:00","og_image":[{"width":1200,"height":675,"url":"https:\/\/dienerprecisionpumps.com\/wp-content\/uploads\/2025\/07\/social-dpp-pump-mfg.jpg","type":"image\/jpeg"}],"twitter_card":"summary_large_image","twitter_misc":{"Gesch\u00e4tzte Lesezeit":"3\u00a0Minuten"},"schema":{"@context":"https:\/\/schema.org","@graph":[{"@type":"WebPage","@id":"https:\/\/dienerprecisionpumps.com\/de\/nutzungsbedingungen-der-website\/","url":"https:\/\/dienerprecisionpumps.com\/de\/nutzungsbedingungen-der-website\/","name":"Nutzungsbedingungen der Website - Diener Precision Pumps","isPartOf":{"@id":"https:\/\/dienerprecisionpumps.com\/de\/#website"},"datePublished":"2021-03-17T10:45:23+00:00","dateModified":"2022-01-07T16:06:01+00:00","description":"Bitte lesen Sie unsere Nutzungsbedingungen, bevor Sie die Informationen auf der Diener Precision Pumps-Website nutzen.","breadcrumb":{"@id":"https:\/\/dienerprecisionpumps.com\/de\/nutzungsbedingungen-der-website\/#breadcrumb"},"inLanguage":"de","potentialAction":[{"@type":"ReadAction","target":["https:\/\/dienerprecisionpumps.com\/de\/nutzungsbedingungen-der-website\/"]}]},{"@type":"BreadcrumbList","@id":"https:\/\/dienerprecisionpumps.com\/de\/nutzungsbedingungen-der-website\/#breadcrumb","itemListElement":[{"@type":"ListItem","position":1,"name":"Home","item":"https:\/\/dienerprecisionpumps.com\/de\/"},{"@type":"ListItem","position":2,"name":"Nutzungsbedingungen der Website"}]},{"@type":"WebSite","@id":"https:\/\/dienerprecisionpumps.com\/de\/#website","url":"https:\/\/dienerprecisionpumps.com\/de\/","name":"Diener Precision Pumps","description":"Engineering your flow","publisher":{"@id":"https:\/\/dienerprecisionpumps.com\/de\/#organization"},"potentialAction":[{"@type":"SearchAction","target":{"@type":"EntryPoint","urlTemplate":"https:\/\/dienerprecisionpumps.com\/de\/?s={search_term_string}"},"query-input":{"@type":"PropertyValueSpecification","valueRequired":true,"valueName":"search_term_string"}}],"inLanguage":"de"},{"@type":"Organization","@id":"https:\/\/dienerprecisionpumps.com\/de\/#organization","name":"Diener Precision Pumps","alternateName":"DPP","url":"https:\/\/dienerprecisionpumps.com\/de\/","logo":{"@type":"ImageObject","inLanguage":"de","@id":"https:\/\/dienerprecisionpumps.com\/de\/#\/schema\/logo\/image\/","url":"https:\/\/dienerprecisionpumps.com\/wp-content\/uploads\/2025\/07\/Diener-Precision-Pumps.svg","contentUrl":"https:\/\/dienerprecisionpumps.com\/wp-content\/uploads\/2025\/07\/Diener-Precision-Pumps.svg","width":179,"height":44,"caption":"Diener Precision Pumps"},"image":{"@id":"https:\/\/dienerprecisionpumps.com\/de\/#\/schema\/logo\/image\/"},"sameAs":["https:\/\/www.linkedin.com\/company\/diener-precision-pumps\/","https:\/\/www.youtube.com\/@DienerPrecisionPumpsOfficial"]}]}},"_links":{"self":[{"href":"https:\/\/dienerprecisionpumps.com\/de\/wp-json\/wp\/v2\/pages\/8141","targetHints":{"allow":["GET"]}}],"collection":[{"href":"https:\/\/dienerprecisionpumps.com\/de\/wp-json\/wp\/v2\/pages"}],"about":[{"href":"https:\/\/dienerprecisionpumps.com\/de\/wp-json\/wp\/v2\/types\/page"}],"author":[{"embeddable":true,"href":"https:\/\/dienerprecisionpumps.com\/de\/wp-json\/wp\/v2\/users\/21"}],"replies":[{"embeddable":true,"href":"https:\/\/dienerprecisionpumps.com\/de\/wp-json\/wp\/v2\/comments?post=8141"}],"version-history":[{"count":0,"href":"https:\/\/dienerprecisionpumps.com\/de\/wp-json\/wp\/v2\/pages\/8141\/revisions"}],"wp:attachment":[{"href":"https:\/\/dienerprecisionpumps.com\/de\/wp-json\/wp\/v2\/media?parent=8141"}],"curies":[{"name":"wp","href":"https:\/\/api.w.org\/{rel}","templated":true}]}}