{"id":6580,"date":"2020-11-23T16:09:31","date_gmt":"2020-11-23T15:09:31","guid":{"rendered":"https:\/\/dienerprecisionpumps.com\/company\/"},"modified":"2023-12-15T09:59:37","modified_gmt":"2023-12-15T08:59:37","slug":"unternehmen","status":"publish","type":"page","link":"https:\/\/dienerprecisionpumps.com\/de\/unternehmen\/","title":{"rendered":"Unternehmen"},"content":{"rendered":"\n<h4 class=\"wp-block-heading\">Kalifornisches High-Tech-Engineering trifft auf Schweizer Pr\u00e4zisionsbearbeitung<\/h4>\n\n\n\n<p>Diener Precision Pumps (DPP) stellt seit mehr als 25 Jahren Dosier- und Zahnradpumpen her. Was unsere Produkte so einzigartig macht, l\u00e4sst sich mit einem Wort zusammenfassen: Qualit\u00e4t.<\/p>\n\n\n\n<p>Bei DPP trifft fortschrittliche Ingenieurskompetenz aus dem kalifornischen High-Tech-Zentrum auf weltbekannte Pr\u00e4zisionsfertigung aus der Schweiz.<\/p>\n\n\n\n<p>Bei uns arbeiten Experten f\u00fcr Experten, und Ingenieure arbeiten f\u00fcr Ingenieure. Es versteht sich von selbst, dass unsere einzigartige Qualit\u00e4t durch eine 360-Grad-Servicepolitik unterst\u00fctzt wird.<\/p>\n\n\n\n<figure class=\"wp-block-embed is-type-video is-provider-vimeo wp-block-embed-vimeo wp-embed-aspect-16-9 wp-has-aspect-ratio\"><div class=\"wp-block-embed__wrapper\">\n<iframe loading=\"lazy\" title=\"DPP IVD (de subtitles)\" src=\"https:\/\/player.vimeo.com\/video\/734330000?dnt=1&amp;app_id=122963\" width=\"800\" height=\"450\" frameborder=\"0\" allow=\"autoplay; fullscreen; picture-in-picture\"><\/iframe>\n<\/div><\/figure>\n\n\n\n<h2 class=\"wp-block-heading\">Kundenorientiertes Design und Service<\/h2>\n\n\n\n<p>Jedes einzelne Produkt wird exakt nach den Vorgaben des Kunden entwickelt und vom Prototyp bis zur Fertigstellung von unseren Mitarbeitern betreut.<\/p>\n\n\n\n<p>Unsere Kunden belohnen uns f\u00fcr diesen Ansatz mit au\u00dfergew\u00f6hnlicher Loyalit\u00e4t und langj\u00e4hrigen Beziehungen.<\/p>\n\n\n\n<p>Nachgewiesene Kundenzufriedenheit:<\/p>\n\n\n\n<ul class=\"wp-block-list\">\n<li>Mehr als 2,5 Millionen verkaufte Pumpen seit Firmengr\u00fcndung<\/li>\n\n\n\n<li>R\u00fccklaufquote: weit unter 0,1 Prozent<\/li>\n\n\n\n<li>Hohe Kundentreue: 90 % unserer Kunden kaufen seit mehr als 15 Jahren bei uns ein<\/li>\n<\/ul>\n\n\n\n<p>Die Anforderungen an Pr\u00e4zisionspumpen sind extrem hoch. Wie das Herz f\u00fcr den Menschen, sorgen sie daf\u00fcr, dass komplexe Maschinen einwandfrei laufen. Deshalb sind wir immer auf der Suche nach der perfekten L\u00f6sung f\u00fcr Sie.<\/p>\n\n\n\n<p>Damit das gelingt, m\u00fcssen einige Leistungen Hand in Hand gehen. Der erste Schritt: Wir kennen die Branchen unserer Kunden und wir h\u00f6ren zu. So k\u00f6nnen wir gemeinsam mit Ihnen pr\u00e4zise L\u00f6sungen f\u00fcr Ihre speziellen Probleme entwickeln.<\/p>\n\n\n\n<p>Um dies zu realisieren, ist Engineering-Kompetenz gefragt: Unsere erfahrenen Mitarbeiter im Hightech-Zentrum Kalifornien wissen genau, wie sie unsere Pumpenl\u00f6sungen an Ihre Erwartungen anpassen k\u00f6nnen.<\/p>\n\n\n\n<p>Und damit die Pumpen im t\u00e4glichen Betrieb einwandfrei funktionieren, sorgt unser Werk in der Schweiz mit der landes\u00fcblichen Pr\u00e4zision daf\u00fcr, dass die Vorgaben auf den Punkt genau umgesetzt werden. So wird beispielsweise der von Ihnen getestete Prototyp ohne Abweichungen zum Erstmuster in Serie produziert &#8211; auch bei extrem hohen St\u00fcckzahlen.<\/p>\n\n\n\n<p>Pr\u00e4zision bedeutet f\u00fcr uns: gleichbleibende Leistung, exakt nach den Vorgaben des Kunden, immer wieder aufs Neue.<\/p>\n\n\n\n<h3 class=\"wp-block-heading\">F\u00fchrung<\/h3>\n\n\n\n<div class=\"wp-block-columns is-layout-flex wp-container-core-columns-is-layout-9d6595d7 wp-block-columns-is-layout-flex\">\n<div class=\"wp-block-column is-layout-flow wp-block-column-is-layout-flow\">\n<figure class=\"wp-block-image size-large\"><img loading=\"lazy\" decoding=\"async\" width=\"800\" height=\"800\" src=\"https:\/\/dienerprecisionpumps.com\/wp-content\/uploads\/2021\/01\/Doug-Robinson-CEO.jpg\" alt=\"Doug Robinson CEO\" class=\"wp-image-2939\" srcset=\"https:\/\/dienerprecisionpumps.com\/wp-content\/uploads\/2021\/01\/Doug-Robinson-CEO.jpg 800w, https:\/\/dienerprecisionpumps.com\/wp-content\/uploads\/2021\/01\/Doug-Robinson-CEO-300x300.jpg 300w, https:\/\/dienerprecisionpumps.com\/wp-content\/uploads\/2021\/01\/Doug-Robinson-CEO-150x150.jpg 150w, https:\/\/dienerprecisionpumps.com\/wp-content\/uploads\/2021\/01\/Doug-Robinson-CEO-768x768.jpg 768w, https:\/\/dienerprecisionpumps.com\/wp-content\/uploads\/2021\/01\/Doug-Robinson-CEO-600x600.jpg 600w, https:\/\/dienerprecisionpumps.com\/wp-content\/uploads\/2021\/01\/Doug-Robinson-CEO-400x400.jpg 400w\" sizes=\"auto, (max-width: 800px) 100vw, 800px\" \/><figcaption class=\"wp-element-caption\">Doug Robinson, CEO<\/figcaption><\/figure>\n<\/div>\n\n\n\n<div class=\"wp-block-column is-layout-flow wp-block-column-is-layout-flow\">\n<figure class=\"wp-block-image size-large\"><img loading=\"lazy\" decoding=\"async\" width=\"800\" height=\"800\" src=\"https:\/\/dienerprecisionpumps.com\/wp-content\/uploads\/2021\/03\/rolf-diener-800-800.jpg\" alt=\"Rolf Diener, Vorsitzender Diener Precision Pumps\" class=\"wp-image-6771\" srcset=\"https:\/\/dienerprecisionpumps.com\/wp-content\/uploads\/2021\/03\/rolf-diener-800-800.jpg 800w, https:\/\/dienerprecisionpumps.com\/wp-content\/uploads\/2021\/03\/rolf-diener-800-800-300x300.jpg 300w, https:\/\/dienerprecisionpumps.com\/wp-content\/uploads\/2021\/03\/rolf-diener-800-800-150x150.jpg 150w, https:\/\/dienerprecisionpumps.com\/wp-content\/uploads\/2021\/03\/rolf-diener-800-800-768x768.jpg 768w, https:\/\/dienerprecisionpumps.com\/wp-content\/uploads\/2021\/03\/rolf-diener-800-800-600x600.jpg 600w, https:\/\/dienerprecisionpumps.com\/wp-content\/uploads\/2021\/03\/rolf-diener-800-800-400x400.jpg 400w\" sizes=\"auto, (max-width: 800px) 100vw, 800px\" \/><figcaption class=\"wp-element-caption\">Rolf Diener, Vorsitzender Diener Precision Pumps<\/figcaption><\/figure>\n<\/div>\n<\/div>\n","protected":false},"excerpt":{"rendered":"<p>Kalifornisches High-Tech-Engineering trifft auf Schweizer Pr\u00e4zisionsbearbeitung Diener Precision Pumps (DPP) stellt seit mehr als 25 Jahren Dosier- und Zahnradpumpen her. Was unsere Produkte so einzigartig macht, l\u00e4sst sich mit einem Wort zusammenfassen: Qualit\u00e4t. Bei DPP trifft fortschrittliche Ingenieurskompetenz aus dem kalifornischen High-Tech-Zentrum auf weltbekannte Pr\u00e4zisionsfertigung aus der Schweiz. Bei uns arbeiten Experten f\u00fcr Experten, und [&hellip;]<\/p>\n","protected":false},"author":21,"featured_media":0,"parent":0,"menu_order":0,"comment_status":"closed","ping_status":"closed","template":"","meta":{"_acf_changed":false,"inline_featured_image":false,"footnotes":""},"class_list":["post-6580","page","type-page","status-publish","hentry"],"acf":[],"yoast_head":"<!-- This site is optimized with the Yoast SEO plugin v27.4 - https:\/\/yoast.com\/product\/yoast-seo-wordpress\/ -->\n<title>\u00dcber Diener Pr\u00e4zisionspumpen | DPP<\/title>\n<meta name=\"description\" content=\"Weltweit f\u00fchrend in der Entwicklung, Herstellung und Lieferung von Pr\u00e4zisionspumpen. Die Pumpen werden in der Medizin, Chemie und Nahrungsmittelindustrie eingesetzt.\" \/>\n<meta name=\"robots\" content=\"index, follow, max-snippet:-1, max-image-preview:large, max-video-preview:-1\" \/>\n<link rel=\"canonical\" href=\"https:\/\/dienerprecisionpumps.com\/de\/unternehmen\/\" \/>\n<meta property=\"og:locale\" content=\"de_DE\" \/>\n<meta property=\"og:type\" content=\"article\" \/>\n<meta property=\"og:title\" content=\"\u00dcber Diener Pr\u00e4zisionspumpen | DPP\" \/>\n<meta property=\"og:description\" content=\"Weltweit f\u00fchrend in der Entwicklung, Herstellung und Lieferung von Pr\u00e4zisionspumpen. Die Pumpen werden in der Medizin, Chemie und Nahrungsmittelindustrie eingesetzt.\" \/>\n<meta property=\"og:url\" content=\"https:\/\/dienerprecisionpumps.com\/de\/unternehmen\/\" \/>\n<meta property=\"og:site_name\" content=\"Diener Precision Pumps\" \/>\n<meta property=\"article:modified_time\" content=\"2023-12-15T08:59:37+00:00\" \/>\n<meta property=\"og:image\" content=\"https:\/\/dpp.darwinstaging.com\/wp-content\/uploads\/2021\/01\/Doug-Robinson-CEO.jpg\" \/>\n<meta name=\"twitter:card\" content=\"summary_large_image\" \/>\n<meta name=\"twitter:label1\" content=\"Gesch\u00e4tzte Lesezeit\" \/>\n\t<meta name=\"twitter:data1\" content=\"2\u00a0Minuten\" \/>\n<!-- \/ Yoast SEO plugin. -->","yoast_head_json":{"title":"\u00dcber Diener Pr\u00e4zisionspumpen | DPP","description":"Weltweit f\u00fchrend in der Entwicklung, Herstellung und Lieferung von Pr\u00e4zisionspumpen. Die Pumpen werden in der Medizin, Chemie und Nahrungsmittelindustrie eingesetzt.","robots":{"index":"index","follow":"follow","max-snippet":"max-snippet:-1","max-image-preview":"max-image-preview:large","max-video-preview":"max-video-preview:-1"},"canonical":"https:\/\/dienerprecisionpumps.com\/de\/unternehmen\/","og_locale":"de_DE","og_type":"article","og_title":"\u00dcber Diener Pr\u00e4zisionspumpen | DPP","og_description":"Weltweit f\u00fchrend in der Entwicklung, Herstellung und Lieferung von Pr\u00e4zisionspumpen. Die Pumpen werden in der Medizin, Chemie und Nahrungsmittelindustrie eingesetzt.","og_url":"https:\/\/dienerprecisionpumps.com\/de\/unternehmen\/","og_site_name":"Diener Precision Pumps","article_modified_time":"2023-12-15T08:59:37+00:00","og_image":[{"url":"https:\/\/dpp.darwinstaging.com\/wp-content\/uploads\/2021\/01\/Doug-Robinson-CEO.jpg","type":"","width":"","height":""}],"twitter_card":"summary_large_image","twitter_misc":{"Gesch\u00e4tzte Lesezeit":"2\u00a0Minuten"},"schema":{"@context":"https:\/\/schema.org","@graph":[{"@type":"WebPage","@id":"https:\/\/dienerprecisionpumps.com\/de\/unternehmen\/","url":"https:\/\/dienerprecisionpumps.com\/de\/unternehmen\/","name":"\u00dcber Diener Pr\u00e4zisionspumpen | DPP","isPartOf":{"@id":"https:\/\/dienerprecisionpumps.com\/de\/#website"},"primaryImageOfPage":{"@id":"https:\/\/dienerprecisionpumps.com\/de\/unternehmen\/#primaryimage"},"image":{"@id":"https:\/\/dienerprecisionpumps.com\/de\/unternehmen\/#primaryimage"},"thumbnailUrl":"https:\/\/dienerprecisionpumps.com\/wp-content\/uploads\/2021\/01\/Doug-Robinson-CEO.jpg","datePublished":"2020-11-23T15:09:31+00:00","dateModified":"2023-12-15T08:59:37+00:00","description":"Weltweit f\u00fchrend in der Entwicklung, Herstellung und Lieferung von Pr\u00e4zisionspumpen. Die Pumpen werden in der Medizin, Chemie und Nahrungsmittelindustrie eingesetzt.","breadcrumb":{"@id":"https:\/\/dienerprecisionpumps.com\/de\/unternehmen\/#breadcrumb"},"inLanguage":"de","potentialAction":[{"@type":"ReadAction","target":["https:\/\/dienerprecisionpumps.com\/de\/unternehmen\/"]}]},{"@type":"ImageObject","inLanguage":"de","@id":"https:\/\/dienerprecisionpumps.com\/de\/unternehmen\/#primaryimage","url":"https:\/\/dienerprecisionpumps.com\/wp-content\/uploads\/2021\/01\/Doug-Robinson-CEO.jpg","contentUrl":"https:\/\/dienerprecisionpumps.com\/wp-content\/uploads\/2021\/01\/Doug-Robinson-CEO.jpg"},{"@type":"BreadcrumbList","@id":"https:\/\/dienerprecisionpumps.com\/de\/unternehmen\/#breadcrumb","itemListElement":[{"@type":"ListItem","position":1,"name":"Home","item":"https:\/\/dienerprecisionpumps.com\/de\/"},{"@type":"ListItem","position":2,"name":"Unternehmen"}]},{"@type":"WebSite","@id":"https:\/\/dienerprecisionpumps.com\/de\/#website","url":"https:\/\/dienerprecisionpumps.com\/de\/","name":"Diener Precision Pumps","description":"Engineering your flow","publisher":{"@id":"https:\/\/dienerprecisionpumps.com\/de\/#organization"},"potentialAction":[{"@type":"SearchAction","target":{"@type":"EntryPoint","urlTemplate":"https:\/\/dienerprecisionpumps.com\/de\/?s={search_term_string}"},"query-input":{"@type":"PropertyValueSpecification","valueRequired":true,"valueName":"search_term_string"}}],"inLanguage":"de"},{"@type":"Organization","@id":"https:\/\/dienerprecisionpumps.com\/de\/#organization","name":"Diener Precision Pumps","alternateName":"DPP","url":"https:\/\/dienerprecisionpumps.com\/de\/","logo":{"@type":"ImageObject","inLanguage":"de","@id":"https:\/\/dienerprecisionpumps.com\/de\/#\/schema\/logo\/image\/","url":"https:\/\/dienerprecisionpumps.com\/wp-content\/uploads\/2025\/07\/Diener-Precision-Pumps.svg","contentUrl":"https:\/\/dienerprecisionpumps.com\/wp-content\/uploads\/2025\/07\/Diener-Precision-Pumps.svg","width":179,"height":44,"caption":"Diener Precision Pumps"},"image":{"@id":"https:\/\/dienerprecisionpumps.com\/de\/#\/schema\/logo\/image\/"},"sameAs":["https:\/\/www.linkedin.com\/company\/diener-precision-pumps\/","https:\/\/www.youtube.com\/@DienerPrecisionPumpsOfficial"]}]}},"_links":{"self":[{"href":"https:\/\/dienerprecisionpumps.com\/de\/wp-json\/wp\/v2\/pages\/6580","targetHints":{"allow":["GET"]}}],"collection":[{"href":"https:\/\/dienerprecisionpumps.com\/de\/wp-json\/wp\/v2\/pages"}],"about":[{"href":"https:\/\/dienerprecisionpumps.com\/de\/wp-json\/wp\/v2\/types\/page"}],"author":[{"embeddable":true,"href":"https:\/\/dienerprecisionpumps.com\/de\/wp-json\/wp\/v2\/users\/21"}],"replies":[{"embeddable":true,"href":"https:\/\/dienerprecisionpumps.com\/de\/wp-json\/wp\/v2\/comments?post=6580"}],"version-history":[{"count":0,"href":"https:\/\/dienerprecisionpumps.com\/de\/wp-json\/wp\/v2\/pages\/6580\/revisions"}],"wp:attachment":[{"href":"https:\/\/dienerprecisionpumps.com\/de\/wp-json\/wp\/v2\/media?parent=6580"}],"curies":[{"name":"wp","href":"https:\/\/api.w.org\/{rel}","templated":true}]}}