{"id":6376,"date":"2020-11-23T16:09:40","date_gmt":"2020-11-23T15:09:40","guid":{"rendered":"https:\/\/dienerprecisionpumps.com\/history\/"},"modified":"2026-03-18T08:06:41","modified_gmt":"2026-03-18T07:06:41","slug":"geschichte-von-diener-prazisionspumpen","status":"publish","type":"page","link":"https:\/\/dienerprecisionpumps.com\/de\/unternehmen\/geschichte-von-diener-prazisionspumpen\/","title":{"rendered":"Die Geschichte von Diener Pr\u00e4zisionspumpen"},"content":{"rendered":"\n<h3 class=\"wp-block-heading\">Mehr als 25 Jahre Erfahrung in der Entwicklung, Konstruktion und Qualit\u00e4tsfertigung von Pr\u00e4zisions-Dosier- und Mikrozahnradpumpen<\/h3>\n\n\n\n<h4 class=\"wp-block-heading\">Zuverl\u00e4ssigkeit und Kontinuit\u00e4t f\u00fcr Ihre strategische Entwicklung seit mehr als 25 Jahren.<\/h4>\n\n\n\n<figure class=\"wp-block-embed is-type-video is-provider-vimeo wp-block-embed-vimeo wp-embed-aspect-16-9 wp-has-aspect-ratio\"><div class=\"wp-block-embed__wrapper\">\n<iframe loading=\"lazy\" title=\"Die Geschichte von Diener Pr\u00e4zisionspumpen\" src=\"https:\/\/player.vimeo.com\/video\/539616345?dnt=1&amp;app_id=122963\" width=\"800\" height=\"450\" frameborder=\"0\" allow=\"autoplay; fullscreen; picture-in-picture; clipboard-write; encrypted-media; web-share\" referrerpolicy=\"strict-origin-when-cross-origin\"><\/iframe>\n<\/div><\/figure>\n\n\n<p><\/p>\n\n\n<p><a href=\"https:\/\/dienerprecisionpumps.com\/de\/\" target=\"_blank\">Diener Precision Pumps<\/a> wurde buchst\u00e4blich mit dem Fokus auf Qualit\u00e4tsarbeit geboren: Vor mehr als 60 Jahren gr\u00fcndete Rolf Dieners Vater, Oskar Diener, die Diener AG &#8211; mit nur einer Drehbank und einer Handbohrmaschine. Durch pr\u00e4zise, mechanisch einwandfreie und termingerechte Arbeit wurde sein Unternehmen schlie\u00dflich zu einem der erfolgreichsten Anbieter im Bereich der Feinwerktechnik. Nur das Beste ist gut genug &#8211; das ist der Leitsatz, den die Diener AG lebt. Und das gilt in gleichem Ma\u00dfe f\u00fcr DPP &#8211; das Unternehmen, das vor mehr als 20 Jahren aus der Diener AG ausgegliedert wurde.<\/p>\n\n\n\n<p>Diener Precision Pumps teilt mit der Muttergesellschaft die Leidenschaft f\u00fcr Pr\u00e4zision und Kundenorientierung. Um ma\u00dfgeschneiderte L\u00f6sungen f\u00fcr die unterschiedlichsten Fragestellungen der Kunden anbieten zu k\u00f6nnen, kamen traditionelle Handwerkskunst, ein hochmoderner Maschinenpark und zuverl\u00e4ssige Ingenieurskunst zusammen. Diese besondere Kombination ist es, die DPP heute so unverwechselbar macht.<\/p>\n\n\n\n<p>Im Jahr 2019 schloss sich DPP mit <a href=\"https:\/\/acrotec-medtech.com\/\" target=\"_blank\">Acrotec<\/a> zusammen, um die einzigartigen Vorteile ihrer Fertigungssynergien zu nutzen. Acrotec ist eine unabh\u00e4ngige Gruppe, die von Fachleuten der Mikromechanik gegr\u00fcndet wurde. Ihr Hauptziel ist es, der bevorzugte Lieferant zu sein, der eine breite Palette von Fertigungsprozessen f\u00fcr Pr\u00e4zisionskomponenten anbietet. Ihre Strategie ist es, Qualit\u00e4tsprodukte &#8221; Swiss Made &#8221; f\u00fcr die Uhren-, Automobil-, Medizin-, Schmuck- und Luftfahrtindustrie zu liefern. Acrotec unterscheidet sich durch sein umfangreiches Know-how unter einem Dach, in der Pr\u00e4zisionsbearbeitung (CNC-Drehen, Mehrspindel-CNC-Profildrehen, Kurven-Profildrehen, 3- &amp; 5-Achsen-Fr\u00e4sen, Mikro-Profildrehen, Transfer und Bearbeitung von Edelmetallen), durch seine unterst\u00fctzenden Prozesse (Oberfl\u00e4chenbehandlung, Verzahnung, Montage, W\u00e4rmebehandlung, Laserdekoration und -gravur) und durch seine spezifischen Prozesse (UV-Liga-Komponentenherstellung, EDM, Kunststeinbearbeitung, Laminieren, Federformung, Design und Herstellung von Maschinen und Werkzeugen, Silizium-\u00c4tzen durch DRIE-Prozess). Heute hat die Gruppe \u00fcber 1&#8217;200 Mitarbeiter. Erfahren Sie mehr unter <a href=\"https:\/\/acrotec.ch\/en\/\" target=\"_blank\">https:\/\/www.acrotec.ch\/en\/<\/a><\/p>\n\n\n\n<p>Diener Precision Pumps hat mit seiner Muttergesellschaft die Leidenschaft f\u00fcr Pr\u00e4zision und den Fokus auf den Kunden. Um ma\u00dfgeschneiderte L\u00f6sungen f\u00fcr die unterschiedlichsten Kundenprobleme anbieten zu k\u00f6nnen, sind traditionelle Handwerkskunst, modernste Fertigungsanlagen und kreative Ingenieurskunst gefragt. Diese besondere Kombination ist es, die DPP heute so unverwechselbar macht.<\/p>\n\n\n\n<p><\/p>\n\n\n\n<p><a href=\"https:\/\/dienerprecisionpumps.com\/de\/\">Diener Precision Pumps<\/a> \u2013 Geschichte:<\/p>\n\n\n\n<h5><strong>2025:<\/strong> DPP bringt die Produktlinien Exacta und Multi-Stream auf den Markt.<\/h5>\n\n\n\n<p>&#8211; Damit erweitert DPP sein Portfolio an hochpr\u00e4zisen Fluidf\u00f6rderpumpen.<\/p>\n\n\n\n<h5><strong>2019:<\/strong> DPP wird von Acrotec SA \u00fcbernommen.<\/h5>\n\n\n\n<p>Acrotec ist bekannt daf\u00fcr, einzigartige und sich erg\u00e4nzende Kompetenzen im Bereich der Hochpr\u00e4zisionstechnologie zu vereinen.<\/p>\n\n\n\n<h5><strong>1994<\/strong>: Gr\u00fcndungsjahr<\/h5>\n\n\n\n<p>Rolf Diener<br>Im August 1994 gr\u00fcndeten Rolf Diener, Doug Robinson und John Bishop die Firma Diener Precision Pumps (DPP) in der Schweiz.<\/p>\n\n\n\n<h5><strong>1996<\/strong>: Pr\u00e4zision f\u00fcr die Dialyse<\/h5>\n\n\n\n<p>Vor mehr als 20 Jahren konnten wir unsere ersten Kunden aus dem Bereich der Dialysetechnik mit unseren Pr\u00e4zisionsprodukten \u00fcberzeugen.<\/p>\n\n\n\n<h5><strong>1998<\/strong>: Neuer Kunde, neue Branche: Tintenstrahldruck<\/h5>\n\n\n\n<p>Einer der Marktf\u00fchrer im professionellen Tintenstrahldruck setzt seit 1998 auf unsere Pumpen.<\/p>\n\n\n\n<h5><strong>1999<\/strong>: Einstieg in den US-Markt<\/h5>\n\n\n\n<p>Mit der Belieferung des ersten amerikanischen Kunden erschlie\u00dft sich DPP einen \u00e4u\u00dferst wichtigen Markt: die Vereinigten Staaten. Der Kunde ist eines der Top 10 Unternehmen weltweit in der Life-Science-Industrie.<\/p>\n\n\n\n<h5><strong>2000<\/strong>: Neue Produktionsst\u00e4tte<\/h5>\n\n\n\n<p>Nur sechs Jahre nach der Gr\u00fcndung erh\u00e4lt Diener Precision Pumps eine brandneue, hochmoderne Produktionsst\u00e4tte in Embrach, Schweiz. Bis heute werden hier hochpr\u00e4zise Zahnradpumpen und Dosierpumpen produziert.<\/p>\n\n\n\n<h5><strong>2001<\/strong>: Innovationszentrum in Kalifornien<\/h5>\n\n\n\n<p>Seitdem schl\u00e4gt das innovative Herz von Diener Precision Pumps am neu er\u00f6ffneten Standort in Lodi, CA, USA. Gefertigt werden die Produkte nach wie vor in Embrach.<\/p>\n\n\n\n<h5><strong>2005<\/strong>: 1.000.000 verkaufte Pumpen<\/h5>\n\n\n\n<p>Das Jahr 2005 war f\u00fcr DPP ein Rekordjahr, in dem die Marke von einer Million verkaufter Pumpen geknackt wurde.<\/p>\n\n\n\n<h5><strong>2005<\/strong>: Erste ISO-Zertifizierungen<\/h5>\n\n\n\n<p>Seit dem Tag der Gr\u00fcndung steht der Name Diener Precision Pumps f\u00fcr Pr\u00e4zision und h\u00f6chste Produktqualit\u00e4t. Dies wird durch die Zertifizierung nach den medizinischen Standards ISO 9001\/ISO 13485 und die Einrichtung eines Reinraums nach ISO Klasse 7 offiziell best\u00e4tigt.<\/p>\n\n\n\n<h5><strong>2009<\/strong>: Pumpen f\u00fcr Lebensmittel und Getr\u00e4nke<\/h5>\n\n\n\n<p>Dass unsere Pumpen auch f\u00fcr L\u00f6sungen in der Lebensmittel- &amp; Getr\u00e4nkeindustrie hervorragend geeignet sind, haben wir 2009 mit unserem ersten Kunden aus dieser Branche, einem Weltmarktf\u00fchrer f\u00fcr Kaffeeprodukte, gezeigt.<\/p>\n\n\n\n<h5><strong>2011<\/strong>: Einf\u00fchrung in den asiatischen Markt<\/h5>\n\n\n\n<p>Im Jahr 2011 belieferten wir unseren ersten Kunden im attraktiven asiatischen Markt.<\/p>\n\n\n\n<h5><strong>2012<\/strong>: Einf\u00fchrung der Silencer-Serie<\/h5>\n\n\n\n<p>2012 war das Jahr, in dem die Zahnradpumpen der Silencer-Serie erfolgreich auf dem globalen Markt eingef\u00fchrt wurden.<\/p>\n\n\n\n<h5><strong>2014<\/strong>: Doppelseitige Dosierpumpe<\/h5>\n\n\n\n<p>Die doppeltwirkenden Dosierpumpen bereichern seit diesem Jahr die Produktpalette von Diener Precision Pumps.<\/p>\n\n\n\n<h5><strong>2015<\/strong>: 2,5 Millionen verkaufte Pumpen<\/h5>\n\n\n\n<p>DPP setzt seinen erfolgreichen Weg des internationalen Wachstums fort: Im Jahr 2015 \u00fcberschritt die Zahl der ausgelieferten Pumpen die 2,5 Millionen-Marke.<\/p>\n\n\n\n<h5><strong>2015<\/strong>: DPP erh\u00e4lt die NSF-Produktzertifizierung (National Sanitary Foundation)<\/h5>\n\n\n\n<h5><strong>2016<\/strong>: DPP geht nach China<\/h5>\n\n\n\n<p>Ein klarer Beweis f\u00fcr die hohe Qualit\u00e4t von DPP und die F\u00e4higkeit, gro\u00dfartigen Service zu einem guten Preis anzubieten. DPP unterzeichnet einen Rahmenvertrag mit Chinas Dialysemarktf\u00fchrer.<\/p>\n\n\n\n<h5><strong>2017<\/strong>: Silencer-Serie bekommt Verst\u00e4rkung<\/h5>\n\n\n\n<p>Im Jahr 2017 wurde das Portfolio der begehrten &#8220;Silencer-Serie&#8221; um eine 3000 ml\/min und eine 4000 ml\/min Variante erweitert.<\/p>\n\n\n\n<h5><strong>2019<\/strong>: Der wirtschaftliche Light Duty Silencer LD wird eingef\u00fchrt.<\/h5>\n","protected":false},"excerpt":{"rendered":"<p>Mehr als 25 Jahre Erfahrung in der Entwicklung, Konstruktion und Qualit\u00e4tsfertigung von Pr\u00e4zisions-Dosier- und Mikrozahnradpumpen Zuverl\u00e4ssigkeit und Kontinuit\u00e4t f\u00fcr Ihre strategische Entwicklung seit mehr als 25 Jahren. Diener Precision Pumps wurde buchst\u00e4blich mit dem Fokus auf Qualit\u00e4tsarbeit geboren: Vor mehr als 60 Jahren gr\u00fcndete Rolf Dieners Vater, Oskar Diener, die Diener AG &#8211; mit nur [&hellip;]<\/p>\n","protected":false},"author":21,"featured_media":3151,"parent":6580,"menu_order":0,"comment_status":"closed","ping_status":"closed","template":"","meta":{"_acf_changed":false,"inline_featured_image":false,"footnotes":""},"class_list":["post-6376","page","type-page","status-publish","has-post-thumbnail","hentry"],"acf":[],"yoast_head":"<!-- This site is optimized with the Yoast SEO plugin v27.4 - https:\/\/yoast.com\/product\/yoast-seo-wordpress\/ -->\n<title>Die Geschichte von Diener Pr\u00e4zisionspumpen | DPP<\/title>\n<meta name=\"description\" content=\"Diener Precision Pumps wurde buchst\u00e4blich mit dem Fokus auf Qualit\u00e4tsarbeit und h\u00f6chster Kundenzufriedenheit geboren.\" \/>\n<meta name=\"robots\" content=\"index, follow, max-snippet:-1, max-image-preview:large, max-video-preview:-1\" \/>\n<link rel=\"canonical\" href=\"https:\/\/dienerprecisionpumps.com\/de\/unternehmen\/geschichte-von-diener-prazisionspumpen\/\" \/>\n<meta property=\"og:locale\" content=\"de_DE\" \/>\n<meta property=\"og:type\" content=\"article\" \/>\n<meta property=\"og:title\" content=\"Die Geschichte von Diener Pr\u00e4zisionspumpen | DPP\" \/>\n<meta property=\"og:description\" content=\"Diener Precision Pumps wurde buchst\u00e4blich mit dem Fokus auf Qualit\u00e4tsarbeit und h\u00f6chster Kundenzufriedenheit geboren.\" \/>\n<meta property=\"og:url\" content=\"https:\/\/dienerprecisionpumps.com\/de\/unternehmen\/geschichte-von-diener-prazisionspumpen\/\" \/>\n<meta property=\"og:site_name\" content=\"Diener Precision Pumps\" \/>\n<meta property=\"article:modified_time\" content=\"2026-03-18T07:06:41+00:00\" \/>\n<meta property=\"og:image\" content=\"https:\/\/dienerprecisionpumps.com\/wp-content\/uploads\/2021\/02\/DPP-History-Featured-Image.jpg\" \/>\n\t<meta property=\"og:image:width\" content=\"1200\" \/>\n\t<meta property=\"og:image:height\" content=\"800\" \/>\n\t<meta property=\"og:image:type\" content=\"image\/jpeg\" \/>\n<meta name=\"twitter:card\" content=\"summary_large_image\" \/>\n<meta name=\"twitter:label1\" content=\"Gesch\u00e4tzte Lesezeit\" \/>\n\t<meta name=\"twitter:data1\" content=\"4\u00a0Minuten\" \/>\n<!-- \/ Yoast SEO plugin. -->","yoast_head_json":{"title":"Die Geschichte von Diener Pr\u00e4zisionspumpen | DPP","description":"Diener Precision Pumps wurde buchst\u00e4blich mit dem Fokus auf Qualit\u00e4tsarbeit und h\u00f6chster Kundenzufriedenheit geboren.","robots":{"index":"index","follow":"follow","max-snippet":"max-snippet:-1","max-image-preview":"max-image-preview:large","max-video-preview":"max-video-preview:-1"},"canonical":"https:\/\/dienerprecisionpumps.com\/de\/unternehmen\/geschichte-von-diener-prazisionspumpen\/","og_locale":"de_DE","og_type":"article","og_title":"Die Geschichte von Diener Pr\u00e4zisionspumpen | DPP","og_description":"Diener Precision Pumps wurde buchst\u00e4blich mit dem Fokus auf Qualit\u00e4tsarbeit und h\u00f6chster Kundenzufriedenheit geboren.","og_url":"https:\/\/dienerprecisionpumps.com\/de\/unternehmen\/geschichte-von-diener-prazisionspumpen\/","og_site_name":"Diener Precision Pumps","article_modified_time":"2026-03-18T07:06:41+00:00","og_image":[{"width":1200,"height":800,"url":"https:\/\/dienerprecisionpumps.com\/wp-content\/uploads\/2021\/02\/DPP-History-Featured-Image.jpg","type":"image\/jpeg"}],"twitter_card":"summary_large_image","twitter_misc":{"Gesch\u00e4tzte Lesezeit":"4\u00a0Minuten"},"schema":{"@context":"https:\/\/schema.org","@graph":[{"@type":"WebPage","@id":"https:\/\/dienerprecisionpumps.com\/de\/unternehmen\/geschichte-von-diener-prazisionspumpen\/","url":"https:\/\/dienerprecisionpumps.com\/de\/unternehmen\/geschichte-von-diener-prazisionspumpen\/","name":"Die Geschichte von Diener Pr\u00e4zisionspumpen | DPP","isPartOf":{"@id":"https:\/\/dienerprecisionpumps.com\/de\/#website"},"primaryImageOfPage":{"@id":"https:\/\/dienerprecisionpumps.com\/de\/unternehmen\/geschichte-von-diener-prazisionspumpen\/#primaryimage"},"image":{"@id":"https:\/\/dienerprecisionpumps.com\/de\/unternehmen\/geschichte-von-diener-prazisionspumpen\/#primaryimage"},"thumbnailUrl":"https:\/\/dienerprecisionpumps.com\/wp-content\/uploads\/2021\/02\/DPP-History-Featured-Image.jpg","datePublished":"2020-11-23T15:09:40+00:00","dateModified":"2026-03-18T07:06:41+00:00","description":"Diener Precision Pumps wurde buchst\u00e4blich mit dem Fokus auf Qualit\u00e4tsarbeit und h\u00f6chster Kundenzufriedenheit geboren.","breadcrumb":{"@id":"https:\/\/dienerprecisionpumps.com\/de\/unternehmen\/geschichte-von-diener-prazisionspumpen\/#breadcrumb"},"inLanguage":"de","potentialAction":[{"@type":"ReadAction","target":["https:\/\/dienerprecisionpumps.com\/de\/unternehmen\/geschichte-von-diener-prazisionspumpen\/"]}]},{"@type":"ImageObject","inLanguage":"de","@id":"https:\/\/dienerprecisionpumps.com\/de\/unternehmen\/geschichte-von-diener-prazisionspumpen\/#primaryimage","url":"https:\/\/dienerprecisionpumps.com\/wp-content\/uploads\/2021\/02\/DPP-History-Featured-Image.jpg","contentUrl":"https:\/\/dienerprecisionpumps.com\/wp-content\/uploads\/2021\/02\/DPP-History-Featured-Image.jpg","width":1200,"height":800,"caption":"DPP Geschichte Hauptbild"},{"@type":"BreadcrumbList","@id":"https:\/\/dienerprecisionpumps.com\/de\/unternehmen\/geschichte-von-diener-prazisionspumpen\/#breadcrumb","itemListElement":[{"@type":"ListItem","position":1,"name":"Home","item":"https:\/\/dienerprecisionpumps.com\/de\/"},{"@type":"ListItem","position":2,"name":"Unternehmen","item":"https:\/\/dpp.darwinstaging.com\/de\/unternehmen\/"},{"@type":"ListItem","position":3,"name":"Die Geschichte von Diener Pr\u00e4zisionspumpen"}]},{"@type":"WebSite","@id":"https:\/\/dienerprecisionpumps.com\/de\/#website","url":"https:\/\/dienerprecisionpumps.com\/de\/","name":"Diener Precision Pumps","description":"Engineering your flow","publisher":{"@id":"https:\/\/dienerprecisionpumps.com\/de\/#organization"},"potentialAction":[{"@type":"SearchAction","target":{"@type":"EntryPoint","urlTemplate":"https:\/\/dienerprecisionpumps.com\/de\/?s={search_term_string}"},"query-input":{"@type":"PropertyValueSpecification","valueRequired":true,"valueName":"search_term_string"}}],"inLanguage":"de"},{"@type":"Organization","@id":"https:\/\/dienerprecisionpumps.com\/de\/#organization","name":"Diener Precision Pumps","alternateName":"DPP","url":"https:\/\/dienerprecisionpumps.com\/de\/","logo":{"@type":"ImageObject","inLanguage":"de","@id":"https:\/\/dienerprecisionpumps.com\/de\/#\/schema\/logo\/image\/","url":"https:\/\/dienerprecisionpumps.com\/wp-content\/uploads\/2025\/07\/Diener-Precision-Pumps.svg","contentUrl":"https:\/\/dienerprecisionpumps.com\/wp-content\/uploads\/2025\/07\/Diener-Precision-Pumps.svg","width":179,"height":44,"caption":"Diener Precision Pumps"},"image":{"@id":"https:\/\/dienerprecisionpumps.com\/de\/#\/schema\/logo\/image\/"},"sameAs":["https:\/\/www.linkedin.com\/company\/diener-precision-pumps\/","https:\/\/www.youtube.com\/@DienerPrecisionPumpsOfficial"]}]}},"_links":{"self":[{"href":"https:\/\/dienerprecisionpumps.com\/de\/wp-json\/wp\/v2\/pages\/6376","targetHints":{"allow":["GET"]}}],"collection":[{"href":"https:\/\/dienerprecisionpumps.com\/de\/wp-json\/wp\/v2\/pages"}],"about":[{"href":"https:\/\/dienerprecisionpumps.com\/de\/wp-json\/wp\/v2\/types\/page"}],"author":[{"embeddable":true,"href":"https:\/\/dienerprecisionpumps.com\/de\/wp-json\/wp\/v2\/users\/21"}],"replies":[{"embeddable":true,"href":"https:\/\/dienerprecisionpumps.com\/de\/wp-json\/wp\/v2\/comments?post=6376"}],"version-history":[{"count":0,"href":"https:\/\/dienerprecisionpumps.com\/de\/wp-json\/wp\/v2\/pages\/6376\/revisions"}],"up":[{"embeddable":true,"href":"https:\/\/dienerprecisionpumps.com\/de\/wp-json\/wp\/v2\/pages\/6580"}],"wp:featuredmedia":[{"embeddable":true,"href":"https:\/\/dienerprecisionpumps.com\/de\/wp-json\/wp\/v2\/media\/3151"}],"wp:attachment":[{"href":"https:\/\/dienerprecisionpumps.com\/de\/wp-json\/wp\/v2\/media?parent=6376"}],"curies":[{"name":"wp","href":"https:\/\/api.w.org\/{rel}","templated":true}]}}