{"id":6355,"date":"2020-11-23T16:10:25","date_gmt":"2020-11-23T15:10:25","guid":{"rendered":"https:\/\/dienerprecisionpumps.com\/certification-and-compliance\/"},"modified":"2026-03-17T16:40:03","modified_gmt":"2026-03-17T15:40:03","slug":"zertifizierung-und-konformitaet","status":"publish","type":"page","link":"https:\/\/dienerprecisionpumps.com\/de\/unternehmen\/zertifizierung-und-konformitaet\/","title":{"rendered":"Zertifizierung und Konformit\u00e4t"},"content":{"rendered":"<h3>Etwas behaupten ist gut, aber es zu beweisen ist besser: unsere Zertifizierungen.<\/h3>\r\n<p>Unsere Pr\u00e4zisions-Mikropumpen werden nach internationalen Standards gefertigt. Unsere Pr\u00e4zisionspumpen erf\u00fcllen die anspruchsvollsten Spezifikationen f\u00fcr den Einsatz in einer Vielzahl von Anwendungen in Industrie, Medizin, Lebensmittelindustrie, Drucktechnik, Labor und Diagnostik. Wir verwenden nur hochwertigste Materialien, legen gr\u00f6\u00dften Wert auf ein intelligentes Design und lassen die Qualit\u00e4t unserer Produkte und Prozesse regelm\u00e4\u00dfig von unabh\u00e4ngigen Stellen zertifizieren. Wir produzieren nach den international bekannten Standards ISO 9001\/ISO 13485 und verf\u00fcgen \u00fcber einen Reinraum, der nach ISO Klasse 7 eingerichtet ist.<\/p>\r\n<div class=\"tF2Cxc\" data-hveid=\"CAcQAA\" data-ved=\"2ahUKEwjRkruVt7fuAhXQNOwKHZOYCHkQFSgAMAB6BAgHEAA\">\r\n<div class=\"yuRUbf\">\r\n<h3>Nationale Wissenschaftsstiftung (NSF)<\/h3>\r\n<\/div>\r\n<\/div>\r\n<p>Neben der ISO-Zertifizierung erf\u00fcllt Diener Precision Pumps eine Vielzahl weiterer anspruchsvoller Standards Die National Science Foundation (NSF) ist eine Organisation, die sich f\u00fcr die Sicherheit und Gesundheit der Verbraucher einsetzt. Die NSF-Zertifizierung besagt, dass DPP seine <strong>Produktion auf extrem hohen Standards aufbaut<\/strong>.<\/p>\r\n<p>Selbstverst\u00e4ndlich folgt die gesamte Arbeit von DPP der EU-Richtlinie 2011\/65\/EU, die auch als RoHS-Richtlinie bekannt ist. Der Zweck dieser Richtlinie ist es, die Verwendung bestimmter gef\u00e4hrlicher Stoffe in elektrischen und elektronischen Ger\u00e4ten zu begrenzen.<\/p>\r\n<p>Dar\u00fcber hinaus erfolgt unsere Produktion auch nach der europ\u00e4ischen Chemikalienverordnung REACH, die ein hohes Schutzniveau f\u00fcr Mensch und Umwelt gew\u00e4hrleistet.<\/p>\r\n<p>Unsere hochmoderne Schweizer Pr\u00e4zisionsfertigung ist nach strengen NSF-Kriterien auditiert und erf\u00fcllt alle Anforderungen zur Herstellung NSF-zertifizierter Produkte. Bitte kontaktieren Sie Ihren Vertriebsingenieur f\u00fcr weitere Details.<\/p>\r\n<h3>Konformit\u00e4t<\/h3>\r\n<h4>Nat\u00fcrliche Ressourcen sch\u00fctzen, Menschenw\u00fcrde respektieren<\/h4>\r\n<p>Eine zentrale Voraussetzung f\u00fcr die langfristige Entwicklung und den Erfolg eines Unternehmens ist der respektvolle Umgang mit anderen Menschen und der Umwelt. Dies ist der wesentliche Grund, warum Diener Precision Pumps seit seiner Gr\u00fcndung gro\u00dfen Wert auf Compliance-Regeln legt. Bei all unseren weltweiten Transaktionen ist es selbstverst\u00e4ndlich, dass wir uns an die Gesetze der L\u00e4nder halten, in denen wir gesch\u00e4ftlich t\u00e4tig sind. <br \/>Dar\u00fcber hinaus ist es f\u00fcr uns \u00e4u\u00dferst wichtig, integer und ethisch verantwortungsvoll zu handeln. Wir respektieren die Menschenrechte und legen gr\u00f6\u00dften Wert auf die Einhaltung von Vorschriften und Gesetzen in Bezug auf Gesundheit und Sicherheit.<\/p>\r\n<h3>Konfliktmineralien<\/h3>\r\n<p>Verpflichtungen bez\u00fcglich des amerikanischen Gesetzentwurfs H.R. 4173 &#8220;Dodd-Frank Wall Street Reform and Consumer Protection Act&#8221; Abschnitt 1502 zu &#8220;Conflict Minerals&#8221;. Unser Unternehmen verfolgt die amerikanischen Bestrebungen, den Abbau und Handel von Konfliktmineralien mit Ursprung in der Demokratischen Republik Kongo und den angrenzenden L\u00e4ndern zu verbieten und zu kontrollieren, sehr genau. (Dies gilt auch f\u00fcr die Ausf\u00fchrungsbestimmungen ab August 2012.) Als Schweizer Unternehmen fallen wir nicht direkt in den Anwendungsbereich des Gesetzes. Dennoch verfolgen wir die nationalen, europ\u00e4ischen und internationalen Entwicklungen in Bezug auf ethische, soziale und \u00f6kologische Standards sehr aufmerksam.<\/p>\r\n<p>Daher k\u00f6nnen wir bis auf Weiteres davon ausgehen, dass das Material f\u00fcr unsere Produkte nach uns vorliegenden Informationen keine der definierten &#8220;Konfliktmineralien&#8221; wie Coltan, Niob, Tantal, Zinn, Gold oder Wolfram aus der Demokratischen Republik Kongo oder deren Anrainerstaaten enth\u00e4lt. \u00c4nderungen unseres Kenntnisstandes zu diesem Thema w\u00fcrden wir sicherlich umgehend bekannt geben.<\/p>\r\n<h3>RoHS<\/h3>\r\n<p>Alle neuen Produktentwicklungen von DPP sind gepr\u00fcft und konform mit dem folgenden Gesetz: RICHTLINIE 2015\/863 zur Beschr\u00e4nkung der Verwendung bestimmter gef\u00e4hrlicher Stoffe in Elektro- und Elektronikger\u00e4ten (Neufassung) &#8211; im Folgenden &#8220;RoHS-Richtlinie&#8221; genannt. Eine Konformit\u00e4tserkl\u00e4rung wird mit jeder Produktlieferung ausgeh\u00e4ndigt.\u00a0<\/p>\r\n<p><a href=\"https:\/\/dienerprecisionpumps.com\/wp-content\/uploads\/2024\/07\/DPP-RoHS-Declaration-1.pdf\" target=\"_blank\" rel=\"noopener\">RoHS Konformit\u00e4tserkl\u00e4rung<\/a><\/p>\r\n<h3>REACH<\/h3>\r\n<p>Diener Pr\u00e4zisionspumpen erf\u00fcllen die Bestimmungen der EG 1907\/2006 (REACH) zur Beschr\u00e4nkung besonders besorgniserregender Stoffe (gef\u00e4hrliche Chemikalien).<\/p>\r\n<p><a href=\"https:\/\/dienerprecisionpumps.com\/wp-content\/uploads\/2024\/07\/DPP-REACH-Declaration-1.pdf\" target=\"_blank\" rel=\"noopener\">REACH Konformit\u00e4tserkl\u00e4rung<\/a><\/p>\r\n<h3>Verpackungsrecycling<\/h3>\r\n<p><a href=\"https:\/\/dienerprecisionpumps.com\/de\/\">Diener Precision Pumps<\/a> entsprechen den Bestimmungen der Richtlinie 94\/62\/EG des Europ\u00e4ischen Parlaments und des Rates \u00fcber Verpackungen und Verpackungsabf\u00e4lle. Dazu geh\u00f6ren die in der Entscheidung 1997\/129-97\/129\/EG festgelegten Verpackungskennzeichnungsvorschriften.<\/p>\r\n<h3>Zertifizierung<\/h3>\r\n<ul>\r\n<li><a href=\"https:\/\/dienerprecisionpumps.com\/wp-content\/uploads\/2023\/12\/DPP-certification-switzerland.pdf\" target=\"_blank\" rel=\"noopener\">DPP Certificate Switzerland | ISO 9001<\/a><\/li>\r\n<li><a href=\"https:\/\/dienerprecisionpumps.com\/wp-content\/uploads\/2023\/12\/certification-DPP-SQS-lodi.pdf\" target=\"_blank\" rel=\"noopener\">DPP Certificate USA | ISO 9001<\/a><\/li>\r\n<\/ul>\r\n<p>&nbsp;<\/p>\r\n\r\n<figure class=\"wp-block-table\"><img loading=\"lazy\" decoding=\"async\" class=\"size-full wp-image-8904 alignleft\" src=\"https:\/\/dienerprecisionpumps.com\/wp-content\/uploads\/2021\/10\/sqs-iso-9001-logo-150.png\" alt=\"sqs ISO 9001-zertifizierungslogo\" width=\"150\" height=\"150\" \/> <img loading=\"lazy\" decoding=\"async\" class=\"size-full wp-image-8909 alignleft\" src=\"https:\/\/dienerprecisionpumps.com\/wp-content\/uploads\/2021\/10\/iqnet-9001-certifcation-150.png\" alt=\"IQNet 9001-Zertifizierungslogo\" width=\"150\" height=\"150\" \/><img loading=\"lazy\" decoding=\"async\" class=\"size-full wp-image-8916 alignleft\" src=\"https:\/\/dienerprecisionpumps.com\/wp-content\/uploads\/2021\/10\/nsf-accreditation-150.png\" alt=\"NSF Accreditation\" width=\"150\" height=\"150\" \/><\/figure>\r\n\r\n\r\n\r\n<p>&nbsp;<\/p>\r\n","protected":false},"excerpt":{"rendered":"<p>Etwas behaupten ist gut, aber es zu beweisen ist besser: unsere Zertifizierungen. Unsere Pr\u00e4zisions-Mikropumpen werden nach internationalen Standards gefertigt. Unsere Pr\u00e4zisionspumpen erf\u00fcllen die anspruchsvollsten Spezifikationen f\u00fcr den Einsatz in einer Vielzahl von Anwendungen in Industrie, Medizin, Lebensmittelindustrie, Drucktechnik, Labor und Diagnostik. Wir verwenden nur hochwertigste Materialien, legen gr\u00f6\u00dften Wert auf ein intelligentes Design und lassen [&hellip;]<\/p>\n","protected":false},"author":21,"featured_media":0,"parent":6580,"menu_order":0,"comment_status":"closed","ping_status":"closed","template":"","meta":{"_acf_changed":false,"inline_featured_image":false,"footnotes":""},"class_list":["post-6355","page","type-page","status-publish","hentry"],"acf":[],"yoast_head":"<!-- This site is optimized with the Yoast SEO plugin v27.4 - https:\/\/yoast.com\/product\/yoast-seo-wordpress\/ -->\n<title>Zertifizierung und Konformit\u00e4t | Diener Precision Pumps<\/title>\n<meta name=\"description\" content=\"Die Firma Diener Precision Pumps produziert nach den Normen ISO 9001 und verf\u00fcgt \u00fcber einen Reinraum nach ISO Klasse 7.\" \/>\n<meta name=\"robots\" content=\"index, follow, max-snippet:-1, max-image-preview:large, max-video-preview:-1\" \/>\n<link rel=\"canonical\" href=\"https:\/\/dienerprecisionpumps.com\/de\/unternehmen\/zertifizierung-und-konformitaet\/\" \/>\n<meta property=\"og:locale\" content=\"de_DE\" \/>\n<meta property=\"og:type\" content=\"article\" \/>\n<meta property=\"og:title\" content=\"Zertifizierung und Konformit\u00e4t | Diener Precision Pumps\" \/>\n<meta property=\"og:description\" content=\"Die Firma Diener Precision Pumps produziert nach den Normen ISO 9001 und verf\u00fcgt \u00fcber einen Reinraum nach ISO Klasse 7.\" \/>\n<meta property=\"og:url\" content=\"https:\/\/dienerprecisionpumps.com\/de\/unternehmen\/zertifizierung-und-konformitaet\/\" \/>\n<meta property=\"og:site_name\" content=\"Diener Precision Pumps\" \/>\n<meta property=\"article:modified_time\" content=\"2026-03-17T15:40:03+00:00\" \/>\n<meta property=\"og:image\" content=\"https:\/\/dienerprecisionpumps.com\/wp-content\/uploads\/2021\/10\/sqs-iso-9001-logo-150.png\" \/>\n\t<meta property=\"og:image:width\" content=\"150\" \/>\n\t<meta property=\"og:image:height\" content=\"150\" \/>\n\t<meta property=\"og:image:type\" content=\"image\/png\" \/>\n<meta name=\"twitter:card\" content=\"summary_large_image\" \/>\n<meta name=\"twitter:label1\" content=\"Gesch\u00e4tzte Lesezeit\" \/>\n\t<meta name=\"twitter:data1\" content=\"3\u00a0Minuten\" \/>\n<!-- \/ Yoast SEO plugin. -->","yoast_head_json":{"title":"Zertifizierung und Konformit\u00e4t | Diener Precision Pumps","description":"Die Firma Diener Precision Pumps produziert nach den Normen ISO 9001 und verf\u00fcgt \u00fcber einen Reinraum nach ISO Klasse 7.","robots":{"index":"index","follow":"follow","max-snippet":"max-snippet:-1","max-image-preview":"max-image-preview:large","max-video-preview":"max-video-preview:-1"},"canonical":"https:\/\/dienerprecisionpumps.com\/de\/unternehmen\/zertifizierung-und-konformitaet\/","og_locale":"de_DE","og_type":"article","og_title":"Zertifizierung und Konformit\u00e4t | Diener Precision Pumps","og_description":"Die Firma Diener Precision Pumps produziert nach den Normen ISO 9001 und verf\u00fcgt \u00fcber einen Reinraum nach ISO Klasse 7.","og_url":"https:\/\/dienerprecisionpumps.com\/de\/unternehmen\/zertifizierung-und-konformitaet\/","og_site_name":"Diener Precision Pumps","article_modified_time":"2026-03-17T15:40:03+00:00","og_image":[{"width":150,"height":150,"url":"https:\/\/dienerprecisionpumps.com\/wp-content\/uploads\/2021\/10\/sqs-iso-9001-logo-150.png","type":"image\/png"}],"twitter_card":"summary_large_image","twitter_misc":{"Gesch\u00e4tzte Lesezeit":"3\u00a0Minuten"},"schema":{"@context":"https:\/\/schema.org","@graph":[{"@type":"WebPage","@id":"https:\/\/dienerprecisionpumps.com\/de\/unternehmen\/zertifizierung-und-konformitaet\/","url":"https:\/\/dienerprecisionpumps.com\/de\/unternehmen\/zertifizierung-und-konformitaet\/","name":"Zertifizierung und Konformit\u00e4t | Diener Precision Pumps","isPartOf":{"@id":"https:\/\/dienerprecisionpumps.com\/de\/#website"},"primaryImageOfPage":{"@id":"https:\/\/dienerprecisionpumps.com\/de\/unternehmen\/zertifizierung-und-konformitaet\/#primaryimage"},"image":{"@id":"https:\/\/dienerprecisionpumps.com\/de\/unternehmen\/zertifizierung-und-konformitaet\/#primaryimage"},"thumbnailUrl":"https:\/\/dienerprecisionpumps.com\/wp-content\/uploads\/2021\/10\/sqs-iso-9001-logo-150.png","datePublished":"2020-11-23T15:10:25+00:00","dateModified":"2026-03-17T15:40:03+00:00","description":"Die Firma Diener Precision Pumps produziert nach den Normen ISO 9001 und verf\u00fcgt \u00fcber einen Reinraum nach ISO Klasse 7.","breadcrumb":{"@id":"https:\/\/dienerprecisionpumps.com\/de\/unternehmen\/zertifizierung-und-konformitaet\/#breadcrumb"},"inLanguage":"de","potentialAction":[{"@type":"ReadAction","target":["https:\/\/dienerprecisionpumps.com\/de\/unternehmen\/zertifizierung-und-konformitaet\/"]}]},{"@type":"ImageObject","inLanguage":"de","@id":"https:\/\/dienerprecisionpumps.com\/de\/unternehmen\/zertifizierung-und-konformitaet\/#primaryimage","url":"https:\/\/dienerprecisionpumps.com\/wp-content\/uploads\/2021\/10\/sqs-iso-9001-logo-150.png","contentUrl":"https:\/\/dienerprecisionpumps.com\/wp-content\/uploads\/2021\/10\/sqs-iso-9001-logo-150.png"},{"@type":"BreadcrumbList","@id":"https:\/\/dienerprecisionpumps.com\/de\/unternehmen\/zertifizierung-und-konformitaet\/#breadcrumb","itemListElement":[{"@type":"ListItem","position":1,"name":"Home","item":"https:\/\/dienerprecisionpumps.com\/de\/"},{"@type":"ListItem","position":2,"name":"Unternehmen","item":"https:\/\/dpp.darwinstaging.com\/de\/unternehmen\/"},{"@type":"ListItem","position":3,"name":"Zertifizierung und Konformit\u00e4t"}]},{"@type":"WebSite","@id":"https:\/\/dienerprecisionpumps.com\/de\/#website","url":"https:\/\/dienerprecisionpumps.com\/de\/","name":"Diener Precision Pumps","description":"Engineering your flow","publisher":{"@id":"https:\/\/dienerprecisionpumps.com\/de\/#organization"},"potentialAction":[{"@type":"SearchAction","target":{"@type":"EntryPoint","urlTemplate":"https:\/\/dienerprecisionpumps.com\/de\/?s={search_term_string}"},"query-input":{"@type":"PropertyValueSpecification","valueRequired":true,"valueName":"search_term_string"}}],"inLanguage":"de"},{"@type":"Organization","@id":"https:\/\/dienerprecisionpumps.com\/de\/#organization","name":"Diener Precision Pumps","alternateName":"DPP","url":"https:\/\/dienerprecisionpumps.com\/de\/","logo":{"@type":"ImageObject","inLanguage":"de","@id":"https:\/\/dienerprecisionpumps.com\/de\/#\/schema\/logo\/image\/","url":"https:\/\/dienerprecisionpumps.com\/wp-content\/uploads\/2025\/07\/Diener-Precision-Pumps.svg","contentUrl":"https:\/\/dienerprecisionpumps.com\/wp-content\/uploads\/2025\/07\/Diener-Precision-Pumps.svg","width":179,"height":44,"caption":"Diener Precision Pumps"},"image":{"@id":"https:\/\/dienerprecisionpumps.com\/de\/#\/schema\/logo\/image\/"},"sameAs":["https:\/\/www.linkedin.com\/company\/diener-precision-pumps\/","https:\/\/www.youtube.com\/@DienerPrecisionPumpsOfficial"]}]}},"_links":{"self":[{"href":"https:\/\/dienerprecisionpumps.com\/de\/wp-json\/wp\/v2\/pages\/6355","targetHints":{"allow":["GET"]}}],"collection":[{"href":"https:\/\/dienerprecisionpumps.com\/de\/wp-json\/wp\/v2\/pages"}],"about":[{"href":"https:\/\/dienerprecisionpumps.com\/de\/wp-json\/wp\/v2\/types\/page"}],"author":[{"embeddable":true,"href":"https:\/\/dienerprecisionpumps.com\/de\/wp-json\/wp\/v2\/users\/21"}],"replies":[{"embeddable":true,"href":"https:\/\/dienerprecisionpumps.com\/de\/wp-json\/wp\/v2\/comments?post=6355"}],"version-history":[{"count":0,"href":"https:\/\/dienerprecisionpumps.com\/de\/wp-json\/wp\/v2\/pages\/6355\/revisions"}],"up":[{"embeddable":true,"href":"https:\/\/dienerprecisionpumps.com\/de\/wp-json\/wp\/v2\/pages\/6580"}],"wp:attachment":[{"href":"https:\/\/dienerprecisionpumps.com\/de\/wp-json\/wp\/v2\/media?parent=6355"}],"curies":[{"name":"wp","href":"https:\/\/api.w.org\/{rel}","templated":true}]}}