{"id":6350,"date":"2021-01-29T15:38:36","date_gmt":"2021-01-29T14:38:36","guid":{"rendered":"https:\/\/dienerprecisionpumps.com\/corporate-social-responsibility\/"},"modified":"2023-07-28T10:29:09","modified_gmt":"2023-07-28T08:29:09","slug":"soziale-verantwortung-des-unternehmens","status":"publish","type":"page","link":"https:\/\/dienerprecisionpumps.com\/de\/unternehmen\/soziale-verantwortung-des-unternehmens\/","title":{"rendered":"Soziale Verantwortung des Unternehmens"},"content":{"rendered":"\r\n<p>Bei Diener Precision Pumps definieren wir Environmental, social, and corporate governance (ESG) wie folgt:<\/p>\r\n\r\n\r\n\r\n<ul class=\"wp-block-list\">\r\n<li>F\u00fchren von Gesch\u00e4ften in einer sozial verantwortlichen und ethischen Weise<\/li>\r\n<li>Unterst\u00fctzung von Menschenrechten<\/li>\r\n<li>Schutz der Umwelt und der Sicherheit von Menschen<\/li>\r\n<li>Teilnahme an nachhaltigen Beschaffungspraktiken<\/li>\r\n<li>Respektierung und Unterst\u00fctzung unserer Gemeinden und Kulturen<\/li>\r\n<li>Einen positiven Beitrag zur Gesellschaft leisten<\/li>\r\n<\/ul>\r\n\r\n\r\n\r\n<p>Alle oben genannten Punkte verfolgen wir innerhalb einer starken Corporate Governance Organisation.<\/p>\r\n\r\n\r\n\r\n<p>Die ESG-Politik von Diener Precision Pump besteht darin, das Richtige zu tun, weil das Richtige getan werden muss. Es reicht nicht aus, einfach die gesetzlichen Regeln und Vorschriften zu befolgen; wir m\u00fcssen ein h\u00f6heres Niveau an sozialer Leistung anstreben. Unsere Stakeholder erwarten das von uns. Es liegt in der Verantwortung des Unternehmens, proaktiv eine Arbeitsatmosph\u00e4re zu schaffen, die gesellschaftliche Verbesserungen f\u00f6rdert, und zwar durch unsere Besch\u00e4ftigungspraktiken, unsere Einkaufspraktiken, unseren Respekt f\u00fcr die Umwelt, unsere Produkte und unser Engagement in den Gemeinden.<\/p>\r\n\r\n\r\n\r\n\r\n\r\n<p>Unsere Mitarbeiter tragen zu unseren ESG-Programmen auf eine Art und Weise bei, die das Wohl unserer Gemeinden, aber auch ihre eigene pers\u00f6nliche Entwicklung f\u00f6rdert, indem sie Lebenskompetenzen erwerben, die sie sowohl am Arbeitsplatz als auch zu Hause anwenden k\u00f6nnen und unseren Ruf als bevorzugter Arbeitgeber st\u00e4rken. Erforderliche Verhaltenskodizes sind in unseren Mitarbeiterhandb\u00fcchern definiert: Die Mitarbeiter werden gebeten, sie als Bedingung f\u00fcr die Einstellung zu unterschreiben. Indem wir diese Einstellung mit unseren Kunden teilen, verdienen wir uns ihren Respekt, was zu einer starken Beziehung und einem langfristigen Gesch\u00e4ftspotenzial f\u00fchrt. Indem wir diese Einstellung von unseren Lieferanten verlangen, stellen wir sicher, dass sie langfristige Gesch\u00e4ftspartner bleiben\/werden und helfen, das Programm in der Lieferkette weiter auszubauen. .<\/p>\r\n\r\n\r\n\r\n<h3>Gesch\u00e4ftsethik und Transparenz<\/h3>\r\n\r\n\r\n\r\n<p>Diener Precision Pumps f\u00fchrt seine Gesch\u00e4fte in einer offenen, ehrlichen und ethischen Weise. Wir erwarten von unseren Mitarbeitern, dass sie immer das Richtige tun. Bestechung, Erpressung, Interessenkonflikte, G\u00fcnstlingswirtschaft, Schmiergelder, Geldw\u00e4sche und Betrug jeglicher Art werden bei Diener Precision Pumps oder in der Lieferkette nicht toleriert.<\/p>\r\n\r\n\r\n\r\n<p>Wir teilen diese ESG-Politik mit unseren Partnern, Lieferanten und Kunden. Unsere Mitarbeiterhandb\u00fccher erkl\u00e4ren die Erwartungen der Mitarbeiter und die Regeln der Besch\u00e4ftigung, die alle auf einer offenen Kommunikation und einer vern\u00fcnftigen Ethik basieren. Diener Precision Pumps sch\u00fctzt vertrauliche Informationen, einschlie\u00dflich des geistigen Eigentums Dritter, durch Geheimhaltungsvereinbarungen und unterzeichnete vertragliche Vereinbarungen. Diese werden in unserem Netzwerk gespeichert und gesichert und kontinuierlich mit Sicherheitsverbesserungen aktualisiert. In \u00dcbereinstimmung mit der neuesten GDPR-Gesetzgebung f\u00fchrt und speichert Diener Precision Pumps keine pers\u00f6nlichen Finanzdaten.<\/p>\r\n\r\n\r\n\r\n\r\n\r\n<h3>Menschenrechte, Arbeitsrecht und Beschwerdeverfahren<\/h3>\r\n\r\n\r\n\r\n<p>Diener Precision Pumps stellt sicher, dass unsere Mitarbeiter fair und mit W\u00fcrde behandelt werden, dass ihre Ziele und Bestrebungen ber\u00fccksichtigt werden und dass die Vielfalt am Arbeitsplatz gef\u00f6rdert wird. Wir wenden faire Arbeitspraktiken an und respektieren dabei die nationalen und lokalen Gesetze der L\u00e4nder und Gemeinden, in denen wir t\u00e4tig sind.<\/p>\r\n\r\n\r\n\r\n<p>Wir verpflichten uns, Chancengleichheit in allen Aspekten der Besch\u00e4ftigung zu bieten und werden sich nicht an ungesetzlichem Verhalten am Arbeitsplatz beteiligen oder dieses tolerieren, einschlie\u00dflich Diskriminierung, Einsch\u00fcchterung oder Bel\u00e4stigung jeglicher Art.<\/p>\r\n\r\n\r\n\r\n<p>Diener Precision Pumps verf\u00fcgt \u00fcber Mechanismen, die es den Mitarbeitern erm\u00f6glichen, Angelegenheiten an das Management heranzutragen, ohne Repressalien bef\u00fcrchten zu m\u00fcssen, und das in einem Umfeld, das einen respektvollen Umgang unter allen Mitarbeitern f\u00f6rdert. Diese sind ein integraler Bestandteil unserer Mitarbeiterhandb\u00fccher.<\/p>\r\n\r\n\r\n\r\n<p>Zwangsarbeit, Menschenhandel und Kinderarbeit werden weder von Diener Precision Pumps noch irgendwo in unserer Lieferkette toleriert. Die Entlohnung der Arbeiter in unserer Lieferkette muss den geltenden Lohngesetzen entsprechen, einschlie\u00dflich in Bezug auf Mindestl\u00f6hne, \u00dcberstunden und gesetzlich vorgeschriebene Leistungen.<\/p>\r\n\r\n\r\n\r\n<h3>Umwelt, Gesundheit und Sicherheit<\/h3>\r\n\r\n\r\n\r\n<p>Diener Precision Pumps arbeitet gewissenhaft daran, eine Sch\u00e4digung unserer Umwelt oder der Sicherheit anderer zu vermeiden, und wir verlangen von unserer Lieferkette, dass sie dasselbe tut. Dies bedeutet, dass wir alle geltenden Umweltgesetze und -vorschriften einhalten. Gem\u00e4\u00df den Prinzipien der kontinuierlichen Verbesserung arbeiten wir alle proaktiv daran, den Umwelt- und Ressourcenverbrauch in allen Bereichen unseres Unternehmens zu reduzieren. Dazu geh\u00f6ren das Management von Abf\u00e4llen, Einleitungen und Emissionen sowie die F\u00f6rderung von Effizienzverbesserungen beim Wasserverbrauch und bei den Energieressourcen. .<\/p>\r\n\r\n\r\n\r\n<p>Dar\u00fcber hinaus sind unsere Produkte konform mit RoHS (Richtlinie 2002\/95\/EC) und REACH (Europ\u00e4ische Chemikalienagentur). Wir verlangen, dass unsere Rohstoffe den Anforderungen der US-Regierung Securities and Exchange Commission (SEC) und Abschnitt 1502 des Dodd-Frank Wall Street Reform and Consumer Protection Act von 2010 (Conflict Minerals, oder CMRT) entsprechen.<\/p>\r\n\r\n\r\n\r\n<p>Diener Precision Pumps befolgt alle geltenden Gesundheits- und Sicherheitsvorschriften in seinen Einrichtungen.<\/p>\r\n\r\n\r\n\r\n<h3>Nachhaltige Beschaffung<\/h3>\r\n\r\n\r\n\r\n<p>Nachhaltige Beschaffung bedeutet, die Lieferkette von Diener Precision Pumps so zu managen, dass Risiken sowohl f\u00fcr unsere Gesch\u00e4ftskontinuit\u00e4t als auch f\u00fcr die Umwelt minimiert werden. Insofern erwarten wir von unserer Lieferkette, dass sie die gleichen hohen Standards erf\u00fcllt, die wir auch an uns selbst stellen. Zus\u00e4tzlich zur Einhaltung von RoHS, REACH und CMRT verlangen wir von unseren Lieferanten, dass sie :<\/p>\r\n\r\n\r\n\r\n<p>Reduzieren ihres \u00f6kologischen Fu\u00dfabdrucks durch:<\/p>\r\n\r\n\r\n\r\n<ul class=\"wp-block-list\">\r\n<li>Schonung der Ressourcen, einschlie\u00dflich des Einsatzes von Energie, Wasser und Materialien<\/li>\r\n<li>Abfallminimierung sowohl innerhalb ihres Betriebs als auch durch Reduzierung der Verpackung<\/li>\r\n<li>Reduzierung der Auswirkungen von Lieferungen und Maximierung der lokalen Beschaffung<\/li>\r\n<li>Einsparung von Ressourcen, einschlie\u00dflich des Verbrauchs von Energie, Wasser und Materialien<\/li>\r\n<li>Abfallminimierung, sowohl innerhalb ihres Betriebs als auch durch Reduzierung der Verpackung<\/li>\r\n<li>Verringerung der Auswirkungen von Lieferungen und Maximierung der lokalen Beschaffung<\/li>\r\n<\/ul>\r\n\r\n\r\n\r\n<p>Nutzen f\u00fcr die Gesellschaft durch:<\/p>\r\n\r\n\r\n\r\n<ul class=\"wp-block-list\">\r\n<li>Einhaltung der Prinzipien der Internationalen Arbeitsorganisation (ILO) in Bezug auf Menschenrechte und Arbeitsbedingungen<\/li>\r\n<li>Sicherstellung, dass Sklaverei und Menschenhandel in keiner ihrer Lieferketten und in keinem Teil ihrer Gesch\u00e4ftst\u00e4tigkeit vorkommen<\/li>\r\n<\/ul>\r\n\r\n\r\n\r\n<p>F\u00f6rderung des Wirtschaftswachstums durch:<\/p>\r\n\r\n\r\n\r\n<ul class=\"wp-block-list\">\r\n<li>Ber\u00fccksichtigung der Lebenszykluskosten von Produkten<\/li>\r\n<li>Bereitstellung des existenzsichernden Lohns (mindestens) f\u00fcr Mitarbeiter und Auftragnehmer<\/li>\r\n<\/ul>\r\n\r\n\r\n\r\n<h3>Unterst\u00fctzung unserer Gemeinschaft\/Kultur<\/h3>\r\n\r\n\r\n\r\n<p>Diener Precision Pumps beteiligt sich an Praktikanten- und Lehrlingsprogrammen, die jungen Erwachsenen die M\u00f6glichkeit geben, Karrieren in den Bereichen Technik und Fertigung kennenzulernen. Diese jungen Menschen werden danach oft eingestellt und setzen eine lange und produktive Partnerschaft mit dem Unternehmen fort. Sie leben vor Ort, kaufen vor Ort ein, spenden ihre Zeit und ihr Geld f\u00fcr wohlt\u00e4tige Zwecke und zahlen Steuern, um die lokale Gemeinschaft zu unterst\u00fctzen.<\/p>\r\n\r\n\r\n\r\n<h3>Ein Beitrag zur Gesellschaft<\/h3>\r\n\r\n\r\n\r\n<p>Diener Precision Pumps ist stolz darauf, Pumpen f\u00fcr den medizinischen und medizinisch-diagnostischen Markt zu liefern und damit die Qualit\u00e4t und Versorgung von Patienten auf der ganzen Welt zu verbessern. Unsere Mitarbeiter sind unser wertvollstes Kapital. Wir ermutigen sie, hohe ethische Standards einzuhalten und helfen ihnen, mit gutem Beispiel voranzugehen &#8211; als Vorbild f\u00fcr Lieferanten, Kunden und die Gemeinden, in denen sie leben und arbeiten. Dar\u00fcber hinaus machen wir die Welt zu einem ges\u00fcnderen, nachhaltigeren Ort, indem wir Abfall reduzieren, recyceln und die Energieeffizienz verbessern.<\/p>\r\n\r\n\r\n\r\n<p>Diese Richtlinie wird regelm\u00e4\u00dfig \u00fcberpr\u00fcft, um ihre weitere Relevanz zu bewerten, die Einhaltung zu \u00fcberwachen und kontinuierliche Verbesserungen voranzutreiben.<\/p>\r\n\r\n\r\n\r\n<p>&nbsp;<\/p>\r\n\r\n\r\n\r\n<figure class=\"wp-block-image size-large is-resized\"><img loading=\"lazy\" decoding=\"async\" class=\"wp-image-2999\" src=\"https:\/\/dienerprecisionpumps.com\/wp-content\/uploads\/2021\/01\/Screenshot-2021-01-29-at-17.13.12.png\" alt=\"Douglas Robinson\" width=\"113\" height=\"65\" \/><\/figure>\r\n\r\n\r\n\r\n<p>Douglas Robinson<br \/>CEO, Diener Precision Pumps<\/p>\r\n","protected":false},"excerpt":{"rendered":"<p>Bei Diener Precision Pumps definieren wir Environmental, social, and corporate governance (ESG) wie folgt: F\u00fchren von Gesch\u00e4ften in einer sozial verantwortlichen und ethischen Weise Unterst\u00fctzung von Menschenrechten Schutz der Umwelt und der Sicherheit von Menschen Teilnahme an nachhaltigen Beschaffungspraktiken Respektierung und Unterst\u00fctzung unserer Gemeinden und Kulturen Einen positiven Beitrag zur Gesellschaft leisten Alle oben genannten [&hellip;]<\/p>\n","protected":false},"author":21,"featured_media":0,"parent":6580,"menu_order":0,"comment_status":"closed","ping_status":"closed","template":"","meta":{"_acf_changed":false,"inline_featured_image":false,"footnotes":""},"class_list":["post-6350","page","type-page","status-publish","hentry"],"acf":[],"yoast_head":"<!-- This site is optimized with the Yoast SEO plugin v27.4 - https:\/\/yoast.com\/product\/yoast-seo-wordpress\/ -->\n<title>Soziale Verantwortung des Unternehmens - Diener Precision Pumps<\/title>\n<meta name=\"description\" content=\"Lesen Sie, wie DPP die soziale Verantwortung von Unternehmen definiert und erfahren Sie mehr \u00fcber unser Engagement f\u00fcr umweltbewusstes Handeln.\" \/>\n<meta name=\"robots\" content=\"index, follow, max-snippet:-1, max-image-preview:large, max-video-preview:-1\" \/>\n<link rel=\"canonical\" href=\"https:\/\/dienerprecisionpumps.com\/de\/unternehmen\/soziale-verantwortung-des-unternehmens\/\" \/>\n<meta property=\"og:locale\" content=\"de_DE\" \/>\n<meta property=\"og:type\" content=\"article\" \/>\n<meta property=\"og:title\" content=\"Soziale Verantwortung des Unternehmens - Diener Precision Pumps\" \/>\n<meta property=\"og:description\" content=\"Lesen Sie, wie DPP die soziale Verantwortung von Unternehmen definiert und erfahren Sie mehr \u00fcber unser Engagement f\u00fcr umweltbewusstes Handeln.\" \/>\n<meta property=\"og:url\" content=\"https:\/\/dienerprecisionpumps.com\/de\/unternehmen\/soziale-verantwortung-des-unternehmens\/\" \/>\n<meta property=\"og:site_name\" content=\"Diener Precision Pumps\" \/>\n<meta property=\"article:modified_time\" content=\"2023-07-28T08:29:09+00:00\" \/>\n<meta property=\"og:image\" content=\"https:\/\/dpp.darwinstaging.com\/wp-content\/uploads\/2021\/01\/Screenshot-2021-01-29-at-17.13.12.png\" \/>\n<meta name=\"twitter:card\" content=\"summary_large_image\" \/>\n<meta name=\"twitter:label1\" content=\"Gesch\u00e4tzte Lesezeit\" \/>\n\t<meta name=\"twitter:data1\" content=\"5\u00a0Minuten\" \/>\n<!-- \/ Yoast SEO plugin. -->","yoast_head_json":{"title":"Soziale Verantwortung des Unternehmens - Diener Precision Pumps","description":"Lesen Sie, wie DPP die soziale Verantwortung von Unternehmen definiert und erfahren Sie mehr \u00fcber unser Engagement f\u00fcr umweltbewusstes Handeln.","robots":{"index":"index","follow":"follow","max-snippet":"max-snippet:-1","max-image-preview":"max-image-preview:large","max-video-preview":"max-video-preview:-1"},"canonical":"https:\/\/dienerprecisionpumps.com\/de\/unternehmen\/soziale-verantwortung-des-unternehmens\/","og_locale":"de_DE","og_type":"article","og_title":"Soziale Verantwortung des Unternehmens - Diener Precision Pumps","og_description":"Lesen Sie, wie DPP die soziale Verantwortung von Unternehmen definiert und erfahren Sie mehr \u00fcber unser Engagement f\u00fcr umweltbewusstes Handeln.","og_url":"https:\/\/dienerprecisionpumps.com\/de\/unternehmen\/soziale-verantwortung-des-unternehmens\/","og_site_name":"Diener Precision Pumps","article_modified_time":"2023-07-28T08:29:09+00:00","og_image":[{"url":"https:\/\/dpp.darwinstaging.com\/wp-content\/uploads\/2021\/01\/Screenshot-2021-01-29-at-17.13.12.png","type":"","width":"","height":""}],"twitter_card":"summary_large_image","twitter_misc":{"Gesch\u00e4tzte Lesezeit":"5\u00a0Minuten"},"schema":{"@context":"https:\/\/schema.org","@graph":[{"@type":"WebPage","@id":"https:\/\/dienerprecisionpumps.com\/de\/unternehmen\/soziale-verantwortung-des-unternehmens\/","url":"https:\/\/dienerprecisionpumps.com\/de\/unternehmen\/soziale-verantwortung-des-unternehmens\/","name":"Soziale Verantwortung des Unternehmens - Diener Precision Pumps","isPartOf":{"@id":"https:\/\/dienerprecisionpumps.com\/de\/#website"},"primaryImageOfPage":{"@id":"https:\/\/dienerprecisionpumps.com\/de\/unternehmen\/soziale-verantwortung-des-unternehmens\/#primaryimage"},"image":{"@id":"https:\/\/dienerprecisionpumps.com\/de\/unternehmen\/soziale-verantwortung-des-unternehmens\/#primaryimage"},"thumbnailUrl":"https:\/\/dienerprecisionpumps.com\/wp-content\/uploads\/2021\/01\/Screenshot-2021-01-29-at-17.13.12.png","datePublished":"2021-01-29T14:38:36+00:00","dateModified":"2023-07-28T08:29:09+00:00","description":"Lesen Sie, wie DPP die soziale Verantwortung von Unternehmen definiert und erfahren Sie mehr \u00fcber unser Engagement f\u00fcr umweltbewusstes Handeln.","breadcrumb":{"@id":"https:\/\/dienerprecisionpumps.com\/de\/unternehmen\/soziale-verantwortung-des-unternehmens\/#breadcrumb"},"inLanguage":"de","potentialAction":[{"@type":"ReadAction","target":["https:\/\/dienerprecisionpumps.com\/de\/unternehmen\/soziale-verantwortung-des-unternehmens\/"]}]},{"@type":"ImageObject","inLanguage":"de","@id":"https:\/\/dienerprecisionpumps.com\/de\/unternehmen\/soziale-verantwortung-des-unternehmens\/#primaryimage","url":"https:\/\/dienerprecisionpumps.com\/wp-content\/uploads\/2021\/01\/Screenshot-2021-01-29-at-17.13.12.png","contentUrl":"https:\/\/dienerprecisionpumps.com\/wp-content\/uploads\/2021\/01\/Screenshot-2021-01-29-at-17.13.12.png"},{"@type":"BreadcrumbList","@id":"https:\/\/dienerprecisionpumps.com\/de\/unternehmen\/soziale-verantwortung-des-unternehmens\/#breadcrumb","itemListElement":[{"@type":"ListItem","position":1,"name":"Home","item":"https:\/\/dienerprecisionpumps.com\/de\/"},{"@type":"ListItem","position":2,"name":"Unternehmen","item":"https:\/\/dpp.darwinstaging.com\/de\/unternehmen\/"},{"@type":"ListItem","position":3,"name":"Soziale Verantwortung des Unternehmens"}]},{"@type":"WebSite","@id":"https:\/\/dienerprecisionpumps.com\/de\/#website","url":"https:\/\/dienerprecisionpumps.com\/de\/","name":"Diener Precision Pumps","description":"Engineering your flow","publisher":{"@id":"https:\/\/dienerprecisionpumps.com\/de\/#organization"},"potentialAction":[{"@type":"SearchAction","target":{"@type":"EntryPoint","urlTemplate":"https:\/\/dienerprecisionpumps.com\/de\/?s={search_term_string}"},"query-input":{"@type":"PropertyValueSpecification","valueRequired":true,"valueName":"search_term_string"}}],"inLanguage":"de"},{"@type":"Organization","@id":"https:\/\/dienerprecisionpumps.com\/de\/#organization","name":"Diener Precision Pumps","alternateName":"DPP","url":"https:\/\/dienerprecisionpumps.com\/de\/","logo":{"@type":"ImageObject","inLanguage":"de","@id":"https:\/\/dienerprecisionpumps.com\/de\/#\/schema\/logo\/image\/","url":"https:\/\/dienerprecisionpumps.com\/wp-content\/uploads\/2025\/07\/Diener-Precision-Pumps.svg","contentUrl":"https:\/\/dienerprecisionpumps.com\/wp-content\/uploads\/2025\/07\/Diener-Precision-Pumps.svg","width":179,"height":44,"caption":"Diener Precision Pumps"},"image":{"@id":"https:\/\/dienerprecisionpumps.com\/de\/#\/schema\/logo\/image\/"},"sameAs":["https:\/\/www.linkedin.com\/company\/diener-precision-pumps\/","https:\/\/www.youtube.com\/@DienerPrecisionPumpsOfficial"]}]}},"_links":{"self":[{"href":"https:\/\/dienerprecisionpumps.com\/de\/wp-json\/wp\/v2\/pages\/6350","targetHints":{"allow":["GET"]}}],"collection":[{"href":"https:\/\/dienerprecisionpumps.com\/de\/wp-json\/wp\/v2\/pages"}],"about":[{"href":"https:\/\/dienerprecisionpumps.com\/de\/wp-json\/wp\/v2\/types\/page"}],"author":[{"embeddable":true,"href":"https:\/\/dienerprecisionpumps.com\/de\/wp-json\/wp\/v2\/users\/21"}],"replies":[{"embeddable":true,"href":"https:\/\/dienerprecisionpumps.com\/de\/wp-json\/wp\/v2\/comments?post=6350"}],"version-history":[{"count":0,"href":"https:\/\/dienerprecisionpumps.com\/de\/wp-json\/wp\/v2\/pages\/6350\/revisions"}],"up":[{"embeddable":true,"href":"https:\/\/dienerprecisionpumps.com\/de\/wp-json\/wp\/v2\/pages\/6580"}],"wp:attachment":[{"href":"https:\/\/dienerprecisionpumps.com\/de\/wp-json\/wp\/v2\/media?parent=6350"}],"curies":[{"name":"wp","href":"https:\/\/api.w.org\/{rel}","templated":true}]}}