{"id":6346,"date":"2020-11-23T08:13:40","date_gmt":"2020-11-23T07:13:40","guid":{"rendered":"https:\/\/dienerprecisionpumps.com\/privacy-policy\/"},"modified":"2024-07-08T06:59:32","modified_gmt":"2024-07-08T04:59:32","slug":"datenschutz-bestimmungen","status":"publish","type":"page","link":"https:\/\/dienerprecisionpumps.com\/de\/datenschutz-bestimmungen\/","title":{"rendered":"Datenschutzpolitik"},"content":{"rendered":"<h2>Wer sind wir?<\/h2>\n<p>Wir sind Diener Precision Pumps Ltd., ein Unternehmen der Acrotec-Gruppe und der Acrotec-Gruppe (im Folgenden als \u201cwir\u201d oder \u201cAcrotec\u201d bezeichnet). Wir legen gro\u00dfen Wert auf den Schutz von personenbezogenen Daten. Wir sorgen f\u00fcr die strikte Einhaltung aller geltenden Datenschutzvorschriften, einschlie\u00dflich des neuen Bundesdatenschutzgesetzes (im Folgenden: \u201cnLPD\u201d), und soweit es sich um F\u00e4lle handelt, die von der EU-Datenschutzgrundverordnung (im Folgenden: \u201cGDPR\u201d) oder anderen Datenschutzgesetzen des Gebiets, in dem wir t\u00e4tig sind, betroffen sind. Wir verarbeiten alle uns anvertrauten personenbezogenen Daten mit \u00e4u\u00dferster Sorgfalt, angemessen und in dem f\u00fcr den Zweck der Verarbeitung erforderlichen Umfang.<\/p>\n<h3>Geltungsbereich<\/h3>\n<p>Diese Richtlinie gilt f\u00fcr alle Unternehmen, Mitarbeiter und Dritte der Acrotec-Gruppe, die berechtigt sind, Ihre personenbezogenen Daten zu verarbeiten.<\/p>\n<h3>Anwendbare Gesetze<\/h3>\n<p>Diese Richtlinie legt die Mindeststandards f\u00fcr den Schutz Ihrer personenbezogenen Daten weltweit fest. Wir sind uns bewusst, dass die Gesetze einiger L\u00e4nder strengere Standards als die in dieser Richtlinie dargelegten erfordern k\u00f6nnen. Wir werden solche Gesetze und andere geltende Vorschriften einhalten. Soweit die Gesetze und Vorschriften einer Rechtsordnung ein geringeres Schutzniveau bieten als diese Richtlinie, werden wir diese Richtlinie anwenden.<\/p>\n<h3>Kontaktieren Sie uns<\/h3>\n<p>Die Datenschutzabteilung ist f\u00fcr die Einhaltung der geltenden Bestimmungen verantwortlich. Wenn Sie Fragen zum Datenschutz haben, wenden Sie sich bitte an die folgende Adresse:<\/p>\n<p><strong>Diener Precision Pumps Ltd.<\/strong><br \/>\nStationsstrasse 66,<br \/>\n8424 Embrach,<br \/>\nSchweiz<br \/>\n<a href=\"https:\/\/dienerprecisionpumps.com\/\">dienerprecisionpumps.com<\/a>\u00a0|\u00a0<a href=\"mailto:dpo@dpp.swiss\">dpo@dpp.swiss<\/a><\/p>\n<h2>Ihre pers\u00f6nlichen Daten<\/h2>\n<h3>Sammeln von Informationen<\/h3>\n<p>Wir sammeln Ihre pers\u00f6nlichen Daten, wenn Sie uns diese im Rahmen der folgenden Aktivit\u00e4ten mitteilen:<\/p>\n<ol>\n<li>Unsere Korrespondenz: Wenn Sie uns per Post, E-Mail, Telefon oder auf anderem Wege kontaktieren, k\u00f6nnen wir diese Korrespondenz und die darin enthaltenen Daten (Name, Vorname, Adresse usw.) aufzeichnen.<\/li>\n<li>Ihr Besuch auf unseren Websites, sozialen Netzwerken und Webanwendungen: insbesondere Verbindungsdaten, Standort usw.<\/li>\n<li>Ihr Besuch in unseren Gesch\u00e4ftsr\u00e4umen oder bei unseren Veranstaltungen: Besucherprotokoll, Visitenkarte, usw.<\/li>\n<li>Ihre Eingabe von Informationen in Kontakt-, Newsletter- oder Bewerbungsformulare: insbesondere Name, Vorname, Adresse, Bewerbungsunterlagen usw.<\/li>\n<li>Ihre Weitergabe von Informationen im Zusammenhang mit Arbeitgeber-\/Arbeitnehmerbeziehungen, Kunden- oder Lieferantenbeziehungen: insbesondere Informationen, Name, Vorname, Adresse, usw.<\/li>\n<li>Unterzeichnung von Vertr\u00e4gen oder Bestellungen<\/li>\n<\/ol>\n<h3>Zweck der Verarbeitung<\/h3>\n<p>Wir verarbeiten personenbezogene Daten in erster Linie zum Zweck der Erf\u00fcllung unseres Auftrags, unserer Gesch\u00e4ftsbeziehung und unserer gesetzlichen Verpflichtungen:<\/p>\n<ol>\n<li>Werbung und Information \u00fcber unsere Angebote und Dienstleistungen, insbesondere die Zusendung von Gesch\u00e4ftsberichten, Angeboten, Newslettern oder Veranstaltungen;<\/li>\n<li>Erf\u00fcllung von Verpflichtungen im Rahmen des Arbeitsverh\u00e4ltnisses, insbesondere zur F\u00fchrung von Personal- oder Bewerberakten;<\/li>\n<li>Durchf\u00fchrung von Kunden- oder Lieferantenbeziehungen, insbesondere im Zusammenhang mit der Lieferung, Rechnungsstellung und Buchhaltung;<\/li>\n<li>Durchf\u00fchrung von Online-Meetings;<\/li>\n<li>Durchf\u00fchrung von Umfragen, Markt- und Meinungsforschungen;<\/li>\n<li>Wartung von IT-Diensten, insbesondere von Websites und Anwendungen;<\/li>\n<li>Kommunikation mit Dritten und Bearbeitung von Anfragen, insbesondere von Antr\u00e4gen oder Anfragen von Beh\u00f6rden in \u00dcbereinstimmung mit dem geltenden Recht;<\/li>\n<li>Umsetzung von Sicherheitsma\u00dfnahmen f\u00fcr Informationen, unsere Geb\u00e4ude und Personen;<\/li>\n<li>Einhaltung von Industriestandards und aufsichtsrechtlichen Anforderungen, insbesondere Betrugspr\u00e4vention und Kreditrisikominderung.<\/li>\n<\/ol>\n<h3><strong>Transfer and disclosure<\/strong><\/h3>\n<p>Wir k\u00f6nnen Ihre pers\u00f6nlichen Daten weitergeben und offenlegen:<\/p>\n<ol>\n<li>An jede autorisierte Partei, um unsere gesetzlichen Verpflichtungen, einschlie\u00dflich steuerlicher Verpflichtungen, zu erf\u00fcllen;<\/li>\n<li>An unsere Mitgliedsunternehmen der Acrotec-Gruppe, einschlie\u00dflich Bewerbungen, Kunden- und Lieferanteninformationen.<\/li>\n<li>An Dritte, die wir im Zusammenhang mit einer Kunden-, Lieferanten-, Mitarbeiter- oder Bewerberbeziehung kontaktieren k\u00f6nnen, insbesondere zum Schutz vor Betrug und zur Reduzierung des Kreditrisikos;<\/li>\n<li>An einen potenziellen K\u00e4ufer, falls wir den Verkauf unseres gesamten Unternehmens oder eines Teils davon planen;<\/li>\n<li>An Dritte, um unseren Betrieb zu gew\u00e4hrleisten, insbesondere an Partner, die unsere Produkte liefern;<\/li>\n<\/ol>\n<p>Diese Partner und Unterauftragnehmer sind vertraglich verpflichtet, jederzeit ein angemessenes Sicherheitsniveau f\u00fcr Ihre personenbezogenen Daten zu gew\u00e4hrleisten.<\/p>\n<p>Wir sind ein internationales Unternehmen, das das Internet nutzt, um Ihre personenbezogenen Daten zu sammeln und zu verarbeiten. Dies beinhaltet die Verarbeitung und \u00dcbermittlung personenbezogener Daten \u00fcber Grenzen hinweg. Daher kann es vorkommen, dass wir Ihre personenbezogenen Daten in andere L\u00e4nder als das Land, in dem Sie sich anmelden oder in dem Sie wohnen, \u00fcbermitteln. Wir werden dies jedoch nur zu den in dieser Richtlinie beschriebenen Zwecken tun. Wenn wir Ihre personenbezogenen Daten in andere L\u00e4nder \u00fcbermitteln, werden wir die dort geltenden Gesetze einhalten.<\/p>\n<h3>Speicherung und Sicherheit<\/h3>\n<p>Der Schutz Ihrer pers\u00f6nlichen Informationen und Daten ist f\u00fcr uns ein zentrales Anliegen. Die gesammelten pers\u00f6nlichen Informationen und Daten werden auf sicheren Servern und Cloud-Diensten in Europa und der Schweiz gespeichert, die den gesetzlichen Anforderungen GDPR und FADP entsprechen.<\/p>\n<p>Es werden alle technischen und organisatorischen Ma\u00dfnahmen ergriffen, um Ihre Informationen und personenbezogenen Daten zu sch\u00fctzen.<\/p>\n<h3>Aufbewahrungsfrist<\/h3>\n<p>Wir bewahren Ihre personenbezogenen Daten so lange auf, wie es f\u00fcr die Erf\u00fcllung unseres Auftrags und die Einhaltung gesetzlicher Verpflichtungen erforderlich ist:<\/p>\n<ul>\n<li>So lange, wie es das Gesetz vorschreibt, insbesondere 10 Jahre f\u00fcr steuerliche Zwecke;<\/li>\n<li>10 Jahre nach Beendigung des Gesch\u00e4fts- oder Arbeitsverh\u00e4ltnisses;<\/li>\n<li>1 Jahr f\u00fcr Bewerbungen (nach der Bewerbung);<\/li>\n<\/ul>\n<p>Personenbezogene Daten, die Sie uns auf der Grundlage einer Opt-in-Anfrage zur Verf\u00fcgung gestellt haben, werden nach ausdr\u00fccklichem Widerruf Ihrer Zustimmung (Opt-out) unverz\u00fcglich gel\u00f6scht.<\/p>\n<h3>Cookies, Tracking und andere Elemente im Zusammenhang mit der Nutzung unserer Websites und Webanwendungen<\/h3>\n<p>Websites und Webanwendungen verwenden Cookies, um sicherzustellen, dass :<\/p>\n<ul>\n<li>Ordnungsgem\u00e4\u00dfen Betrieb, z. B. Sprachspeicherung;<\/li>\n<li>Benutzer-Authentifizierung;<\/li>\n<li>Verbindung mit sozialen Netzwerken;<\/li>\n<li>Analyse, z. B. Zusammenstellung von Besuchsstatistiken oder Serverleistung.<\/li>\n<\/ul>\n<p>Die Websites k\u00f6nnen Cookies von folgenden Drittanbietern verwenden:<\/p>\n<ul>\n<li>Google Analytics<\/li>\n<li>Pardot<\/li>\n<li>LinkedIn<\/li>\n<li>TFAforms<\/li>\n<li>Vimeo<\/li>\n<li>Youtube<\/li>\n<\/ul>\n<p>Eine spezifische Cookie-Richtlinie f\u00fcr Websites und Anwendungen kann die obige Liste erg\u00e4nzen und pr\u00e4zisieren.<\/p>\n<h2>Ihre Rechte<\/h2>\n<p>Sie haben alle Rechte einer betroffenen Person nach geltendem Recht, einschlie\u00dflich eines allgemeinen Rechts auf Zugang, \u00c4nderung, Berichtigung oder L\u00f6schung und \u00dcbertragbarkeit Ihrer Informationen und personenbezogenen Daten.<\/p>\n<p>Sie k\u00f6nnen sich jederzeit kostenlos an uns wenden, um Informationen zu erhalten oder Ihre Rechte geltend zu machen.<\/p>\n","protected":false},"excerpt":{"rendered":"<p>Wer sind wir? Wir sind Diener Precision Pumps Ltd., ein Unternehmen der Acrotec-Gruppe und der Acrotec-Gruppe (im Folgenden als \u201cwir\u201d oder \u201cAcrotec\u201d bezeichnet). Wir legen gro\u00dfen Wert auf den Schutz von personenbezogenen Daten. Wir sorgen f\u00fcr die strikte Einhaltung aller geltenden Datenschutzvorschriften, einschlie\u00dflich des neuen Bundesdatenschutzgesetzes (im Folgenden: \u201cnLPD\u201d), und soweit es sich um F\u00e4lle [&hellip;]<\/p>\n","protected":false},"author":21,"featured_media":0,"parent":0,"menu_order":0,"comment_status":"closed","ping_status":"open","template":"","meta":{"_acf_changed":false,"inline_featured_image":false,"footnotes":""},"class_list":["post-6346","page","type-page","status-publish","hentry"],"acf":[],"yoast_head":"<!-- This site is optimized with the Yoast SEO plugin v27.2 - https:\/\/yoast.com\/product\/yoast-seo-wordpress\/ -->\n<title>Datenschutzpolitik | Diener Precision Pumps<\/title>\n<meta name=\"description\" content=\"Informieren Sie sich \u00fcber die Datenschutz- und Datennutzungsrichtlinien der Diener Precision Pumps-Website.\" \/>\n<meta name=\"robots\" content=\"index, follow, max-snippet:-1, max-image-preview:large, max-video-preview:-1\" \/>\n<link rel=\"canonical\" href=\"https:\/\/dienerprecisionpumps.com\/de\/datenschutz-bestimmungen\/\" \/>\n<meta property=\"og:locale\" content=\"de_DE\" \/>\n<meta property=\"og:type\" content=\"article\" \/>\n<meta property=\"og:title\" content=\"Datenschutzpolitik | Diener Precision Pumps\" \/>\n<meta property=\"og:description\" content=\"Informieren Sie sich \u00fcber die Datenschutz- und Datennutzungsrichtlinien der Diener Precision Pumps-Website.\" \/>\n<meta property=\"og:url\" content=\"https:\/\/dienerprecisionpumps.com\/de\/datenschutz-bestimmungen\/\" \/>\n<meta property=\"og:site_name\" content=\"Diener Precision Pumps\" \/>\n<meta property=\"article:modified_time\" content=\"2024-07-08T04:59:32+00:00\" \/>\n<meta property=\"og:image\" content=\"https:\/\/dienerprecisionpumps.com\/wp-content\/uploads\/2025\/07\/social-dpp-pump-mfg.jpg\" \/>\n\t<meta property=\"og:image:width\" content=\"1200\" \/>\n\t<meta property=\"og:image:height\" content=\"675\" \/>\n\t<meta property=\"og:image:type\" content=\"image\/jpeg\" \/>\n<meta name=\"twitter:card\" content=\"summary_large_image\" \/>\n<meta name=\"twitter:label1\" content=\"Gesch\u00e4tzte Lesezeit\" \/>\n\t<meta name=\"twitter:data1\" content=\"6\u00a0Minuten\" \/>\n<!-- \/ Yoast SEO plugin. -->","yoast_head_json":{"title":"Datenschutzpolitik | Diener Precision Pumps","description":"Informieren Sie sich \u00fcber die Datenschutz- und Datennutzungsrichtlinien der Diener Precision Pumps-Website.","robots":{"index":"index","follow":"follow","max-snippet":"max-snippet:-1","max-image-preview":"max-image-preview:large","max-video-preview":"max-video-preview:-1"},"canonical":"https:\/\/dienerprecisionpumps.com\/de\/datenschutz-bestimmungen\/","og_locale":"de_DE","og_type":"article","og_title":"Datenschutzpolitik | Diener Precision Pumps","og_description":"Informieren Sie sich \u00fcber die Datenschutz- und Datennutzungsrichtlinien der Diener Precision Pumps-Website.","og_url":"https:\/\/dienerprecisionpumps.com\/de\/datenschutz-bestimmungen\/","og_site_name":"Diener Precision Pumps","article_modified_time":"2024-07-08T04:59:32+00:00","og_image":[{"width":1200,"height":675,"url":"https:\/\/dienerprecisionpumps.com\/wp-content\/uploads\/2025\/07\/social-dpp-pump-mfg.jpg","type":"image\/jpeg"}],"twitter_card":"summary_large_image","twitter_misc":{"Gesch\u00e4tzte Lesezeit":"6\u00a0Minuten"},"schema":{"@context":"https:\/\/schema.org","@graph":[{"@type":"WebPage","@id":"https:\/\/dienerprecisionpumps.com\/de\/datenschutz-bestimmungen\/","url":"https:\/\/dienerprecisionpumps.com\/de\/datenschutz-bestimmungen\/","name":"Datenschutzpolitik | Diener Precision Pumps","isPartOf":{"@id":"https:\/\/dienerprecisionpumps.com\/de\/#website"},"datePublished":"2020-11-23T07:13:40+00:00","dateModified":"2024-07-08T04:59:32+00:00","description":"Informieren Sie sich \u00fcber die Datenschutz- und Datennutzungsrichtlinien der Diener Precision Pumps-Website.","breadcrumb":{"@id":"https:\/\/dienerprecisionpumps.com\/de\/datenschutz-bestimmungen\/#breadcrumb"},"inLanguage":"de","potentialAction":[{"@type":"ReadAction","target":["https:\/\/dienerprecisionpumps.com\/de\/datenschutz-bestimmungen\/"]}]},{"@type":"BreadcrumbList","@id":"https:\/\/dienerprecisionpumps.com\/de\/datenschutz-bestimmungen\/#breadcrumb","itemListElement":[{"@type":"ListItem","position":1,"name":"Home","item":"https:\/\/dienerprecisionpumps.com\/de\/"},{"@type":"ListItem","position":2,"name":"Datenschutzpolitik"}]},{"@type":"WebSite","@id":"https:\/\/dienerprecisionpumps.com\/de\/#website","url":"https:\/\/dienerprecisionpumps.com\/de\/","name":"Diener Precision Pumps","description":"Engineering your flow","publisher":{"@id":"https:\/\/dienerprecisionpumps.com\/de\/#organization"},"potentialAction":[{"@type":"SearchAction","target":{"@type":"EntryPoint","urlTemplate":"https:\/\/dienerprecisionpumps.com\/de\/?s={search_term_string}"},"query-input":{"@type":"PropertyValueSpecification","valueRequired":true,"valueName":"search_term_string"}}],"inLanguage":"de"},{"@type":"Organization","@id":"https:\/\/dienerprecisionpumps.com\/de\/#organization","name":"Diener Precision Pumps","alternateName":"DPP","url":"https:\/\/dienerprecisionpumps.com\/de\/","logo":{"@type":"ImageObject","inLanguage":"de","@id":"https:\/\/dienerprecisionpumps.com\/de\/#\/schema\/logo\/image\/","url":"https:\/\/dienerprecisionpumps.com\/wp-content\/uploads\/2025\/07\/Diener-Precision-Pumps.svg","contentUrl":"https:\/\/dienerprecisionpumps.com\/wp-content\/uploads\/2025\/07\/Diener-Precision-Pumps.svg","width":179,"height":44,"caption":"Diener Precision Pumps"},"image":{"@id":"https:\/\/dienerprecisionpumps.com\/de\/#\/schema\/logo\/image\/"},"sameAs":["https:\/\/www.linkedin.com\/company\/diener-precision-pumps\/","https:\/\/www.youtube.com\/@DienerPrecisionPumpsOfficial"]}]}},"_links":{"self":[{"href":"https:\/\/dienerprecisionpumps.com\/de\/wp-json\/wp\/v2\/pages\/6346","targetHints":{"allow":["GET"]}}],"collection":[{"href":"https:\/\/dienerprecisionpumps.com\/de\/wp-json\/wp\/v2\/pages"}],"about":[{"href":"https:\/\/dienerprecisionpumps.com\/de\/wp-json\/wp\/v2\/types\/page"}],"author":[{"embeddable":true,"href":"https:\/\/dienerprecisionpumps.com\/de\/wp-json\/wp\/v2\/users\/21"}],"replies":[{"embeddable":true,"href":"https:\/\/dienerprecisionpumps.com\/de\/wp-json\/wp\/v2\/comments?post=6346"}],"version-history":[{"count":0,"href":"https:\/\/dienerprecisionpumps.com\/de\/wp-json\/wp\/v2\/pages\/6346\/revisions"}],"wp:attachment":[{"href":"https:\/\/dienerprecisionpumps.com\/de\/wp-json\/wp\/v2\/media?parent=6346"}],"curies":[{"name":"wp","href":"https:\/\/api.w.org\/{rel}","templated":true}]}}