{"id":5880,"date":"2020-11-23T15:20:46","date_gmt":"2020-11-23T14:20:46","guid":{"rendered":"https:\/\/dienerprecisionpumps.com\/pump-engineering-and-prototyping\/"},"modified":"2023-06-06T11:39:56","modified_gmt":"2023-06-06T09:39:56","slug":"pumpenentwicklung-und-prototypenbau","status":"publish","type":"page","link":"https:\/\/dienerprecisionpumps.com\/de\/pumpenentwicklung-und-prototypenbau\/","title":{"rendered":"Pumpenentwicklung und Prototypenbau"},"content":{"rendered":"\n<p><strong>Diener Precision Pumps entwickelt Pumpen, die Ihre OEM-Anforderungen voll und ganz<\/strong> <strong>erf\u00fcllen. Pumpen zu entwerfen ist unser Metier. Ausgehend von Standard-Zahnr\u00e4dern und Standard-Kolbengr\u00f6\u00dfen entwerfen, bauen, testen und verfeinern wir. Das Endergebnis ist eine Pumpe, die genau nach Ihren Vorgaben funktioniert.<\/strong><\/p>\n\n\n\n<figure class=\"wp-block-embed is-type-video is-provider-vimeo wp-block-embed-vimeo wp-embed-aspect-16-9 wp-has-aspect-ratio\"><div class=\"wp-block-embed__wrapper\">\n<iframe loading=\"lazy\" title=\"Diener Precision Pumps Design and Engineering\" src=\"https:\/\/player.vimeo.com\/video\/528905192?dnt=1&amp;app_id=122963\" width=\"800\" height=\"450\" frameborder=\"0\" allow=\"autoplay; fullscreen; picture-in-picture\" allowfullscreen><\/iframe>\n<\/div><\/figure>\n\n\n\n<p><\/p>\n\n\n\n<p>Wir wissen, wie wichtig eine schnelle Markteinf\u00fchrung ist.<\/p>\n\n\n\n<p>Daher verf\u00fcgen wir \u00fcber eine eigene Prototypenherstellung, die jederzeit in der Lage ist, schon wenige Tage nach dem ersten Kontakt Prototypen bereitzustellen. Unser hauseigenes Labor f\u00fcr Fl\u00fcssigkeiten verf\u00fcgt \u00fcber hochmoderne Pr\u00fcfger\u00e4te, mit denen wir eine Vielzahl von Umweltbedingungen simulieren und testen k\u00f6nnen. Wir konstruieren unsere eigenen Dauertestst\u00e4nde, um beschleunigte Lebensdauersimulationen, sowie Validierungen der Produktzuverl\u00e4ssigkeit durchzuf\u00fchren.<\/p>\n\n\n\n<p>In unserem F&amp;E-Zentrum in Kalifornien entwickeln und erproben wir kontinuierlich neue Konzepte, Materialien, Elektronik und Systeme. Innovative Konstruktionsmerkmale sorgen f\u00fcr eine lange Lebensdauer der Pumpen und niedrige Installationskosten.<\/p>\n\n\n\n<p>Hier sehen Sie eine Auswahl an verschiedenen Kolbengr\u00f6\u00dfen f\u00fcr <a href=\"https:\/\/dienerprecisionpumps.com\/de\/produkt\/dosierpumpen-der-dual-serie-prazisionpumpen\/\">Dosierpumpen<\/a> und diverse Zahnradvarianten f\u00fcr <a href=\"https:\/\/dienerprecisionpumps.com\/de\/produkt\/prazisionszahnradpumpe-silencer-serie\/\">Zahnradpumpen<\/a> nach Ma\u00df:<\/p>\n\n\n\n<figure class=\"wp-block-gallery has-nested-images columns-default is-cropped wp-block-gallery-1 is-layout-flex wp-block-gallery-is-layout-flex\">\n<figure class=\"wp-block-image size-large\"><img loading=\"lazy\" decoding=\"async\" width=\"1024\" height=\"683\" data-id=\"10354\" src=\"https:\/\/dienerprecisionpumps-19e5d.kxcdn.com\/wp-content\/uploads\/2023\/06\/custom-metetrin-pump-pistons-dpp-1024x683.jpg\" alt=\"Custom-made metering pumps from Diener Precision pumps\" class=\"wp-image-10354\" srcset=\"https:\/\/dienerprecisionpumps.com\/wp-content\/uploads\/2023\/06\/custom-metetrin-pump-pistons-dpp-1024x683.jpg 1024w, https:\/\/dienerprecisionpumps.com\/wp-content\/uploads\/2023\/06\/custom-metetrin-pump-pistons-dpp-300x200.jpg 300w, https:\/\/dienerprecisionpumps.com\/wp-content\/uploads\/2023\/06\/custom-metetrin-pump-pistons-dpp-768x512.jpg 768w, https:\/\/dienerprecisionpumps.com\/wp-content\/uploads\/2023\/06\/custom-metetrin-pump-pistons-dpp-1200x800.jpg 1200w, https:\/\/dienerprecisionpumps.com\/wp-content\/uploads\/2023\/06\/custom-metetrin-pump-pistons-dpp-900x600.jpg 900w, https:\/\/dienerprecisionpumps.com\/wp-content\/uploads\/2023\/06\/custom-metetrin-pump-pistons-dpp-400x267.jpg 400w, https:\/\/dienerprecisionpumps.com\/wp-content\/uploads\/2023\/06\/custom-metetrin-pump-pistons-dpp.jpg 1440w\" sizes=\"auto, (max-width: 1024px) 100vw, 1024px\" \/><\/figure>\n\n\n\n<figure class=\"wp-block-image size-large\"><img loading=\"lazy\" decoding=\"async\" width=\"1024\" height=\"683\" data-id=\"10349\" src=\"https:\/\/dienerprecisionpumps-19e5d.kxcdn.com\/wp-content\/uploads\/2023\/06\/custom-gear-pump-gears-dpp-1024x683.jpg\" alt=\"Custom-made gears for gear pumps by Diener Precision Pumps\" class=\"wp-image-10349\" srcset=\"https:\/\/dienerprecisionpumps.com\/wp-content\/uploads\/2023\/06\/custom-gear-pump-gears-dpp-1024x683.jpg 1024w, https:\/\/dienerprecisionpumps.com\/wp-content\/uploads\/2023\/06\/custom-gear-pump-gears-dpp-300x200.jpg 300w, https:\/\/dienerprecisionpumps.com\/wp-content\/uploads\/2023\/06\/custom-gear-pump-gears-dpp-768x512.jpg 768w, https:\/\/dienerprecisionpumps.com\/wp-content\/uploads\/2023\/06\/custom-gear-pump-gears-dpp-1200x800.jpg 1200w, https:\/\/dienerprecisionpumps.com\/wp-content\/uploads\/2023\/06\/custom-gear-pump-gears-dpp-900x600.jpg 900w, https:\/\/dienerprecisionpumps.com\/wp-content\/uploads\/2023\/06\/custom-gear-pump-gears-dpp-400x267.jpg 400w, https:\/\/dienerprecisionpumps.com\/wp-content\/uploads\/2023\/06\/custom-gear-pump-gears-dpp.jpg 1440w\" sizes=\"auto, (max-width: 1024px) 100vw, 1024px\" \/><\/figure>\n<\/figure>\n\n\n\n<p>W\u00e4hrend Ihr Projekt die Prototypen-Phase durchl\u00e4uft, arbeiten die Ingenieure von Diener mit Ihrem technischen Personal zusammen, um Fragen zu beantworten, \u00c4nderungen vorzunehmen und technische Unterlagen bereitzustellen. Falls erforderlich, unterst\u00fctzen wir Sie bei der Zertifizierung und Einhaltung von Vorschriften. Wenn neue Pumpen f\u00fcr die Produktion freigegeben werden, ist das Ingenieurteam von Diener zur Stelle, um Probleme auf Systemebene zu beheben und eine reibungslose Produkteinf\u00fchrung zu gew\u00e4hrleisten.<\/p>\n\n\n\n<p><a href=\"https:\/\/dienerprecisionpumps.com\/de\/\">DPPs<\/a> hervoragender Ruf in Bezug auf technisches Design, schnelles Prototyping, ausgezeichnete <a href=\"https:\/\/dienerprecisionpumps.com\/de\/unternehmen\/qualitatskontrolle-dosier-und-zahnradpumpen\/\">Qualit\u00e4t<\/a> und kontinuierlichen Kundenservice sind die Gr\u00fcnde, warum wir der bevorzugte Partner f\u00fcr Ihre OEM-Pumpenanforderungen sind.<\/p>\n\n\n<div class=\"wp-block-image\">\n<figure class=\"aligncenter size-large\"><img loading=\"lazy\" decoding=\"async\" width=\"1024\" height=\"768\" src=\"https:\/\/dienerprecisionpumps.com\/wp-content\/uploads\/2023\/06\/custom-gear-pump-dpp-1024x768.png\" alt=\"Ein Beispiel f\u00fcr eine ma\u00dfgeschneiderte Zahnradpumpe von Diener Precision Pumps\" class=\"wp-image-10359\" srcset=\"https:\/\/dienerprecisionpumps.com\/wp-content\/uploads\/2023\/06\/custom-gear-pump-dpp-1024x768.png 1024w, https:\/\/dienerprecisionpumps.com\/wp-content\/uploads\/2023\/06\/custom-gear-pump-dpp-300x225.png 300w, https:\/\/dienerprecisionpumps.com\/wp-content\/uploads\/2023\/06\/custom-gear-pump-dpp-768x576.png 768w, https:\/\/dienerprecisionpumps.com\/wp-content\/uploads\/2023\/06\/custom-gear-pump-dpp-1066x800.png 1066w, https:\/\/dienerprecisionpumps.com\/wp-content\/uploads\/2023\/06\/custom-gear-pump-dpp-800x600.png 800w, https:\/\/dienerprecisionpumps.com\/wp-content\/uploads\/2023\/06\/custom-gear-pump-dpp-400x300.png 400w, https:\/\/dienerprecisionpumps.com\/wp-content\/uploads\/2023\/06\/custom-gear-pump-dpp.png 1210w\" sizes=\"auto, (max-width: 1024px) 100vw, 1024px\" \/><figcaption class=\"wp-element-caption\">Ein Beispiel f\u00fcr eine ma\u00dfgeschneiderte Zahnradpumpe von Diener Precision Pumps<\/figcaption><\/figure>\n<\/div>\n\n\n<figure class=\"wp-block-image size-large\"><img loading=\"lazy\" decoding=\"async\" width=\"1024\" height=\"768\" src=\"https:\/\/dienerprecisionpumps.com\/wp-content\/uploads\/2023\/06\/dpp-custom-silencer-ld-gear-pumps-1024x768.webp\" alt=\"A series of customised DPP Silencer LD Series gear pumps\" class=\"wp-image-10364\" srcset=\"https:\/\/dienerprecisionpumps.com\/wp-content\/uploads\/2023\/06\/dpp-custom-silencer-ld-gear-pumps-1024x768.webp 1024w, https:\/\/dienerprecisionpumps.com\/wp-content\/uploads\/2023\/06\/dpp-custom-silencer-ld-gear-pumps-300x225.webp 300w, https:\/\/dienerprecisionpumps.com\/wp-content\/uploads\/2023\/06\/dpp-custom-silencer-ld-gear-pumps-768x576.webp 768w, https:\/\/dienerprecisionpumps.com\/wp-content\/uploads\/2023\/06\/dpp-custom-silencer-ld-gear-pumps-1536x1152.webp 1536w, https:\/\/dienerprecisionpumps.com\/wp-content\/uploads\/2023\/06\/dpp-custom-silencer-ld-gear-pumps-1067x800.webp 1067w, https:\/\/dienerprecisionpumps.com\/wp-content\/uploads\/2023\/06\/dpp-custom-silencer-ld-gear-pumps-800x600.webp 800w, https:\/\/dienerprecisionpumps.com\/wp-content\/uploads\/2023\/06\/dpp-custom-silencer-ld-gear-pumps-400x300.webp 400w, https:\/\/dienerprecisionpumps.com\/wp-content\/uploads\/2023\/06\/dpp-custom-silencer-ld-gear-pumps.webp 2000w\" sizes=\"auto, (max-width: 1024px) 100vw, 1024px\" \/><figcaption class=\"wp-element-caption\">Eine Reihe von kundenspezifischen DPP Silencer Zahnradpumpen der LD-Serie<\/figcaption><\/figure>\n","protected":false},"excerpt":{"rendered":"<p>Diener Precision Pumps entwickelt Pumpen, die Ihre OEM-Anforderungen voll und ganz erf\u00fcllen. Pumpen zu entwerfen ist unser Metier. Ausgehend von Standard-Zahnr\u00e4dern und Standard-Kolbengr\u00f6\u00dfen entwerfen, bauen, testen und verfeinern wir. Das Endergebnis ist eine Pumpe, die genau nach Ihren Vorgaben funktioniert. Wir wissen, wie wichtig eine schnelle Markteinf\u00fchrung ist. Daher verf\u00fcgen wir \u00fcber eine eigene Prototypenherstellung, [&hellip;]<\/p>\n","protected":false},"author":21,"featured_media":10354,"parent":0,"menu_order":0,"comment_status":"closed","ping_status":"closed","template":"","meta":{"_acf_changed":false,"inline_featured_image":false,"footnotes":""},"class_list":["post-5880","page","type-page","status-publish","has-post-thumbnail","hentry"],"acf":[],"yoast_head":"<!-- This site is optimized with the Yoast SEO plugin v27.5 - https:\/\/yoast.com\/product\/yoast-seo-wordpress\/ -->\n<title>Pumpenentwicklung und Prototypenbau | Diener Precision Pumpen<\/title>\n<meta name=\"description\" content=\"Diener Precision Pumps entwickelt Pumpen, die hinsichtlich Getriebe- und Kolbengr\u00f6\u00dfen, Montageoptionen und anderen Spezifikationen genau den Anforderungen unserer OEM-Kunden entsprechen.\" \/>\n<meta name=\"robots\" content=\"index, follow, max-snippet:-1, max-image-preview:large, max-video-preview:-1\" \/>\n<link rel=\"canonical\" href=\"https:\/\/dienerprecisionpumps.com\/de\/pumpenentwicklung-und-prototypenbau\/\" \/>\n<meta property=\"og:locale\" content=\"de_DE\" \/>\n<meta property=\"og:type\" content=\"article\" \/>\n<meta property=\"og:title\" content=\"Pumpenentwicklung und Prototypenbau | Diener Precision Pumpen\" \/>\n<meta property=\"og:description\" content=\"Diener Precision Pumps entwickelt Pumpen, die hinsichtlich Getriebe- und Kolbengr\u00f6\u00dfen, Montageoptionen und anderen Spezifikationen genau den Anforderungen unserer OEM-Kunden entsprechen.\" \/>\n<meta property=\"og:url\" content=\"https:\/\/dienerprecisionpumps.com\/de\/pumpenentwicklung-und-prototypenbau\/\" \/>\n<meta property=\"og:site_name\" content=\"Diener Precision Pumps\" \/>\n<meta property=\"article:modified_time\" content=\"2023-06-06T09:39:56+00:00\" \/>\n<meta property=\"og:image\" content=\"https:\/\/dpp.darwinstaging.com\/wp-content\/uploads\/2023\/06\/custom-metetrin-pump-pistons-dpp.jpg\" \/>\n\t<meta property=\"og:image:width\" content=\"1440\" \/>\n\t<meta property=\"og:image:height\" content=\"960\" \/>\n\t<meta property=\"og:image:type\" content=\"image\/jpeg\" \/>\n<meta name=\"twitter:card\" content=\"summary_large_image\" \/>\n<meta name=\"twitter:label1\" content=\"Gesch\u00e4tzte Lesezeit\" \/>\n\t<meta name=\"twitter:data1\" content=\"2\u00a0Minuten\" \/>\n<!-- \/ Yoast SEO plugin. -->","yoast_head_json":{"title":"Pumpenentwicklung und Prototypenbau | Diener Precision Pumpen","description":"Diener Precision Pumps entwickelt Pumpen, die hinsichtlich Getriebe- und Kolbengr\u00f6\u00dfen, Montageoptionen und anderen Spezifikationen genau den Anforderungen unserer OEM-Kunden entsprechen.","robots":{"index":"index","follow":"follow","max-snippet":"max-snippet:-1","max-image-preview":"max-image-preview:large","max-video-preview":"max-video-preview:-1"},"canonical":"https:\/\/dienerprecisionpumps.com\/de\/pumpenentwicklung-und-prototypenbau\/","og_locale":"de_DE","og_type":"article","og_title":"Pumpenentwicklung und Prototypenbau | Diener Precision Pumpen","og_description":"Diener Precision Pumps entwickelt Pumpen, die hinsichtlich Getriebe- und Kolbengr\u00f6\u00dfen, Montageoptionen und anderen Spezifikationen genau den Anforderungen unserer OEM-Kunden entsprechen.","og_url":"https:\/\/dienerprecisionpumps.com\/de\/pumpenentwicklung-und-prototypenbau\/","og_site_name":"Diener Precision Pumps","article_modified_time":"2023-06-06T09:39:56+00:00","og_image":[{"width":1440,"height":960,"url":"https:\/\/dpp.darwinstaging.com\/wp-content\/uploads\/2023\/06\/custom-metetrin-pump-pistons-dpp.jpg","type":"image\/jpeg"}],"twitter_card":"summary_large_image","twitter_misc":{"Gesch\u00e4tzte Lesezeit":"2\u00a0Minuten"},"schema":{"@context":"https:\/\/schema.org","@graph":[{"@type":"WebPage","@id":"https:\/\/dienerprecisionpumps.com\/de\/pumpenentwicklung-und-prototypenbau\/","url":"https:\/\/dienerprecisionpumps.com\/de\/pumpenentwicklung-und-prototypenbau\/","name":"Pumpenentwicklung und Prototypenbau | Diener Precision Pumpen","isPartOf":{"@id":"https:\/\/dienerprecisionpumps.com\/de\/#website"},"primaryImageOfPage":{"@id":"https:\/\/dienerprecisionpumps.com\/de\/pumpenentwicklung-und-prototypenbau\/#primaryimage"},"image":{"@id":"https:\/\/dienerprecisionpumps.com\/de\/pumpenentwicklung-und-prototypenbau\/#primaryimage"},"thumbnailUrl":"https:\/\/dienerprecisionpumps.com\/wp-content\/uploads\/2023\/06\/custom-metetrin-pump-pistons-dpp.jpg","datePublished":"2020-11-23T14:20:46+00:00","dateModified":"2023-06-06T09:39:56+00:00","description":"Diener Precision Pumps entwickelt Pumpen, die hinsichtlich Getriebe- und Kolbengr\u00f6\u00dfen, Montageoptionen und anderen Spezifikationen genau den Anforderungen unserer OEM-Kunden entsprechen.","breadcrumb":{"@id":"https:\/\/dienerprecisionpumps.com\/de\/pumpenentwicklung-und-prototypenbau\/#breadcrumb"},"inLanguage":"de","potentialAction":[{"@type":"ReadAction","target":["https:\/\/dienerprecisionpumps.com\/de\/pumpenentwicklung-und-prototypenbau\/"]}]},{"@type":"ImageObject","inLanguage":"de","@id":"https:\/\/dienerprecisionpumps.com\/de\/pumpenentwicklung-und-prototypenbau\/#primaryimage","url":"https:\/\/dienerprecisionpumps.com\/wp-content\/uploads\/2023\/06\/custom-metetrin-pump-pistons-dpp.jpg","contentUrl":"https:\/\/dienerprecisionpumps.com\/wp-content\/uploads\/2023\/06\/custom-metetrin-pump-pistons-dpp.jpg","width":1440,"height":960,"caption":"Custom-made metering pumps from Diener Precision pumps"},{"@type":"BreadcrumbList","@id":"https:\/\/dienerprecisionpumps.com\/de\/pumpenentwicklung-und-prototypenbau\/#breadcrumb","itemListElement":[{"@type":"ListItem","position":1,"name":"Home","item":"https:\/\/dienerprecisionpumps.com\/de\/"},{"@type":"ListItem","position":2,"name":"Pumpenentwicklung und Prototypenbau"}]},{"@type":"WebSite","@id":"https:\/\/dienerprecisionpumps.com\/de\/#website","url":"https:\/\/dienerprecisionpumps.com\/de\/","name":"Diener Precision Pumps","description":"Engineering your flow","publisher":{"@id":"https:\/\/dienerprecisionpumps.com\/de\/#organization"},"potentialAction":[{"@type":"SearchAction","target":{"@type":"EntryPoint","urlTemplate":"https:\/\/dienerprecisionpumps.com\/de\/?s={search_term_string}"},"query-input":{"@type":"PropertyValueSpecification","valueRequired":true,"valueName":"search_term_string"}}],"inLanguage":"de"},{"@type":"Organization","@id":"https:\/\/dienerprecisionpumps.com\/de\/#organization","name":"Diener Precision Pumps","alternateName":"DPP","url":"https:\/\/dienerprecisionpumps.com\/de\/","logo":{"@type":"ImageObject","inLanguage":"de","@id":"https:\/\/dienerprecisionpumps.com\/de\/#\/schema\/logo\/image\/","url":"https:\/\/dienerprecisionpumps.com\/wp-content\/uploads\/2025\/07\/Diener-Precision-Pumps.svg","contentUrl":"https:\/\/dienerprecisionpumps.com\/wp-content\/uploads\/2025\/07\/Diener-Precision-Pumps.svg","width":179,"height":44,"caption":"Diener Precision Pumps"},"image":{"@id":"https:\/\/dienerprecisionpumps.com\/de\/#\/schema\/logo\/image\/"},"sameAs":["https:\/\/www.linkedin.com\/company\/diener-precision-pumps\/","https:\/\/www.youtube.com\/@DienerPrecisionPumpsOfficial"]}]}},"_links":{"self":[{"href":"https:\/\/dienerprecisionpumps.com\/de\/wp-json\/wp\/v2\/pages\/5880","targetHints":{"allow":["GET"]}}],"collection":[{"href":"https:\/\/dienerprecisionpumps.com\/de\/wp-json\/wp\/v2\/pages"}],"about":[{"href":"https:\/\/dienerprecisionpumps.com\/de\/wp-json\/wp\/v2\/types\/page"}],"author":[{"embeddable":true,"href":"https:\/\/dienerprecisionpumps.com\/de\/wp-json\/wp\/v2\/users\/21"}],"replies":[{"embeddable":true,"href":"https:\/\/dienerprecisionpumps.com\/de\/wp-json\/wp\/v2\/comments?post=5880"}],"version-history":[{"count":0,"href":"https:\/\/dienerprecisionpumps.com\/de\/wp-json\/wp\/v2\/pages\/5880\/revisions"}],"wp:featuredmedia":[{"embeddable":true,"href":"https:\/\/dienerprecisionpumps.com\/de\/wp-json\/wp\/v2\/media\/10354"}],"wp:attachment":[{"href":"https:\/\/dienerprecisionpumps.com\/de\/wp-json\/wp\/v2\/media?parent=5880"}],"curies":[{"name":"wp","href":"https:\/\/api.w.org\/{rel}","templated":true}]}}