{"id":5834,"date":"2020-11-23T13:27:23","date_gmt":"2020-11-23T12:27:23","guid":{"rendered":"https:\/\/dienerprecisionpumps.com\/micro-dosing-and-metering-pumps\/"},"modified":"2025-07-29T09:48:24","modified_gmt":"2025-07-29T07:48:24","slug":"mikro-dosier-prazisionspumpen","status":"publish","type":"page","link":"https:\/\/dienerprecisionpumps.com\/de\/mikro-dosier-prazisionspumpen\/","title":{"rendered":"Mikro-Dosier-Pr\u00e4zisionspumpen"},"content":{"rendered":"<h1>Pr\u00e4zisions-Mikrodosier- und Dosierpumpen<\/h1>\r\n<section class=\"stand-first\" data-scroll>\n    <div class=\"container\">\n        <ul class=\"breadcrumbs\">\n    <li><a title=\"Home\" href=\"https:\/\/dienerprecisionpumps.com\/de\/\" >Startseite<\/a><\/li>Mikro-Dosier-Pr\u00e4zisionspumpen<li><\/li><\/ul>        <div class=\"stand-first__container\">\n            <div class=\"mt-heading\">\n                <h1><\/h1>\n            <\/div>\n            <div class=\"lead\">\n                            <\/div>\n        <\/div>\n    <\/div>\n<\/section>","protected":false},"excerpt":{"rendered":"<p>Pr\u00e4zisions-Mikrodosier- und Dosierpumpen<\/p>\n","protected":false},"author":21,"featured_media":0,"parent":0,"menu_order":0,"comment_status":"closed","ping_status":"closed","template":"pumps-landing.php","meta":{"_acf_changed":false,"inline_featured_image":false,"footnotes":""},"class_list":["post-5834","page","type-page","status-publish","hentry"],"acf":[],"yoast_head":"<!-- This site is optimized with the Yoast SEO plugin v27.4 - https:\/\/yoast.com\/product\/yoast-seo-wordpress\/ -->\n<title>Mikrodosier- und Dosierpumpen | Diener Pr\u00e4zisionspumpen DPP<\/title>\n<meta name=\"description\" content=\"Einfaches, geniales Design mit pr\u00e4ziser Schweizer Technik macht die DPP Mikrodosier- und Dosier-Pr\u00e4zisionspumpen zu den zuverl\u00e4ssigsten und genauesten ihrer Klasse.\" \/>\n<meta name=\"robots\" content=\"index, follow, max-snippet:-1, max-image-preview:large, max-video-preview:-1\" \/>\n<link rel=\"canonical\" href=\"https:\/\/dienerprecisionpumps.com\/de\/mikro-dosier-prazisionspumpen\/\" \/>\n<meta property=\"og:locale\" content=\"de_DE\" \/>\n<meta property=\"og:type\" content=\"article\" \/>\n<meta property=\"og:title\" content=\"Mikrodosier- und Dosierpumpen | Diener Pr\u00e4zisionspumpen DPP\" \/>\n<meta property=\"og:description\" content=\"Einfaches, geniales Design mit pr\u00e4ziser Schweizer Technik macht die DPP Mikrodosier- und Dosier-Pr\u00e4zisionspumpen zu den zuverl\u00e4ssigsten und genauesten ihrer Klasse.\" \/>\n<meta property=\"og:url\" content=\"https:\/\/dienerprecisionpumps.com\/de\/mikro-dosier-prazisionspumpen\/\" \/>\n<meta property=\"og:site_name\" content=\"Diener Precision Pumps\" \/>\n<meta property=\"article:modified_time\" content=\"2025-07-29T07:48:24+00:00\" \/>\n<meta property=\"og:image\" content=\"https:\/\/dienerprecisionpumps.com\/wp-content\/uploads\/2025\/07\/social-dpp-pump-mfg.jpg\" \/>\n\t<meta property=\"og:image:width\" content=\"1200\" \/>\n\t<meta property=\"og:image:height\" content=\"675\" \/>\n\t<meta property=\"og:image:type\" content=\"image\/jpeg\" \/>\n<meta name=\"twitter:card\" content=\"summary_large_image\" \/>\n<meta name=\"twitter:label1\" content=\"Gesch\u00e4tzte Lesezeit\" \/>\n\t<meta name=\"twitter:data1\" content=\"1\u00a0Minute\" \/>\n<!-- \/ Yoast SEO plugin. -->","yoast_head_json":{"title":"Mikrodosier- und Dosierpumpen | Diener Pr\u00e4zisionspumpen DPP","description":"Einfaches, geniales Design mit pr\u00e4ziser Schweizer Technik macht die DPP Mikrodosier- und Dosier-Pr\u00e4zisionspumpen zu den zuverl\u00e4ssigsten und genauesten ihrer Klasse.","robots":{"index":"index","follow":"follow","max-snippet":"max-snippet:-1","max-image-preview":"max-image-preview:large","max-video-preview":"max-video-preview:-1"},"canonical":"https:\/\/dienerprecisionpumps.com\/de\/mikro-dosier-prazisionspumpen\/","og_locale":"de_DE","og_type":"article","og_title":"Mikrodosier- und Dosierpumpen | Diener Pr\u00e4zisionspumpen DPP","og_description":"Einfaches, geniales Design mit pr\u00e4ziser Schweizer Technik macht die DPP Mikrodosier- und Dosier-Pr\u00e4zisionspumpen zu den zuverl\u00e4ssigsten und genauesten ihrer Klasse.","og_url":"https:\/\/dienerprecisionpumps.com\/de\/mikro-dosier-prazisionspumpen\/","og_site_name":"Diener Precision Pumps","article_modified_time":"2025-07-29T07:48:24+00:00","og_image":[{"width":1200,"height":675,"url":"https:\/\/dienerprecisionpumps.com\/wp-content\/uploads\/2025\/07\/social-dpp-pump-mfg.jpg","type":"image\/jpeg"}],"twitter_card":"summary_large_image","twitter_misc":{"Gesch\u00e4tzte Lesezeit":"1\u00a0Minute"},"schema":{"@context":"https:\/\/schema.org","@graph":[{"@type":"WebPage","@id":"https:\/\/dienerprecisionpumps.com\/de\/mikro-dosier-prazisionspumpen\/","url":"https:\/\/dienerprecisionpumps.com\/de\/mikro-dosier-prazisionspumpen\/","name":"Mikrodosier- und Dosierpumpen | Diener Pr\u00e4zisionspumpen DPP","isPartOf":{"@id":"https:\/\/dienerprecisionpumps.com\/de\/#website"},"datePublished":"2020-11-23T12:27:23+00:00","dateModified":"2025-07-29T07:48:24+00:00","description":"Einfaches, geniales Design mit pr\u00e4ziser Schweizer Technik macht die DPP Mikrodosier- und Dosier-Pr\u00e4zisionspumpen zu den zuverl\u00e4ssigsten und genauesten ihrer Klasse.","breadcrumb":{"@id":"https:\/\/dienerprecisionpumps.com\/de\/mikro-dosier-prazisionspumpen\/#breadcrumb"},"inLanguage":"de","potentialAction":[{"@type":"ReadAction","target":["https:\/\/dienerprecisionpumps.com\/de\/mikro-dosier-prazisionspumpen\/"]}]},{"@type":"BreadcrumbList","@id":"https:\/\/dienerprecisionpumps.com\/de\/mikro-dosier-prazisionspumpen\/#breadcrumb","itemListElement":[{"@type":"ListItem","position":1,"name":"Home","item":"https:\/\/dienerprecisionpumps.com\/de\/"},{"@type":"ListItem","position":2,"name":"Mikro-Dosier-Pr\u00e4zisionspumpen"}]},{"@type":"WebSite","@id":"https:\/\/dienerprecisionpumps.com\/de\/#website","url":"https:\/\/dienerprecisionpumps.com\/de\/","name":"Diener Precision Pumps","description":"Engineering your flow","publisher":{"@id":"https:\/\/dienerprecisionpumps.com\/de\/#organization"},"potentialAction":[{"@type":"SearchAction","target":{"@type":"EntryPoint","urlTemplate":"https:\/\/dienerprecisionpumps.com\/de\/?s={search_term_string}"},"query-input":{"@type":"PropertyValueSpecification","valueRequired":true,"valueName":"search_term_string"}}],"inLanguage":"de"},{"@type":"Organization","@id":"https:\/\/dienerprecisionpumps.com\/de\/#organization","name":"Diener Precision Pumps","alternateName":"DPP","url":"https:\/\/dienerprecisionpumps.com\/de\/","logo":{"@type":"ImageObject","inLanguage":"de","@id":"https:\/\/dienerprecisionpumps.com\/de\/#\/schema\/logo\/image\/","url":"https:\/\/dienerprecisionpumps.com\/wp-content\/uploads\/2025\/07\/Diener-Precision-Pumps.svg","contentUrl":"https:\/\/dienerprecisionpumps.com\/wp-content\/uploads\/2025\/07\/Diener-Precision-Pumps.svg","width":179,"height":44,"caption":"Diener Precision Pumps"},"image":{"@id":"https:\/\/dienerprecisionpumps.com\/de\/#\/schema\/logo\/image\/"},"sameAs":["https:\/\/www.linkedin.com\/company\/diener-precision-pumps\/","https:\/\/www.youtube.com\/@DienerPrecisionPumpsOfficial"]}]}},"_links":{"self":[{"href":"https:\/\/dienerprecisionpumps.com\/de\/wp-json\/wp\/v2\/pages\/5834","targetHints":{"allow":["GET"]}}],"collection":[{"href":"https:\/\/dienerprecisionpumps.com\/de\/wp-json\/wp\/v2\/pages"}],"about":[{"href":"https:\/\/dienerprecisionpumps.com\/de\/wp-json\/wp\/v2\/types\/page"}],"author":[{"embeddable":true,"href":"https:\/\/dienerprecisionpumps.com\/de\/wp-json\/wp\/v2\/users\/21"}],"replies":[{"embeddable":true,"href":"https:\/\/dienerprecisionpumps.com\/de\/wp-json\/wp\/v2\/comments?post=5834"}],"version-history":[{"count":0,"href":"https:\/\/dienerprecisionpumps.com\/de\/wp-json\/wp\/v2\/pages\/5834\/revisions"}],"wp:attachment":[{"href":"https:\/\/dienerprecisionpumps.com\/de\/wp-json\/wp\/v2\/media?parent=5834"}],"curies":[{"name":"wp","href":"https:\/\/api.w.org\/{rel}","templated":true}]}}