{"id":5832,"date":"2021-01-05T10:56:19","date_gmt":"2021-01-05T09:56:19","guid":{"rendered":"https:\/\/dienerprecisionpumps.com\/pump-applications\/"},"modified":"2022-03-08T14:19:55","modified_gmt":"2022-03-08T13:19:55","slug":"pumpenanwendungen","status":"publish","type":"page","link":"https:\/\/dienerprecisionpumps.com\/de\/pumpenanwendungen\/","title":{"rendered":"Pumpenanwendungen"},"content":{"rendered":"","protected":false},"excerpt":{"rendered":"","protected":false},"author":27,"featured_media":0,"parent":0,"menu_order":0,"comment_status":"closed","ping_status":"closed","template":"application-landing.php","meta":{"_acf_changed":false,"inline_featured_image":false,"footnotes":""},"class_list":["post-5832","page","type-page","status-publish","hentry"],"acf":[],"yoast_head":"<!-- This site is optimized with the Yoast SEO plugin v27.4 - https:\/\/yoast.com\/product\/yoast-seo-wordpress\/ -->\n<title>Pumpenanwendungen | Diener Pr\u00e4zisionspumpen<\/title>\n<meta name=\"description\" content=\"DPP-Pr\u00e4zisionspumpen werden f\u00fcr den Einsatz in einer Vielzahl von Anwendungen angepasst, von der medizinischen Diagnostik bis zur Luft- und Raumfahrt.\" \/>\n<meta name=\"robots\" content=\"index, follow, max-snippet:-1, max-image-preview:large, max-video-preview:-1\" \/>\n<link rel=\"canonical\" href=\"https:\/\/dienerprecisionpumps.com\/de\/pumpenanwendungen\/\" \/>\n<meta property=\"og:locale\" content=\"de_DE\" \/>\n<meta property=\"og:type\" content=\"article\" \/>\n<meta property=\"og:title\" content=\"Pumpenanwendungen | Diener Pr\u00e4zisionspumpen\" \/>\n<meta property=\"og:description\" content=\"DPP-Pr\u00e4zisionspumpen werden f\u00fcr den Einsatz in einer Vielzahl von Anwendungen angepasst, von der medizinischen Diagnostik bis zur Luft- und Raumfahrt.\" \/>\n<meta property=\"og:url\" content=\"https:\/\/dienerprecisionpumps.com\/de\/pumpenanwendungen\/\" \/>\n<meta property=\"og:site_name\" content=\"Diener Precision Pumps\" \/>\n<meta property=\"article:modified_time\" content=\"2022-03-08T13:19:55+00:00\" \/>\n<meta property=\"og:image\" content=\"https:\/\/dienerprecisionpumps.com\/wp-content\/uploads\/2025\/07\/social-dpp-pump-mfg.jpg\" \/>\n\t<meta property=\"og:image:width\" content=\"1200\" \/>\n\t<meta property=\"og:image:height\" content=\"675\" \/>\n\t<meta property=\"og:image:type\" content=\"image\/jpeg\" \/>\n<meta name=\"twitter:card\" content=\"summary_large_image\" \/>\n<!-- \/ Yoast SEO plugin. -->","yoast_head_json":{"title":"Pumpenanwendungen | Diener Pr\u00e4zisionspumpen","description":"DPP-Pr\u00e4zisionspumpen werden f\u00fcr den Einsatz in einer Vielzahl von Anwendungen angepasst, von der medizinischen Diagnostik bis zur Luft- und Raumfahrt.","robots":{"index":"index","follow":"follow","max-snippet":"max-snippet:-1","max-image-preview":"max-image-preview:large","max-video-preview":"max-video-preview:-1"},"canonical":"https:\/\/dienerprecisionpumps.com\/de\/pumpenanwendungen\/","og_locale":"de_DE","og_type":"article","og_title":"Pumpenanwendungen | Diener Pr\u00e4zisionspumpen","og_description":"DPP-Pr\u00e4zisionspumpen werden f\u00fcr den Einsatz in einer Vielzahl von Anwendungen angepasst, von der medizinischen Diagnostik bis zur Luft- und Raumfahrt.","og_url":"https:\/\/dienerprecisionpumps.com\/de\/pumpenanwendungen\/","og_site_name":"Diener Precision Pumps","article_modified_time":"2022-03-08T13:19:55+00:00","og_image":[{"width":1200,"height":675,"url":"https:\/\/dienerprecisionpumps.com\/wp-content\/uploads\/2025\/07\/social-dpp-pump-mfg.jpg","type":"image\/jpeg"}],"twitter_card":"summary_large_image","schema":{"@context":"https:\/\/schema.org","@graph":[{"@type":"WebPage","@id":"https:\/\/dienerprecisionpumps.com\/de\/pumpenanwendungen\/","url":"https:\/\/dienerprecisionpumps.com\/de\/pumpenanwendungen\/","name":"Pumpenanwendungen | Diener Pr\u00e4zisionspumpen","isPartOf":{"@id":"https:\/\/dienerprecisionpumps.com\/de\/#website"},"datePublished":"2021-01-05T09:56:19+00:00","dateModified":"2022-03-08T13:19:55+00:00","description":"DPP-Pr\u00e4zisionspumpen werden f\u00fcr den Einsatz in einer Vielzahl von Anwendungen angepasst, von der medizinischen Diagnostik bis zur Luft- und Raumfahrt.","breadcrumb":{"@id":"https:\/\/dienerprecisionpumps.com\/de\/pumpenanwendungen\/#breadcrumb"},"inLanguage":"de","potentialAction":[{"@type":"ReadAction","target":["https:\/\/dienerprecisionpumps.com\/de\/pumpenanwendungen\/"]}]},{"@type":"BreadcrumbList","@id":"https:\/\/dienerprecisionpumps.com\/de\/pumpenanwendungen\/#breadcrumb","itemListElement":[{"@type":"ListItem","position":1,"name":"Home","item":"https:\/\/dienerprecisionpumps.com\/de\/"},{"@type":"ListItem","position":2,"name":"Pumpenanwendungen"}]},{"@type":"WebSite","@id":"https:\/\/dienerprecisionpumps.com\/de\/#website","url":"https:\/\/dienerprecisionpumps.com\/de\/","name":"Diener Precision Pumps","description":"Engineering your flow","publisher":{"@id":"https:\/\/dienerprecisionpumps.com\/de\/#organization"},"potentialAction":[{"@type":"SearchAction","target":{"@type":"EntryPoint","urlTemplate":"https:\/\/dienerprecisionpumps.com\/de\/?s={search_term_string}"},"query-input":{"@type":"PropertyValueSpecification","valueRequired":true,"valueName":"search_term_string"}}],"inLanguage":"de"},{"@type":"Organization","@id":"https:\/\/dienerprecisionpumps.com\/de\/#organization","name":"Diener Precision Pumps","alternateName":"DPP","url":"https:\/\/dienerprecisionpumps.com\/de\/","logo":{"@type":"ImageObject","inLanguage":"de","@id":"https:\/\/dienerprecisionpumps.com\/de\/#\/schema\/logo\/image\/","url":"https:\/\/dienerprecisionpumps.com\/wp-content\/uploads\/2025\/07\/Diener-Precision-Pumps.svg","contentUrl":"https:\/\/dienerprecisionpumps.com\/wp-content\/uploads\/2025\/07\/Diener-Precision-Pumps.svg","width":179,"height":44,"caption":"Diener Precision Pumps"},"image":{"@id":"https:\/\/dienerprecisionpumps.com\/de\/#\/schema\/logo\/image\/"},"sameAs":["https:\/\/www.linkedin.com\/company\/diener-precision-pumps\/","https:\/\/www.youtube.com\/@DienerPrecisionPumpsOfficial"]}]}},"_links":{"self":[{"href":"https:\/\/dienerprecisionpumps.com\/de\/wp-json\/wp\/v2\/pages\/5832","targetHints":{"allow":["GET"]}}],"collection":[{"href":"https:\/\/dienerprecisionpumps.com\/de\/wp-json\/wp\/v2\/pages"}],"about":[{"href":"https:\/\/dienerprecisionpumps.com\/de\/wp-json\/wp\/v2\/types\/page"}],"author":[{"embeddable":true,"href":"https:\/\/dienerprecisionpumps.com\/de\/wp-json\/wp\/v2\/users\/27"}],"replies":[{"embeddable":true,"href":"https:\/\/dienerprecisionpumps.com\/de\/wp-json\/wp\/v2\/comments?post=5832"}],"version-history":[{"count":0,"href":"https:\/\/dienerprecisionpumps.com\/de\/wp-json\/wp\/v2\/pages\/5832\/revisions"}],"wp:attachment":[{"href":"https:\/\/dienerprecisionpumps.com\/de\/wp-json\/wp\/v2\/media?parent=5832"}],"curies":[{"name":"wp","href":"https:\/\/api.w.org\/{rel}","templated":true}]}}