{"id":15191,"date":"2026-03-10T08:41:25","date_gmt":"2026-03-10T07:41:25","guid":{"rendered":"https:\/\/dienerprecisionpumps.com\/vergleichen-sie-die-pumpenfunktionen\/"},"modified":"2026-03-27T17:52:12","modified_gmt":"2026-03-27T16:52:12","slug":"vergleichen-sie-die-pumpenfunktionen","status":"publish","type":"page","link":"https:\/\/dienerprecisionpumps.com\/de\/vergleichen-sie-die-pumpenfunktionen\/","title":{"rendered":"Vergleichen Sie die Pumpenfunktionen"},"content":{"rendered":"<p>Vergleichen Sie die Merkmale unserer Zahnradpumpen, Kolbenpumpen und Dosierpumpen, um schnell die optimale L\u00f6sung f\u00fcr Ihre Anwendung zu finden. Diener Precision Pumps entwickelt Pumpen, die Ihre OEM-Anforderungen erf\u00fcllen, und steht Ihnen gerne zur Seite. Bei Fragen zu den Pumpenmerkmalen und Ihren Anwendungsanforderungen kontaktieren Sie uns bitte.<\/p>\n<div class=\"pump-matrix\" style=\"width: 100%;\">\n<div class=\"pump-matrix__wrap\" style=\"width: 100%;\">\n<table class=\"pump-matrix__table\" width=\"100%\"><colgroup> <col class=\"col-feature\" \/> <col class=\"col-gear\" \/> <col class=\"col-meter\" \/> <col class=\"col-var\" \/> <\/colgroup><caption class=\"pump-matrix__caption\">Vergleichsmatrix f\u00fcr Pumpenfunktionen (\u2713 = Ja, \u2715 = Nein, C = Fallabh\u00e4ngig).<\/caption>\n<thead>\n<tr>\n<th scope=\"col\">\n<p id=\"tw-target-text\" class=\"tw-data-text tw-text-large tw-ta\" dir=\"ltr\" tabindex=\"-1\" role=\"text\" data-placeholder=\"Translation\" data-ved=\"2ahUKEwj3_drzirmTAxUIKEQIHTZJLGIQ3ewLegQIDBAW\" aria-label=\"Translated text: Besonderheit\"><span class=\"Y2IQFc\" lang=\"de\">Besonderheit<\/span><\/p>\n<\/th>\n<th scope=\"col\">Zahnradpumpe<\/th>\n<th scope=\"col\">Kolbenpumpe<\/th>\n<th scope=\"col\">Dosierpumpe<\/th>\n<\/tr>\n<\/thead>\n<tbody>\n<tr>\n<th scope=\"row\">Pulsationsloser<\/th>\n<td data-value=\"yes\"><span class=\"sr-only\">Yes<\/span><span class=\"pump-matrix__icon\" aria-hidden=\"true\">\u2713<\/span><\/td>\n<td data-value=\"no\"><span class=\"sr-only\">No<\/span><span class=\"pump-matrix__icon\" aria-hidden=\"true\">\u2715<\/span><\/td>\n<td data-value=\"no\"><span class=\"sr-only\">No<\/span><span class=\"pump-matrix__icon\" aria-hidden=\"true\">\u2715<\/span><\/td>\n<\/tr>\n<tr>\n<th scope=\"row\">Ventillose Integration<\/th>\n<td data-value=\"yes\"><span class=\"sr-only\">Yes<\/span><span class=\"pump-matrix__icon\" aria-hidden=\"true\">\u2713<\/span><\/td>\n<td data-value=\"yes\"><span class=\"sr-only\">Yes<\/span><span class=\"pump-matrix__icon\" aria-hidden=\"true\">\u2713<\/span><\/td>\n<td data-value=\"no\"><span class=\"sr-only\">No<\/span><span class=\"pump-matrix__icon\" aria-hidden=\"true\">\u2715<\/span><\/td>\n<\/tr>\n<tr>\n<th scope=\"row\">Ohne Dichtung<\/th>\n<td data-value=\"yes\"><span class=\"sr-only\">Yes<\/span><span class=\"pump-matrix__icon\" aria-hidden=\"true\">\u2713<\/span><\/td>\n<td data-value=\"case\"><span class=\"sr-only\">Case dependent<\/span><span class=\"pump-matrix__icon\" aria-hidden=\"true\">C<\/span><\/td>\n<td data-value=\"no\"><span class=\"sr-only\">No<\/span><span class=\"pump-matrix__icon\" aria-hidden=\"true\">\u2715<\/span><\/td>\n<\/tr>\n<tr>\n<th scope=\"row\">Pr\u00e4zisionsdosierung<\/th>\n<td data-value=\"no\"><span class=\"sr-only\">No<\/span><span class=\"pump-matrix__icon\" aria-hidden=\"true\">\u2715<\/span><\/td>\n<td data-value=\"yes\"><span class=\"sr-only\">Yes<\/span><span class=\"pump-matrix__icon\" aria-hidden=\"true\">\u2713<\/span><\/td>\n<td data-value=\"yes\"><span class=\"sr-only\">Yes<\/span><span class=\"pump-matrix__icon\" aria-hidden=\"true\">\u2713<\/span><\/td>\n<\/tr>\n<tr>\n<th scope=\"row\">Teilabgabe<\/th>\n<td data-value=\"no\"><span class=\"sr-only\">No<\/span><span class=\"pump-matrix__icon\" aria-hidden=\"true\">\u2715<\/span><\/td>\n<td data-value=\"no\"><span class=\"sr-only\">No<\/span><span class=\"pump-matrix__icon\" aria-hidden=\"true\">\u2715<\/span><\/td>\n<td data-value=\"yes\"><span class=\"sr-only\">Yes<\/span><span class=\"pump-matrix__icon\" aria-hidden=\"true\">\u2713<\/span><\/td>\n<\/tr>\n<tr>\n<th scope=\"row\">Kein Metallkontakt<\/th>\n<td data-value=\"no\"><span class=\"sr-only\">No<\/span><span class=\"pump-matrix__icon\" aria-hidden=\"true\">\u2715<\/span><\/td>\n<td data-value=\"case\"><span class=\"sr-only\">Yes<\/span><span class=\"pump-matrix__icon\" aria-hidden=\"true\">C<\/span><\/td>\n<td data-value=\"yes\"><span class=\"sr-only\">Yes<\/span><span class=\"pump-matrix__icon\" aria-hidden=\"true\">\u2713<\/span><\/td>\n<\/tr>\n<tr>\n<th scope=\"col\">\u00a0<\/th>\n<th scope=\"col\"><a href=\"https:\/\/dienerprecisionpumps.com\/de\/prazisionszahnradpumpen\/\">Pumpen ansehen<\/a><\/th>\n<th scope=\"col\"><a href=\"https:\/\/dienerprecisionpumps.com\/de\/mikro-dosier-prazisionspumpen\/\">Pumpen ansehen<\/a><\/th>\n<th scope=\"col\"><a href=\"https:\/\/dienerprecisionpumps.com\/de\/produkt\/variable-dosierpumpe-der-exacta-serie\/\">Pumpen ansehen<\/a><\/th>\n<\/tr>\n<\/tbody>\n<\/table>\n<\/div>\n<p><!--\n\n\n\n\n\n\n\n\n\n\n\n\n\n\n\n<p class=\"pump-matrix__note\"><strong>C<\/strong> = case dependent<\/p>\n\n\n\n\n\n\n\n\n\n\n\n\n\n\n\n--><\/p>\n<\/div>\n\n\n<p><\/p>\n","protected":false},"excerpt":{"rendered":"<p>Vergleichen Sie die Merkmale unserer Zahnradpumpen, Kolbenpumpen und Dosierpumpen, um schnell die optimale L\u00f6sung f\u00fcr Ihre Anwendung zu finden. Diener Precision Pumps entwickelt Pumpen, die Ihre OEM-Anforderungen erf\u00fcllen, und steht Ihnen gerne zur Seite. Bei Fragen zu den Pumpenmerkmalen und Ihren Anwendungsanforderungen kontaktieren Sie uns bitte. Vergleichsmatrix f\u00fcr Pumpenfunktionen (\u2713 = Ja, \u2715 = Nein, [&hellip;]<\/p>\n","protected":false},"author":21,"featured_media":0,"parent":0,"menu_order":0,"comment_status":"closed","ping_status":"closed","template":"pumps-features.php","meta":{"_acf_changed":true,"inline_featured_image":false,"footnotes":""},"class_list":["post-15191","page","type-page","status-publish","hentry"],"acf":[],"yoast_head":"<!-- This site is optimized with the Yoast SEO plugin v27.4 - https:\/\/yoast.com\/product\/yoast-seo-wordpress\/ -->\n<title>Vergleichen Sie die Pumpenfunktionen - Diener Precision Pumps<\/title>\n<meta name=\"description\" content=\"Diener Precision Pumps (DPP) ist ein f\u00fchrender Entwickler und Hersteller von kundenspezifischen Zahnradpumpen, Dosierpumpen und Verstellpumpen f\u00fcr viele wichtige Branchen.\" \/>\n<meta name=\"robots\" content=\"index, follow, max-snippet:-1, max-image-preview:large, max-video-preview:-1\" \/>\n<link rel=\"canonical\" href=\"https:\/\/dienerprecisionpumps.com\/de\/vergleichen-sie-die-pumpenfunktionen\/\" \/>\n<meta property=\"og:locale\" content=\"de_DE\" \/>\n<meta property=\"og:type\" content=\"article\" \/>\n<meta property=\"og:title\" content=\"Vergleichen Sie die Pumpenfunktionen - Diener Precision Pumps\" \/>\n<meta property=\"og:description\" content=\"Diener Precision Pumps (DPP) ist ein f\u00fchrender Entwickler und Hersteller von kundenspezifischen Zahnradpumpen, Dosierpumpen und Verstellpumpen f\u00fcr viele wichtige Branchen.\" \/>\n<meta property=\"og:url\" content=\"https:\/\/dienerprecisionpumps.com\/de\/vergleichen-sie-die-pumpenfunktionen\/\" \/>\n<meta property=\"og:site_name\" content=\"Diener Precision Pumps\" \/>\n<meta property=\"article:modified_time\" content=\"2026-03-27T16:52:12+00:00\" \/>\n<meta property=\"og:image\" content=\"https:\/\/dienerprecisionpumps.com\/wp-content\/uploads\/2025\/07\/social-dpp-pump-mfg.jpg\" \/>\n\t<meta property=\"og:image:width\" content=\"1200\" \/>\n\t<meta property=\"og:image:height\" content=\"675\" \/>\n\t<meta property=\"og:image:type\" content=\"image\/jpeg\" \/>\n<meta name=\"twitter:card\" content=\"summary_large_image\" \/>\n<!-- \/ Yoast SEO plugin. -->","yoast_head_json":{"title":"Vergleichen Sie die Pumpenfunktionen - Diener Precision Pumps","description":"Diener Precision Pumps (DPP) ist ein f\u00fchrender Entwickler und Hersteller von kundenspezifischen Zahnradpumpen, Dosierpumpen und Verstellpumpen f\u00fcr viele wichtige Branchen.","robots":{"index":"index","follow":"follow","max-snippet":"max-snippet:-1","max-image-preview":"max-image-preview:large","max-video-preview":"max-video-preview:-1"},"canonical":"https:\/\/dienerprecisionpumps.com\/de\/vergleichen-sie-die-pumpenfunktionen\/","og_locale":"de_DE","og_type":"article","og_title":"Vergleichen Sie die Pumpenfunktionen - Diener Precision Pumps","og_description":"Diener Precision Pumps (DPP) ist ein f\u00fchrender Entwickler und Hersteller von kundenspezifischen Zahnradpumpen, Dosierpumpen und Verstellpumpen f\u00fcr viele wichtige Branchen.","og_url":"https:\/\/dienerprecisionpumps.com\/de\/vergleichen-sie-die-pumpenfunktionen\/","og_site_name":"Diener Precision Pumps","article_modified_time":"2026-03-27T16:52:12+00:00","og_image":[{"width":1200,"height":675,"url":"https:\/\/dienerprecisionpumps.com\/wp-content\/uploads\/2025\/07\/social-dpp-pump-mfg.jpg","type":"image\/jpeg"}],"twitter_card":"summary_large_image","schema":{"@context":"https:\/\/schema.org","@graph":[{"@type":"WebPage","@id":"https:\/\/dienerprecisionpumps.com\/de\/vergleichen-sie-die-pumpenfunktionen\/","url":"https:\/\/dienerprecisionpumps.com\/de\/vergleichen-sie-die-pumpenfunktionen\/","name":"Vergleichen Sie die Pumpenfunktionen - Diener Precision Pumps","isPartOf":{"@id":"https:\/\/dienerprecisionpumps.com\/de\/#website"},"datePublished":"2026-03-10T07:41:25+00:00","dateModified":"2026-03-27T16:52:12+00:00","description":"Diener Precision Pumps (DPP) ist ein f\u00fchrender Entwickler und Hersteller von kundenspezifischen Zahnradpumpen, Dosierpumpen und Verstellpumpen f\u00fcr viele wichtige Branchen.","breadcrumb":{"@id":"https:\/\/dienerprecisionpumps.com\/de\/vergleichen-sie-die-pumpenfunktionen\/#breadcrumb"},"inLanguage":"de","potentialAction":[{"@type":"ReadAction","target":["https:\/\/dienerprecisionpumps.com\/de\/vergleichen-sie-die-pumpenfunktionen\/"]}]},{"@type":"BreadcrumbList","@id":"https:\/\/dienerprecisionpumps.com\/de\/vergleichen-sie-die-pumpenfunktionen\/#breadcrumb","itemListElement":[{"@type":"ListItem","position":1,"name":"Home","item":"https:\/\/dienerprecisionpumps.com\/de\/"},{"@type":"ListItem","position":2,"name":"Vergleichen Sie die Pumpenfunktionen"}]},{"@type":"WebSite","@id":"https:\/\/dienerprecisionpumps.com\/de\/#website","url":"https:\/\/dienerprecisionpumps.com\/de\/","name":"Diener Precision Pumps","description":"Engineering your flow","publisher":{"@id":"https:\/\/dienerprecisionpumps.com\/de\/#organization"},"potentialAction":[{"@type":"SearchAction","target":{"@type":"EntryPoint","urlTemplate":"https:\/\/dienerprecisionpumps.com\/de\/?s={search_term_string}"},"query-input":{"@type":"PropertyValueSpecification","valueRequired":true,"valueName":"search_term_string"}}],"inLanguage":"de"},{"@type":"Organization","@id":"https:\/\/dienerprecisionpumps.com\/de\/#organization","name":"Diener Precision Pumps","alternateName":"DPP","url":"https:\/\/dienerprecisionpumps.com\/de\/","logo":{"@type":"ImageObject","inLanguage":"de","@id":"https:\/\/dienerprecisionpumps.com\/de\/#\/schema\/logo\/image\/","url":"https:\/\/dienerprecisionpumps.com\/wp-content\/uploads\/2025\/07\/Diener-Precision-Pumps.svg","contentUrl":"https:\/\/dienerprecisionpumps.com\/wp-content\/uploads\/2025\/07\/Diener-Precision-Pumps.svg","width":179,"height":44,"caption":"Diener Precision Pumps"},"image":{"@id":"https:\/\/dienerprecisionpumps.com\/de\/#\/schema\/logo\/image\/"},"sameAs":["https:\/\/www.linkedin.com\/company\/diener-precision-pumps\/","https:\/\/www.youtube.com\/@DienerPrecisionPumpsOfficial"]}]}},"_links":{"self":[{"href":"https:\/\/dienerprecisionpumps.com\/de\/wp-json\/wp\/v2\/pages\/15191","targetHints":{"allow":["GET"]}}],"collection":[{"href":"https:\/\/dienerprecisionpumps.com\/de\/wp-json\/wp\/v2\/pages"}],"about":[{"href":"https:\/\/dienerprecisionpumps.com\/de\/wp-json\/wp\/v2\/types\/page"}],"author":[{"embeddable":true,"href":"https:\/\/dienerprecisionpumps.com\/de\/wp-json\/wp\/v2\/users\/21"}],"replies":[{"embeddable":true,"href":"https:\/\/dienerprecisionpumps.com\/de\/wp-json\/wp\/v2\/comments?post=15191"}],"version-history":[{"count":0,"href":"https:\/\/dienerprecisionpumps.com\/de\/wp-json\/wp\/v2\/pages\/15191\/revisions"}],"wp:attachment":[{"href":"https:\/\/dienerprecisionpumps.com\/de\/wp-json\/wp\/v2\/media?parent=15191"}],"curies":[{"name":"wp","href":"https:\/\/api.w.org\/{rel}","templated":true}]}}